{"id":95,"date":"2013-08-11T19:06:15","date_gmt":"2013-08-11T19:06:15","guid":{"rendered":"http:\/\/localhost:8888\/test\/?page_id=520"},"modified":"2019-09-05T14:02:53","modified_gmt":"2019-09-05T13:02:53","slug":"a-propos","status":"publish","type":"page","link":"https:\/\/hokageek.com\/en\/a-propos\/","title":{"rendered":"A propos"},"content":{"rendered":"<div class=\"banner has-hover has-parallax\" id=\"banner-1277187246\">\n          <div class=\"banner-inner fill\">\n        <div class=\"banner-bg fill\" data-parallax=\"-3\" data-parallax-container=\".banner\" data-parallax-background>\n            <img decoding=\"async\" width=\"1020\" height=\"678\" src=\"https:\/\/e9sxhjoopfu.exactdn.com\/wp-content\/uploads\/2019\/02\/papaioannou-kostas-337812-unsplash-scaled.jpg?strip=all&amp;lossy=1&amp;fit=1020%2C678&amp;ssl=1\" class=\"bg attachment-large size-large\" alt=\"A propos\" \/>                        <div class=\"overlay\"><\/div>            \n                    <\/div>\n\t\t\n        <div class=\"banner-layers container\">\n            <div class=\"fill banner-link\"><\/div>            \n   <div id=\"text-box-721022784\" class=\"text-box banner-layer x50 md-x50 lg-x50 y100 md-y100 lg-y100 res-text\">\n                                <div class=\"text-box-content text dark\">\n              \n              <div class=\"text-inner text-center\">\n                  \n<h1 class=\"lead\">A propos<\/h1>\n<p class=\"lead\">Nous sommes une \u00e9quipe passionn\u00e9e par la culture geek et otaku.<\/p>\n<p class=\"lead\">Notre objectif est de vous fournir des produits originaux, fun et sympas avec un rapport qualit\u00e9\/prix imbattable.<\/p>\n<p class=\"lead\">Notre but est de partager notre passion \u00e0 travers les objets que nous proposons chez Hokageek.<\/p>\n<p>&nbsp;<\/p>\n<p>&nbsp;<\/p>\n<p>&nbsp;<\/p>\n              <\/div>\n           <\/div>\n                            \n<style>\n#text-box-721022784 {\n  width: 99%;\n}\n#text-box-721022784 .text-box-content {\n  font-size: 100%;\n}\n<\/style>\n    <\/div>\n \n        <\/div>\n      <\/div>\n\n            \n<style>\n#banner-1277187246 {\n  padding-top: 507px;\n}\n#banner-1277187246 .overlay {\n  background-color: rgba(0, 0, 0, 0.49);\n}\n#banner-1277187246 .banner-bg img {\n  object-position: 55% 72%;\n}\n<\/style>\n  <\/div>\n\n\n<div class=\"row\"  id=\"row-1396655618\">\n\n\t<div id=\"col-1103942571\" class=\"col small-12 large-12\"  >\n\t\t\t\t<div class=\"col-inner\"  >\n\t\t\t\n\t\t\t\n<p class=\"lead text-center\"><strong>Hokageek<\/strong> c&rsquo;est bien plus qu&rsquo;une boutique, c&rsquo;est un concept original. Une exp\u00e9rience in\u00e9dite. Nous sommes constamment \u00e0 la recherche du produit qui vous fera sourire, qui fera plaisir \u00e0 vos amis, \u00e0 vos proches. En plus des produits sourc\u00e9s dans les quatre coins du globe. Nous avons d\u00e9velopp\u00e9 notre propre marque de v\u00eatements et d&rsquo;accessoires. Du T-shirt au mug, jusqu&rsquo;au coussin pour votre canap\u00e9. Soyez diff\u00e9rents et arborez fi\u00e8rement vos nouvelles couleurs. Rejoignez notre communaut\u00e9 grandissante.<\/p>\n<div class=\"text-center\"><div class=\"is-divider divider clearfix\" ><\/div><\/div>\n\t\t<\/div>\n\t\t\t\t\t<\/div>\n\n\t\n\n\t<div id=\"col-919243585\" class=\"col medium-3 small-12 large-3\"  >\n\t\t\t\t<div class=\"col-inner\"  >\n\t\t\t\n\t\t\t\n    <div class=\"box has-hover has-hover box-text-bottom\" >\n\n                  <div class=\"box-image\" style=\"width:80%;\">\n           <div class=\"box-image-inner image-cover\" style=\"border-radius:100%;padding-top:100%;\">\n              <img decoding=\"async\" width=\"500\" height=\"500\" src=\"https:\/\/e9sxhjoopfu.exactdn.com\/wp-content\/uploads\/2019\/01\/HOKAGEEK-V2.jpg?strip=all&lossy=1&ssl=1\" class=\"attachment- size-\" alt=\"HOKAGEEK Logo\" srcset=\"https:\/\/e9sxhjoopfu.exactdn.com\/wp-content\/uploads\/2019\/01\/HOKAGEEK-V2.jpg?strip=all&amp;lossy=1&amp;ssl=1 500w, https:\/\/e9sxhjoopfu.exactdn.com\/wp-content\/uploads\/2019\/01\/HOKAGEEK-V2-247x247.jpg?strip=all&amp;lossy=1&amp;ssl=1 247w, https:\/\/e9sxhjoopfu.exactdn.com\/wp-content\/uploads\/2019\/01\/HOKAGEEK-V2-100x100.jpg?strip=all&amp;lossy=1&amp;ssl=1 100w, https:\/\/e9sxhjoopfu.exactdn.com\/wp-content\/uploads\/2019\/01\/HOKAGEEK-V2-280x280.jpg?strip=all&amp;lossy=1&amp;ssl=1 280w, https:\/\/e9sxhjoopfu.exactdn.com\/wp-content\/uploads\/2019\/01\/HOKAGEEK-V2-400x400.jpg?strip=all&amp;lossy=1&amp;ssl=1 400w\" sizes=\"(max-width: 500px) 100vw, 500px\" \/>                         <\/div>\n          <\/div>\n         \n          <div class=\"box-text text-center\" >\n                <div class=\"box-text-inner\">\n                  <h4 class=\"uppercase\">\n                    <span class=\"person-name\">Sensei Hokageek<\/span><br\/>\n                    <span class=\"person-title is-small thin-font op-7\">\n                      Fondateur                    <\/span>\n                  <\/h4>\n\t\t\t\t\t<div class=\"social-icons follow-icons\" ><a href=\"https:\/\/www.facebook.com\/Sensei.Hokageek\/\" target=\"_blank\" data-label=\"Facebook\" class=\"icon button circle is-outline facebook tooltip\" title=\"Follow on Facebook\" aria-label=\"Follow on Facebook\" rel=\"noopener nofollow\" ><i class=\"icon-facebook\" ><\/i><\/a><a href=\"https:\/\/www.instagram.com\/Sensei_Hokageek\/\" target=\"_blank\" data-label=\"Instagram\" class=\"icon button circle is-outline instagram tooltip\" title=\"Follow on Instagram\" aria-label=\"Follow on Instagram\" rel=\"noopener nofollow\" ><i class=\"icon-instagram\" ><\/i><\/a><a href=\"https:\/\/twitter.com\/SenseiHokageek\" data-label=\"Twitter\" target=\"_blank\" class=\"icon button circle is-outline twitter tooltip\" title=\"Follow on Twitter\" aria-label=\"Follow on Twitter\" rel=\"noopener nofollow\" ><i class=\"icon-twitter\" ><\/i><\/a><a href=\"mailto:support@hokageek.com\" data-label=\"E-mail\" target=\"_blank\" class=\"icon button circle is-outline email tooltip\" title=\"Send us an email\" aria-label=\"Send us an email\" rel=\"nofollow noopener\" ><i class=\"icon-envelop\" ><\/i><\/a><a href=\"https:\/\/www.pinterest.fr\/Hokageek\/\" data-label=\"Pinterest\" target=\"_blank\" class=\"icon button circle is-outline pinterest tooltip\" title=\"Follow on Pinterest\" aria-label=\"Follow on Pinterest\" rel=\"noopener nofollow\" ><i class=\"icon-pinterest\" ><\/i><\/a><\/div>\n<p>Le chef du clan. Ancien Ninja devenu Hokage. Geek depuis sa premi\u00e8re console Atari, fan de Marvel comics depuis ses premiers Strange. DBZ, Naruto, et GTO ses mangas pr\u00e9fer\u00e9s.<\/p>\n                <\/div>\n          <\/div>\n    <\/div>\n\n\t\n    \n\t\t<\/div>\n\t\t\t\t\t<\/div>\n\n\t\n\n\t<div id=\"col-1446168194\" class=\"col medium-3 small-12 large-3\"  >\n\t\t\t\t<div class=\"col-inner\"  >\n\t\t\t\n\t\t\t\n    <div class=\"box has-hover has-hover box-text-bottom\" >\n\n                  <div class=\"box-image\" style=\"width:80%;\">\n           <div class=\"box-image-inner image-cover\" style=\"border-radius:100%;padding-top:100%;\">\n              <img decoding=\"async\" width=\"500\" height=\"500\" src=\"https:\/\/e9sxhjoopfu.exactdn.com\/wp-content\/uploads\/2019\/01\/HOKAGEEK-V2.jpg?strip=all&lossy=1&ssl=1\" class=\"attachment- size-\" alt=\"HOKAGEEK Logo\" srcset=\"https:\/\/e9sxhjoopfu.exactdn.com\/wp-content\/uploads\/2019\/01\/HOKAGEEK-V2.jpg?strip=all&amp;lossy=1&amp;ssl=1 500w, https:\/\/e9sxhjoopfu.exactdn.com\/wp-content\/uploads\/2019\/01\/HOKAGEEK-V2-247x247.jpg?strip=all&amp;lossy=1&amp;ssl=1 247w, https:\/\/e9sxhjoopfu.exactdn.com\/wp-content\/uploads\/2019\/01\/HOKAGEEK-V2-100x100.jpg?strip=all&amp;lossy=1&amp;ssl=1 100w, https:\/\/e9sxhjoopfu.exactdn.com\/wp-content\/uploads\/2019\/01\/HOKAGEEK-V2-280x280.jpg?strip=all&amp;lossy=1&amp;ssl=1 280w, https:\/\/e9sxhjoopfu.exactdn.com\/wp-content\/uploads\/2019\/01\/HOKAGEEK-V2-400x400.jpg?strip=all&amp;lossy=1&amp;ssl=1 400w\" sizes=\"(max-width: 500px) 100vw, 500px\" \/>                         <\/div>\n          <\/div>\n         \n          <div class=\"box-text text-center\" >\n                <div class=\"box-text-inner\">\n                  <h4 class=\"uppercase\">\n                    <span class=\"person-name\">RIKIMARU<\/span><br\/>\n                    <span class=\"person-title is-small thin-font op-7\">\n                      FIRST NINJA                    <\/span>\n                  <\/h4>\n\t\t\t\t\t<div class=\"social-icons follow-icons\" ><a href=\"#\" target=\"_blank\" data-label=\"Facebook\" class=\"icon button circle is-outline facebook tooltip\" title=\"Follow on Facebook\" aria-label=\"Follow on Facebook\" rel=\"noopener nofollow\" ><i class=\"icon-facebook\" ><\/i><\/a><a href=\"#\" data-label=\"Twitter\" target=\"_blank\" class=\"icon button circle is-outline twitter tooltip\" title=\"Follow on Twitter\" aria-label=\"Follow on Twitter\" rel=\"noopener nofollow\" ><i class=\"icon-twitter\" ><\/i><\/a><a href=\"mailto:#\" data-label=\"E-mail\" target=\"_blank\" class=\"icon button circle is-outline email tooltip\" title=\"Send us an email\" aria-label=\"Send us an email\" rel=\"nofollow noopener\" ><i class=\"icon-envelop\" ><\/i><\/a><a href=\"#\" data-label=\"Pinterest\" target=\"_blank\" class=\"icon button circle is-outline pinterest tooltip\" title=\"Follow on Pinterest\" aria-label=\"Follow on Pinterest\" rel=\"noopener nofollow\" ><i class=\"icon-pinterest\" ><\/i><\/a><a href=\"#\" data-label=\"LinkedIn\" target=\"_blank\" class=\"icon button circle is-outline linkedin tooltip\" title=\"Follow on LinkedIn\" aria-label=\"Follow on LinkedIn\" rel=\"noopener nofollow\" ><i class=\"icon-linkedin\" ><\/i><\/a><\/div>\n<p>Aspirant Hokage. Fan de Jeu de strat\u00e9gie et des premiers comics de Tortues Ninja. La l\u00e9gende dit qu&rsquo;il aurait termin\u00e9 Soltice sur Nes.<\/p>\n                <\/div>\n          <\/div>\n    <\/div>\n\n\t\n    \n\t\t<\/div>\n\t\t\t\t\t<\/div>\n\n\t\n\n\t<div id=\"col-1723756411\" class=\"col medium-3 small-12 large-3\"  >\n\t\t\t\t<div class=\"col-inner\"  >\n\t\t\t\n\t\t\t\n    <div class=\"box has-hover has-hover box-text-bottom\" >\n\n                  <div class=\"box-image\" style=\"width:80%;\">\n           <div class=\"box-image-inner image-cover\" style=\"border-radius:100%;padding-top:100%;\">\n              <img decoding=\"async\" width=\"500\" height=\"500\" src=\"https:\/\/e9sxhjoopfu.exactdn.com\/wp-content\/uploads\/2019\/01\/HOKAGEEK-V2.jpg?strip=all&lossy=1&ssl=1\" class=\"attachment- size-\" alt=\"HOKAGEEK Logo\" srcset=\"https:\/\/e9sxhjoopfu.exactdn.com\/wp-content\/uploads\/2019\/01\/HOKAGEEK-V2.jpg?strip=all&amp;lossy=1&amp;ssl=1 500w, https:\/\/e9sxhjoopfu.exactdn.com\/wp-content\/uploads\/2019\/01\/HOKAGEEK-V2-247x247.jpg?strip=all&amp;lossy=1&amp;ssl=1 247w, https:\/\/e9sxhjoopfu.exactdn.com\/wp-content\/uploads\/2019\/01\/HOKAGEEK-V2-100x100.jpg?strip=all&amp;lossy=1&amp;ssl=1 100w, https:\/\/e9sxhjoopfu.exactdn.com\/wp-content\/uploads\/2019\/01\/HOKAGEEK-V2-280x280.jpg?strip=all&amp;lossy=1&amp;ssl=1 280w, https:\/\/e9sxhjoopfu.exactdn.com\/wp-content\/uploads\/2019\/01\/HOKAGEEK-V2-400x400.jpg?strip=all&amp;lossy=1&amp;ssl=1 400w\" sizes=\"(max-width: 500px) 100vw, 500px\" \/>                         <\/div>\n          <\/div>\n         \n          <div class=\"box-text text-center\" >\n                <div class=\"box-text-inner\">\n                  <h4 class=\"uppercase\">\n                    <span class=\"person-name\">AYAME<\/span><br\/>\n                    <span class=\"person-title is-small thin-font op-7\">\n                      YOUNG PRODIDGY                    <\/span>\n                  <\/h4>\n\t\t\t\t\t<div class=\"social-icons follow-icons\" ><a href=\"#\" target=\"_blank\" data-label=\"Facebook\" class=\"icon button circle is-outline facebook tooltip\" title=\"Follow on Facebook\" aria-label=\"Follow on Facebook\" rel=\"noopener nofollow\" ><i class=\"icon-facebook\" ><\/i><\/a><a href=\"#\" data-label=\"Twitter\" target=\"_blank\" class=\"icon button circle is-outline twitter tooltip\" title=\"Follow on Twitter\" aria-label=\"Follow on Twitter\" rel=\"noopener nofollow\" ><i class=\"icon-twitter\" ><\/i><\/a><a href=\"mailto:#\" data-label=\"E-mail\" target=\"_blank\" class=\"icon button circle is-outline email tooltip\" title=\"Send us an email\" aria-label=\"Send us an email\" rel=\"nofollow noopener\" ><i class=\"icon-envelop\" ><\/i><\/a><a href=\"#\" data-label=\"Pinterest\" target=\"_blank\" class=\"icon button circle is-outline pinterest tooltip\" title=\"Follow on Pinterest\" aria-label=\"Follow on Pinterest\" rel=\"noopener nofollow\" ><i class=\"icon-pinterest\" ><\/i><\/a><a href=\"#\" data-label=\"LinkedIn\" target=\"_blank\" class=\"icon button circle is-outline linkedin tooltip\" title=\"Follow on LinkedIn\" aria-label=\"Follow on LinkedIn\" rel=\"noopener nofollow\" ><i class=\"icon-linkedin\" ><\/i><\/a><\/div>\n<p>Adore les Survival Horror. Cette jeune prodige n&rsquo;\u00e0 pas froid aux yeux et adore par dessus tout son chat Nekko.<\/p>\n                <\/div>\n          <\/div>\n    <\/div>\n\n\t\n    \n\t\t<\/div>\n\t\t\t\t\t<\/div>\n\n\t\n\n\t<div id=\"col-491245950\" class=\"col medium-3 small-12 large-3\"  >\n\t\t\t\t<div class=\"col-inner\"  >\n\t\t\t\n\t\t\t\n    <div class=\"box has-hover has-hover box-text-bottom\" >\n\n                  <div class=\"box-image\" style=\"width:80%;\">\n           <div class=\"box-image-inner image-cover\" style=\"border-radius:100%;padding-top:100%;\">\n              <img decoding=\"async\" width=\"500\" height=\"500\" src=\"https:\/\/e9sxhjoopfu.exactdn.com\/wp-content\/uploads\/2019\/01\/HOKAGEEK-V2.jpg?strip=all&lossy=1&ssl=1\" class=\"attachment- size-\" alt=\"HOKAGEEK Logo\" srcset=\"https:\/\/e9sxhjoopfu.exactdn.com\/wp-content\/uploads\/2019\/01\/HOKAGEEK-V2.jpg?strip=all&amp;lossy=1&amp;ssl=1 500w, https:\/\/e9sxhjoopfu.exactdn.com\/wp-content\/uploads\/2019\/01\/HOKAGEEK-V2-247x247.jpg?strip=all&amp;lossy=1&amp;ssl=1 247w, https:\/\/e9sxhjoopfu.exactdn.com\/wp-content\/uploads\/2019\/01\/HOKAGEEK-V2-100x100.jpg?strip=all&amp;lossy=1&amp;ssl=1 100w, https:\/\/e9sxhjoopfu.exactdn.com\/wp-content\/uploads\/2019\/01\/HOKAGEEK-V2-280x280.jpg?strip=all&amp;lossy=1&amp;ssl=1 280w, https:\/\/e9sxhjoopfu.exactdn.com\/wp-content\/uploads\/2019\/01\/HOKAGEEK-V2-400x400.jpg?strip=all&amp;lossy=1&amp;ssl=1 400w\" sizes=\"(max-width: 500px) 100vw, 500px\" \/>                         <\/div>\n          <\/div>\n         \n          <div class=\"box-text text-center\" >\n                <div class=\"box-text-inner\">\n                  <h4 class=\"uppercase\">\n                    <span class=\"person-name\">YOSHIDA<\/span><br\/>\n                    <span class=\"person-title is-small thin-font op-7\">\n                      Support hokageek                    <\/span>\n                  <\/h4>\n\t\t\t\t\t<div class=\"social-icons follow-icons\" ><a href=\"#\" target=\"_blank\" data-label=\"Facebook\" class=\"icon button circle is-outline facebook tooltip\" title=\"Follow on Facebook\" aria-label=\"Follow on Facebook\" rel=\"noopener nofollow\" ><i class=\"icon-facebook\" ><\/i><\/a><a href=\"#\" data-label=\"Twitter\" target=\"_blank\" class=\"icon button circle is-outline twitter tooltip\" title=\"Follow on Twitter\" aria-label=\"Follow on Twitter\" rel=\"noopener nofollow\" ><i class=\"icon-twitter\" ><\/i><\/a><a href=\"mailto:#\" data-label=\"E-mail\" target=\"_blank\" class=\"icon button circle is-outline email tooltip\" title=\"Send us an email\" aria-label=\"Send us an email\" rel=\"nofollow noopener\" ><i class=\"icon-envelop\" ><\/i><\/a><a href=\"#\" data-label=\"Pinterest\" target=\"_blank\" class=\"icon button circle is-outline pinterest tooltip\" title=\"Follow on Pinterest\" aria-label=\"Follow on Pinterest\" rel=\"noopener nofollow\" ><i class=\"icon-pinterest\" ><\/i><\/a><a href=\"#\" data-label=\"LinkedIn\" target=\"_blank\" class=\"icon button circle is-outline linkedin tooltip\" title=\"Follow on LinkedIn\" aria-label=\"Follow on LinkedIn\" rel=\"noopener nofollow\" ><i class=\"icon-linkedin\" ><\/i><\/a><\/div>\n<p> Aussi appell\u00e9 le collectionneur.Ce fan de Gunpla est aussi un inconditionnel de star trek et de Batman.<\/p>\n                <\/div>\n          <\/div>\n    <\/div>\n\n\t\n    \n\t\t<\/div>\n\t\t\t\t\t<\/div>\n\n\t\n<\/div>","protected":false},"excerpt":{"rendered":"","protected":false},"author":1,"featured_media":0,"parent":0,"menu_order":0,"comment_status":"closed","ping_status":"closed","template":"page-transparent-header-light.php","meta":{"footnotes":""},"class_list":["post-95","page","type-page","status-publish","hentry"],"yoast_head":"<!-- This site is optimized with the Yoast SEO plugin v25.1 - https:\/\/yoast.com\/wordpress\/plugins\/seo\/ -->\n<title>A propos - Hokageek<\/title>\n<meta name=\"robots\" content=\"index, follow, max-snippet:-1, max-image-preview:large, max-video-preview:-1\" \/>\n<link rel=\"canonical\" href=\"https:\/\/hokageek.com\/en\/a-propos\/\" \/>\n<meta property=\"og:locale\" content=\"en_US\" \/>\n<meta property=\"og:type\" content=\"article\" \/>\n<meta property=\"og:title\" content=\"A propos - Hokageek\" \/>\n<meta property=\"og:url\" content=\"https:\/\/hokageek.com\/en\/a-propos\/\" \/>\n<meta property=\"og:site_name\" content=\"Hokageek\" \/>\n<meta property=\"article:publisher\" content=\"https:\/\/www.facebook.com\/Sensei.Hokageek\/\" \/>\n<meta property=\"article:modified_time\" content=\"2019-09-05T13:02:53+00:00\" \/>\n<meta name=\"twitter:card\" content=\"summary_large_image\" \/>\n<meta name=\"twitter:site\" content=\"@SenseiHokageek\" \/>\n<meta name=\"twitter:label1\" content=\"Est. reading time\" \/>\n\t<meta name=\"twitter:data1\" content=\"2 minutes\" \/>\n<script type=\"application\/ld+json\" class=\"yoast-schema-graph\">{\"@context\":\"https:\/\/schema.org\",\"@graph\":[{\"@type\":\"WebPage\",\"@id\":\"https:\/\/hokageek.com\/a-propos\/\",\"url\":\"https:\/\/hokageek.com\/a-propos\/\",\"name\":\"A propos - Hokageek\",\"isPartOf\":{\"@id\":\"https:\/\/hokageek.com\/#website\"},\"datePublished\":\"2013-08-11T19:06:15+00:00\",\"dateModified\":\"2019-09-05T13:02:53+00:00\",\"breadcrumb\":{\"@id\":\"https:\/\/hokageek.com\/a-propos\/#breadcrumb\"},\"inLanguage\":\"en-US\",\"potentialAction\":[{\"@type\":\"ReadAction\",\"target\":[\"https:\/\/hokageek.com\/a-propos\/\"]}]},{\"@type\":\"BreadcrumbList\",\"@id\":\"https:\/\/hokageek.com\/a-propos\/#breadcrumb\",\"itemListElement\":[{\"@type\":\"ListItem\",\"position\":1,\"name\":\"Accueil\",\"item\":\"https:\/\/hokageek.com\/\"},{\"@type\":\"ListItem\",\"position\":2,\"name\":\"A propos\"}]},{\"@type\":\"WebSite\",\"@id\":\"https:\/\/hokageek.com\/#website\",\"url\":\"https:\/\/hokageek.com\/\",\"name\":\"Hokageek\",\"description\":\"Geek Supply\",\"publisher\":{\"@id\":\"https:\/\/hokageek.com\/#organization\"},\"potentialAction\":[{\"@type\":\"SearchAction\",\"target\":{\"@type\":\"EntryPoint\",\"urlTemplate\":\"https:\/\/hokageek.com\/?s={search_term_string}\"},\"query-input\":{\"@type\":\"PropertyValueSpecification\",\"valueRequired\":true,\"valueName\":\"search_term_string\"}}],\"inLanguage\":\"en-US\"},{\"@type\":\"Organization\",\"@id\":\"https:\/\/hokageek.com\/#organization\",\"name\":\"Hokageek\",\"url\":\"https:\/\/hokageek.com\/\",\"logo\":{\"@type\":\"ImageObject\",\"inLanguage\":\"en-US\",\"@id\":\"https:\/\/hokageek.com\/#\/schema\/logo\/image\/\",\"url\":\"https:\/\/hokageek.com\/wp-content\/uploads\/2019\/01\/HOKAGEEK-V2.jpg\",\"contentUrl\":\"https:\/\/hokageek.com\/wp-content\/uploads\/2019\/01\/HOKAGEEK-V2.jpg\",\"width\":500,\"height\":500,\"caption\":\"Hokageek\"},\"image\":{\"@id\":\"https:\/\/hokageek.com\/#\/schema\/logo\/image\/\"},\"sameAs\":[\"https:\/\/www.facebook.com\/Sensei.Hokageek\/\",\"https:\/\/x.com\/SenseiHokageek\",\"https:\/\/www.instagram.com\/Sensei_Hokageek\/\",\"https:\/\/www.pinterest.fr\/Hokageek\/\",\"https:\/\/www.youtube.com\/channel\/UC4ZjqTXF0MThDBaUnjIRpWA\/\"]}]}<\/script>\n<!-- \/ Yoast SEO plugin. -->","yoast_head_json":{"title":"A propos - Hokageek","robots":{"index":"index","follow":"follow","max-snippet":"max-snippet:-1","max-image-preview":"max-image-preview:large","max-video-preview":"max-video-preview:-1"},"canonical":"https:\/\/hokageek.com\/en\/a-propos\/","og_locale":"en_US","og_type":"article","og_title":"A propos - Hokageek","og_url":"https:\/\/hokageek.com\/en\/a-propos\/","og_site_name":"Hokageek","article_publisher":"https:\/\/www.facebook.com\/Sensei.Hokageek\/","article_modified_time":"2019-09-05T13:02:53+00:00","twitter_card":"summary_large_image","twitter_site":"@SenseiHokageek","twitter_misc":{"Est. reading time":"2 minutes"},"schema":{"@context":"https:\/\/schema.org","@graph":[{"@type":"WebPage","@id":"https:\/\/hokageek.com\/a-propos\/","url":"https:\/\/hokageek.com\/a-propos\/","name":"A propos - Hokageek","isPartOf":{"@id":"https:\/\/hokageek.com\/#website"},"datePublished":"2013-08-11T19:06:15+00:00","dateModified":"2019-09-05T13:02:53+00:00","breadcrumb":{"@id":"https:\/\/hokageek.com\/a-propos\/#breadcrumb"},"inLanguage":"en-US","potentialAction":[{"@type":"ReadAction","target":["https:\/\/hokageek.com\/a-propos\/"]}]},{"@type":"BreadcrumbList","@id":"https:\/\/hokageek.com\/a-propos\/#breadcrumb","itemListElement":[{"@type":"ListItem","position":1,"name":"Accueil","item":"https:\/\/hokageek.com\/"},{"@type":"ListItem","position":2,"name":"A propos"}]},{"@type":"WebSite","@id":"https:\/\/hokageek.com\/#website","url":"https:\/\/hokageek.com\/","name":"Hokageek","description":"Geek Supply","publisher":{"@id":"https:\/\/hokageek.com\/#organization"},"potentialAction":[{"@type":"SearchAction","target":{"@type":"EntryPoint","urlTemplate":"https:\/\/hokageek.com\/?s={search_term_string}"},"query-input":{"@type":"PropertyValueSpecification","valueRequired":true,"valueName":"search_term_string"}}],"inLanguage":"en-US"},{"@type":"Organization","@id":"https:\/\/hokageek.com\/#organization","name":"Hokageek","url":"https:\/\/hokageek.com\/","logo":{"@type":"ImageObject","inLanguage":"en-US","@id":"https:\/\/hokageek.com\/#\/schema\/logo\/image\/","url":"https:\/\/hokageek.com\/wp-content\/uploads\/2019\/01\/HOKAGEEK-V2.jpg","contentUrl":"https:\/\/hokageek.com\/wp-content\/uploads\/2019\/01\/HOKAGEEK-V2.jpg","width":500,"height":500,"caption":"Hokageek"},"image":{"@id":"https:\/\/hokageek.com\/#\/schema\/logo\/image\/"},"sameAs":["https:\/\/www.facebook.com\/Sensei.Hokageek\/","https:\/\/x.com\/SenseiHokageek","https:\/\/www.instagram.com\/Sensei_Hokageek\/","https:\/\/www.pinterest.fr\/Hokageek\/","https:\/\/www.youtube.com\/channel\/UC4ZjqTXF0MThDBaUnjIRpWA\/"]}]}},"_links":{"self":[{"href":"https:\/\/hokageek.com\/en\/wp-json\/wp\/v2\/pages\/95","targetHints":{"allow":["GET"]}}],"collection":[{"href":"https:\/\/hokageek.com\/en\/wp-json\/wp\/v2\/pages"}],"about":[{"href":"https:\/\/hokageek.com\/en\/wp-json\/wp\/v2\/types\/page"}],"author":[{"embeddable":true,"href":"https:\/\/hokageek.com\/en\/wp-json\/wp\/v2\/users\/1"}],"replies":[{"embeddable":true,"href":"https:\/\/hokageek.com\/en\/wp-json\/wp\/v2\/comments?post=95"}],"version-history":[{"count":23,"href":"https:\/\/hokageek.com\/en\/wp-json\/wp\/v2\/pages\/95\/revisions"}],"predecessor-version":[{"id":9547,"href":"https:\/\/hokageek.com\/en\/wp-json\/wp\/v2\/pages\/95\/revisions\/9547"}],"wp:attachment":[{"href":"https:\/\/hokageek.com\/en\/wp-json\/wp\/v2\/media?parent=95"}],"curies":[{"name":"wp","href":"https:\/\/api.w.org\/{rel}","templated":true}]}}