{"id":1093,"date":"2018-12-20T11:54:13","date_gmt":"2018-12-20T10:54:13","guid":{"rendered":"https:\/\/hokageek.com\/produit\/nigeer-noir-poitrine-pack-hommes-casual-epaule-bandouliere-sac-usb-de-charge-poitrine-sac-hydrofuge-voyage-messenger-sac-male-n1820\/"},"modified":"2022-06-06T07:35:47","modified_gmt":"2022-06-06T05:35:47","slug":"sac-a-dos-bandouliere-urbain-avec-port-usb","status":"publish","type":"product","link":"https:\/\/hokageek.com\/en\/boutique\/sac-a-dos-bandouliere-urbain-avec-port-usb\/","title":{"rendered":"Sac \u00e0 dos bandouli\u00e8re urbain avec port USB"},"content":{"rendered":"<p>Sac \u00e0 dos bandouli\u00e8re urbain avec port USB qui conviendra pour pour les personnes qui transporterons l&rsquo;essentiel avec eux.<\/p>\n<p>Id\u00e9al pour prot\u00e9ger vos objets de valeur comme votre portefeuille, tablette ou t\u00e9l\u00e9phone.<\/p>\n<p>Le port USB int\u00e9gr\u00e9 au sac permettra de connecter votre appareil \u00e0 votre banque d&rsquo;alimentation, fonctionnalit\u00e9 tr\u00e8s pratique et agr\u00e9able.<\/p>\n<p>Possibilit\u00e9 de porter le sac \u00e0 la poitrine.<\/p>\n<p>Note : le chargeur ou la banque d&rsquo;alimentation n&rsquo;est pas fourni avec le sac.<\/p>","protected":false},"excerpt":{"rendered":"<p>Sac \u00e0 dos bandouli\u00e8re urbain avec port USB Int\u00e9gr\u00e9<\/p>","protected":false},"featured_media":1741,"comment_status":"open","ping_status":"closed","template":"","meta":[],"product_brand":[],"product_cat":[45,284],"product_tag":[296,297],"class_list":{"0":"post-1093","1":"product","2":"type-product","3":"status-publish","4":"has-post-thumbnail","6":"product_cat-sac-a-dos","7":"product_cat-urbain","8":"product_tag-sac-a-dos","9":"product_tag-usb","11":"first","12":"instock","13":"sale","14":"taxable","15":"shipping-taxable","16":"purchasable","17":"product-type-variable"},"yoast_head":"<!-- This site is optimized with the Yoast SEO plugin v25.1 - https:\/\/yoast.com\/wordpress\/plugins\/seo\/ -->\n<title>Sac \u00e0 dos bandouli\u00e8re urbain avec port USB - Hokageek<\/title>\n<meta name=\"description\" content=\"Sac \u00e0 dos bandouli\u00e8re urbain avec port USB Int\u00e9gr\u00e9\" \/>\n<meta name=\"robots\" content=\"index, follow, max-snippet:-1, max-image-preview:large, max-video-preview:-1\" \/>\n<link rel=\"canonical\" href=\"https:\/\/hokageek.com\/en\/boutique\/sac-a-dos-bandouliere-urbain-avec-port-usb\/\" \/>\n<meta property=\"og:locale\" content=\"en_US\" \/>\n<meta property=\"og:type\" content=\"article\" \/>\n<meta property=\"og:title\" content=\"Sac \u00e0 dos bandouli\u00e8re urbain avec port USB - Hokageek\" \/>\n<meta property=\"og:description\" content=\"Sac \u00e0 dos bandouli\u00e8re urbain avec port USB Int\u00e9gr\u00e9\" \/>\n<meta property=\"og:url\" content=\"https:\/\/hokageek.com\/en\/boutique\/sac-a-dos-bandouliere-urbain-avec-port-usb\/\" \/>\n<meta property=\"og:site_name\" content=\"Hokageek\" \/>\n<meta property=\"article:publisher\" content=\"https:\/\/www.facebook.com\/Sensei.Hokageek\/\" \/>\n<meta property=\"article:modified_time\" content=\"2022-06-06T05:35:47+00:00\" \/>\n<meta property=\"og:image\" content=\"https:\/\/e9sxhjoopfu.exactdn.com\/wp-content\/uploads\/2018\/12\/1093-cbd2d6.jpeg?strip=all&lossy=1&ssl=1\" \/>\n\t<meta property=\"og:image:width\" content=\"800\" \/>\n\t<meta property=\"og:image:height\" content=\"800\" \/>\n\t<meta property=\"og:image:type\" content=\"image\/jpeg\" \/>\n<meta name=\"twitter:card\" content=\"summary_large_image\" \/>\n<meta name=\"twitter:site\" content=\"@SenseiHokageek\" \/>\n<script type=\"application\/ld+json\" class=\"yoast-schema-graph\">{\"@context\":\"https:\/\/schema.org\",\"@graph\":[{\"@type\":\"WebPage\",\"@id\":\"https:\/\/hokageek.com\/boutique\/sac-a-dos-bandouliere-urbain-avec-port-usb\/\",\"url\":\"https:\/\/hokageek.com\/boutique\/sac-a-dos-bandouliere-urbain-avec-port-usb\/\",\"name\":\"Sac \u00e0 dos bandouli\u00e8re urbain avec port USB - Hokageek\",\"isPartOf\":{\"@id\":\"https:\/\/hokageek.com\/#website\"},\"primaryImageOfPage\":{\"@id\":\"https:\/\/hokageek.com\/boutique\/sac-a-dos-bandouliere-urbain-avec-port-usb\/#primaryimage\"},\"image\":{\"@id\":\"https:\/\/hokageek.com\/boutique\/sac-a-dos-bandouliere-urbain-avec-port-usb\/#primaryimage\"},\"thumbnailUrl\":\"https:\/\/e9sxhjoopfu.exactdn.com\/wp-content\/uploads\/2018\/12\/1093-cbd2d6.jpeg?strip=all&lossy=1&ssl=1\",\"datePublished\":\"2018-12-20T10:54:13+00:00\",\"dateModified\":\"2022-06-06T05:35:47+00:00\",\"description\":\"Sac \u00e0 dos bandouli\u00e8re urbain avec port USB Int\u00e9gr\u00e9\",\"breadcrumb\":{\"@id\":\"https:\/\/hokageek.com\/boutique\/sac-a-dos-bandouliere-urbain-avec-port-usb\/#breadcrumb\"},\"inLanguage\":\"en-US\",\"potentialAction\":[{\"@type\":\"ReadAction\",\"target\":[\"https:\/\/hokageek.com\/boutique\/sac-a-dos-bandouliere-urbain-avec-port-usb\/\"]}]},{\"@type\":\"ImageObject\",\"inLanguage\":\"en-US\",\"@id\":\"https:\/\/hokageek.com\/boutique\/sac-a-dos-bandouliere-urbain-avec-port-usb\/#primaryimage\",\"url\":\"https:\/\/e9sxhjoopfu.exactdn.com\/wp-content\/uploads\/2018\/12\/1093-cbd2d6.jpeg?strip=all&lossy=1&ssl=1\",\"contentUrl\":\"https:\/\/e9sxhjoopfu.exactdn.com\/wp-content\/uploads\/2018\/12\/1093-cbd2d6.jpeg?strip=all&lossy=1&ssl=1\",\"width\":800,\"height\":800,\"caption\":\"Sac \u00e0 dos bandouli\u00e8re urbain avec port USB\"},{\"@type\":\"BreadcrumbList\",\"@id\":\"https:\/\/hokageek.com\/boutique\/sac-a-dos-bandouliere-urbain-avec-port-usb\/#breadcrumb\",\"itemListElement\":[{\"@type\":\"ListItem\",\"position\":1,\"name\":\"Accueil\",\"item\":\"https:\/\/hokageek.com\/\"},{\"@type\":\"ListItem\",\"position\":2,\"name\":\"Boutique\",\"item\":\"https:\/\/hokageek.com\/boutique\/\"},{\"@type\":\"ListItem\",\"position\":3,\"name\":\"Sac \u00e0 dos bandouli\u00e8re urbain avec port USB\"}]},{\"@type\":\"WebSite\",\"@id\":\"https:\/\/hokageek.com\/#website\",\"url\":\"https:\/\/hokageek.com\/\",\"name\":\"Hokageek\",\"description\":\"Geek Supply\",\"publisher\":{\"@id\":\"https:\/\/hokageek.com\/#organization\"},\"potentialAction\":[{\"@type\":\"SearchAction\",\"target\":{\"@type\":\"EntryPoint\",\"urlTemplate\":\"https:\/\/hokageek.com\/?s={search_term_string}\"},\"query-input\":{\"@type\":\"PropertyValueSpecification\",\"valueRequired\":true,\"valueName\":\"search_term_string\"}}],\"inLanguage\":\"en-US\"},{\"@type\":\"Organization\",\"@id\":\"https:\/\/hokageek.com\/#organization\",\"name\":\"Hokageek\",\"url\":\"https:\/\/hokageek.com\/\",\"logo\":{\"@type\":\"ImageObject\",\"inLanguage\":\"en-US\",\"@id\":\"https:\/\/hokageek.com\/#\/schema\/logo\/image\/\",\"url\":\"https:\/\/hokageek.com\/wp-content\/uploads\/2019\/01\/HOKAGEEK-V2.jpg\",\"contentUrl\":\"https:\/\/hokageek.com\/wp-content\/uploads\/2019\/01\/HOKAGEEK-V2.jpg\",\"width\":500,\"height\":500,\"caption\":\"Hokageek\"},\"image\":{\"@id\":\"https:\/\/hokageek.com\/#\/schema\/logo\/image\/\"},\"sameAs\":[\"https:\/\/www.facebook.com\/Sensei.Hokageek\/\",\"https:\/\/x.com\/SenseiHokageek\",\"https:\/\/www.instagram.com\/Sensei_Hokageek\/\",\"https:\/\/www.pinterest.fr\/Hokageek\/\",\"https:\/\/www.youtube.com\/channel\/UC4ZjqTXF0MThDBaUnjIRpWA\/\"]}]}<\/script>\n<!-- \/ Yoast SEO plugin. -->","yoast_head_json":{"title":"Sac \u00e0 dos bandouli\u00e8re urbain avec port USB - Hokageek","description":"Sac \u00e0 dos bandouli\u00e8re urbain avec port USB Int\u00e9gr\u00e9","robots":{"index":"index","follow":"follow","max-snippet":"max-snippet:-1","max-image-preview":"max-image-preview:large","max-video-preview":"max-video-preview:-1"},"canonical":"https:\/\/hokageek.com\/en\/boutique\/sac-a-dos-bandouliere-urbain-avec-port-usb\/","og_locale":"en_US","og_type":"article","og_title":"Sac \u00e0 dos bandouli\u00e8re urbain avec port USB - Hokageek","og_description":"Sac \u00e0 dos bandouli\u00e8re urbain avec port USB Int\u00e9gr\u00e9","og_url":"https:\/\/hokageek.com\/en\/boutique\/sac-a-dos-bandouliere-urbain-avec-port-usb\/","og_site_name":"Hokageek","article_publisher":"https:\/\/www.facebook.com\/Sensei.Hokageek\/","article_modified_time":"2022-06-06T05:35:47+00:00","og_image":[{"width":800,"height":800,"url":"https:\/\/e9sxhjoopfu.exactdn.com\/wp-content\/uploads\/2018\/12\/1093-cbd2d6.jpeg?strip=all&lossy=1&ssl=1","type":"image\/jpeg"}],"twitter_card":"summary_large_image","twitter_site":"@SenseiHokageek","schema":{"@context":"https:\/\/schema.org","@graph":[{"@type":"WebPage","@id":"https:\/\/hokageek.com\/boutique\/sac-a-dos-bandouliere-urbain-avec-port-usb\/","url":"https:\/\/hokageek.com\/boutique\/sac-a-dos-bandouliere-urbain-avec-port-usb\/","name":"Sac \u00e0 dos bandouli\u00e8re urbain avec port USB - Hokageek","isPartOf":{"@id":"https:\/\/hokageek.com\/#website"},"primaryImageOfPage":{"@id":"https:\/\/hokageek.com\/boutique\/sac-a-dos-bandouliere-urbain-avec-port-usb\/#primaryimage"},"image":{"@id":"https:\/\/hokageek.com\/boutique\/sac-a-dos-bandouliere-urbain-avec-port-usb\/#primaryimage"},"thumbnailUrl":"https:\/\/e9sxhjoopfu.exactdn.com\/wp-content\/uploads\/2018\/12\/1093-cbd2d6.jpeg?strip=all&lossy=1&ssl=1","datePublished":"2018-12-20T10:54:13+00:00","dateModified":"2022-06-06T05:35:47+00:00","description":"Sac \u00e0 dos bandouli\u00e8re urbain avec port USB Int\u00e9gr\u00e9","breadcrumb":{"@id":"https:\/\/hokageek.com\/boutique\/sac-a-dos-bandouliere-urbain-avec-port-usb\/#breadcrumb"},"inLanguage":"en-US","potentialAction":[{"@type":"ReadAction","target":["https:\/\/hokageek.com\/boutique\/sac-a-dos-bandouliere-urbain-avec-port-usb\/"]}]},{"@type":"ImageObject","inLanguage":"en-US","@id":"https:\/\/hokageek.com\/boutique\/sac-a-dos-bandouliere-urbain-avec-port-usb\/#primaryimage","url":"https:\/\/e9sxhjoopfu.exactdn.com\/wp-content\/uploads\/2018\/12\/1093-cbd2d6.jpeg?strip=all&lossy=1&ssl=1","contentUrl":"https:\/\/e9sxhjoopfu.exactdn.com\/wp-content\/uploads\/2018\/12\/1093-cbd2d6.jpeg?strip=all&lossy=1&ssl=1","width":800,"height":800,"caption":"Sac \u00e0 dos bandouli\u00e8re urbain avec port USB"},{"@type":"BreadcrumbList","@id":"https:\/\/hokageek.com\/boutique\/sac-a-dos-bandouliere-urbain-avec-port-usb\/#breadcrumb","itemListElement":[{"@type":"ListItem","position":1,"name":"Accueil","item":"https:\/\/hokageek.com\/"},{"@type":"ListItem","position":2,"name":"Boutique","item":"https:\/\/hokageek.com\/boutique\/"},{"@type":"ListItem","position":3,"name":"Sac \u00e0 dos bandouli\u00e8re urbain avec port USB"}]},{"@type":"WebSite","@id":"https:\/\/hokageek.com\/#website","url":"https:\/\/hokageek.com\/","name":"Hokageek","description":"Geek Supply","publisher":{"@id":"https:\/\/hokageek.com\/#organization"},"potentialAction":[{"@type":"SearchAction","target":{"@type":"EntryPoint","urlTemplate":"https:\/\/hokageek.com\/?s={search_term_string}"},"query-input":{"@type":"PropertyValueSpecification","valueRequired":true,"valueName":"search_term_string"}}],"inLanguage":"en-US"},{"@type":"Organization","@id":"https:\/\/hokageek.com\/#organization","name":"Hokageek","url":"https:\/\/hokageek.com\/","logo":{"@type":"ImageObject","inLanguage":"en-US","@id":"https:\/\/hokageek.com\/#\/schema\/logo\/image\/","url":"https:\/\/hokageek.com\/wp-content\/uploads\/2019\/01\/HOKAGEEK-V2.jpg","contentUrl":"https:\/\/hokageek.com\/wp-content\/uploads\/2019\/01\/HOKAGEEK-V2.jpg","width":500,"height":500,"caption":"Hokageek"},"image":{"@id":"https:\/\/hokageek.com\/#\/schema\/logo\/image\/"},"sameAs":["https:\/\/www.facebook.com\/Sensei.Hokageek\/","https:\/\/x.com\/SenseiHokageek","https:\/\/www.instagram.com\/Sensei_Hokageek\/","https:\/\/www.pinterest.fr\/Hokageek\/","https:\/\/www.youtube.com\/channel\/UC4ZjqTXF0MThDBaUnjIRpWA\/"]}]}},"_links":{"self":[{"href":"https:\/\/hokageek.com\/en\/wp-json\/wp\/v2\/product\/1093","targetHints":{"allow":["GET"]}}],"collection":[{"href":"https:\/\/hokageek.com\/en\/wp-json\/wp\/v2\/product"}],"about":[{"href":"https:\/\/hokageek.com\/en\/wp-json\/wp\/v2\/types\/product"}],"replies":[{"embeddable":true,"href":"https:\/\/hokageek.com\/en\/wp-json\/wp\/v2\/comments?post=1093"}],"wp:featuredmedia":[{"embeddable":true,"href":"https:\/\/hokageek.com\/en\/wp-json\/wp\/v2\/media\/1741"}],"wp:attachment":[{"href":"https:\/\/hokageek.com\/en\/wp-json\/wp\/v2\/media?parent=1093"}],"wp:term":[{"taxonomy":"product_brand","embeddable":true,"href":"https:\/\/hokageek.com\/en\/wp-json\/wp\/v2\/product_brand?post=1093"},{"taxonomy":"product_cat","embeddable":true,"href":"https:\/\/hokageek.com\/en\/wp-json\/wp\/v2\/product_cat?post=1093"},{"taxonomy":"product_tag","embeddable":true,"href":"https:\/\/hokageek.com\/en\/wp-json\/wp\/v2\/product_tag?post=1093"}],"curies":[{"name":"wp","href":"https:\/\/api.w.org\/{rel}","templated":true}]}}