{"id":14408,"date":"2020-10-19T15:03:54","date_gmt":"2020-10-19T13:03:54","guid":{"rendered":"https:\/\/hokageek.com\/produit\/pubg-sac-a-dos-de-capacite-de-cosplays-battlefield-niveau-3-sac-a-dos-instructeur-grand-exterieur\/"},"modified":"2023-02-04T08:27:13","modified_gmt":"2023-02-04T06:27:13","slug":"sac-a-dos-camouflage-style-pubg","status":"publish","type":"product","link":"https:\/\/hokageek.com\/en\/boutique\/sac-a-dos-camouflage-style-pubg\/","title":{"rendered":"Sac \u00e0 Dos Camouflage style PUBG"},"content":{"rendered":"<div>\n<div><\/div>\n<\/div>\n<div>\n<p>Sac \u00e0 dos tendance urbaine avec un port Usb et une prise jack.<\/p>\n<p>Ce sac \u00e0 dos camouflage de style urbain sera votre nouveau compagnon dans vos d\u00e9placements quotidiens.<\/p>\n<p>Un produits de qualit\u00e9 qui fera le bonheur des fans de PUBG.<\/p>\n<p><span style=\"font-family: verdana, geneva, sans-serif; font-size: 100%;\">Dimensions: 39 X 20 X 49 cm<\/span><\/p>\n<p><span style=\"font-family: verdana, geneva, sans-serif; font-size: 100%;\">Type de produit: sac \u00e0 dos<\/span><\/p>\n<p><span style=\"font-family: verdana, geneva, sans-serif; font-size: 100%;\">Couleur: Camouflage<\/span><\/p>\n<p>Attention : la couleur r\u00e9elle de l&rsquo;article peut \u00eatre diff\u00e9rente de celle des images de la fiche produit.<\/p>\n<p>&nbsp;<\/p>\n<p>&nbsp;<\/p>\n<p>&nbsp;<\/p>\n<\/div>\n<div><\/div>","protected":false},"excerpt":{"rendered":"<p>Sac \u00e0 dos tendance urbaine avec un port Usb et une prise jack. Ce sac \u00e0 dos camouflage de style urbain sera votre nouveau compagnon dans vos d\u00e9placements quotidiens. Un produits de qualit\u00e9 qui fera le bonheur des fans de PUBG. Dimensions: 39 X 20 X 49 cm Type de produit: sac \u00e0 dos Couleur: [&#8230;]","protected":false},"featured_media":14413,"comment_status":"open","ping_status":"closed","template":"","meta":[],"product_brand":[],"product_cat":[568,565,45],"product_tag":[],"class_list":{"0":"post-14408","1":"product","2":"type-product","3":"status-publish","4":"has-post-thumbnail","6":"product_cat-accessoires-de-mode","7":"product_cat-high-tech","8":"product_cat-sac-a-dos","10":"first","11":"instock","12":"sale","13":"taxable","14":"shipping-taxable","15":"purchasable","16":"product-type-simple"},"yoast_head":"<!-- This site is optimized with the Yoast SEO plugin v25.1 - https:\/\/yoast.com\/wordpress\/plugins\/seo\/ -->\n<title>Sac \u00e0 Dos Camouflage style PUBG - Hokageek<\/title>\n<meta name=\"description\" content=\"Sac \u00e0 dos tendance urbaine avec un port Usb et une prise jack. Ce sac \u00e0 dos camouflage de style urbain sera votre nouveau compagnon dans vos d\u00e9placements\" \/>\n<meta name=\"robots\" content=\"index, follow, max-snippet:-1, max-image-preview:large, max-video-preview:-1\" \/>\n<link rel=\"canonical\" href=\"https:\/\/hokageek.com\/en\/boutique\/sac-a-dos-camouflage-style-pubg\/\" \/>\n<meta property=\"og:locale\" content=\"en_US\" \/>\n<meta property=\"og:type\" content=\"article\" \/>\n<meta property=\"og:title\" content=\"Sac \u00e0 Dos Camouflage style PUBG - Hokageek\" \/>\n<meta property=\"og:description\" content=\"Sac \u00e0 dos tendance urbaine avec un port Usb et une prise jack. Ce sac \u00e0 dos camouflage de style urbain sera votre nouveau compagnon dans vos d\u00e9placements\" \/>\n<meta property=\"og:url\" content=\"https:\/\/hokageek.com\/en\/boutique\/sac-a-dos-camouflage-style-pubg\/\" \/>\n<meta property=\"og:site_name\" content=\"Hokageek\" \/>\n<meta property=\"article:publisher\" content=\"https:\/\/www.facebook.com\/Sensei.Hokageek\/\" \/>\n<meta property=\"article:modified_time\" content=\"2023-02-04T06:27:13+00:00\" \/>\n<meta property=\"og:image\" content=\"https:\/\/e9sxhjoopfu.exactdn.com\/wp-content\/uploads\/https:\/\/ae01.alicdn.com\/kf\/HTB1y3GLPhTpK1RjSZFMq6zG_VXau\/PUBG-sac-dos-de-capacit-de-Cosplay-s-battlefield-niveau-3-sac-dos-instructeur-grand-ext.jpg?strip=all&lossy=1&ssl=1\" \/>\n\t<meta property=\"og:image:width\" content=\"800\" \/>\n\t<meta property=\"og:image:height\" content=\"800\" \/>\n\t<meta property=\"og:image:type\" content=\"image\/jpeg\" \/>\n<meta name=\"twitter:card\" content=\"summary_large_image\" \/>\n<meta name=\"twitter:site\" content=\"@SenseiHokageek\" \/>\n<meta name=\"twitter:label1\" content=\"Est. reading time\" \/>\n\t<meta name=\"twitter:data1\" content=\"1 minute\" \/>\n<script type=\"application\/ld+json\" class=\"yoast-schema-graph\">{\"@context\":\"https:\/\/schema.org\",\"@graph\":[{\"@type\":\"WebPage\",\"@id\":\"https:\/\/hokageek.com\/boutique\/sac-a-dos-camouflage-style-pubg\/\",\"url\":\"https:\/\/hokageek.com\/boutique\/sac-a-dos-camouflage-style-pubg\/\",\"name\":\"Sac \u00e0 Dos Camouflage style PUBG - Hokageek\",\"isPartOf\":{\"@id\":\"https:\/\/hokageek.com\/#website\"},\"primaryImageOfPage\":{\"@id\":\"https:\/\/hokageek.com\/boutique\/sac-a-dos-camouflage-style-pubg\/#primaryimage\"},\"image\":{\"@id\":\"https:\/\/hokageek.com\/boutique\/sac-a-dos-camouflage-style-pubg\/#primaryimage\"},\"thumbnailUrl\":\"https:\/\/e9sxhjoopfu.exactdn.com\/wp-content\/uploads\/https:\/\/ae01.alicdn.com\/kf\/HTB1y3GLPhTpK1RjSZFMq6zG_VXau\/PUBG-sac-dos-de-capacit-de-Cosplay-s-battlefield-niveau-3-sac-dos-instructeur-grand-ext.jpg?strip=all&lossy=1&ssl=1\",\"datePublished\":\"2020-10-19T13:03:54+00:00\",\"dateModified\":\"2023-02-04T06:27:13+00:00\",\"description\":\"Sac \u00e0 dos tendance urbaine avec un port Usb et une prise jack. Ce sac \u00e0 dos camouflage de style urbain sera votre nouveau compagnon dans vos d\u00e9placements\",\"breadcrumb\":{\"@id\":\"https:\/\/hokageek.com\/boutique\/sac-a-dos-camouflage-style-pubg\/#breadcrumb\"},\"inLanguage\":\"en-US\",\"potentialAction\":[{\"@type\":\"ReadAction\",\"target\":[\"https:\/\/hokageek.com\/boutique\/sac-a-dos-camouflage-style-pubg\/\"]}]},{\"@type\":\"ImageObject\",\"inLanguage\":\"en-US\",\"@id\":\"https:\/\/hokageek.com\/boutique\/sac-a-dos-camouflage-style-pubg\/#primaryimage\",\"url\":\"https:\/\/e9sxhjoopfu.exactdn.com\/wp-content\/uploads\/https:\/\/ae01.alicdn.com\/kf\/HTB1y3GLPhTpK1RjSZFMq6zG_VXau\/PUBG-sac-dos-de-capacit-de-Cosplay-s-battlefield-niveau-3-sac-dos-instructeur-grand-ext.jpg?strip=all&lossy=1&ssl=1\",\"contentUrl\":\"https:\/\/e9sxhjoopfu.exactdn.com\/wp-content\/uploads\/https:\/\/ae01.alicdn.com\/kf\/HTB1y3GLPhTpK1RjSZFMq6zG_VXau\/PUBG-sac-dos-de-capacit-de-Cosplay-s-battlefield-niveau-3-sac-dos-instructeur-grand-ext.jpg?strip=all&lossy=1&ssl=1\",\"width\":800,\"height\":800,\"caption\":\"Sac \u00e0 Dos Camouflage style PUBG-000\"},{\"@type\":\"BreadcrumbList\",\"@id\":\"https:\/\/hokageek.com\/boutique\/sac-a-dos-camouflage-style-pubg\/#breadcrumb\",\"itemListElement\":[{\"@type\":\"ListItem\",\"position\":1,\"name\":\"Accueil\",\"item\":\"https:\/\/hokageek.com\/\"},{\"@type\":\"ListItem\",\"position\":2,\"name\":\"Boutique\",\"item\":\"https:\/\/hokageek.com\/boutique\/\"},{\"@type\":\"ListItem\",\"position\":3,\"name\":\"Sac \u00e0 Dos Camouflage style PUBG\"}]},{\"@type\":\"WebSite\",\"@id\":\"https:\/\/hokageek.com\/#website\",\"url\":\"https:\/\/hokageek.com\/\",\"name\":\"Hokageek\",\"description\":\"Geek Supply\",\"publisher\":{\"@id\":\"https:\/\/hokageek.com\/#organization\"},\"potentialAction\":[{\"@type\":\"SearchAction\",\"target\":{\"@type\":\"EntryPoint\",\"urlTemplate\":\"https:\/\/hokageek.com\/?s={search_term_string}\"},\"query-input\":{\"@type\":\"PropertyValueSpecification\",\"valueRequired\":true,\"valueName\":\"search_term_string\"}}],\"inLanguage\":\"en-US\"},{\"@type\":\"Organization\",\"@id\":\"https:\/\/hokageek.com\/#organization\",\"name\":\"Hokageek\",\"url\":\"https:\/\/hokageek.com\/\",\"logo\":{\"@type\":\"ImageObject\",\"inLanguage\":\"en-US\",\"@id\":\"https:\/\/hokageek.com\/#\/schema\/logo\/image\/\",\"url\":\"https:\/\/hokageek.com\/wp-content\/uploads\/2019\/01\/HOKAGEEK-V2.jpg\",\"contentUrl\":\"https:\/\/hokageek.com\/wp-content\/uploads\/2019\/01\/HOKAGEEK-V2.jpg\",\"width\":500,\"height\":500,\"caption\":\"Hokageek\"},\"image\":{\"@id\":\"https:\/\/hokageek.com\/#\/schema\/logo\/image\/\"},\"sameAs\":[\"https:\/\/www.facebook.com\/Sensei.Hokageek\/\",\"https:\/\/x.com\/SenseiHokageek\",\"https:\/\/www.instagram.com\/Sensei_Hokageek\/\",\"https:\/\/www.pinterest.fr\/Hokageek\/\",\"https:\/\/www.youtube.com\/channel\/UC4ZjqTXF0MThDBaUnjIRpWA\/\"]}]}<\/script>\n<!-- \/ Yoast SEO plugin. -->","yoast_head_json":{"title":"Sac \u00e0 Dos Camouflage style PUBG - Hokageek","description":"Sac \u00e0 dos tendance urbaine avec un port Usb et une prise jack. Ce sac \u00e0 dos camouflage de style urbain sera votre nouveau compagnon dans vos d\u00e9placements","robots":{"index":"index","follow":"follow","max-snippet":"max-snippet:-1","max-image-preview":"max-image-preview:large","max-video-preview":"max-video-preview:-1"},"canonical":"https:\/\/hokageek.com\/en\/boutique\/sac-a-dos-camouflage-style-pubg\/","og_locale":"en_US","og_type":"article","og_title":"Sac \u00e0 Dos Camouflage style PUBG - Hokageek","og_description":"Sac \u00e0 dos tendance urbaine avec un port Usb et une prise jack. Ce sac \u00e0 dos camouflage de style urbain sera votre nouveau compagnon dans vos d\u00e9placements","og_url":"https:\/\/hokageek.com\/en\/boutique\/sac-a-dos-camouflage-style-pubg\/","og_site_name":"Hokageek","article_publisher":"https:\/\/www.facebook.com\/Sensei.Hokageek\/","article_modified_time":"2023-02-04T06:27:13+00:00","og_image":[{"width":800,"height":800,"url":"https:\/\/e9sxhjoopfu.exactdn.com\/wp-content\/uploads\/https:\/\/ae01.alicdn.com\/kf\/HTB1y3GLPhTpK1RjSZFMq6zG_VXau\/PUBG-sac-dos-de-capacit-de-Cosplay-s-battlefield-niveau-3-sac-dos-instructeur-grand-ext.jpg?strip=all&lossy=1&ssl=1","type":"image\/jpeg"}],"twitter_card":"summary_large_image","twitter_site":"@SenseiHokageek","twitter_misc":{"Est. reading time":"1 minute"},"schema":{"@context":"https:\/\/schema.org","@graph":[{"@type":"WebPage","@id":"https:\/\/hokageek.com\/boutique\/sac-a-dos-camouflage-style-pubg\/","url":"https:\/\/hokageek.com\/boutique\/sac-a-dos-camouflage-style-pubg\/","name":"Sac \u00e0 Dos Camouflage style PUBG - Hokageek","isPartOf":{"@id":"https:\/\/hokageek.com\/#website"},"primaryImageOfPage":{"@id":"https:\/\/hokageek.com\/boutique\/sac-a-dos-camouflage-style-pubg\/#primaryimage"},"image":{"@id":"https:\/\/hokageek.com\/boutique\/sac-a-dos-camouflage-style-pubg\/#primaryimage"},"thumbnailUrl":"https:\/\/e9sxhjoopfu.exactdn.com\/wp-content\/uploads\/https:\/\/ae01.alicdn.com\/kf\/HTB1y3GLPhTpK1RjSZFMq6zG_VXau\/PUBG-sac-dos-de-capacit-de-Cosplay-s-battlefield-niveau-3-sac-dos-instructeur-grand-ext.jpg?strip=all&lossy=1&ssl=1","datePublished":"2020-10-19T13:03:54+00:00","dateModified":"2023-02-04T06:27:13+00:00","description":"Sac \u00e0 dos tendance urbaine avec un port Usb et une prise jack. Ce sac \u00e0 dos camouflage de style urbain sera votre nouveau compagnon dans vos d\u00e9placements","breadcrumb":{"@id":"https:\/\/hokageek.com\/boutique\/sac-a-dos-camouflage-style-pubg\/#breadcrumb"},"inLanguage":"en-US","potentialAction":[{"@type":"ReadAction","target":["https:\/\/hokageek.com\/boutique\/sac-a-dos-camouflage-style-pubg\/"]}]},{"@type":"ImageObject","inLanguage":"en-US","@id":"https:\/\/hokageek.com\/boutique\/sac-a-dos-camouflage-style-pubg\/#primaryimage","url":"https:\/\/e9sxhjoopfu.exactdn.com\/wp-content\/uploads\/https:\/\/ae01.alicdn.com\/kf\/HTB1y3GLPhTpK1RjSZFMq6zG_VXau\/PUBG-sac-dos-de-capacit-de-Cosplay-s-battlefield-niveau-3-sac-dos-instructeur-grand-ext.jpg?strip=all&lossy=1&ssl=1","contentUrl":"https:\/\/e9sxhjoopfu.exactdn.com\/wp-content\/uploads\/https:\/\/ae01.alicdn.com\/kf\/HTB1y3GLPhTpK1RjSZFMq6zG_VXau\/PUBG-sac-dos-de-capacit-de-Cosplay-s-battlefield-niveau-3-sac-dos-instructeur-grand-ext.jpg?strip=all&lossy=1&ssl=1","width":800,"height":800,"caption":"Sac \u00e0 Dos Camouflage style PUBG-000"},{"@type":"BreadcrumbList","@id":"https:\/\/hokageek.com\/boutique\/sac-a-dos-camouflage-style-pubg\/#breadcrumb","itemListElement":[{"@type":"ListItem","position":1,"name":"Accueil","item":"https:\/\/hokageek.com\/"},{"@type":"ListItem","position":2,"name":"Boutique","item":"https:\/\/hokageek.com\/boutique\/"},{"@type":"ListItem","position":3,"name":"Sac \u00e0 Dos Camouflage style PUBG"}]},{"@type":"WebSite","@id":"https:\/\/hokageek.com\/#website","url":"https:\/\/hokageek.com\/","name":"Hokageek","description":"Geek Supply","publisher":{"@id":"https:\/\/hokageek.com\/#organization"},"potentialAction":[{"@type":"SearchAction","target":{"@type":"EntryPoint","urlTemplate":"https:\/\/hokageek.com\/?s={search_term_string}"},"query-input":{"@type":"PropertyValueSpecification","valueRequired":true,"valueName":"search_term_string"}}],"inLanguage":"en-US"},{"@type":"Organization","@id":"https:\/\/hokageek.com\/#organization","name":"Hokageek","url":"https:\/\/hokageek.com\/","logo":{"@type":"ImageObject","inLanguage":"en-US","@id":"https:\/\/hokageek.com\/#\/schema\/logo\/image\/","url":"https:\/\/hokageek.com\/wp-content\/uploads\/2019\/01\/HOKAGEEK-V2.jpg","contentUrl":"https:\/\/hokageek.com\/wp-content\/uploads\/2019\/01\/HOKAGEEK-V2.jpg","width":500,"height":500,"caption":"Hokageek"},"image":{"@id":"https:\/\/hokageek.com\/#\/schema\/logo\/image\/"},"sameAs":["https:\/\/www.facebook.com\/Sensei.Hokageek\/","https:\/\/x.com\/SenseiHokageek","https:\/\/www.instagram.com\/Sensei_Hokageek\/","https:\/\/www.pinterest.fr\/Hokageek\/","https:\/\/www.youtube.com\/channel\/UC4ZjqTXF0MThDBaUnjIRpWA\/"]}]}},"_links":{"self":[{"href":"https:\/\/hokageek.com\/en\/wp-json\/wp\/v2\/product\/14408","targetHints":{"allow":["GET"]}}],"collection":[{"href":"https:\/\/hokageek.com\/en\/wp-json\/wp\/v2\/product"}],"about":[{"href":"https:\/\/hokageek.com\/en\/wp-json\/wp\/v2\/types\/product"}],"replies":[{"embeddable":true,"href":"https:\/\/hokageek.com\/en\/wp-json\/wp\/v2\/comments?post=14408"}],"wp:featuredmedia":[{"embeddable":true,"href":"https:\/\/hokageek.com\/en\/wp-json\/wp\/v2\/media\/14413"}],"wp:attachment":[{"href":"https:\/\/hokageek.com\/en\/wp-json\/wp\/v2\/media?parent=14408"}],"wp:term":[{"taxonomy":"product_brand","embeddable":true,"href":"https:\/\/hokageek.com\/en\/wp-json\/wp\/v2\/product_brand?post=14408"},{"taxonomy":"product_cat","embeddable":true,"href":"https:\/\/hokageek.com\/en\/wp-json\/wp\/v2\/product_cat?post=14408"},{"taxonomy":"product_tag","embeddable":true,"href":"https:\/\/hokageek.com\/en\/wp-json\/wp\/v2\/product_tag?post=14408"}],"curies":[{"name":"wp","href":"https:\/\/api.w.org\/{rel}","templated":true}]}}