{"id":2429,"date":"2018-12-27T16:51:20","date_gmt":"2018-12-27T15:51:20","guid":{"rendered":"https:\/\/hokageek.com\/produit\/en-stock-jjr-c-jjrc-h47-elfie-plus-drone-avec-camera-720-p-hd-wifi-fpv-ameliore-g-capteur-controle-pliable-rc-selfie-quadcopter\/"},"modified":"2022-04-02T17:24:31","modified_gmt":"2022-04-02T15:24:31","slug":"drone-jjrc-elfie-plus-h47-pour-enfants-et-adultes-debutants","status":"publish","type":"product","link":"https:\/\/hokageek.com\/en\/boutique\/drone-jjrc-elfie-plus-h47-pour-enfants-et-adultes-debutants\/","title":{"rendered":"Drone JJRC Elfie Plus H47 pour enfants et adultes d\u00e9butants"},"content":{"rendered":"<p><span class=\"a-list-item\">Le drone Elfie Plus H47 de JJRC poss\u00e8de une cam\u00e9ra HD 720p grand angle \u00e0 120 \u00b0 avec angle r\u00e9glable.<br \/>\nUne transmission Wi-Fi, Le syst\u00e8me FPV transmets vos vid\u00e9os et images en temps r\u00e9el \u00e0 votre t\u00e9l\u00e9phone, pratique pour le partage et l&rsquo;enregistrement de vos moments de vol avec le drone.<\/span><\/p>\n<p><span class=\"a-list-item\">Con\u00e7u avec un mode de maintien d&rsquo;altitude, il vous suffit de rel\u00e2cher la t\u00e9l\u00e9commande, de verrouiller avec pr\u00e9cision la hauteur et l&#8217;emplacement, afin de stabiliser le drone en vol stationnaire.<\/span><\/p>\n<p><span class=\"a-list-item\">La fonction retour est une touche permet au drone de revenir automatiquement \u00e0 vous . Le mode sans t\u00eate permet au Elfie Plus H47 de suivre les contr\u00f4les \u00e0 votre guise tout le temps.<\/span><\/p>\n<p><span class=\"a-list-item\">Le drone est con\u00e7u avec 3 modes de vitesse commutables: Low \/ Middle \/ High Speed, qui peut vous aider \u00e0 ma\u00eetriser pas \u00e0 pas, ma\u00eetriser et devenir un expert progressivement. id\u00e9al pour les d\u00e9butants.<\/span><\/p>\n<p>Il est fourni avec <span class=\"a-list-item\">un \u00e9tui adapt\u00e9 pour une protection compl\u00e8te et un transport facile.<\/span><\/p>\n<p>Le pack du drone contient :<\/p>\n<p><span data-spm-anchor-id=\"a2g0w.10010108.1000023.i1.5ad15eadBSjvnZ\">1 Drone\u00a0 JJR\/C H47 Quadcopter<\/span><br \/>\n1 T\u00e9l\u00e9commande G-capteur<br \/>\n3 Batteries<br \/>\n1 Chargeur USB<br \/>\n4 H\u00e9lices de rechange<br \/>\n1 Etui de protection<\/p>\n<p>&nbsp;<\/p>\n<p>&nbsp;<\/p>","protected":false},"excerpt":{"rendered":"<p>Drone JJRC Elfie Plus H47 Quadcopter pour enfants et adultes d\u00e9butant<\/p>","protected":false},"featured_media":2456,"comment_status":"open","ping_status":"closed","template":"","meta":[],"product_brand":[],"product_cat":[284],"product_tag":[423,419,421,422],"class_list":{"0":"post-2429","1":"product","2":"type-product","3":"status-publish","4":"has-post-thumbnail","6":"product_cat-urbain","7":"product_tag-debutants","8":"product_tag-drone","9":"product_tag-elfie-plus","10":"product_tag-h47","12":"first","13":"instock","14":"sale","15":"taxable","16":"shipping-taxable","17":"purchasable","18":"product-type-simple"},"yoast_head":"<!-- This site is optimized with the Yoast SEO plugin v25.1 - https:\/\/yoast.com\/wordpress\/plugins\/seo\/ -->\n<title>Drone JJRC Elfie Plus H47 pour enfants et adultes d\u00e9butants - Hokageek<\/title>\n<meta name=\"description\" content=\"Drone JJRC Elfie Plus H47 Quadcopter pour enfants et adultes d\u00e9butant\" \/>\n<meta name=\"robots\" content=\"index, follow, max-snippet:-1, max-image-preview:large, max-video-preview:-1\" \/>\n<link rel=\"canonical\" href=\"https:\/\/hokageek.com\/en\/boutique\/drone-jjrc-elfie-plus-h47-pour-enfants-et-adultes-debutants\/\" \/>\n<meta property=\"og:locale\" content=\"en_US\" \/>\n<meta property=\"og:type\" content=\"article\" \/>\n<meta property=\"og:title\" content=\"Drone JJRC Elfie Plus H47 pour enfants et adultes d\u00e9butants - Hokageek\" \/>\n<meta property=\"og:description\" content=\"Drone JJRC Elfie Plus H47 Quadcopter pour enfants et adultes d\u00e9butant\" \/>\n<meta property=\"og:url\" content=\"https:\/\/hokageek.com\/en\/boutique\/drone-jjrc-elfie-plus-h47-pour-enfants-et-adultes-debutants\/\" \/>\n<meta property=\"og:site_name\" content=\"Hokageek\" \/>\n<meta property=\"article:publisher\" content=\"https:\/\/www.facebook.com\/Sensei.Hokageek\/\" \/>\n<meta property=\"article:modified_time\" content=\"2022-04-02T15:24:31+00:00\" \/>\n<meta property=\"og:image\" content=\"https:\/\/e9sxhjoopfu.exactdn.com\/wp-content\/uploads\/2018\/12\/2429-c93c8f.jpeg?strip=all&lossy=1&ssl=1\" \/>\n\t<meta property=\"og:image:width\" content=\"1000\" \/>\n\t<meta property=\"og:image:height\" content=\"1000\" \/>\n\t<meta property=\"og:image:type\" content=\"image\/jpeg\" \/>\n<meta name=\"twitter:card\" content=\"summary_large_image\" \/>\n<meta name=\"twitter:site\" content=\"@SenseiHokageek\" \/>\n<meta name=\"twitter:label1\" content=\"Est. reading time\" \/>\n\t<meta name=\"twitter:data1\" content=\"1 minute\" \/>\n<script type=\"application\/ld+json\" class=\"yoast-schema-graph\">{\"@context\":\"https:\/\/schema.org\",\"@graph\":[{\"@type\":\"WebPage\",\"@id\":\"https:\/\/hokageek.com\/boutique\/drone-jjrc-elfie-plus-h47-pour-enfants-et-adultes-debutants\/\",\"url\":\"https:\/\/hokageek.com\/boutique\/drone-jjrc-elfie-plus-h47-pour-enfants-et-adultes-debutants\/\",\"name\":\"Drone JJRC Elfie Plus H47 pour enfants et adultes d\u00e9butants - Hokageek\",\"isPartOf\":{\"@id\":\"https:\/\/hokageek.com\/#website\"},\"primaryImageOfPage\":{\"@id\":\"https:\/\/hokageek.com\/boutique\/drone-jjrc-elfie-plus-h47-pour-enfants-et-adultes-debutants\/#primaryimage\"},\"image\":{\"@id\":\"https:\/\/hokageek.com\/boutique\/drone-jjrc-elfie-plus-h47-pour-enfants-et-adultes-debutants\/#primaryimage\"},\"thumbnailUrl\":\"https:\/\/e9sxhjoopfu.exactdn.com\/wp-content\/uploads\/2018\/12\/2429-c93c8f.jpeg?strip=all&lossy=1&ssl=1\",\"datePublished\":\"2018-12-27T15:51:20+00:00\",\"dateModified\":\"2022-04-02T15:24:31+00:00\",\"description\":\"Drone JJRC Elfie Plus H47 Quadcopter pour enfants et adultes d\u00e9butant\",\"breadcrumb\":{\"@id\":\"https:\/\/hokageek.com\/boutique\/drone-jjrc-elfie-plus-h47-pour-enfants-et-adultes-debutants\/#breadcrumb\"},\"inLanguage\":\"en-US\",\"potentialAction\":[{\"@type\":\"ReadAction\",\"target\":[\"https:\/\/hokageek.com\/boutique\/drone-jjrc-elfie-plus-h47-pour-enfants-et-adultes-debutants\/\"]}]},{\"@type\":\"ImageObject\",\"inLanguage\":\"en-US\",\"@id\":\"https:\/\/hokageek.com\/boutique\/drone-jjrc-elfie-plus-h47-pour-enfants-et-adultes-debutants\/#primaryimage\",\"url\":\"https:\/\/e9sxhjoopfu.exactdn.com\/wp-content\/uploads\/2018\/12\/2429-c93c8f.jpeg?strip=all&lossy=1&ssl=1\",\"contentUrl\":\"https:\/\/e9sxhjoopfu.exactdn.com\/wp-content\/uploads\/2018\/12\/2429-c93c8f.jpeg?strip=all&lossy=1&ssl=1\",\"width\":1000,\"height\":1000,\"caption\":\"Drone JJRC Elfie Plus H47 pack 3 batteries\"},{\"@type\":\"BreadcrumbList\",\"@id\":\"https:\/\/hokageek.com\/boutique\/drone-jjrc-elfie-plus-h47-pour-enfants-et-adultes-debutants\/#breadcrumb\",\"itemListElement\":[{\"@type\":\"ListItem\",\"position\":1,\"name\":\"Accueil\",\"item\":\"https:\/\/hokageek.com\/\"},{\"@type\":\"ListItem\",\"position\":2,\"name\":\"Boutique\",\"item\":\"https:\/\/hokageek.com\/boutique\/\"},{\"@type\":\"ListItem\",\"position\":3,\"name\":\"Drone JJRC Elfie Plus H47 pour enfants et adultes d\u00e9butants\"}]},{\"@type\":\"WebSite\",\"@id\":\"https:\/\/hokageek.com\/#website\",\"url\":\"https:\/\/hokageek.com\/\",\"name\":\"Hokageek\",\"description\":\"Geek Supply\",\"publisher\":{\"@id\":\"https:\/\/hokageek.com\/#organization\"},\"potentialAction\":[{\"@type\":\"SearchAction\",\"target\":{\"@type\":\"EntryPoint\",\"urlTemplate\":\"https:\/\/hokageek.com\/?s={search_term_string}\"},\"query-input\":{\"@type\":\"PropertyValueSpecification\",\"valueRequired\":true,\"valueName\":\"search_term_string\"}}],\"inLanguage\":\"en-US\"},{\"@type\":\"Organization\",\"@id\":\"https:\/\/hokageek.com\/#organization\",\"name\":\"Hokageek\",\"url\":\"https:\/\/hokageek.com\/\",\"logo\":{\"@type\":\"ImageObject\",\"inLanguage\":\"en-US\",\"@id\":\"https:\/\/hokageek.com\/#\/schema\/logo\/image\/\",\"url\":\"https:\/\/hokageek.com\/wp-content\/uploads\/2019\/01\/HOKAGEEK-V2.jpg\",\"contentUrl\":\"https:\/\/hokageek.com\/wp-content\/uploads\/2019\/01\/HOKAGEEK-V2.jpg\",\"width\":500,\"height\":500,\"caption\":\"Hokageek\"},\"image\":{\"@id\":\"https:\/\/hokageek.com\/#\/schema\/logo\/image\/\"},\"sameAs\":[\"https:\/\/www.facebook.com\/Sensei.Hokageek\/\",\"https:\/\/x.com\/SenseiHokageek\",\"https:\/\/www.instagram.com\/Sensei_Hokageek\/\",\"https:\/\/www.pinterest.fr\/Hokageek\/\",\"https:\/\/www.youtube.com\/channel\/UC4ZjqTXF0MThDBaUnjIRpWA\/\"]}]}<\/script>\n<!-- \/ Yoast SEO plugin. -->","yoast_head_json":{"title":"Drone JJRC Elfie Plus H47 pour enfants et adultes d\u00e9butants - Hokageek","description":"Drone JJRC Elfie Plus H47 Quadcopter pour enfants et adultes d\u00e9butant","robots":{"index":"index","follow":"follow","max-snippet":"max-snippet:-1","max-image-preview":"max-image-preview:large","max-video-preview":"max-video-preview:-1"},"canonical":"https:\/\/hokageek.com\/en\/boutique\/drone-jjrc-elfie-plus-h47-pour-enfants-et-adultes-debutants\/","og_locale":"en_US","og_type":"article","og_title":"Drone JJRC Elfie Plus H47 pour enfants et adultes d\u00e9butants - Hokageek","og_description":"Drone JJRC Elfie Plus H47 Quadcopter pour enfants et adultes d\u00e9butant","og_url":"https:\/\/hokageek.com\/en\/boutique\/drone-jjrc-elfie-plus-h47-pour-enfants-et-adultes-debutants\/","og_site_name":"Hokageek","article_publisher":"https:\/\/www.facebook.com\/Sensei.Hokageek\/","article_modified_time":"2022-04-02T15:24:31+00:00","og_image":[{"width":1000,"height":1000,"url":"https:\/\/e9sxhjoopfu.exactdn.com\/wp-content\/uploads\/2018\/12\/2429-c93c8f.jpeg?strip=all&lossy=1&ssl=1","type":"image\/jpeg"}],"twitter_card":"summary_large_image","twitter_site":"@SenseiHokageek","twitter_misc":{"Est. reading time":"1 minute"},"schema":{"@context":"https:\/\/schema.org","@graph":[{"@type":"WebPage","@id":"https:\/\/hokageek.com\/boutique\/drone-jjrc-elfie-plus-h47-pour-enfants-et-adultes-debutants\/","url":"https:\/\/hokageek.com\/boutique\/drone-jjrc-elfie-plus-h47-pour-enfants-et-adultes-debutants\/","name":"Drone JJRC Elfie Plus H47 pour enfants et adultes d\u00e9butants - Hokageek","isPartOf":{"@id":"https:\/\/hokageek.com\/#website"},"primaryImageOfPage":{"@id":"https:\/\/hokageek.com\/boutique\/drone-jjrc-elfie-plus-h47-pour-enfants-et-adultes-debutants\/#primaryimage"},"image":{"@id":"https:\/\/hokageek.com\/boutique\/drone-jjrc-elfie-plus-h47-pour-enfants-et-adultes-debutants\/#primaryimage"},"thumbnailUrl":"https:\/\/e9sxhjoopfu.exactdn.com\/wp-content\/uploads\/2018\/12\/2429-c93c8f.jpeg?strip=all&lossy=1&ssl=1","datePublished":"2018-12-27T15:51:20+00:00","dateModified":"2022-04-02T15:24:31+00:00","description":"Drone JJRC Elfie Plus H47 Quadcopter pour enfants et adultes d\u00e9butant","breadcrumb":{"@id":"https:\/\/hokageek.com\/boutique\/drone-jjrc-elfie-plus-h47-pour-enfants-et-adultes-debutants\/#breadcrumb"},"inLanguage":"en-US","potentialAction":[{"@type":"ReadAction","target":["https:\/\/hokageek.com\/boutique\/drone-jjrc-elfie-plus-h47-pour-enfants-et-adultes-debutants\/"]}]},{"@type":"ImageObject","inLanguage":"en-US","@id":"https:\/\/hokageek.com\/boutique\/drone-jjrc-elfie-plus-h47-pour-enfants-et-adultes-debutants\/#primaryimage","url":"https:\/\/e9sxhjoopfu.exactdn.com\/wp-content\/uploads\/2018\/12\/2429-c93c8f.jpeg?strip=all&lossy=1&ssl=1","contentUrl":"https:\/\/e9sxhjoopfu.exactdn.com\/wp-content\/uploads\/2018\/12\/2429-c93c8f.jpeg?strip=all&lossy=1&ssl=1","width":1000,"height":1000,"caption":"Drone JJRC Elfie Plus H47 pack 3 batteries"},{"@type":"BreadcrumbList","@id":"https:\/\/hokageek.com\/boutique\/drone-jjrc-elfie-plus-h47-pour-enfants-et-adultes-debutants\/#breadcrumb","itemListElement":[{"@type":"ListItem","position":1,"name":"Accueil","item":"https:\/\/hokageek.com\/"},{"@type":"ListItem","position":2,"name":"Boutique","item":"https:\/\/hokageek.com\/boutique\/"},{"@type":"ListItem","position":3,"name":"Drone JJRC Elfie Plus H47 pour enfants et adultes d\u00e9butants"}]},{"@type":"WebSite","@id":"https:\/\/hokageek.com\/#website","url":"https:\/\/hokageek.com\/","name":"Hokageek","description":"Geek Supply","publisher":{"@id":"https:\/\/hokageek.com\/#organization"},"potentialAction":[{"@type":"SearchAction","target":{"@type":"EntryPoint","urlTemplate":"https:\/\/hokageek.com\/?s={search_term_string}"},"query-input":{"@type":"PropertyValueSpecification","valueRequired":true,"valueName":"search_term_string"}}],"inLanguage":"en-US"},{"@type":"Organization","@id":"https:\/\/hokageek.com\/#organization","name":"Hokageek","url":"https:\/\/hokageek.com\/","logo":{"@type":"ImageObject","inLanguage":"en-US","@id":"https:\/\/hokageek.com\/#\/schema\/logo\/image\/","url":"https:\/\/hokageek.com\/wp-content\/uploads\/2019\/01\/HOKAGEEK-V2.jpg","contentUrl":"https:\/\/hokageek.com\/wp-content\/uploads\/2019\/01\/HOKAGEEK-V2.jpg","width":500,"height":500,"caption":"Hokageek"},"image":{"@id":"https:\/\/hokageek.com\/#\/schema\/logo\/image\/"},"sameAs":["https:\/\/www.facebook.com\/Sensei.Hokageek\/","https:\/\/x.com\/SenseiHokageek","https:\/\/www.instagram.com\/Sensei_Hokageek\/","https:\/\/www.pinterest.fr\/Hokageek\/","https:\/\/www.youtube.com\/channel\/UC4ZjqTXF0MThDBaUnjIRpWA\/"]}]}},"_links":{"self":[{"href":"https:\/\/hokageek.com\/en\/wp-json\/wp\/v2\/product\/2429","targetHints":{"allow":["GET"]}}],"collection":[{"href":"https:\/\/hokageek.com\/en\/wp-json\/wp\/v2\/product"}],"about":[{"href":"https:\/\/hokageek.com\/en\/wp-json\/wp\/v2\/types\/product"}],"replies":[{"embeddable":true,"href":"https:\/\/hokageek.com\/en\/wp-json\/wp\/v2\/comments?post=2429"}],"wp:featuredmedia":[{"embeddable":true,"href":"https:\/\/hokageek.com\/en\/wp-json\/wp\/v2\/media\/2456"}],"wp:attachment":[{"href":"https:\/\/hokageek.com\/en\/wp-json\/wp\/v2\/media?parent=2429"}],"wp:term":[{"taxonomy":"product_brand","embeddable":true,"href":"https:\/\/hokageek.com\/en\/wp-json\/wp\/v2\/product_brand?post=2429"},{"taxonomy":"product_cat","embeddable":true,"href":"https:\/\/hokageek.com\/en\/wp-json\/wp\/v2\/product_cat?post=2429"},{"taxonomy":"product_tag","embeddable":true,"href":"https:\/\/hokageek.com\/en\/wp-json\/wp\/v2\/product_tag?post=2429"}],"curies":[{"name":"wp","href":"https:\/\/api.w.org\/{rel}","templated":true}]}}