{"id":2458,"date":"2018-12-27T20:44:01","date_gmt":"2018-12-27T19:44:01","guid":{"rendered":"https:\/\/hokageek.com\/produit\/haute-qualite-echiquier-en-bois-puzzle-de-bande-dessinee-caracteres-chinois-echiquier-jeu-pour-adolescent-adulte-comme-cadeau-danniversaire\/"},"modified":"2024-08-24T00:00:52","modified_gmt":"2024-08-23T22:00:52","slug":"coffret-de-jeu-dechecs-antique-de-style-asiatique","status":"publish","type":"product","link":"https:\/\/hokageek.com\/en\/boutique\/coffret-de-jeu-dechecs-antique-de-style-asiatique\/","title":{"rendered":"Coffret de Jeu d&rsquo;\u00e9checs antique de style asiatique"},"content":{"rendered":"<div>\n<p><span class=\"a-list-item\">Magnifique coffret de jeu d\u2019\u00e9checs en bois richement d\u00e9cor\u00e9 et peint. Ce jeu d&rsquo;\u00e9checs adopte un style de fabrication de style antique. <\/span><\/p>\n<p><span class=\"a-list-item\">R\u00e9alisation de style artisanale, Ce coffret se compose d&rsquo;un plateau avec 2 tiroirs de rangement pour les pi\u00e8ces du jeu. <\/span><\/p>\n<p><span class=\"a-list-item\">Mati\u00e8re du coffret de jeu d\u2019\u00e9checs : bois pour la table et bak\u00e9lite pour les sujets.<\/span><\/p>\n<p><span class=\"a-list-item\">Dimensions du jeu d\u2019\u00e9checs : 28 cm de longueur, 28 cm de largeur, 6 cm de hauteur <\/span><\/p>\n<p><span class=\"a-list-item\">Pi\u00e8ces de jeu de 3-4 cm de hauteur.<\/span><\/p>\n<p><span class=\"a-list-item\">Couleur du jeu d\u2019\u00e9checs antique : noir, rouge et dor\u00e9.<\/span><\/p>\n<p><span class=\"a-list-item\">Un cadeau parfait pour vos amis ou votre famille.<\/span><\/p>\n<p>Ce coffret de jeux d&rsquo;\u00e9checs donnera du cachet \u00e0 la d\u00e9coration de votre maison.<\/p>\n<\/div>","protected":false},"excerpt":{"rendered":"<p>Magnifique coffret de jeu d\u2019\u00e9checs en bois richement d\u00e9cor\u00e9 et peint. Ce jeu d&rsquo;\u00e9checs adopte un style de fabrication de style antique. R\u00e9alisation de style artisanale, Ce coffret se compose d&rsquo;un plateau avec 2 tiroirs de rangement pour les pi\u00e8ces du jeu. Mati\u00e8re du coffret de jeu d\u2019\u00e9checs : bois pour la table et bak\u00e9lite [&#8230;]","protected":false},"featured_media":2460,"comment_status":"open","ping_status":"closed","template":"","meta":[],"product_brand":[],"product_cat":[450],"product_tag":[],"class_list":{"0":"post-2458","1":"product","2":"type-product","3":"status-publish","4":"has-post-thumbnail","6":"product_cat-jeux-jouets-loisirs","8":"first","9":"outofstock","10":"taxable","11":"shipping-taxable","12":"purchasable","13":"product-type-simple"},"yoast_head":"<!-- This site is optimized with the Yoast SEO plugin v25.1 - https:\/\/yoast.com\/wordpress\/plugins\/seo\/ -->\n<title>Coffret de Jeu d&#039;\u00e9checs antique de style asiatique - Hokageek<\/title>\n<meta name=\"description\" content=\"Magnifique coffret de jeu d\u2019\u00e9checs en bois richement d\u00e9cor\u00e9 et peint. Ce jeu d&#039;\u00e9checs adopte un style de fabrication de style antique. R\u00e9alisation de\" \/>\n<meta name=\"robots\" content=\"index, follow, max-snippet:-1, max-image-preview:large, max-video-preview:-1\" \/>\n<link rel=\"canonical\" href=\"https:\/\/hokageek.com\/en\/boutique\/coffret-de-jeu-dechecs-antique-de-style-asiatique\/\" \/>\n<meta property=\"og:locale\" content=\"en_US\" \/>\n<meta property=\"og:type\" content=\"article\" \/>\n<meta property=\"og:title\" content=\"Coffret de Jeu d&#039;\u00e9checs antique de style asiatique - Hokageek\" \/>\n<meta property=\"og:description\" content=\"Magnifique coffret de jeu d\u2019\u00e9checs en bois richement d\u00e9cor\u00e9 et peint. Ce jeu d&#039;\u00e9checs adopte un style de fabrication de style antique. R\u00e9alisation de\" \/>\n<meta property=\"og:url\" content=\"https:\/\/hokageek.com\/en\/boutique\/coffret-de-jeu-dechecs-antique-de-style-asiatique\/\" \/>\n<meta property=\"og:site_name\" content=\"Hokageek\" \/>\n<meta property=\"article:publisher\" content=\"https:\/\/www.facebook.com\/Sensei.Hokageek\/\" \/>\n<meta property=\"article:modified_time\" content=\"2024-08-23T22:00:52+00:00\" \/>\n<meta property=\"og:image\" content=\"https:\/\/e9sxhjoopfu.exactdn.com\/wp-content\/uploads\/https:\/\/ae01.alicdn.com\/kf\/HTB1R7ztpSBYBeNjy0Feq6znmFXa9\/Haute-Qualit-chiquier-En-Bois-Puzzle-de-Bande-Dessin-e-Caract-res-Chinois-chiquier-Jeu-Pour.jpg?strip=all&lossy=1&ssl=1\" \/>\n\t<meta property=\"og:image:width\" content=\"800\" \/>\n\t<meta property=\"og:image:height\" content=\"800\" \/>\n\t<meta property=\"og:image:type\" content=\"image\/jpeg\" \/>\n<meta name=\"twitter:card\" content=\"summary_large_image\" \/>\n<meta name=\"twitter:site\" content=\"@SenseiHokageek\" \/>\n<meta name=\"twitter:label1\" content=\"Est. reading time\" \/>\n\t<meta name=\"twitter:data1\" content=\"1 minute\" \/>\n<script type=\"application\/ld+json\" class=\"yoast-schema-graph\">{\"@context\":\"https:\/\/schema.org\",\"@graph\":[{\"@type\":\"WebPage\",\"@id\":\"https:\/\/hokageek.com\/boutique\/coffret-de-jeu-dechecs-antique-de-style-asiatique\/\",\"url\":\"https:\/\/hokageek.com\/boutique\/coffret-de-jeu-dechecs-antique-de-style-asiatique\/\",\"name\":\"Coffret de Jeu d'\u00e9checs antique de style asiatique - Hokageek\",\"isPartOf\":{\"@id\":\"https:\/\/hokageek.com\/#website\"},\"primaryImageOfPage\":{\"@id\":\"https:\/\/hokageek.com\/boutique\/coffret-de-jeu-dechecs-antique-de-style-asiatique\/#primaryimage\"},\"image\":{\"@id\":\"https:\/\/hokageek.com\/boutique\/coffret-de-jeu-dechecs-antique-de-style-asiatique\/#primaryimage\"},\"thumbnailUrl\":\"https:\/\/e9sxhjoopfu.exactdn.com\/wp-content\/uploads\/https:\/\/ae01.alicdn.com\/kf\/HTB1R7ztpSBYBeNjy0Feq6znmFXa9\/Haute-Qualit-chiquier-En-Bois-Puzzle-de-Bande-Dessin-e-Caract-res-Chinois-chiquier-Jeu-Pour.jpg?strip=all&lossy=1&ssl=1\",\"datePublished\":\"2018-12-27T19:44:01+00:00\",\"dateModified\":\"2024-08-23T22:00:52+00:00\",\"description\":\"Magnifique coffret de jeu d\u2019\u00e9checs en bois richement d\u00e9cor\u00e9 et peint. Ce jeu d'\u00e9checs adopte un style de fabrication de style antique. R\u00e9alisation de\",\"breadcrumb\":{\"@id\":\"https:\/\/hokageek.com\/boutique\/coffret-de-jeu-dechecs-antique-de-style-asiatique\/#breadcrumb\"},\"inLanguage\":\"en-US\",\"potentialAction\":[{\"@type\":\"ReadAction\",\"target\":[\"https:\/\/hokageek.com\/boutique\/coffret-de-jeu-dechecs-antique-de-style-asiatique\/\"]}]},{\"@type\":\"ImageObject\",\"inLanguage\":\"en-US\",\"@id\":\"https:\/\/hokageek.com\/boutique\/coffret-de-jeu-dechecs-antique-de-style-asiatique\/#primaryimage\",\"url\":\"https:\/\/e9sxhjoopfu.exactdn.com\/wp-content\/uploads\/https:\/\/ae01.alicdn.com\/kf\/HTB1R7ztpSBYBeNjy0Feq6znmFXa9\/Haute-Qualit-chiquier-En-Bois-Puzzle-de-Bande-Dessin-e-Caract-res-Chinois-chiquier-Jeu-Pour.jpg?strip=all&lossy=1&ssl=1\",\"contentUrl\":\"https:\/\/e9sxhjoopfu.exactdn.com\/wp-content\/uploads\/https:\/\/ae01.alicdn.com\/kf\/HTB1R7ztpSBYBeNjy0Feq6znmFXa9\/Haute-Qualit-chiquier-En-Bois-Puzzle-de-Bande-Dessin-e-Caract-res-Chinois-chiquier-Jeu-Pour.jpg?strip=all&lossy=1&ssl=1\",\"width\":800,\"height\":800,\"caption\":\"Coffret de Jeu d'\u00e9checs antique de style asiatique\"},{\"@type\":\"BreadcrumbList\",\"@id\":\"https:\/\/hokageek.com\/boutique\/coffret-de-jeu-dechecs-antique-de-style-asiatique\/#breadcrumb\",\"itemListElement\":[{\"@type\":\"ListItem\",\"position\":1,\"name\":\"Accueil\",\"item\":\"https:\/\/hokageek.com\/\"},{\"@type\":\"ListItem\",\"position\":2,\"name\":\"Boutique\",\"item\":\"https:\/\/hokageek.com\/boutique\/\"},{\"@type\":\"ListItem\",\"position\":3,\"name\":\"Coffret de Jeu d&#8217;\u00e9checs antique de style asiatique\"}]},{\"@type\":\"WebSite\",\"@id\":\"https:\/\/hokageek.com\/#website\",\"url\":\"https:\/\/hokageek.com\/\",\"name\":\"Hokageek\",\"description\":\"Geek Supply\",\"publisher\":{\"@id\":\"https:\/\/hokageek.com\/#organization\"},\"potentialAction\":[{\"@type\":\"SearchAction\",\"target\":{\"@type\":\"EntryPoint\",\"urlTemplate\":\"https:\/\/hokageek.com\/?s={search_term_string}\"},\"query-input\":{\"@type\":\"PropertyValueSpecification\",\"valueRequired\":true,\"valueName\":\"search_term_string\"}}],\"inLanguage\":\"en-US\"},{\"@type\":\"Organization\",\"@id\":\"https:\/\/hokageek.com\/#organization\",\"name\":\"Hokageek\",\"url\":\"https:\/\/hokageek.com\/\",\"logo\":{\"@type\":\"ImageObject\",\"inLanguage\":\"en-US\",\"@id\":\"https:\/\/hokageek.com\/#\/schema\/logo\/image\/\",\"url\":\"https:\/\/hokageek.com\/wp-content\/uploads\/2019\/01\/HOKAGEEK-V2.jpg\",\"contentUrl\":\"https:\/\/hokageek.com\/wp-content\/uploads\/2019\/01\/HOKAGEEK-V2.jpg\",\"width\":500,\"height\":500,\"caption\":\"Hokageek\"},\"image\":{\"@id\":\"https:\/\/hokageek.com\/#\/schema\/logo\/image\/\"},\"sameAs\":[\"https:\/\/www.facebook.com\/Sensei.Hokageek\/\",\"https:\/\/x.com\/SenseiHokageek\",\"https:\/\/www.instagram.com\/Sensei_Hokageek\/\",\"https:\/\/www.pinterest.fr\/Hokageek\/\",\"https:\/\/www.youtube.com\/channel\/UC4ZjqTXF0MThDBaUnjIRpWA\/\"]}]}<\/script>\n<!-- \/ Yoast SEO plugin. -->","yoast_head_json":{"title":"Coffret de Jeu d'\u00e9checs antique de style asiatique - Hokageek","description":"Magnifique coffret de jeu d\u2019\u00e9checs en bois richement d\u00e9cor\u00e9 et peint. Ce jeu d'\u00e9checs adopte un style de fabrication de style antique. R\u00e9alisation de","robots":{"index":"index","follow":"follow","max-snippet":"max-snippet:-1","max-image-preview":"max-image-preview:large","max-video-preview":"max-video-preview:-1"},"canonical":"https:\/\/hokageek.com\/en\/boutique\/coffret-de-jeu-dechecs-antique-de-style-asiatique\/","og_locale":"en_US","og_type":"article","og_title":"Coffret de Jeu d'\u00e9checs antique de style asiatique - Hokageek","og_description":"Magnifique coffret de jeu d\u2019\u00e9checs en bois richement d\u00e9cor\u00e9 et peint. Ce jeu d'\u00e9checs adopte un style de fabrication de style antique. R\u00e9alisation de","og_url":"https:\/\/hokageek.com\/en\/boutique\/coffret-de-jeu-dechecs-antique-de-style-asiatique\/","og_site_name":"Hokageek","article_publisher":"https:\/\/www.facebook.com\/Sensei.Hokageek\/","article_modified_time":"2024-08-23T22:00:52+00:00","og_image":[{"width":800,"height":800,"url":"https:\/\/e9sxhjoopfu.exactdn.com\/wp-content\/uploads\/https:\/\/ae01.alicdn.com\/kf\/HTB1R7ztpSBYBeNjy0Feq6znmFXa9\/Haute-Qualit-chiquier-En-Bois-Puzzle-de-Bande-Dessin-e-Caract-res-Chinois-chiquier-Jeu-Pour.jpg?strip=all&lossy=1&ssl=1","type":"image\/jpeg"}],"twitter_card":"summary_large_image","twitter_site":"@SenseiHokageek","twitter_misc":{"Est. reading time":"1 minute"},"schema":{"@context":"https:\/\/schema.org","@graph":[{"@type":"WebPage","@id":"https:\/\/hokageek.com\/boutique\/coffret-de-jeu-dechecs-antique-de-style-asiatique\/","url":"https:\/\/hokageek.com\/boutique\/coffret-de-jeu-dechecs-antique-de-style-asiatique\/","name":"Coffret de Jeu d'\u00e9checs antique de style asiatique - Hokageek","isPartOf":{"@id":"https:\/\/hokageek.com\/#website"},"primaryImageOfPage":{"@id":"https:\/\/hokageek.com\/boutique\/coffret-de-jeu-dechecs-antique-de-style-asiatique\/#primaryimage"},"image":{"@id":"https:\/\/hokageek.com\/boutique\/coffret-de-jeu-dechecs-antique-de-style-asiatique\/#primaryimage"},"thumbnailUrl":"https:\/\/e9sxhjoopfu.exactdn.com\/wp-content\/uploads\/https:\/\/ae01.alicdn.com\/kf\/HTB1R7ztpSBYBeNjy0Feq6znmFXa9\/Haute-Qualit-chiquier-En-Bois-Puzzle-de-Bande-Dessin-e-Caract-res-Chinois-chiquier-Jeu-Pour.jpg?strip=all&lossy=1&ssl=1","datePublished":"2018-12-27T19:44:01+00:00","dateModified":"2024-08-23T22:00:52+00:00","description":"Magnifique coffret de jeu d\u2019\u00e9checs en bois richement d\u00e9cor\u00e9 et peint. Ce jeu d'\u00e9checs adopte un style de fabrication de style antique. R\u00e9alisation de","breadcrumb":{"@id":"https:\/\/hokageek.com\/boutique\/coffret-de-jeu-dechecs-antique-de-style-asiatique\/#breadcrumb"},"inLanguage":"en-US","potentialAction":[{"@type":"ReadAction","target":["https:\/\/hokageek.com\/boutique\/coffret-de-jeu-dechecs-antique-de-style-asiatique\/"]}]},{"@type":"ImageObject","inLanguage":"en-US","@id":"https:\/\/hokageek.com\/boutique\/coffret-de-jeu-dechecs-antique-de-style-asiatique\/#primaryimage","url":"https:\/\/e9sxhjoopfu.exactdn.com\/wp-content\/uploads\/https:\/\/ae01.alicdn.com\/kf\/HTB1R7ztpSBYBeNjy0Feq6znmFXa9\/Haute-Qualit-chiquier-En-Bois-Puzzle-de-Bande-Dessin-e-Caract-res-Chinois-chiquier-Jeu-Pour.jpg?strip=all&lossy=1&ssl=1","contentUrl":"https:\/\/e9sxhjoopfu.exactdn.com\/wp-content\/uploads\/https:\/\/ae01.alicdn.com\/kf\/HTB1R7ztpSBYBeNjy0Feq6znmFXa9\/Haute-Qualit-chiquier-En-Bois-Puzzle-de-Bande-Dessin-e-Caract-res-Chinois-chiquier-Jeu-Pour.jpg?strip=all&lossy=1&ssl=1","width":800,"height":800,"caption":"Coffret de Jeu d'\u00e9checs antique de style asiatique"},{"@type":"BreadcrumbList","@id":"https:\/\/hokageek.com\/boutique\/coffret-de-jeu-dechecs-antique-de-style-asiatique\/#breadcrumb","itemListElement":[{"@type":"ListItem","position":1,"name":"Accueil","item":"https:\/\/hokageek.com\/"},{"@type":"ListItem","position":2,"name":"Boutique","item":"https:\/\/hokageek.com\/boutique\/"},{"@type":"ListItem","position":3,"name":"Coffret de Jeu d&#8217;\u00e9checs antique de style asiatique"}]},{"@type":"WebSite","@id":"https:\/\/hokageek.com\/#website","url":"https:\/\/hokageek.com\/","name":"Hokageek","description":"Geek Supply","publisher":{"@id":"https:\/\/hokageek.com\/#organization"},"potentialAction":[{"@type":"SearchAction","target":{"@type":"EntryPoint","urlTemplate":"https:\/\/hokageek.com\/?s={search_term_string}"},"query-input":{"@type":"PropertyValueSpecification","valueRequired":true,"valueName":"search_term_string"}}],"inLanguage":"en-US"},{"@type":"Organization","@id":"https:\/\/hokageek.com\/#organization","name":"Hokageek","url":"https:\/\/hokageek.com\/","logo":{"@type":"ImageObject","inLanguage":"en-US","@id":"https:\/\/hokageek.com\/#\/schema\/logo\/image\/","url":"https:\/\/hokageek.com\/wp-content\/uploads\/2019\/01\/HOKAGEEK-V2.jpg","contentUrl":"https:\/\/hokageek.com\/wp-content\/uploads\/2019\/01\/HOKAGEEK-V2.jpg","width":500,"height":500,"caption":"Hokageek"},"image":{"@id":"https:\/\/hokageek.com\/#\/schema\/logo\/image\/"},"sameAs":["https:\/\/www.facebook.com\/Sensei.Hokageek\/","https:\/\/x.com\/SenseiHokageek","https:\/\/www.instagram.com\/Sensei_Hokageek\/","https:\/\/www.pinterest.fr\/Hokageek\/","https:\/\/www.youtube.com\/channel\/UC4ZjqTXF0MThDBaUnjIRpWA\/"]}]}},"_links":{"self":[{"href":"https:\/\/hokageek.com\/en\/wp-json\/wp\/v2\/product\/2458","targetHints":{"allow":["GET"]}}],"collection":[{"href":"https:\/\/hokageek.com\/en\/wp-json\/wp\/v2\/product"}],"about":[{"href":"https:\/\/hokageek.com\/en\/wp-json\/wp\/v2\/types\/product"}],"replies":[{"embeddable":true,"href":"https:\/\/hokageek.com\/en\/wp-json\/wp\/v2\/comments?post=2458"}],"wp:featuredmedia":[{"embeddable":true,"href":"https:\/\/hokageek.com\/en\/wp-json\/wp\/v2\/media\/2460"}],"wp:attachment":[{"href":"https:\/\/hokageek.com\/en\/wp-json\/wp\/v2\/media?parent=2458"}],"wp:term":[{"taxonomy":"product_brand","embeddable":true,"href":"https:\/\/hokageek.com\/en\/wp-json\/wp\/v2\/product_brand?post=2458"},{"taxonomy":"product_cat","embeddable":true,"href":"https:\/\/hokageek.com\/en\/wp-json\/wp\/v2\/product_cat?post=2458"},{"taxonomy":"product_tag","embeddable":true,"href":"https:\/\/hokageek.com\/en\/wp-json\/wp\/v2\/product_tag?post=2458"}],"curies":[{"name":"wp","href":"https:\/\/api.w.org\/{rel}","templated":true}]}}