{"id":3483,"date":"2019-03-17T19:03:40","date_gmt":"2019-03-17T18:03:40","guid":{"rendered":"https:\/\/hokageek.com\/?post_type=product&#038;p=3483"},"modified":"2025-03-03T21:18:27","modified_gmt":"2025-03-03T19:18:27","slug":"mug-hokageek-officiel","status":"publish","type":"product","link":"https:\/\/hokageek.com\/en\/boutique\/mug-hokageek-officiel\/","title":{"rendered":"Mug Hokageek Officiel"},"content":{"rendered":"<p>Mug Hokageek Officiel<\/p>\n<p>Faites votre pause en buvant votre boisson pr\u00e9f\u00e9r\u00e9e avec notre Mug officiel Hokageek.<\/p>\n<p>Le mug est en c\u00e9ramique.<\/p>\n<p>Sa capacit\u00e9 de contenance est de 315 ml.<\/p>\n<p>Une tasse sympa pour la maison ou pour le bureau.<\/p>","protected":false},"excerpt":{"rendered":"<p>Mug Hokageek Officiel Faites votre pause en buvant votre boisson pr\u00e9f\u00e9r\u00e9e avec notre Mug officiel Hokageek. Le mug est en c\u00e9ramique. Sa capacit\u00e9 de contenance est de 315 ml. Une tasse sympa pour la maison ou pour le bureau.<\/p>","protected":false},"featured_media":3498,"comment_status":"open","ping_status":"closed","template":"","meta":[],"product_brand":[],"product_cat":[452],"product_tag":[],"class_list":{"0":"post-3483","1":"product","2":"type-product","3":"status-publish","4":"has-post-thumbnail","6":"product_cat-notre-marque","8":"first","9":"instock","10":"featured","11":"taxable","12":"shipping-taxable","13":"purchasable","14":"product-type-simple"},"yoast_head":"<!-- This site is optimized with the Yoast SEO plugin v25.1 - https:\/\/yoast.com\/wordpress\/plugins\/seo\/ -->\n<title>Mug Hokageek Officiel - Hokageek<\/title>\n<meta name=\"description\" content=\"Mug Hokageek Officiel Faites votre pause en buvant votre boisson pr\u00e9f\u00e9r\u00e9e avec notre Mug officiel Hokageek. Le mug est en c\u00e9ramique. Sa capacit\u00e9 de\" \/>\n<meta name=\"robots\" content=\"index, follow, max-snippet:-1, max-image-preview:large, max-video-preview:-1\" \/>\n<link rel=\"canonical\" href=\"https:\/\/hokageek.com\/en\/boutique\/mug-hokageek-officiel\/\" \/>\n<meta property=\"og:locale\" content=\"en_US\" \/>\n<meta property=\"og:type\" content=\"article\" \/>\n<meta property=\"og:title\" content=\"Mug Hokageek Officiel - Hokageek\" \/>\n<meta property=\"og:description\" content=\"Mug Hokageek Officiel Faites votre pause en buvant votre boisson pr\u00e9f\u00e9r\u00e9e avec notre Mug officiel Hokageek. Le mug est en c\u00e9ramique. Sa capacit\u00e9 de\" \/>\n<meta property=\"og:url\" content=\"https:\/\/hokageek.com\/en\/boutique\/mug-hokageek-officiel\/\" \/>\n<meta property=\"og:site_name\" content=\"Hokageek\" \/>\n<meta property=\"article:publisher\" content=\"https:\/\/www.facebook.com\/Sensei.Hokageek\/\" \/>\n<meta property=\"article:modified_time\" content=\"2025-03-03T19:18:27+00:00\" \/>\n<meta property=\"og:image\" content=\"https:\/\/e9sxhjoopfu.exactdn.com\/wp-content\/uploads\/2019\/03\/Hokageek-Mug-Officiel-300-dpi_mockup_Front-view_11oz.jpg?strip=all&lossy=1&ssl=1\" \/>\n\t<meta property=\"og:image:width\" content=\"1000\" \/>\n\t<meta property=\"og:image:height\" content=\"1000\" \/>\n\t<meta property=\"og:image:type\" content=\"image\/jpeg\" \/>\n<meta name=\"twitter:card\" content=\"summary_large_image\" \/>\n<meta name=\"twitter:site\" content=\"@SenseiHokageek\" \/>\n<script type=\"application\/ld+json\" class=\"yoast-schema-graph\">{\"@context\":\"https:\/\/schema.org\",\"@graph\":[{\"@type\":\"WebPage\",\"@id\":\"https:\/\/hokageek.com\/boutique\/mug-hokageek-officiel\/\",\"url\":\"https:\/\/hokageek.com\/boutique\/mug-hokageek-officiel\/\",\"name\":\"Mug Hokageek Officiel - Hokageek\",\"isPartOf\":{\"@id\":\"https:\/\/hokageek.com\/#website\"},\"primaryImageOfPage\":{\"@id\":\"https:\/\/hokageek.com\/boutique\/mug-hokageek-officiel\/#primaryimage\"},\"image\":{\"@id\":\"https:\/\/hokageek.com\/boutique\/mug-hokageek-officiel\/#primaryimage\"},\"thumbnailUrl\":\"https:\/\/e9sxhjoopfu.exactdn.com\/wp-content\/uploads\/2019\/03\/Hokageek-Mug-Officiel-300-dpi_mockup_Front-view_11oz.jpg?strip=all&lossy=1&ssl=1\",\"datePublished\":\"2019-03-17T18:03:40+00:00\",\"dateModified\":\"2025-03-03T19:18:27+00:00\",\"description\":\"Mug Hokageek Officiel Faites votre pause en buvant votre boisson pr\u00e9f\u00e9r\u00e9e avec notre Mug officiel Hokageek. Le mug est en c\u00e9ramique. Sa capacit\u00e9 de\",\"breadcrumb\":{\"@id\":\"https:\/\/hokageek.com\/boutique\/mug-hokageek-officiel\/#breadcrumb\"},\"inLanguage\":\"en-US\",\"potentialAction\":[{\"@type\":\"ReadAction\",\"target\":[\"https:\/\/hokageek.com\/boutique\/mug-hokageek-officiel\/\"]}]},{\"@type\":\"ImageObject\",\"inLanguage\":\"en-US\",\"@id\":\"https:\/\/hokageek.com\/boutique\/mug-hokageek-officiel\/#primaryimage\",\"url\":\"https:\/\/e9sxhjoopfu.exactdn.com\/wp-content\/uploads\/2019\/03\/Hokageek-Mug-Officiel-300-dpi_mockup_Front-view_11oz.jpg?strip=all&lossy=1&ssl=1\",\"contentUrl\":\"https:\/\/e9sxhjoopfu.exactdn.com\/wp-content\/uploads\/2019\/03\/Hokageek-Mug-Officiel-300-dpi_mockup_Front-view_11oz.jpg?strip=all&lossy=1&ssl=1\",\"width\":1000,\"height\":1000,\"caption\":\"Hokageek-Mug-Officiel-01\"},{\"@type\":\"BreadcrumbList\",\"@id\":\"https:\/\/hokageek.com\/boutique\/mug-hokageek-officiel\/#breadcrumb\",\"itemListElement\":[{\"@type\":\"ListItem\",\"position\":1,\"name\":\"Accueil\",\"item\":\"https:\/\/hokageek.com\/\"},{\"@type\":\"ListItem\",\"position\":2,\"name\":\"Boutique\",\"item\":\"https:\/\/hokageek.com\/boutique\/\"},{\"@type\":\"ListItem\",\"position\":3,\"name\":\"Mug Hokageek Officiel\"}]},{\"@type\":\"WebSite\",\"@id\":\"https:\/\/hokageek.com\/#website\",\"url\":\"https:\/\/hokageek.com\/\",\"name\":\"Hokageek\",\"description\":\"Geek Supply\",\"publisher\":{\"@id\":\"https:\/\/hokageek.com\/#organization\"},\"potentialAction\":[{\"@type\":\"SearchAction\",\"target\":{\"@type\":\"EntryPoint\",\"urlTemplate\":\"https:\/\/hokageek.com\/?s={search_term_string}\"},\"query-input\":{\"@type\":\"PropertyValueSpecification\",\"valueRequired\":true,\"valueName\":\"search_term_string\"}}],\"inLanguage\":\"en-US\"},{\"@type\":\"Organization\",\"@id\":\"https:\/\/hokageek.com\/#organization\",\"name\":\"Hokageek\",\"url\":\"https:\/\/hokageek.com\/\",\"logo\":{\"@type\":\"ImageObject\",\"inLanguage\":\"en-US\",\"@id\":\"https:\/\/hokageek.com\/#\/schema\/logo\/image\/\",\"url\":\"https:\/\/hokageek.com\/wp-content\/uploads\/2019\/01\/HOKAGEEK-V2.jpg\",\"contentUrl\":\"https:\/\/hokageek.com\/wp-content\/uploads\/2019\/01\/HOKAGEEK-V2.jpg\",\"width\":500,\"height\":500,\"caption\":\"Hokageek\"},\"image\":{\"@id\":\"https:\/\/hokageek.com\/#\/schema\/logo\/image\/\"},\"sameAs\":[\"https:\/\/www.facebook.com\/Sensei.Hokageek\/\",\"https:\/\/x.com\/SenseiHokageek\",\"https:\/\/www.instagram.com\/Sensei_Hokageek\/\",\"https:\/\/www.pinterest.fr\/Hokageek\/\",\"https:\/\/www.youtube.com\/channel\/UC4ZjqTXF0MThDBaUnjIRpWA\/\"]}]}<\/script>\n<!-- \/ Yoast SEO plugin. -->","yoast_head_json":{"title":"Mug Hokageek Officiel - Hokageek","description":"Mug Hokageek Officiel Faites votre pause en buvant votre boisson pr\u00e9f\u00e9r\u00e9e avec notre Mug officiel Hokageek. Le mug est en c\u00e9ramique. Sa capacit\u00e9 de","robots":{"index":"index","follow":"follow","max-snippet":"max-snippet:-1","max-image-preview":"max-image-preview:large","max-video-preview":"max-video-preview:-1"},"canonical":"https:\/\/hokageek.com\/en\/boutique\/mug-hokageek-officiel\/","og_locale":"en_US","og_type":"article","og_title":"Mug Hokageek Officiel - Hokageek","og_description":"Mug Hokageek Officiel Faites votre pause en buvant votre boisson pr\u00e9f\u00e9r\u00e9e avec notre Mug officiel Hokageek. Le mug est en c\u00e9ramique. Sa capacit\u00e9 de","og_url":"https:\/\/hokageek.com\/en\/boutique\/mug-hokageek-officiel\/","og_site_name":"Hokageek","article_publisher":"https:\/\/www.facebook.com\/Sensei.Hokageek\/","article_modified_time":"2025-03-03T19:18:27+00:00","og_image":[{"width":1000,"height":1000,"url":"https:\/\/e9sxhjoopfu.exactdn.com\/wp-content\/uploads\/2019\/03\/Hokageek-Mug-Officiel-300-dpi_mockup_Front-view_11oz.jpg?strip=all&lossy=1&ssl=1","type":"image\/jpeg"}],"twitter_card":"summary_large_image","twitter_site":"@SenseiHokageek","schema":{"@context":"https:\/\/schema.org","@graph":[{"@type":"WebPage","@id":"https:\/\/hokageek.com\/boutique\/mug-hokageek-officiel\/","url":"https:\/\/hokageek.com\/boutique\/mug-hokageek-officiel\/","name":"Mug Hokageek Officiel - Hokageek","isPartOf":{"@id":"https:\/\/hokageek.com\/#website"},"primaryImageOfPage":{"@id":"https:\/\/hokageek.com\/boutique\/mug-hokageek-officiel\/#primaryimage"},"image":{"@id":"https:\/\/hokageek.com\/boutique\/mug-hokageek-officiel\/#primaryimage"},"thumbnailUrl":"https:\/\/e9sxhjoopfu.exactdn.com\/wp-content\/uploads\/2019\/03\/Hokageek-Mug-Officiel-300-dpi_mockup_Front-view_11oz.jpg?strip=all&lossy=1&ssl=1","datePublished":"2019-03-17T18:03:40+00:00","dateModified":"2025-03-03T19:18:27+00:00","description":"Mug Hokageek Officiel Faites votre pause en buvant votre boisson pr\u00e9f\u00e9r\u00e9e avec notre Mug officiel Hokageek. Le mug est en c\u00e9ramique. Sa capacit\u00e9 de","breadcrumb":{"@id":"https:\/\/hokageek.com\/boutique\/mug-hokageek-officiel\/#breadcrumb"},"inLanguage":"en-US","potentialAction":[{"@type":"ReadAction","target":["https:\/\/hokageek.com\/boutique\/mug-hokageek-officiel\/"]}]},{"@type":"ImageObject","inLanguage":"en-US","@id":"https:\/\/hokageek.com\/boutique\/mug-hokageek-officiel\/#primaryimage","url":"https:\/\/e9sxhjoopfu.exactdn.com\/wp-content\/uploads\/2019\/03\/Hokageek-Mug-Officiel-300-dpi_mockup_Front-view_11oz.jpg?strip=all&lossy=1&ssl=1","contentUrl":"https:\/\/e9sxhjoopfu.exactdn.com\/wp-content\/uploads\/2019\/03\/Hokageek-Mug-Officiel-300-dpi_mockup_Front-view_11oz.jpg?strip=all&lossy=1&ssl=1","width":1000,"height":1000,"caption":"Hokageek-Mug-Officiel-01"},{"@type":"BreadcrumbList","@id":"https:\/\/hokageek.com\/boutique\/mug-hokageek-officiel\/#breadcrumb","itemListElement":[{"@type":"ListItem","position":1,"name":"Accueil","item":"https:\/\/hokageek.com\/"},{"@type":"ListItem","position":2,"name":"Boutique","item":"https:\/\/hokageek.com\/boutique\/"},{"@type":"ListItem","position":3,"name":"Mug Hokageek Officiel"}]},{"@type":"WebSite","@id":"https:\/\/hokageek.com\/#website","url":"https:\/\/hokageek.com\/","name":"Hokageek","description":"Geek Supply","publisher":{"@id":"https:\/\/hokageek.com\/#organization"},"potentialAction":[{"@type":"SearchAction","target":{"@type":"EntryPoint","urlTemplate":"https:\/\/hokageek.com\/?s={search_term_string}"},"query-input":{"@type":"PropertyValueSpecification","valueRequired":true,"valueName":"search_term_string"}}],"inLanguage":"en-US"},{"@type":"Organization","@id":"https:\/\/hokageek.com\/#organization","name":"Hokageek","url":"https:\/\/hokageek.com\/","logo":{"@type":"ImageObject","inLanguage":"en-US","@id":"https:\/\/hokageek.com\/#\/schema\/logo\/image\/","url":"https:\/\/hokageek.com\/wp-content\/uploads\/2019\/01\/HOKAGEEK-V2.jpg","contentUrl":"https:\/\/hokageek.com\/wp-content\/uploads\/2019\/01\/HOKAGEEK-V2.jpg","width":500,"height":500,"caption":"Hokageek"},"image":{"@id":"https:\/\/hokageek.com\/#\/schema\/logo\/image\/"},"sameAs":["https:\/\/www.facebook.com\/Sensei.Hokageek\/","https:\/\/x.com\/SenseiHokageek","https:\/\/www.instagram.com\/Sensei_Hokageek\/","https:\/\/www.pinterest.fr\/Hokageek\/","https:\/\/www.youtube.com\/channel\/UC4ZjqTXF0MThDBaUnjIRpWA\/"]}]}},"_links":{"self":[{"href":"https:\/\/hokageek.com\/en\/wp-json\/wp\/v2\/product\/3483","targetHints":{"allow":["GET"]}}],"collection":[{"href":"https:\/\/hokageek.com\/en\/wp-json\/wp\/v2\/product"}],"about":[{"href":"https:\/\/hokageek.com\/en\/wp-json\/wp\/v2\/types\/product"}],"replies":[{"embeddable":true,"href":"https:\/\/hokageek.com\/en\/wp-json\/wp\/v2\/comments?post=3483"}],"wp:featuredmedia":[{"embeddable":true,"href":"https:\/\/hokageek.com\/en\/wp-json\/wp\/v2\/media\/3498"}],"wp:attachment":[{"href":"https:\/\/hokageek.com\/en\/wp-json\/wp\/v2\/media?parent=3483"}],"wp:term":[{"taxonomy":"product_brand","embeddable":true,"href":"https:\/\/hokageek.com\/en\/wp-json\/wp\/v2\/product_brand?post=3483"},{"taxonomy":"product_cat","embeddable":true,"href":"https:\/\/hokageek.com\/en\/wp-json\/wp\/v2\/product_cat?post=3483"},{"taxonomy":"product_tag","embeddable":true,"href":"https:\/\/hokageek.com\/en\/wp-json\/wp\/v2\/product_tag?post=3483"}],"curies":[{"name":"wp","href":"https:\/\/api.w.org\/{rel}","templated":true}]}}