{"id":3523,"date":"2019-03-20T13:17:31","date_gmt":"2019-03-20T12:17:31","guid":{"rendered":"https:\/\/hokageek.com\/produit\/lente-hausse-grand-usb-touche-entree-anti-stress-bouton-usb-oreiller-supersized-incassable-bureau-ordinateur-a-la-maison-ordinateur-portable-nouveaute-event-jouets\/"},"modified":"2022-12-17T20:02:26","modified_gmt":"2022-12-17T18:02:26","slug":"bouton-entree-antistress-geant-usb","status":"publish","type":"product","link":"https:\/\/hokageek.com\/en\/boutique\/bouton-entree-antistress-geant-usb\/","title":{"rendered":"Bouton \u00ab\u00a0Entr\u00e9e\u00a0\u00bb Antistress G\u00e9ant Usb"},"content":{"rendered":"<p>Ce bouton \u00ab\u00a0Entr\u00e9e\u00a0\u00bb G\u00e9ant \u00e0 plusieurs atouts :<\/p>\n<ul>\n<li>Tout d&rsquo;abord il est facile d&rsquo;utilisation, il se connecte sur le port USB de votre ordinateur<\/li>\n<li>il assure la fonction de la touche \u00ab\u00a0entr\u00e9e\u00a0\u00bb de votre clavier d&rsquo;ordinateur et est ultra r\u00e9sistant.<\/li>\n<li>C&rsquo;est un antistress pour se d\u00e9fouler sur la touche dont l&rsquo;int\u00e9rieur est en \u00e9ponge.<\/li>\n<li>Aussi utilisable comme coussin pour se relaxer ou repose main.<\/li>\n<li>Dimensions: 20cm \u00d7 14cm\u00d7 10cm<\/li>\n<\/ul>\n<p>Un cadeau id\u00e9al pour les \u00e9nerv\u00e9s du clavier qui ont besoin de passer leurs nerfs sur quelque chose.<\/p>\n<p>&nbsp;<\/p>\n<p>&nbsp;<\/p>\n<p>&nbsp;<\/p>","protected":false},"excerpt":{"rendered":"<p>Ce bouton \u00ab\u00a0Entr\u00e9e\u00a0\u00bb G\u00e9ant \u00e0 plusieurs atouts : Tout d&rsquo;abord il est facile d&rsquo;utilisation, il se connecte sur le port USB de votre ordinateur il assure la fonction de la touche \u00ab\u00a0entr\u00e9e\u00a0\u00bb de votre clavier d&rsquo;ordinateur et est ultra r\u00e9sistant. C&rsquo;est un antistress pour se d\u00e9fouler sur la touche dont l&rsquo;int\u00e9rieur est en \u00e9ponge. Aussi [&#8230;]","protected":false},"featured_media":3525,"comment_status":"open","ping_status":"closed","template":"","meta":[],"product_brand":[],"product_cat":[286],"product_tag":[],"class_list":{"0":"post-3523","1":"product","2":"type-product","3":"status-publish","4":"has-post-thumbnail","6":"product_cat-insolite","8":"first","9":"onbackorder","10":"taxable","11":"shipping-taxable","12":"purchasable","13":"product-type-simple"},"yoast_head":"<!-- This site is optimized with the Yoast SEO plugin v25.1 - https:\/\/yoast.com\/wordpress\/plugins\/seo\/ -->\n<title>Bouton &quot;Entr\u00e9e&quot; Antistress G\u00e9ant Usb - Hokageek<\/title>\n<meta name=\"description\" content=\"Ce bouton &quot;Entr\u00e9e&quot; G\u00e9ant \u00e0 plusieurs atouts : Tout d&#039;abord il est facile d&#039;utilisation, il se connecte sur le port USB de votre ordinateur il assure la\" \/>\n<meta name=\"robots\" content=\"index, follow, max-snippet:-1, max-image-preview:large, max-video-preview:-1\" \/>\n<link rel=\"canonical\" href=\"https:\/\/hokageek.com\/en\/boutique\/bouton-entree-antistress-geant-usb\/\" \/>\n<meta property=\"og:locale\" content=\"en_US\" \/>\n<meta property=\"og:type\" content=\"article\" \/>\n<meta property=\"og:title\" content=\"Bouton &quot;Entr\u00e9e&quot; Antistress G\u00e9ant Usb - Hokageek\" \/>\n<meta property=\"og:description\" content=\"Ce bouton &quot;Entr\u00e9e&quot; G\u00e9ant \u00e0 plusieurs atouts : Tout d&#039;abord il est facile d&#039;utilisation, il se connecte sur le port USB de votre ordinateur il assure la\" \/>\n<meta property=\"og:url\" content=\"https:\/\/hokageek.com\/en\/boutique\/bouton-entree-antistress-geant-usb\/\" \/>\n<meta property=\"og:site_name\" content=\"Hokageek\" \/>\n<meta property=\"article:publisher\" content=\"https:\/\/www.facebook.com\/Sensei.Hokageek\/\" \/>\n<meta property=\"article:modified_time\" content=\"2022-12-17T18:02:26+00:00\" \/>\n<meta property=\"og:image\" content=\"https:\/\/e9sxhjoopfu.exactdn.com\/wp-content\/uploads\/https:\/\/ae01.alicdn.com\/kf\/HTB1DfNJXaLN8KJjSZFmq6AQ6XXaO\/Lente-Hausse-Grand-USB-Touche-Entr-e-Anti-Stress-Bouton-USB-Oreiller-Supersized-Incassable-Bureau-Ordinateur.jpg?strip=all&lossy=1&ssl=1\" \/>\n\t<meta property=\"og:image:width\" content=\"800\" \/>\n\t<meta property=\"og:image:height\" content=\"800\" \/>\n\t<meta property=\"og:image:type\" content=\"image\/jpeg\" \/>\n<meta name=\"twitter:card\" content=\"summary_large_image\" \/>\n<meta name=\"twitter:site\" content=\"@SenseiHokageek\" \/>\n<script type=\"application\/ld+json\" class=\"yoast-schema-graph\">{\"@context\":\"https:\/\/schema.org\",\"@graph\":[{\"@type\":\"WebPage\",\"@id\":\"https:\/\/hokageek.com\/boutique\/bouton-entree-antistress-geant-usb\/\",\"url\":\"https:\/\/hokageek.com\/boutique\/bouton-entree-antistress-geant-usb\/\",\"name\":\"Bouton \\\"Entr\u00e9e\\\" Antistress G\u00e9ant Usb - Hokageek\",\"isPartOf\":{\"@id\":\"https:\/\/hokageek.com\/#website\"},\"primaryImageOfPage\":{\"@id\":\"https:\/\/hokageek.com\/boutique\/bouton-entree-antistress-geant-usb\/#primaryimage\"},\"image\":{\"@id\":\"https:\/\/hokageek.com\/boutique\/bouton-entree-antistress-geant-usb\/#primaryimage\"},\"thumbnailUrl\":\"https:\/\/e9sxhjoopfu.exactdn.com\/wp-content\/uploads\/https:\/\/ae01.alicdn.com\/kf\/HTB1DfNJXaLN8KJjSZFmq6AQ6XXaO\/Lente-Hausse-Grand-USB-Touche-Entr-e-Anti-Stress-Bouton-USB-Oreiller-Supersized-Incassable-Bureau-Ordinateur.jpg?strip=all&lossy=1&ssl=1\",\"datePublished\":\"2019-03-20T12:17:31+00:00\",\"dateModified\":\"2022-12-17T18:02:26+00:00\",\"description\":\"Ce bouton \\\"Entr\u00e9e\\\" G\u00e9ant \u00e0 plusieurs atouts : Tout d'abord il est facile d'utilisation, il se connecte sur le port USB de votre ordinateur il assure la\",\"breadcrumb\":{\"@id\":\"https:\/\/hokageek.com\/boutique\/bouton-entree-antistress-geant-usb\/#breadcrumb\"},\"inLanguage\":\"en-US\",\"potentialAction\":[{\"@type\":\"ReadAction\",\"target\":[\"https:\/\/hokageek.com\/boutique\/bouton-entree-antistress-geant-usb\/\"]}]},{\"@type\":\"ImageObject\",\"inLanguage\":\"en-US\",\"@id\":\"https:\/\/hokageek.com\/boutique\/bouton-entree-antistress-geant-usb\/#primaryimage\",\"url\":\"https:\/\/e9sxhjoopfu.exactdn.com\/wp-content\/uploads\/https:\/\/ae01.alicdn.com\/kf\/HTB1DfNJXaLN8KJjSZFmq6AQ6XXaO\/Lente-Hausse-Grand-USB-Touche-Entr-e-Anti-Stress-Bouton-USB-Oreiller-Supersized-Incassable-Bureau-Ordinateur.jpg?strip=all&lossy=1&ssl=1\",\"contentUrl\":\"https:\/\/e9sxhjoopfu.exactdn.com\/wp-content\/uploads\/https:\/\/ae01.alicdn.com\/kf\/HTB1DfNJXaLN8KJjSZFmq6AQ6XXaO\/Lente-Hausse-Grand-USB-Touche-Entr-e-Anti-Stress-Bouton-USB-Oreiller-Supersized-Incassable-Bureau-Ordinateur.jpg?strip=all&lossy=1&ssl=1\",\"width\":800,\"height\":800,\"caption\":\"Bouton \u00ab Entr\u00e9e \u00bb Antistress G\u00e9ant Usb-00\"},{\"@type\":\"BreadcrumbList\",\"@id\":\"https:\/\/hokageek.com\/boutique\/bouton-entree-antistress-geant-usb\/#breadcrumb\",\"itemListElement\":[{\"@type\":\"ListItem\",\"position\":1,\"name\":\"Accueil\",\"item\":\"https:\/\/hokageek.com\/\"},{\"@type\":\"ListItem\",\"position\":2,\"name\":\"Boutique\",\"item\":\"https:\/\/hokageek.com\/boutique\/\"},{\"@type\":\"ListItem\",\"position\":3,\"name\":\"Bouton &#8220;Entr\u00e9e&#8221; Antistress G\u00e9ant Usb\"}]},{\"@type\":\"WebSite\",\"@id\":\"https:\/\/hokageek.com\/#website\",\"url\":\"https:\/\/hokageek.com\/\",\"name\":\"Hokageek\",\"description\":\"Geek Supply\",\"publisher\":{\"@id\":\"https:\/\/hokageek.com\/#organization\"},\"potentialAction\":[{\"@type\":\"SearchAction\",\"target\":{\"@type\":\"EntryPoint\",\"urlTemplate\":\"https:\/\/hokageek.com\/?s={search_term_string}\"},\"query-input\":{\"@type\":\"PropertyValueSpecification\",\"valueRequired\":true,\"valueName\":\"search_term_string\"}}],\"inLanguage\":\"en-US\"},{\"@type\":\"Organization\",\"@id\":\"https:\/\/hokageek.com\/#organization\",\"name\":\"Hokageek\",\"url\":\"https:\/\/hokageek.com\/\",\"logo\":{\"@type\":\"ImageObject\",\"inLanguage\":\"en-US\",\"@id\":\"https:\/\/hokageek.com\/#\/schema\/logo\/image\/\",\"url\":\"https:\/\/hokageek.com\/wp-content\/uploads\/2019\/01\/HOKAGEEK-V2.jpg\",\"contentUrl\":\"https:\/\/hokageek.com\/wp-content\/uploads\/2019\/01\/HOKAGEEK-V2.jpg\",\"width\":500,\"height\":500,\"caption\":\"Hokageek\"},\"image\":{\"@id\":\"https:\/\/hokageek.com\/#\/schema\/logo\/image\/\"},\"sameAs\":[\"https:\/\/www.facebook.com\/Sensei.Hokageek\/\",\"https:\/\/x.com\/SenseiHokageek\",\"https:\/\/www.instagram.com\/Sensei_Hokageek\/\",\"https:\/\/www.pinterest.fr\/Hokageek\/\",\"https:\/\/www.youtube.com\/channel\/UC4ZjqTXF0MThDBaUnjIRpWA\/\"]}]}<\/script>\n<!-- \/ Yoast SEO plugin. -->","yoast_head_json":{"title":"Bouton \"Entr\u00e9e\" Antistress G\u00e9ant Usb - Hokageek","description":"Ce bouton \"Entr\u00e9e\" G\u00e9ant \u00e0 plusieurs atouts : Tout d'abord il est facile d'utilisation, il se connecte sur le port USB de votre ordinateur il assure la","robots":{"index":"index","follow":"follow","max-snippet":"max-snippet:-1","max-image-preview":"max-image-preview:large","max-video-preview":"max-video-preview:-1"},"canonical":"https:\/\/hokageek.com\/en\/boutique\/bouton-entree-antistress-geant-usb\/","og_locale":"en_US","og_type":"article","og_title":"Bouton \"Entr\u00e9e\" Antistress G\u00e9ant Usb - Hokageek","og_description":"Ce bouton \"Entr\u00e9e\" G\u00e9ant \u00e0 plusieurs atouts : Tout d'abord il est facile d'utilisation, il se connecte sur le port USB de votre ordinateur il assure la","og_url":"https:\/\/hokageek.com\/en\/boutique\/bouton-entree-antistress-geant-usb\/","og_site_name":"Hokageek","article_publisher":"https:\/\/www.facebook.com\/Sensei.Hokageek\/","article_modified_time":"2022-12-17T18:02:26+00:00","og_image":[{"width":800,"height":800,"url":"https:\/\/e9sxhjoopfu.exactdn.com\/wp-content\/uploads\/https:\/\/ae01.alicdn.com\/kf\/HTB1DfNJXaLN8KJjSZFmq6AQ6XXaO\/Lente-Hausse-Grand-USB-Touche-Entr-e-Anti-Stress-Bouton-USB-Oreiller-Supersized-Incassable-Bureau-Ordinateur.jpg?strip=all&lossy=1&ssl=1","type":"image\/jpeg"}],"twitter_card":"summary_large_image","twitter_site":"@SenseiHokageek","schema":{"@context":"https:\/\/schema.org","@graph":[{"@type":"WebPage","@id":"https:\/\/hokageek.com\/boutique\/bouton-entree-antistress-geant-usb\/","url":"https:\/\/hokageek.com\/boutique\/bouton-entree-antistress-geant-usb\/","name":"Bouton \"Entr\u00e9e\" Antistress G\u00e9ant Usb - Hokageek","isPartOf":{"@id":"https:\/\/hokageek.com\/#website"},"primaryImageOfPage":{"@id":"https:\/\/hokageek.com\/boutique\/bouton-entree-antistress-geant-usb\/#primaryimage"},"image":{"@id":"https:\/\/hokageek.com\/boutique\/bouton-entree-antistress-geant-usb\/#primaryimage"},"thumbnailUrl":"https:\/\/e9sxhjoopfu.exactdn.com\/wp-content\/uploads\/https:\/\/ae01.alicdn.com\/kf\/HTB1DfNJXaLN8KJjSZFmq6AQ6XXaO\/Lente-Hausse-Grand-USB-Touche-Entr-e-Anti-Stress-Bouton-USB-Oreiller-Supersized-Incassable-Bureau-Ordinateur.jpg?strip=all&lossy=1&ssl=1","datePublished":"2019-03-20T12:17:31+00:00","dateModified":"2022-12-17T18:02:26+00:00","description":"Ce bouton \"Entr\u00e9e\" G\u00e9ant \u00e0 plusieurs atouts : Tout d'abord il est facile d'utilisation, il se connecte sur le port USB de votre ordinateur il assure la","breadcrumb":{"@id":"https:\/\/hokageek.com\/boutique\/bouton-entree-antistress-geant-usb\/#breadcrumb"},"inLanguage":"en-US","potentialAction":[{"@type":"ReadAction","target":["https:\/\/hokageek.com\/boutique\/bouton-entree-antistress-geant-usb\/"]}]},{"@type":"ImageObject","inLanguage":"en-US","@id":"https:\/\/hokageek.com\/boutique\/bouton-entree-antistress-geant-usb\/#primaryimage","url":"https:\/\/e9sxhjoopfu.exactdn.com\/wp-content\/uploads\/https:\/\/ae01.alicdn.com\/kf\/HTB1DfNJXaLN8KJjSZFmq6AQ6XXaO\/Lente-Hausse-Grand-USB-Touche-Entr-e-Anti-Stress-Bouton-USB-Oreiller-Supersized-Incassable-Bureau-Ordinateur.jpg?strip=all&lossy=1&ssl=1","contentUrl":"https:\/\/e9sxhjoopfu.exactdn.com\/wp-content\/uploads\/https:\/\/ae01.alicdn.com\/kf\/HTB1DfNJXaLN8KJjSZFmq6AQ6XXaO\/Lente-Hausse-Grand-USB-Touche-Entr-e-Anti-Stress-Bouton-USB-Oreiller-Supersized-Incassable-Bureau-Ordinateur.jpg?strip=all&lossy=1&ssl=1","width":800,"height":800,"caption":"Bouton \u00ab Entr\u00e9e \u00bb Antistress G\u00e9ant Usb-00"},{"@type":"BreadcrumbList","@id":"https:\/\/hokageek.com\/boutique\/bouton-entree-antistress-geant-usb\/#breadcrumb","itemListElement":[{"@type":"ListItem","position":1,"name":"Accueil","item":"https:\/\/hokageek.com\/"},{"@type":"ListItem","position":2,"name":"Boutique","item":"https:\/\/hokageek.com\/boutique\/"},{"@type":"ListItem","position":3,"name":"Bouton &#8220;Entr\u00e9e&#8221; Antistress G\u00e9ant Usb"}]},{"@type":"WebSite","@id":"https:\/\/hokageek.com\/#website","url":"https:\/\/hokageek.com\/","name":"Hokageek","description":"Geek Supply","publisher":{"@id":"https:\/\/hokageek.com\/#organization"},"potentialAction":[{"@type":"SearchAction","target":{"@type":"EntryPoint","urlTemplate":"https:\/\/hokageek.com\/?s={search_term_string}"},"query-input":{"@type":"PropertyValueSpecification","valueRequired":true,"valueName":"search_term_string"}}],"inLanguage":"en-US"},{"@type":"Organization","@id":"https:\/\/hokageek.com\/#organization","name":"Hokageek","url":"https:\/\/hokageek.com\/","logo":{"@type":"ImageObject","inLanguage":"en-US","@id":"https:\/\/hokageek.com\/#\/schema\/logo\/image\/","url":"https:\/\/hokageek.com\/wp-content\/uploads\/2019\/01\/HOKAGEEK-V2.jpg","contentUrl":"https:\/\/hokageek.com\/wp-content\/uploads\/2019\/01\/HOKAGEEK-V2.jpg","width":500,"height":500,"caption":"Hokageek"},"image":{"@id":"https:\/\/hokageek.com\/#\/schema\/logo\/image\/"},"sameAs":["https:\/\/www.facebook.com\/Sensei.Hokageek\/","https:\/\/x.com\/SenseiHokageek","https:\/\/www.instagram.com\/Sensei_Hokageek\/","https:\/\/www.pinterest.fr\/Hokageek\/","https:\/\/www.youtube.com\/channel\/UC4ZjqTXF0MThDBaUnjIRpWA\/"]}]}},"_links":{"self":[{"href":"https:\/\/hokageek.com\/en\/wp-json\/wp\/v2\/product\/3523","targetHints":{"allow":["GET"]}}],"collection":[{"href":"https:\/\/hokageek.com\/en\/wp-json\/wp\/v2\/product"}],"about":[{"href":"https:\/\/hokageek.com\/en\/wp-json\/wp\/v2\/types\/product"}],"replies":[{"embeddable":true,"href":"https:\/\/hokageek.com\/en\/wp-json\/wp\/v2\/comments?post=3523"}],"wp:featuredmedia":[{"embeddable":true,"href":"https:\/\/hokageek.com\/en\/wp-json\/wp\/v2\/media\/3525"}],"wp:attachment":[{"href":"https:\/\/hokageek.com\/en\/wp-json\/wp\/v2\/media?parent=3523"}],"wp:term":[{"taxonomy":"product_brand","embeddable":true,"href":"https:\/\/hokageek.com\/en\/wp-json\/wp\/v2\/product_brand?post=3523"},{"taxonomy":"product_cat","embeddable":true,"href":"https:\/\/hokageek.com\/en\/wp-json\/wp\/v2\/product_cat?post=3523"},{"taxonomy":"product_tag","embeddable":true,"href":"https:\/\/hokageek.com\/en\/wp-json\/wp\/v2\/product_tag?post=3523"}],"curies":[{"name":"wp","href":"https:\/\/api.w.org\/{rel}","templated":true}]}}