{"id":3584,"date":"2019-03-22T07:17:33","date_gmt":"2019-03-22T06:17:33","guid":{"rendered":"https:\/\/hokageek.com\/produit\/dlyldqh-marque-hommes-long-manche-samurai-parapluie-elegant-noir-japonais-samurai-ninja-epee-katana-parapluie-grand-coupe-vent\/"},"modified":"2022-12-20T21:38:50","modified_gmt":"2022-12-20T19:38:50","slug":"parapluie-samurai","status":"publish","type":"product","link":"https:\/\/hokageek.com\/en\/boutique\/parapluie-samurai\/","title":{"rendered":"Parapluie Samurai"},"content":{"rendered":"<p id=\"title\" class=\"a-size-large a-spacing-none\"><span id=\"productTitle\" class=\"a-size-large\" style=\"font-size: 110%;\">Parapluie avec une poign\u00e9e en forme de sabre de samoura\u00ef avec un \u00e9tui bandouli\u00e8re<\/span><\/p>\n<p>Ce parapluie original attirera l&rsquo;attention des gens autour de vous.<\/p>\n<p>Pour les fans de culture japonaise.<\/p>\n<p>Couleur Noir.<\/p>","protected":false},"excerpt":{"rendered":"<p>Parapluie avec une poign\u00e9e en forme de sabre de samoura\u00ef avec un \u00e9tui bandouli\u00e8re Ce parapluie original attirera l&rsquo;attention des gens autour de vous. Pour les fans de culture japonaise. Couleur Noir.<\/p>","protected":false},"featured_media":3589,"comment_status":"open","ping_status":"closed","template":"","meta":[],"product_brand":[],"product_cat":[286,284],"product_tag":[],"class_list":{"0":"post-3584","1":"product","2":"type-product","3":"status-publish","4":"has-post-thumbnail","6":"product_cat-insolite","7":"product_cat-urbain","9":"first","10":"outofstock","11":"taxable","12":"shipping-taxable","13":"purchasable","14":"product-type-simple"},"yoast_head":"<!-- This site is optimized with the Yoast SEO plugin v25.1 - https:\/\/yoast.com\/wordpress\/plugins\/seo\/ -->\n<title>Parapluie Samurai - Hokageek<\/title>\n<meta name=\"description\" content=\"Parapluie avec une poign\u00e9e en forme de sabre de samoura\u00ef avec un \u00e9tui bandouli\u00e8re Ce parapluie original attirera l&#039;attention des gens autour de vous. Pour\" \/>\n<meta name=\"robots\" content=\"index, follow, max-snippet:-1, max-image-preview:large, max-video-preview:-1\" \/>\n<link rel=\"canonical\" href=\"https:\/\/hokageek.com\/en\/boutique\/parapluie-samurai\/\" \/>\n<meta property=\"og:locale\" content=\"en_US\" \/>\n<meta property=\"og:type\" content=\"article\" \/>\n<meta property=\"og:title\" content=\"Parapluie Samurai - Hokageek\" \/>\n<meta property=\"og:description\" content=\"Parapluie avec une poign\u00e9e en forme de sabre de samoura\u00ef avec un \u00e9tui bandouli\u00e8re Ce parapluie original attirera l&#039;attention des gens autour de vous. Pour\" \/>\n<meta property=\"og:url\" content=\"https:\/\/hokageek.com\/en\/boutique\/parapluie-samurai\/\" \/>\n<meta property=\"og:site_name\" content=\"Hokageek\" \/>\n<meta property=\"article:publisher\" content=\"https:\/\/www.facebook.com\/Sensei.Hokageek\/\" \/>\n<meta property=\"article:modified_time\" content=\"2022-12-20T19:38:50+00:00\" \/>\n<meta property=\"og:image\" content=\"https:\/\/e9sxhjoopfu.exactdn.com\/wp-content\/uploads\/https:\/\/ae01.alicdn.com\/kf\/HTB1RXP6zpOWBuNjy0Fiq6xFxVXaG\/DLYLDQH-Marque-Hommes-Long-Manche-Samurai-Parapluie-l-gant-Noir-Japonais-Samurai-Ninja-p-e-Katana.jpg?strip=all&lossy=1&ssl=1\" \/>\n\t<meta property=\"og:image:width\" content=\"800\" \/>\n\t<meta property=\"og:image:height\" content=\"800\" \/>\n\t<meta property=\"og:image:type\" content=\"image\/jpeg\" \/>\n<meta name=\"twitter:card\" content=\"summary_large_image\" \/>\n<meta name=\"twitter:site\" content=\"@SenseiHokageek\" \/>\n<script type=\"application\/ld+json\" class=\"yoast-schema-graph\">{\"@context\":\"https:\/\/schema.org\",\"@graph\":[{\"@type\":\"WebPage\",\"@id\":\"https:\/\/hokageek.com\/en\/boutique\/parapluie-samurai\/\",\"url\":\"https:\/\/hokageek.com\/en\/boutique\/parapluie-samurai\/\",\"name\":\"Parapluie Samurai - Hokageek\",\"isPartOf\":{\"@id\":\"https:\/\/hokageek.com\/#website\"},\"primaryImageOfPage\":{\"@id\":\"https:\/\/hokageek.com\/en\/boutique\/parapluie-samurai\/#primaryimage\"},\"image\":{\"@id\":\"https:\/\/hokageek.com\/en\/boutique\/parapluie-samurai\/#primaryimage\"},\"thumbnailUrl\":\"https:\/\/e9sxhjoopfu.exactdn.com\/wp-content\/uploads\/https:\/\/ae01.alicdn.com\/kf\/HTB1RXP6zpOWBuNjy0Fiq6xFxVXaG\/DLYLDQH-Marque-Hommes-Long-Manche-Samurai-Parapluie-l-gant-Noir-Japonais-Samurai-Ninja-p-e-Katana.jpg?strip=all&lossy=1&ssl=1\",\"datePublished\":\"2019-03-22T06:17:33+00:00\",\"dateModified\":\"2022-12-20T19:38:50+00:00\",\"description\":\"Parapluie avec une poign\u00e9e en forme de sabre de samoura\u00ef avec un \u00e9tui bandouli\u00e8re Ce parapluie original attirera l'attention des gens autour de vous. Pour\",\"breadcrumb\":{\"@id\":\"https:\/\/hokageek.com\/en\/boutique\/parapluie-samurai\/#breadcrumb\"},\"inLanguage\":\"en-US\",\"potentialAction\":[{\"@type\":\"ReadAction\",\"target\":[\"https:\/\/hokageek.com\/en\/boutique\/parapluie-samurai\/\"]}]},{\"@type\":\"ImageObject\",\"inLanguage\":\"en-US\",\"@id\":\"https:\/\/hokageek.com\/en\/boutique\/parapluie-samurai\/#primaryimage\",\"url\":\"https:\/\/e9sxhjoopfu.exactdn.com\/wp-content\/uploads\/https:\/\/ae01.alicdn.com\/kf\/HTB1RXP6zpOWBuNjy0Fiq6xFxVXaG\/DLYLDQH-Marque-Hommes-Long-Manche-Samurai-Parapluie-l-gant-Noir-Japonais-Samurai-Ninja-p-e-Katana.jpg?strip=all&lossy=1&ssl=1\",\"contentUrl\":\"https:\/\/e9sxhjoopfu.exactdn.com\/wp-content\/uploads\/https:\/\/ae01.alicdn.com\/kf\/HTB1RXP6zpOWBuNjy0Fiq6xFxVXaG\/DLYLDQH-Marque-Hommes-Long-Manche-Samurai-Parapluie-l-gant-Noir-Japonais-Samurai-Ninja-p-e-Katana.jpg?strip=all&lossy=1&ssl=1\",\"width\":800,\"height\":800,\"caption\":\"Parapluie Samurai\"},{\"@type\":\"BreadcrumbList\",\"@id\":\"https:\/\/hokageek.com\/en\/boutique\/parapluie-samurai\/#breadcrumb\",\"itemListElement\":[{\"@type\":\"ListItem\",\"position\":1,\"name\":\"Accueil\",\"item\":\"https:\/\/hokageek.com\/\"},{\"@type\":\"ListItem\",\"position\":2,\"name\":\"Boutique\",\"item\":\"https:\/\/hokageek.com\/boutique\/\"},{\"@type\":\"ListItem\",\"position\":3,\"name\":\"Parapluie Samurai\"}]},{\"@type\":\"WebSite\",\"@id\":\"https:\/\/hokageek.com\/#website\",\"url\":\"https:\/\/hokageek.com\/\",\"name\":\"Hokageek\",\"description\":\"Geek Supply\",\"publisher\":{\"@id\":\"https:\/\/hokageek.com\/#organization\"},\"potentialAction\":[{\"@type\":\"SearchAction\",\"target\":{\"@type\":\"EntryPoint\",\"urlTemplate\":\"https:\/\/hokageek.com\/?s={search_term_string}\"},\"query-input\":{\"@type\":\"PropertyValueSpecification\",\"valueRequired\":true,\"valueName\":\"search_term_string\"}}],\"inLanguage\":\"en-US\"},{\"@type\":\"Organization\",\"@id\":\"https:\/\/hokageek.com\/#organization\",\"name\":\"Hokageek\",\"url\":\"https:\/\/hokageek.com\/\",\"logo\":{\"@type\":\"ImageObject\",\"inLanguage\":\"en-US\",\"@id\":\"https:\/\/hokageek.com\/#\/schema\/logo\/image\/\",\"url\":\"https:\/\/hokageek.com\/wp-content\/uploads\/2019\/01\/HOKAGEEK-V2.jpg\",\"contentUrl\":\"https:\/\/hokageek.com\/wp-content\/uploads\/2019\/01\/HOKAGEEK-V2.jpg\",\"width\":500,\"height\":500,\"caption\":\"Hokageek\"},\"image\":{\"@id\":\"https:\/\/hokageek.com\/#\/schema\/logo\/image\/\"},\"sameAs\":[\"https:\/\/www.facebook.com\/Sensei.Hokageek\/\",\"https:\/\/x.com\/SenseiHokageek\",\"https:\/\/www.instagram.com\/Sensei_Hokageek\/\",\"https:\/\/www.pinterest.fr\/Hokageek\/\",\"https:\/\/www.youtube.com\/channel\/UC4ZjqTXF0MThDBaUnjIRpWA\/\"]}]}<\/script>\n<!-- \/ Yoast SEO plugin. -->","yoast_head_json":{"title":"Parapluie Samurai - Hokageek","description":"Parapluie avec une poign\u00e9e en forme de sabre de samoura\u00ef avec un \u00e9tui bandouli\u00e8re Ce parapluie original attirera l'attention des gens autour de vous. Pour","robots":{"index":"index","follow":"follow","max-snippet":"max-snippet:-1","max-image-preview":"max-image-preview:large","max-video-preview":"max-video-preview:-1"},"canonical":"https:\/\/hokageek.com\/en\/boutique\/parapluie-samurai\/","og_locale":"en_US","og_type":"article","og_title":"Parapluie Samurai - Hokageek","og_description":"Parapluie avec une poign\u00e9e en forme de sabre de samoura\u00ef avec un \u00e9tui bandouli\u00e8re Ce parapluie original attirera l'attention des gens autour de vous. Pour","og_url":"https:\/\/hokageek.com\/en\/boutique\/parapluie-samurai\/","og_site_name":"Hokageek","article_publisher":"https:\/\/www.facebook.com\/Sensei.Hokageek\/","article_modified_time":"2022-12-20T19:38:50+00:00","og_image":[{"width":800,"height":800,"url":"https:\/\/e9sxhjoopfu.exactdn.com\/wp-content\/uploads\/https:\/\/ae01.alicdn.com\/kf\/HTB1RXP6zpOWBuNjy0Fiq6xFxVXaG\/DLYLDQH-Marque-Hommes-Long-Manche-Samurai-Parapluie-l-gant-Noir-Japonais-Samurai-Ninja-p-e-Katana.jpg?strip=all&lossy=1&ssl=1","type":"image\/jpeg"}],"twitter_card":"summary_large_image","twitter_site":"@SenseiHokageek","schema":{"@context":"https:\/\/schema.org","@graph":[{"@type":"WebPage","@id":"https:\/\/hokageek.com\/en\/boutique\/parapluie-samurai\/","url":"https:\/\/hokageek.com\/en\/boutique\/parapluie-samurai\/","name":"Parapluie Samurai - Hokageek","isPartOf":{"@id":"https:\/\/hokageek.com\/#website"},"primaryImageOfPage":{"@id":"https:\/\/hokageek.com\/en\/boutique\/parapluie-samurai\/#primaryimage"},"image":{"@id":"https:\/\/hokageek.com\/en\/boutique\/parapluie-samurai\/#primaryimage"},"thumbnailUrl":"https:\/\/e9sxhjoopfu.exactdn.com\/wp-content\/uploads\/https:\/\/ae01.alicdn.com\/kf\/HTB1RXP6zpOWBuNjy0Fiq6xFxVXaG\/DLYLDQH-Marque-Hommes-Long-Manche-Samurai-Parapluie-l-gant-Noir-Japonais-Samurai-Ninja-p-e-Katana.jpg?strip=all&lossy=1&ssl=1","datePublished":"2019-03-22T06:17:33+00:00","dateModified":"2022-12-20T19:38:50+00:00","description":"Parapluie avec une poign\u00e9e en forme de sabre de samoura\u00ef avec un \u00e9tui bandouli\u00e8re Ce parapluie original attirera l'attention des gens autour de vous. Pour","breadcrumb":{"@id":"https:\/\/hokageek.com\/en\/boutique\/parapluie-samurai\/#breadcrumb"},"inLanguage":"en-US","potentialAction":[{"@type":"ReadAction","target":["https:\/\/hokageek.com\/en\/boutique\/parapluie-samurai\/"]}]},{"@type":"ImageObject","inLanguage":"en-US","@id":"https:\/\/hokageek.com\/en\/boutique\/parapluie-samurai\/#primaryimage","url":"https:\/\/e9sxhjoopfu.exactdn.com\/wp-content\/uploads\/https:\/\/ae01.alicdn.com\/kf\/HTB1RXP6zpOWBuNjy0Fiq6xFxVXaG\/DLYLDQH-Marque-Hommes-Long-Manche-Samurai-Parapluie-l-gant-Noir-Japonais-Samurai-Ninja-p-e-Katana.jpg?strip=all&lossy=1&ssl=1","contentUrl":"https:\/\/e9sxhjoopfu.exactdn.com\/wp-content\/uploads\/https:\/\/ae01.alicdn.com\/kf\/HTB1RXP6zpOWBuNjy0Fiq6xFxVXaG\/DLYLDQH-Marque-Hommes-Long-Manche-Samurai-Parapluie-l-gant-Noir-Japonais-Samurai-Ninja-p-e-Katana.jpg?strip=all&lossy=1&ssl=1","width":800,"height":800,"caption":"Parapluie Samurai"},{"@type":"BreadcrumbList","@id":"https:\/\/hokageek.com\/en\/boutique\/parapluie-samurai\/#breadcrumb","itemListElement":[{"@type":"ListItem","position":1,"name":"Accueil","item":"https:\/\/hokageek.com\/"},{"@type":"ListItem","position":2,"name":"Boutique","item":"https:\/\/hokageek.com\/boutique\/"},{"@type":"ListItem","position":3,"name":"Parapluie Samurai"}]},{"@type":"WebSite","@id":"https:\/\/hokageek.com\/#website","url":"https:\/\/hokageek.com\/","name":"Hokageek","description":"Geek Supply","publisher":{"@id":"https:\/\/hokageek.com\/#organization"},"potentialAction":[{"@type":"SearchAction","target":{"@type":"EntryPoint","urlTemplate":"https:\/\/hokageek.com\/?s={search_term_string}"},"query-input":{"@type":"PropertyValueSpecification","valueRequired":true,"valueName":"search_term_string"}}],"inLanguage":"en-US"},{"@type":"Organization","@id":"https:\/\/hokageek.com\/#organization","name":"Hokageek","url":"https:\/\/hokageek.com\/","logo":{"@type":"ImageObject","inLanguage":"en-US","@id":"https:\/\/hokageek.com\/#\/schema\/logo\/image\/","url":"https:\/\/hokageek.com\/wp-content\/uploads\/2019\/01\/HOKAGEEK-V2.jpg","contentUrl":"https:\/\/hokageek.com\/wp-content\/uploads\/2019\/01\/HOKAGEEK-V2.jpg","width":500,"height":500,"caption":"Hokageek"},"image":{"@id":"https:\/\/hokageek.com\/#\/schema\/logo\/image\/"},"sameAs":["https:\/\/www.facebook.com\/Sensei.Hokageek\/","https:\/\/x.com\/SenseiHokageek","https:\/\/www.instagram.com\/Sensei_Hokageek\/","https:\/\/www.pinterest.fr\/Hokageek\/","https:\/\/www.youtube.com\/channel\/UC4ZjqTXF0MThDBaUnjIRpWA\/"]}]}},"_links":{"self":[{"href":"https:\/\/hokageek.com\/en\/wp-json\/wp\/v2\/product\/3584","targetHints":{"allow":["GET"]}}],"collection":[{"href":"https:\/\/hokageek.com\/en\/wp-json\/wp\/v2\/product"}],"about":[{"href":"https:\/\/hokageek.com\/en\/wp-json\/wp\/v2\/types\/product"}],"replies":[{"embeddable":true,"href":"https:\/\/hokageek.com\/en\/wp-json\/wp\/v2\/comments?post=3584"}],"wp:featuredmedia":[{"embeddable":true,"href":"https:\/\/hokageek.com\/en\/wp-json\/wp\/v2\/media\/3589"}],"wp:attachment":[{"href":"https:\/\/hokageek.com\/en\/wp-json\/wp\/v2\/media?parent=3584"}],"wp:term":[{"taxonomy":"product_brand","embeddable":true,"href":"https:\/\/hokageek.com\/en\/wp-json\/wp\/v2\/product_brand?post=3584"},{"taxonomy":"product_cat","embeddable":true,"href":"https:\/\/hokageek.com\/en\/wp-json\/wp\/v2\/product_cat?post=3584"},{"taxonomy":"product_tag","embeddable":true,"href":"https:\/\/hokageek.com\/en\/wp-json\/wp\/v2\/product_tag?post=3584"}],"curies":[{"name":"wp","href":"https:\/\/api.w.org\/{rel}","templated":true}]}}