{"id":386,"date":"2018-12-20T10:59:52","date_gmt":"2018-12-20T09:59:52","guid":{"rendered":"https:\/\/hokageek.com\/produit\/hagibis-casque-casque-support-a-avec-4-ports-de-usb-3-0-hub-affichage-audio-port-pour-support-et-casque-cable-de-stockage\/"},"modified":"2022-06-24T07:49:36","modified_gmt":"2022-06-24T05:49:36","slug":"support-casque-avec-4-ports-de-usb-3-0-pour-le-bureau","status":"publish","type":"product","link":"https:\/\/hokageek.com\/en\/boutique\/support-casque-avec-4-ports-de-usb-3-0-pour-le-bureau\/","title":{"rendered":"Support de casque avec 3 Ports de USB 3.0 pour le bureau"},"content":{"rendered":"<p><span class=\"a-list-item\">Rangez facilement votre casque pour qu\u2019il soit toujours \u00e0 votre port\u00e9e. Comprend une empreinte pour aider \u00e0 d\u00e9sencombrer et organiser votre espace de bureau<\/span><\/p>\n<p><span class=\"a-list-item\">Connecter vos appareils USB, ce support de casque inclus 3 ports USB 3.0 pour transf\u00e9rer ou sauvegarder vos donnes, avec une vitesse jusqu\u2019\u00e0 5 Gbps.<\/span><\/p>\n<p><span class=\"a-list-item\">Ordonner votre rangement, le support est \u00e9quip\u00e9 d\u2019un crochet \u00e0 l\u2019arri\u00e8re pour enrouler\u00a0 vos c\u00e2bles lorsque vous ne les utilisez pas<\/span><\/p>\n<p><span class=\"a-list-item\">Comprend une prise en caoutchouc pour s\u00e9curiser vos casques et les maintenir en place tout en emp\u00eachant les rayures.<\/span><\/p>\n<p><span class=\"a-list-item\">Le support est compatible avec tous les casques du march\u00e9.<\/span><\/p>","protected":false},"excerpt":{"rendered":"<p>Support de casque avec 3 ports USB 3.0<\/p>","protected":false},"featured_media":2140,"comment_status":"open","ping_status":"closed","template":"","meta":[],"product_brand":[],"product_cat":[283],"product_tag":[356,355,297],"class_list":{"0":"post-386","1":"product","2":"type-product","3":"status-publish","4":"has-post-thumbnail","6":"product_cat-decoration-et-maison","7":"product_tag-casque-audio","8":"product_tag-support","9":"product_tag-usb","11":"first","12":"instock","13":"sale","14":"taxable","15":"shipping-taxable","16":"purchasable","17":"product-type-variable"},"yoast_head":"<!-- This site is optimized with the Yoast SEO plugin v25.1 - https:\/\/yoast.com\/wordpress\/plugins\/seo\/ -->\n<title>Support de casque avec 3 Ports de USB 3.0 pour le bureau - Hokageek<\/title>\n<meta name=\"description\" content=\"Support de casque avec 3 ports USB 3.0\" \/>\n<meta name=\"robots\" content=\"index, follow, max-snippet:-1, max-image-preview:large, max-video-preview:-1\" \/>\n<link rel=\"canonical\" href=\"https:\/\/hokageek.com\/en\/boutique\/support-casque-avec-4-ports-de-usb-3-0-pour-le-bureau\/\" \/>\n<meta property=\"og:locale\" content=\"en_US\" \/>\n<meta property=\"og:type\" content=\"article\" \/>\n<meta property=\"og:title\" content=\"Support de casque avec 3 Ports de USB 3.0 pour le bureau - Hokageek\" \/>\n<meta property=\"og:description\" content=\"Support de casque avec 3 ports USB 3.0\" \/>\n<meta property=\"og:url\" content=\"https:\/\/hokageek.com\/en\/boutique\/support-casque-avec-4-ports-de-usb-3-0-pour-le-bureau\/\" \/>\n<meta property=\"og:site_name\" content=\"Hokageek\" \/>\n<meta property=\"article:publisher\" content=\"https:\/\/www.facebook.com\/Sensei.Hokageek\/\" \/>\n<meta property=\"article:modified_time\" content=\"2022-06-24T05:49:36+00:00\" \/>\n<meta property=\"og:image\" content=\"https:\/\/e9sxhjoopfu.exactdn.com\/wp-content\/uploads\/2018\/12\/386-8c9408.jpeg?strip=all&lossy=1&ssl=1\" \/>\n\t<meta property=\"og:image:width\" content=\"800\" \/>\n\t<meta property=\"og:image:height\" content=\"800\" \/>\n\t<meta property=\"og:image:type\" content=\"image\/jpeg\" \/>\n<meta name=\"twitter:card\" content=\"summary_large_image\" \/>\n<meta name=\"twitter:site\" content=\"@SenseiHokageek\" \/>\n<meta name=\"twitter:label1\" content=\"Est. reading time\" \/>\n\t<meta name=\"twitter:data1\" content=\"1 minute\" \/>\n<script type=\"application\/ld+json\" class=\"yoast-schema-graph\">{\"@context\":\"https:\/\/schema.org\",\"@graph\":[{\"@type\":\"WebPage\",\"@id\":\"https:\/\/hokageek.com\/boutique\/support-casque-avec-4-ports-de-usb-3-0-pour-le-bureau\/\",\"url\":\"https:\/\/hokageek.com\/boutique\/support-casque-avec-4-ports-de-usb-3-0-pour-le-bureau\/\",\"name\":\"Support de casque avec 3 Ports de USB 3.0 pour le bureau - Hokageek\",\"isPartOf\":{\"@id\":\"https:\/\/hokageek.com\/#website\"},\"primaryImageOfPage\":{\"@id\":\"https:\/\/hokageek.com\/boutique\/support-casque-avec-4-ports-de-usb-3-0-pour-le-bureau\/#primaryimage\"},\"image\":{\"@id\":\"https:\/\/hokageek.com\/boutique\/support-casque-avec-4-ports-de-usb-3-0-pour-le-bureau\/#primaryimage\"},\"thumbnailUrl\":\"https:\/\/e9sxhjoopfu.exactdn.com\/wp-content\/uploads\/2018\/12\/386-8c9408.jpeg?strip=all&lossy=1&ssl=1\",\"datePublished\":\"2018-12-20T09:59:52+00:00\",\"dateModified\":\"2022-06-24T05:49:36+00:00\",\"description\":\"Support de casque avec 3 ports USB 3.0\",\"breadcrumb\":{\"@id\":\"https:\/\/hokageek.com\/boutique\/support-casque-avec-4-ports-de-usb-3-0-pour-le-bureau\/#breadcrumb\"},\"inLanguage\":\"en-US\",\"potentialAction\":[{\"@type\":\"ReadAction\",\"target\":[\"https:\/\/hokageek.com\/boutique\/support-casque-avec-4-ports-de-usb-3-0-pour-le-bureau\/\"]}]},{\"@type\":\"ImageObject\",\"inLanguage\":\"en-US\",\"@id\":\"https:\/\/hokageek.com\/boutique\/support-casque-avec-4-ports-de-usb-3-0-pour-le-bureau\/#primaryimage\",\"url\":\"https:\/\/e9sxhjoopfu.exactdn.com\/wp-content\/uploads\/2018\/12\/386-8c9408.jpeg?strip=all&lossy=1&ssl=1\",\"contentUrl\":\"https:\/\/e9sxhjoopfu.exactdn.com\/wp-content\/uploads\/2018\/12\/386-8c9408.jpeg?strip=all&lossy=1&ssl=1\",\"width\":800,\"height\":800,\"caption\":\"Support de casque avec 3 Ports de USB 3.0\"},{\"@type\":\"BreadcrumbList\",\"@id\":\"https:\/\/hokageek.com\/boutique\/support-casque-avec-4-ports-de-usb-3-0-pour-le-bureau\/#breadcrumb\",\"itemListElement\":[{\"@type\":\"ListItem\",\"position\":1,\"name\":\"Accueil\",\"item\":\"https:\/\/hokageek.com\/\"},{\"@type\":\"ListItem\",\"position\":2,\"name\":\"Boutique\",\"item\":\"https:\/\/hokageek.com\/boutique\/\"},{\"@type\":\"ListItem\",\"position\":3,\"name\":\"Support de casque avec 3 Ports de USB 3.0 pour le bureau\"}]},{\"@type\":\"WebSite\",\"@id\":\"https:\/\/hokageek.com\/#website\",\"url\":\"https:\/\/hokageek.com\/\",\"name\":\"Hokageek\",\"description\":\"Geek Supply\",\"publisher\":{\"@id\":\"https:\/\/hokageek.com\/#organization\"},\"potentialAction\":[{\"@type\":\"SearchAction\",\"target\":{\"@type\":\"EntryPoint\",\"urlTemplate\":\"https:\/\/hokageek.com\/?s={search_term_string}\"},\"query-input\":{\"@type\":\"PropertyValueSpecification\",\"valueRequired\":true,\"valueName\":\"search_term_string\"}}],\"inLanguage\":\"en-US\"},{\"@type\":\"Organization\",\"@id\":\"https:\/\/hokageek.com\/#organization\",\"name\":\"Hokageek\",\"url\":\"https:\/\/hokageek.com\/\",\"logo\":{\"@type\":\"ImageObject\",\"inLanguage\":\"en-US\",\"@id\":\"https:\/\/hokageek.com\/#\/schema\/logo\/image\/\",\"url\":\"https:\/\/hokageek.com\/wp-content\/uploads\/2019\/01\/HOKAGEEK-V2.jpg\",\"contentUrl\":\"https:\/\/hokageek.com\/wp-content\/uploads\/2019\/01\/HOKAGEEK-V2.jpg\",\"width\":500,\"height\":500,\"caption\":\"Hokageek\"},\"image\":{\"@id\":\"https:\/\/hokageek.com\/#\/schema\/logo\/image\/\"},\"sameAs\":[\"https:\/\/www.facebook.com\/Sensei.Hokageek\/\",\"https:\/\/x.com\/SenseiHokageek\",\"https:\/\/www.instagram.com\/Sensei_Hokageek\/\",\"https:\/\/www.pinterest.fr\/Hokageek\/\",\"https:\/\/www.youtube.com\/channel\/UC4ZjqTXF0MThDBaUnjIRpWA\/\"]}]}<\/script>\n<!-- \/ Yoast SEO plugin. -->","yoast_head_json":{"title":"Support de casque avec 3 Ports de USB 3.0 pour le bureau - Hokageek","description":"Support de casque avec 3 ports USB 3.0","robots":{"index":"index","follow":"follow","max-snippet":"max-snippet:-1","max-image-preview":"max-image-preview:large","max-video-preview":"max-video-preview:-1"},"canonical":"https:\/\/hokageek.com\/en\/boutique\/support-casque-avec-4-ports-de-usb-3-0-pour-le-bureau\/","og_locale":"en_US","og_type":"article","og_title":"Support de casque avec 3 Ports de USB 3.0 pour le bureau - Hokageek","og_description":"Support de casque avec 3 ports USB 3.0","og_url":"https:\/\/hokageek.com\/en\/boutique\/support-casque-avec-4-ports-de-usb-3-0-pour-le-bureau\/","og_site_name":"Hokageek","article_publisher":"https:\/\/www.facebook.com\/Sensei.Hokageek\/","article_modified_time":"2022-06-24T05:49:36+00:00","og_image":[{"width":800,"height":800,"url":"https:\/\/e9sxhjoopfu.exactdn.com\/wp-content\/uploads\/2018\/12\/386-8c9408.jpeg?strip=all&lossy=1&ssl=1","type":"image\/jpeg"}],"twitter_card":"summary_large_image","twitter_site":"@SenseiHokageek","twitter_misc":{"Est. reading time":"1 minute"},"schema":{"@context":"https:\/\/schema.org","@graph":[{"@type":"WebPage","@id":"https:\/\/hokageek.com\/boutique\/support-casque-avec-4-ports-de-usb-3-0-pour-le-bureau\/","url":"https:\/\/hokageek.com\/boutique\/support-casque-avec-4-ports-de-usb-3-0-pour-le-bureau\/","name":"Support de casque avec 3 Ports de USB 3.0 pour le bureau - Hokageek","isPartOf":{"@id":"https:\/\/hokageek.com\/#website"},"primaryImageOfPage":{"@id":"https:\/\/hokageek.com\/boutique\/support-casque-avec-4-ports-de-usb-3-0-pour-le-bureau\/#primaryimage"},"image":{"@id":"https:\/\/hokageek.com\/boutique\/support-casque-avec-4-ports-de-usb-3-0-pour-le-bureau\/#primaryimage"},"thumbnailUrl":"https:\/\/e9sxhjoopfu.exactdn.com\/wp-content\/uploads\/2018\/12\/386-8c9408.jpeg?strip=all&lossy=1&ssl=1","datePublished":"2018-12-20T09:59:52+00:00","dateModified":"2022-06-24T05:49:36+00:00","description":"Support de casque avec 3 ports USB 3.0","breadcrumb":{"@id":"https:\/\/hokageek.com\/boutique\/support-casque-avec-4-ports-de-usb-3-0-pour-le-bureau\/#breadcrumb"},"inLanguage":"en-US","potentialAction":[{"@type":"ReadAction","target":["https:\/\/hokageek.com\/boutique\/support-casque-avec-4-ports-de-usb-3-0-pour-le-bureau\/"]}]},{"@type":"ImageObject","inLanguage":"en-US","@id":"https:\/\/hokageek.com\/boutique\/support-casque-avec-4-ports-de-usb-3-0-pour-le-bureau\/#primaryimage","url":"https:\/\/e9sxhjoopfu.exactdn.com\/wp-content\/uploads\/2018\/12\/386-8c9408.jpeg?strip=all&lossy=1&ssl=1","contentUrl":"https:\/\/e9sxhjoopfu.exactdn.com\/wp-content\/uploads\/2018\/12\/386-8c9408.jpeg?strip=all&lossy=1&ssl=1","width":800,"height":800,"caption":"Support de casque avec 3 Ports de USB 3.0"},{"@type":"BreadcrumbList","@id":"https:\/\/hokageek.com\/boutique\/support-casque-avec-4-ports-de-usb-3-0-pour-le-bureau\/#breadcrumb","itemListElement":[{"@type":"ListItem","position":1,"name":"Accueil","item":"https:\/\/hokageek.com\/"},{"@type":"ListItem","position":2,"name":"Boutique","item":"https:\/\/hokageek.com\/boutique\/"},{"@type":"ListItem","position":3,"name":"Support de casque avec 3 Ports de USB 3.0 pour le bureau"}]},{"@type":"WebSite","@id":"https:\/\/hokageek.com\/#website","url":"https:\/\/hokageek.com\/","name":"Hokageek","description":"Geek Supply","publisher":{"@id":"https:\/\/hokageek.com\/#organization"},"potentialAction":[{"@type":"SearchAction","target":{"@type":"EntryPoint","urlTemplate":"https:\/\/hokageek.com\/?s={search_term_string}"},"query-input":{"@type":"PropertyValueSpecification","valueRequired":true,"valueName":"search_term_string"}}],"inLanguage":"en-US"},{"@type":"Organization","@id":"https:\/\/hokageek.com\/#organization","name":"Hokageek","url":"https:\/\/hokageek.com\/","logo":{"@type":"ImageObject","inLanguage":"en-US","@id":"https:\/\/hokageek.com\/#\/schema\/logo\/image\/","url":"https:\/\/hokageek.com\/wp-content\/uploads\/2019\/01\/HOKAGEEK-V2.jpg","contentUrl":"https:\/\/hokageek.com\/wp-content\/uploads\/2019\/01\/HOKAGEEK-V2.jpg","width":500,"height":500,"caption":"Hokageek"},"image":{"@id":"https:\/\/hokageek.com\/#\/schema\/logo\/image\/"},"sameAs":["https:\/\/www.facebook.com\/Sensei.Hokageek\/","https:\/\/x.com\/SenseiHokageek","https:\/\/www.instagram.com\/Sensei_Hokageek\/","https:\/\/www.pinterest.fr\/Hokageek\/","https:\/\/www.youtube.com\/channel\/UC4ZjqTXF0MThDBaUnjIRpWA\/"]}]}},"_links":{"self":[{"href":"https:\/\/hokageek.com\/en\/wp-json\/wp\/v2\/product\/386","targetHints":{"allow":["GET"]}}],"collection":[{"href":"https:\/\/hokageek.com\/en\/wp-json\/wp\/v2\/product"}],"about":[{"href":"https:\/\/hokageek.com\/en\/wp-json\/wp\/v2\/types\/product"}],"replies":[{"embeddable":true,"href":"https:\/\/hokageek.com\/en\/wp-json\/wp\/v2\/comments?post=386"}],"wp:featuredmedia":[{"embeddable":true,"href":"https:\/\/hokageek.com\/en\/wp-json\/wp\/v2\/media\/2140"}],"wp:attachment":[{"href":"https:\/\/hokageek.com\/en\/wp-json\/wp\/v2\/media?parent=386"}],"wp:term":[{"taxonomy":"product_brand","embeddable":true,"href":"https:\/\/hokageek.com\/en\/wp-json\/wp\/v2\/product_brand?post=386"},{"taxonomy":"product_cat","embeddable":true,"href":"https:\/\/hokageek.com\/en\/wp-json\/wp\/v2\/product_cat?post=386"},{"taxonomy":"product_tag","embeddable":true,"href":"https:\/\/hokageek.com\/en\/wp-json\/wp\/v2\/product_tag?post=386"}],"curies":[{"name":"wp","href":"https:\/\/api.w.org\/{rel}","templated":true}]}}