{"id":415,"date":"2018-12-20T11:01:49","date_gmt":"2018-12-20T09:01:49","guid":{"rendered":"https:\/\/hokageek.com\/produit\/a-la-mode-nouvelle-abeille-casque-stand-pratique-ecouteur-titulaire-casque-afficher-plateau-en-aluminium-support-dispositif-de-support\/"},"modified":"2022-12-17T20:02:26","modified_gmt":"2022-12-17T18:02:26","slug":"support-casque-audio-pour-le-bureau","status":"publish","type":"product","link":"https:\/\/hokageek.com\/en\/boutique\/support-casque-audio-pour-le-bureau\/","title":{"rendered":"Support casque audio pour le bureau"},"content":{"rendered":"<p><span class=\"a-list-item\">Une finition soign\u00e9e pour une stabilit\u00e9 optimale: Le poteau central d&rsquo;alliage d&rsquo;aluminium est vigoureux et mince; Les stabilisateurs en caoutchouc sous la surface garantissent une assise s\u00fbre, tandis que le caoutchouc souple et protecteur sur le dessus \u00e9vite les rayures ou les dommages a votre casque audio.<\/span><\/p>\n<p><span class=\"a-list-item\">\u00a0Un montage facile: Il vous suffit de brancher les 3 parties en 30 secondes et vous aurez un support de casque parfaitement debout, beau et op\u00e9rationnel.<\/span><\/p>\n<p><span class=\"a-list-item\">\u00a0donner du style \u00e0 votre bureau: Si vous n&rsquo;utilisez pas votre casque audio, vous pouvez le ranger de mani\u00e8re simple, s\u00fbre et peu encombrante. Parfait pour votre bureau ou votre maison.<\/span><\/p>\n<p><span class=\"a-list-item\">UTILISATION: Convient \u00e0 la plupart des types de casque audio: casques Bluetooth, casques antibruit, casques de jeu, casques t\u00e9l\u00e9phoniques, \u00e9couteurs et bien d&rsquo;autres.<\/span><\/p>\n<p>&nbsp;<\/p>","protected":false},"excerpt":{"rendered":"<p>Une finition soign\u00e9e pour une stabilit\u00e9 optimale: Le poteau central d&rsquo;alliage d&rsquo;aluminium est vigoureux et mince; Les stabilisateurs en caoutchouc sous la surface garantissent une assise s\u00fbre, tandis que le caoutchouc souple et protecteur sur le dessus \u00e9vite les rayures ou les dommages a votre casque audio. \u00a0Un montage facile: Il vous suffit de brancher [&#8230;]","protected":false},"featured_media":418,"comment_status":"open","ping_status":"closed","template":"","meta":[],"product_brand":[],"product_cat":[283],"product_tag":[357,356,359,358,355],"class_list":{"0":"post-415","1":"product","2":"type-product","3":"status-publish","4":"has-post-thumbnail","6":"product_cat-decoration-et-maison","7":"product_tag-bureau","8":"product_tag-casque-audio","9":"product_tag-interieur","10":"product_tag-maison","11":"product_tag-support","13":"first","14":"instock","15":"sale","16":"taxable","17":"shipping-taxable","18":"purchasable","19":"product-type-variable"},"yoast_head":"<!-- This site is optimized with the Yoast SEO plugin v25.1 - https:\/\/yoast.com\/wordpress\/plugins\/seo\/ -->\n<title>Support casque audio pour le bureau - Hokageek<\/title>\n<meta name=\"description\" content=\"Une finition soign\u00e9e pour une stabilit\u00e9 optimale: Le poteau central d&#039;alliage d&#039;aluminium est vigoureux et mince; Les stabilisateurs en caoutchouc sous la\" \/>\n<meta name=\"robots\" content=\"index, follow, max-snippet:-1, max-image-preview:large, max-video-preview:-1\" \/>\n<link rel=\"canonical\" href=\"https:\/\/hokageek.com\/en\/boutique\/support-casque-audio-pour-le-bureau\/\" \/>\n<meta property=\"og:locale\" content=\"en_US\" \/>\n<meta property=\"og:type\" content=\"article\" \/>\n<meta property=\"og:title\" content=\"Support casque audio pour le bureau - Hokageek\" \/>\n<meta property=\"og:description\" content=\"Une finition soign\u00e9e pour une stabilit\u00e9 optimale: Le poteau central d&#039;alliage d&#039;aluminium est vigoureux et mince; Les stabilisateurs en caoutchouc sous la\" \/>\n<meta property=\"og:url\" content=\"https:\/\/hokageek.com\/en\/boutique\/support-casque-audio-pour-le-bureau\/\" \/>\n<meta property=\"og:site_name\" content=\"Hokageek\" \/>\n<meta property=\"article:publisher\" content=\"https:\/\/www.facebook.com\/Sensei.Hokageek\/\" \/>\n<meta property=\"article:modified_time\" content=\"2022-12-17T18:02:26+00:00\" \/>\n<meta property=\"og:image\" content=\"https:\/\/e9sxhjoopfu.exactdn.com\/wp-content\/uploads\/https:\/\/ae01.alicdn.com\/kf\/HTB1di5AmdcnBKNjSZR0q6AFqFXaG\/la-mode-Nouvelle-Abeille-Casque-Stand-Pratique-couteur-Titulaire-Casque-Afficher-Plateau-En-Aluminium-Support.jpg?strip=all&lossy=1&ssl=1\" \/>\n\t<meta property=\"og:image:width\" content=\"800\" \/>\n\t<meta property=\"og:image:height\" content=\"800\" \/>\n\t<meta property=\"og:image:type\" content=\"image\/jpeg\" \/>\n<meta name=\"twitter:card\" content=\"summary_large_image\" \/>\n<meta name=\"twitter:site\" content=\"@SenseiHokageek\" \/>\n<meta name=\"twitter:label1\" content=\"Est. reading time\" \/>\n\t<meta name=\"twitter:data1\" content=\"1 minute\" \/>\n<script type=\"application\/ld+json\" class=\"yoast-schema-graph\">{\"@context\":\"https:\/\/schema.org\",\"@graph\":[{\"@type\":\"WebPage\",\"@id\":\"https:\/\/hokageek.com\/boutique\/support-casque-audio-pour-le-bureau\/\",\"url\":\"https:\/\/hokageek.com\/boutique\/support-casque-audio-pour-le-bureau\/\",\"name\":\"Support casque audio pour le bureau - Hokageek\",\"isPartOf\":{\"@id\":\"https:\/\/hokageek.com\/#website\"},\"primaryImageOfPage\":{\"@id\":\"https:\/\/hokageek.com\/boutique\/support-casque-audio-pour-le-bureau\/#primaryimage\"},\"image\":{\"@id\":\"https:\/\/hokageek.com\/boutique\/support-casque-audio-pour-le-bureau\/#primaryimage\"},\"thumbnailUrl\":\"https:\/\/e9sxhjoopfu.exactdn.com\/wp-content\/uploads\/https:\/\/ae01.alicdn.com\/kf\/HTB1di5AmdcnBKNjSZR0q6AFqFXaG\/la-mode-Nouvelle-Abeille-Casque-Stand-Pratique-couteur-Titulaire-Casque-Afficher-Plateau-En-Aluminium-Support.jpg?strip=all&lossy=1&ssl=1\",\"datePublished\":\"2018-12-20T09:01:49+00:00\",\"dateModified\":\"2022-12-17T18:02:26+00:00\",\"description\":\"Une finition soign\u00e9e pour une stabilit\u00e9 optimale: Le poteau central d'alliage d'aluminium est vigoureux et mince; Les stabilisateurs en caoutchouc sous la\",\"breadcrumb\":{\"@id\":\"https:\/\/hokageek.com\/boutique\/support-casque-audio-pour-le-bureau\/#breadcrumb\"},\"inLanguage\":\"en-US\",\"potentialAction\":[{\"@type\":\"ReadAction\",\"target\":[\"https:\/\/hokageek.com\/boutique\/support-casque-audio-pour-le-bureau\/\"]}]},{\"@type\":\"ImageObject\",\"inLanguage\":\"en-US\",\"@id\":\"https:\/\/hokageek.com\/boutique\/support-casque-audio-pour-le-bureau\/#primaryimage\",\"url\":\"https:\/\/e9sxhjoopfu.exactdn.com\/wp-content\/uploads\/https:\/\/ae01.alicdn.com\/kf\/HTB1di5AmdcnBKNjSZR0q6AFqFXaG\/la-mode-Nouvelle-Abeille-Casque-Stand-Pratique-couteur-Titulaire-Casque-Afficher-Plateau-En-Aluminium-Support.jpg?strip=all&lossy=1&ssl=1\",\"contentUrl\":\"https:\/\/e9sxhjoopfu.exactdn.com\/wp-content\/uploads\/https:\/\/ae01.alicdn.com\/kf\/HTB1di5AmdcnBKNjSZR0q6AFqFXaG\/la-mode-Nouvelle-Abeille-Casque-Stand-Pratique-couteur-Titulaire-Casque-Afficher-Plateau-En-Aluminium-Support.jpg?strip=all&lossy=1&ssl=1\",\"width\":800,\"height\":800,\"caption\":\"Support casque audio\"},{\"@type\":\"BreadcrumbList\",\"@id\":\"https:\/\/hokageek.com\/boutique\/support-casque-audio-pour-le-bureau\/#breadcrumb\",\"itemListElement\":[{\"@type\":\"ListItem\",\"position\":1,\"name\":\"Accueil\",\"item\":\"https:\/\/hokageek.com\/\"},{\"@type\":\"ListItem\",\"position\":2,\"name\":\"Boutique\",\"item\":\"https:\/\/hokageek.com\/boutique\/\"},{\"@type\":\"ListItem\",\"position\":3,\"name\":\"Support casque audio pour le bureau\"}]},{\"@type\":\"WebSite\",\"@id\":\"https:\/\/hokageek.com\/#website\",\"url\":\"https:\/\/hokageek.com\/\",\"name\":\"Hokageek\",\"description\":\"Geek Supply\",\"publisher\":{\"@id\":\"https:\/\/hokageek.com\/#organization\"},\"potentialAction\":[{\"@type\":\"SearchAction\",\"target\":{\"@type\":\"EntryPoint\",\"urlTemplate\":\"https:\/\/hokageek.com\/?s={search_term_string}\"},\"query-input\":{\"@type\":\"PropertyValueSpecification\",\"valueRequired\":true,\"valueName\":\"search_term_string\"}}],\"inLanguage\":\"en-US\"},{\"@type\":\"Organization\",\"@id\":\"https:\/\/hokageek.com\/#organization\",\"name\":\"Hokageek\",\"url\":\"https:\/\/hokageek.com\/\",\"logo\":{\"@type\":\"ImageObject\",\"inLanguage\":\"en-US\",\"@id\":\"https:\/\/hokageek.com\/#\/schema\/logo\/image\/\",\"url\":\"https:\/\/hokageek.com\/wp-content\/uploads\/2019\/01\/HOKAGEEK-V2.jpg\",\"contentUrl\":\"https:\/\/hokageek.com\/wp-content\/uploads\/2019\/01\/HOKAGEEK-V2.jpg\",\"width\":500,\"height\":500,\"caption\":\"Hokageek\"},\"image\":{\"@id\":\"https:\/\/hokageek.com\/#\/schema\/logo\/image\/\"},\"sameAs\":[\"https:\/\/www.facebook.com\/Sensei.Hokageek\/\",\"https:\/\/x.com\/SenseiHokageek\",\"https:\/\/www.instagram.com\/Sensei_Hokageek\/\",\"https:\/\/www.pinterest.fr\/Hokageek\/\",\"https:\/\/www.youtube.com\/channel\/UC4ZjqTXF0MThDBaUnjIRpWA\/\"]}]}<\/script>\n<!-- \/ Yoast SEO plugin. -->","yoast_head_json":{"title":"Support casque audio pour le bureau - Hokageek","description":"Une finition soign\u00e9e pour une stabilit\u00e9 optimale: Le poteau central d'alliage d'aluminium est vigoureux et mince; Les stabilisateurs en caoutchouc sous la","robots":{"index":"index","follow":"follow","max-snippet":"max-snippet:-1","max-image-preview":"max-image-preview:large","max-video-preview":"max-video-preview:-1"},"canonical":"https:\/\/hokageek.com\/en\/boutique\/support-casque-audio-pour-le-bureau\/","og_locale":"en_US","og_type":"article","og_title":"Support casque audio pour le bureau - Hokageek","og_description":"Une finition soign\u00e9e pour une stabilit\u00e9 optimale: Le poteau central d'alliage d'aluminium est vigoureux et mince; Les stabilisateurs en caoutchouc sous la","og_url":"https:\/\/hokageek.com\/en\/boutique\/support-casque-audio-pour-le-bureau\/","og_site_name":"Hokageek","article_publisher":"https:\/\/www.facebook.com\/Sensei.Hokageek\/","article_modified_time":"2022-12-17T18:02:26+00:00","og_image":[{"width":800,"height":800,"url":"https:\/\/e9sxhjoopfu.exactdn.com\/wp-content\/uploads\/https:\/\/ae01.alicdn.com\/kf\/HTB1di5AmdcnBKNjSZR0q6AFqFXaG\/la-mode-Nouvelle-Abeille-Casque-Stand-Pratique-couteur-Titulaire-Casque-Afficher-Plateau-En-Aluminium-Support.jpg?strip=all&lossy=1&ssl=1","type":"image\/jpeg"}],"twitter_card":"summary_large_image","twitter_site":"@SenseiHokageek","twitter_misc":{"Est. reading time":"1 minute"},"schema":{"@context":"https:\/\/schema.org","@graph":[{"@type":"WebPage","@id":"https:\/\/hokageek.com\/boutique\/support-casque-audio-pour-le-bureau\/","url":"https:\/\/hokageek.com\/boutique\/support-casque-audio-pour-le-bureau\/","name":"Support casque audio pour le bureau - Hokageek","isPartOf":{"@id":"https:\/\/hokageek.com\/#website"},"primaryImageOfPage":{"@id":"https:\/\/hokageek.com\/boutique\/support-casque-audio-pour-le-bureau\/#primaryimage"},"image":{"@id":"https:\/\/hokageek.com\/boutique\/support-casque-audio-pour-le-bureau\/#primaryimage"},"thumbnailUrl":"https:\/\/e9sxhjoopfu.exactdn.com\/wp-content\/uploads\/https:\/\/ae01.alicdn.com\/kf\/HTB1di5AmdcnBKNjSZR0q6AFqFXaG\/la-mode-Nouvelle-Abeille-Casque-Stand-Pratique-couteur-Titulaire-Casque-Afficher-Plateau-En-Aluminium-Support.jpg?strip=all&lossy=1&ssl=1","datePublished":"2018-12-20T09:01:49+00:00","dateModified":"2022-12-17T18:02:26+00:00","description":"Une finition soign\u00e9e pour une stabilit\u00e9 optimale: Le poteau central d'alliage d'aluminium est vigoureux et mince; Les stabilisateurs en caoutchouc sous la","breadcrumb":{"@id":"https:\/\/hokageek.com\/boutique\/support-casque-audio-pour-le-bureau\/#breadcrumb"},"inLanguage":"en-US","potentialAction":[{"@type":"ReadAction","target":["https:\/\/hokageek.com\/boutique\/support-casque-audio-pour-le-bureau\/"]}]},{"@type":"ImageObject","inLanguage":"en-US","@id":"https:\/\/hokageek.com\/boutique\/support-casque-audio-pour-le-bureau\/#primaryimage","url":"https:\/\/e9sxhjoopfu.exactdn.com\/wp-content\/uploads\/https:\/\/ae01.alicdn.com\/kf\/HTB1di5AmdcnBKNjSZR0q6AFqFXaG\/la-mode-Nouvelle-Abeille-Casque-Stand-Pratique-couteur-Titulaire-Casque-Afficher-Plateau-En-Aluminium-Support.jpg?strip=all&lossy=1&ssl=1","contentUrl":"https:\/\/e9sxhjoopfu.exactdn.com\/wp-content\/uploads\/https:\/\/ae01.alicdn.com\/kf\/HTB1di5AmdcnBKNjSZR0q6AFqFXaG\/la-mode-Nouvelle-Abeille-Casque-Stand-Pratique-couteur-Titulaire-Casque-Afficher-Plateau-En-Aluminium-Support.jpg?strip=all&lossy=1&ssl=1","width":800,"height":800,"caption":"Support casque audio"},{"@type":"BreadcrumbList","@id":"https:\/\/hokageek.com\/boutique\/support-casque-audio-pour-le-bureau\/#breadcrumb","itemListElement":[{"@type":"ListItem","position":1,"name":"Accueil","item":"https:\/\/hokageek.com\/"},{"@type":"ListItem","position":2,"name":"Boutique","item":"https:\/\/hokageek.com\/boutique\/"},{"@type":"ListItem","position":3,"name":"Support casque audio pour le bureau"}]},{"@type":"WebSite","@id":"https:\/\/hokageek.com\/#website","url":"https:\/\/hokageek.com\/","name":"Hokageek","description":"Geek Supply","publisher":{"@id":"https:\/\/hokageek.com\/#organization"},"potentialAction":[{"@type":"SearchAction","target":{"@type":"EntryPoint","urlTemplate":"https:\/\/hokageek.com\/?s={search_term_string}"},"query-input":{"@type":"PropertyValueSpecification","valueRequired":true,"valueName":"search_term_string"}}],"inLanguage":"en-US"},{"@type":"Organization","@id":"https:\/\/hokageek.com\/#organization","name":"Hokageek","url":"https:\/\/hokageek.com\/","logo":{"@type":"ImageObject","inLanguage":"en-US","@id":"https:\/\/hokageek.com\/#\/schema\/logo\/image\/","url":"https:\/\/hokageek.com\/wp-content\/uploads\/2019\/01\/HOKAGEEK-V2.jpg","contentUrl":"https:\/\/hokageek.com\/wp-content\/uploads\/2019\/01\/HOKAGEEK-V2.jpg","width":500,"height":500,"caption":"Hokageek"},"image":{"@id":"https:\/\/hokageek.com\/#\/schema\/logo\/image\/"},"sameAs":["https:\/\/www.facebook.com\/Sensei.Hokageek\/","https:\/\/x.com\/SenseiHokageek","https:\/\/www.instagram.com\/Sensei_Hokageek\/","https:\/\/www.pinterest.fr\/Hokageek\/","https:\/\/www.youtube.com\/channel\/UC4ZjqTXF0MThDBaUnjIRpWA\/"]}]}},"_links":{"self":[{"href":"https:\/\/hokageek.com\/en\/wp-json\/wp\/v2\/product\/415","targetHints":{"allow":["GET"]}}],"collection":[{"href":"https:\/\/hokageek.com\/en\/wp-json\/wp\/v2\/product"}],"about":[{"href":"https:\/\/hokageek.com\/en\/wp-json\/wp\/v2\/types\/product"}],"replies":[{"embeddable":true,"href":"https:\/\/hokageek.com\/en\/wp-json\/wp\/v2\/comments?post=415"}],"wp:featuredmedia":[{"embeddable":true,"href":"https:\/\/hokageek.com\/en\/wp-json\/wp\/v2\/media\/418"}],"wp:attachment":[{"href":"https:\/\/hokageek.com\/en\/wp-json\/wp\/v2\/media?parent=415"}],"wp:term":[{"taxonomy":"product_brand","embeddable":true,"href":"https:\/\/hokageek.com\/en\/wp-json\/wp\/v2\/product_brand?post=415"},{"taxonomy":"product_cat","embeddable":true,"href":"https:\/\/hokageek.com\/en\/wp-json\/wp\/v2\/product_cat?post=415"},{"taxonomy":"product_tag","embeddable":true,"href":"https:\/\/hokageek.com\/en\/wp-json\/wp\/v2\/product_tag?post=415"}],"curies":[{"name":"wp","href":"https:\/\/api.w.org\/{rel}","templated":true}]}}