{"id":4274,"date":"2019-05-03T17:24:28","date_gmt":"2019-05-03T15:24:28","guid":{"rendered":"https:\/\/hokageek.com\/produit\/shfiguarts-body-kun-body-chan-body-chan-body-kun-grey-color-ver-black-pvc-action-figure-collectible-model-toy\/"},"modified":"2022-06-24T07:49:36","modified_gmt":"2022-06-24T05:49:36","slug":"figurines-body-kun-et-body-chan-pour-la-pratique-du-dessin","status":"publish","type":"product","link":"https:\/\/hokageek.com\/en\/boutique\/figurines-body-kun-et-body-chan-pour-la-pratique-du-dessin\/","title":{"rendered":"Figurine Body Kun ou Body Chan pour la pratique du dessin"},"content":{"rendered":"<p>La figurine Body Kun est une figurine articul\u00e9e qui peut adopter diff\u00e9rents types de postures.<\/p>\n<p>Elle poss\u00e8de des articulations flexibles, des mains rempla\u00e7ables et des accessoires interchangeables.<\/p>\n<p>Modeler la figurine Body Kun sous diff\u00e9rents angles de vue pour donner libre cours a votre cr\u00e9ativit\u00e9.<\/p>\n<p>Un outil Id\u00e9al pour ceux qui veulent pratiquer et se perfectionner dans le dessin, la peinture et la prise de photo.<\/p>\n<p>Fabrication en PVC, ce jouet se caract\u00e9rise par sa douceur et sa surface lisse<\/p>\n<p>Taille: 15cm<\/p>\n<p>Mod\u00e8le de figurine au choix :<\/p>\n<ul>\n<li>Body Kun (Masculin)<\/li>\n<li>Body Chan (F\u00e9minin)<\/li>\n<\/ul>\n<p>Fan de manga de comics ou de dessin, cet article est fait pour vous.<\/p>\n<p>&nbsp;<\/p>\n<p>&nbsp;<\/p>\n<p>&nbsp;<\/p>\n<p>&nbsp;<\/p>\n<p>&nbsp;<\/p>\n<p>&nbsp;<\/p>\n<p>&nbsp;<\/p>\n<p>&nbsp;<\/p>\n<p>&nbsp;<\/p>\n<p>&nbsp;<\/p>\n<p>&nbsp;<\/p>","protected":false},"excerpt":{"rendered":"<p>La figurine Body Kun est une figurine articul\u00e9e qui peut adopter diff\u00e9rents types de postures. Elle poss\u00e8de des articulations flexibles, des mains rempla\u00e7ables et des accessoires interchangeables. Modeler la figurine Body Kun sous diff\u00e9rents angles de vue pour donner libre cours a votre cr\u00e9ativit\u00e9. Un outil Id\u00e9al pour ceux qui veulent pratiquer et se perfectionner [&#8230;]","protected":false},"featured_media":4300,"comment_status":"open","ping_status":"closed","template":"","meta":[],"product_brand":[],"product_cat":[286,450],"product_tag":[],"class_list":{"0":"post-4274","1":"product","2":"type-product","3":"status-publish","4":"has-post-thumbnail","6":"product_cat-insolite","7":"product_cat-jeux-jouets-loisirs","9":"first","10":"outofstock","11":"taxable","12":"shipping-taxable","13":"purchasable","14":"product-type-variable"},"yoast_head":"<!-- This site is optimized with the Yoast SEO plugin v25.1 - https:\/\/yoast.com\/wordpress\/plugins\/seo\/ -->\n<title>Figurine Body Kun ou Body Chan pour la pratique du dessin - Hokageek<\/title>\n<meta name=\"description\" content=\"La figurine Body Kun est une figurine articul\u00e9e qui peut adopter diff\u00e9rents types de postures. Elle poss\u00e8de des articulations flexibles, des mains\" \/>\n<meta name=\"robots\" content=\"index, follow, max-snippet:-1, max-image-preview:large, max-video-preview:-1\" \/>\n<link rel=\"canonical\" href=\"https:\/\/hokageek.com\/en\/boutique\/figurines-body-kun-et-body-chan-pour-la-pratique-du-dessin\/\" \/>\n<meta property=\"og:locale\" content=\"en_US\" \/>\n<meta property=\"og:type\" content=\"article\" \/>\n<meta property=\"og:title\" content=\"Figurine Body Kun ou Body Chan pour la pratique du dessin - Hokageek\" \/>\n<meta property=\"og:description\" content=\"La figurine Body Kun est une figurine articul\u00e9e qui peut adopter diff\u00e9rents types de postures. Elle poss\u00e8de des articulations flexibles, des mains\" \/>\n<meta property=\"og:url\" content=\"https:\/\/hokageek.com\/en\/boutique\/figurines-body-kun-et-body-chan-pour-la-pratique-du-dessin\/\" \/>\n<meta property=\"og:site_name\" content=\"Hokageek\" \/>\n<meta property=\"article:publisher\" content=\"https:\/\/www.facebook.com\/Sensei.Hokageek\/\" \/>\n<meta property=\"article:modified_time\" content=\"2022-06-24T05:49:36+00:00\" \/>\n<meta property=\"og:image\" content=\"https:\/\/e9sxhjoopfu.exactdn.com\/wp-content\/uploads\/2019\/05\/4274-fdb2fd.jpeg?strip=all&lossy=1&ssl=1\" \/>\n\t<meta property=\"og:image:width\" content=\"800\" \/>\n\t<meta property=\"og:image:height\" content=\"800\" \/>\n\t<meta property=\"og:image:type\" content=\"image\/jpeg\" \/>\n<meta name=\"twitter:card\" content=\"summary_large_image\" \/>\n<meta name=\"twitter:site\" content=\"@SenseiHokageek\" \/>\n<meta name=\"twitter:label1\" content=\"Est. reading time\" \/>\n\t<meta name=\"twitter:data1\" content=\"1 minute\" \/>\n<script type=\"application\/ld+json\" class=\"yoast-schema-graph\">{\"@context\":\"https:\/\/schema.org\",\"@graph\":[{\"@type\":\"WebPage\",\"@id\":\"https:\/\/hokageek.com\/boutique\/figurines-body-kun-et-body-chan-pour-la-pratique-du-dessin\/\",\"url\":\"https:\/\/hokageek.com\/boutique\/figurines-body-kun-et-body-chan-pour-la-pratique-du-dessin\/\",\"name\":\"Figurine Body Kun ou Body Chan pour la pratique du dessin - Hokageek\",\"isPartOf\":{\"@id\":\"https:\/\/hokageek.com\/#website\"},\"primaryImageOfPage\":{\"@id\":\"https:\/\/hokageek.com\/boutique\/figurines-body-kun-et-body-chan-pour-la-pratique-du-dessin\/#primaryimage\"},\"image\":{\"@id\":\"https:\/\/hokageek.com\/boutique\/figurines-body-kun-et-body-chan-pour-la-pratique-du-dessin\/#primaryimage\"},\"thumbnailUrl\":\"https:\/\/e9sxhjoopfu.exactdn.com\/wp-content\/uploads\/2019\/05\/4274-fdb2fd.jpeg?strip=all&lossy=1&ssl=1\",\"datePublished\":\"2019-05-03T15:24:28+00:00\",\"dateModified\":\"2022-06-24T05:49:36+00:00\",\"description\":\"La figurine Body Kun est une figurine articul\u00e9e qui peut adopter diff\u00e9rents types de postures. Elle poss\u00e8de des articulations flexibles, des mains\",\"breadcrumb\":{\"@id\":\"https:\/\/hokageek.com\/boutique\/figurines-body-kun-et-body-chan-pour-la-pratique-du-dessin\/#breadcrumb\"},\"inLanguage\":\"en-US\",\"potentialAction\":[{\"@type\":\"ReadAction\",\"target\":[\"https:\/\/hokageek.com\/boutique\/figurines-body-kun-et-body-chan-pour-la-pratique-du-dessin\/\"]}]},{\"@type\":\"ImageObject\",\"inLanguage\":\"en-US\",\"@id\":\"https:\/\/hokageek.com\/boutique\/figurines-body-kun-et-body-chan-pour-la-pratique-du-dessin\/#primaryimage\",\"url\":\"https:\/\/e9sxhjoopfu.exactdn.com\/wp-content\/uploads\/2019\/05\/4274-fdb2fd.jpeg?strip=all&lossy=1&ssl=1\",\"contentUrl\":\"https:\/\/e9sxhjoopfu.exactdn.com\/wp-content\/uploads\/2019\/05\/4274-fdb2fd.jpeg?strip=all&lossy=1&ssl=1\",\"width\":800,\"height\":800,\"caption\":\"Figurine Body Kun ou Body Chan pour la pratique du dessin\"},{\"@type\":\"BreadcrumbList\",\"@id\":\"https:\/\/hokageek.com\/boutique\/figurines-body-kun-et-body-chan-pour-la-pratique-du-dessin\/#breadcrumb\",\"itemListElement\":[{\"@type\":\"ListItem\",\"position\":1,\"name\":\"Accueil\",\"item\":\"https:\/\/hokageek.com\/\"},{\"@type\":\"ListItem\",\"position\":2,\"name\":\"Boutique\",\"item\":\"https:\/\/hokageek.com\/boutique\/\"},{\"@type\":\"ListItem\",\"position\":3,\"name\":\"Figurine Body Kun ou Body Chan pour la pratique du dessin\"}]},{\"@type\":\"WebSite\",\"@id\":\"https:\/\/hokageek.com\/#website\",\"url\":\"https:\/\/hokageek.com\/\",\"name\":\"Hokageek\",\"description\":\"Geek Supply\",\"publisher\":{\"@id\":\"https:\/\/hokageek.com\/#organization\"},\"potentialAction\":[{\"@type\":\"SearchAction\",\"target\":{\"@type\":\"EntryPoint\",\"urlTemplate\":\"https:\/\/hokageek.com\/?s={search_term_string}\"},\"query-input\":{\"@type\":\"PropertyValueSpecification\",\"valueRequired\":true,\"valueName\":\"search_term_string\"}}],\"inLanguage\":\"en-US\"},{\"@type\":\"Organization\",\"@id\":\"https:\/\/hokageek.com\/#organization\",\"name\":\"Hokageek\",\"url\":\"https:\/\/hokageek.com\/\",\"logo\":{\"@type\":\"ImageObject\",\"inLanguage\":\"en-US\",\"@id\":\"https:\/\/hokageek.com\/#\/schema\/logo\/image\/\",\"url\":\"https:\/\/hokageek.com\/wp-content\/uploads\/2019\/01\/HOKAGEEK-V2.jpg\",\"contentUrl\":\"https:\/\/hokageek.com\/wp-content\/uploads\/2019\/01\/HOKAGEEK-V2.jpg\",\"width\":500,\"height\":500,\"caption\":\"Hokageek\"},\"image\":{\"@id\":\"https:\/\/hokageek.com\/#\/schema\/logo\/image\/\"},\"sameAs\":[\"https:\/\/www.facebook.com\/Sensei.Hokageek\/\",\"https:\/\/x.com\/SenseiHokageek\",\"https:\/\/www.instagram.com\/Sensei_Hokageek\/\",\"https:\/\/www.pinterest.fr\/Hokageek\/\",\"https:\/\/www.youtube.com\/channel\/UC4ZjqTXF0MThDBaUnjIRpWA\/\"]}]}<\/script>\n<!-- \/ Yoast SEO plugin. -->","yoast_head_json":{"title":"Figurine Body Kun ou Body Chan pour la pratique du dessin - Hokageek","description":"La figurine Body Kun est une figurine articul\u00e9e qui peut adopter diff\u00e9rents types de postures. Elle poss\u00e8de des articulations flexibles, des mains","robots":{"index":"index","follow":"follow","max-snippet":"max-snippet:-1","max-image-preview":"max-image-preview:large","max-video-preview":"max-video-preview:-1"},"canonical":"https:\/\/hokageek.com\/en\/boutique\/figurines-body-kun-et-body-chan-pour-la-pratique-du-dessin\/","og_locale":"en_US","og_type":"article","og_title":"Figurine Body Kun ou Body Chan pour la pratique du dessin - Hokageek","og_description":"La figurine Body Kun est une figurine articul\u00e9e qui peut adopter diff\u00e9rents types de postures. Elle poss\u00e8de des articulations flexibles, des mains","og_url":"https:\/\/hokageek.com\/en\/boutique\/figurines-body-kun-et-body-chan-pour-la-pratique-du-dessin\/","og_site_name":"Hokageek","article_publisher":"https:\/\/www.facebook.com\/Sensei.Hokageek\/","article_modified_time":"2022-06-24T05:49:36+00:00","og_image":[{"width":800,"height":800,"url":"https:\/\/e9sxhjoopfu.exactdn.com\/wp-content\/uploads\/2019\/05\/4274-fdb2fd.jpeg?strip=all&lossy=1&ssl=1","type":"image\/jpeg"}],"twitter_card":"summary_large_image","twitter_site":"@SenseiHokageek","twitter_misc":{"Est. reading time":"1 minute"},"schema":{"@context":"https:\/\/schema.org","@graph":[{"@type":"WebPage","@id":"https:\/\/hokageek.com\/boutique\/figurines-body-kun-et-body-chan-pour-la-pratique-du-dessin\/","url":"https:\/\/hokageek.com\/boutique\/figurines-body-kun-et-body-chan-pour-la-pratique-du-dessin\/","name":"Figurine Body Kun ou Body Chan pour la pratique du dessin - Hokageek","isPartOf":{"@id":"https:\/\/hokageek.com\/#website"},"primaryImageOfPage":{"@id":"https:\/\/hokageek.com\/boutique\/figurines-body-kun-et-body-chan-pour-la-pratique-du-dessin\/#primaryimage"},"image":{"@id":"https:\/\/hokageek.com\/boutique\/figurines-body-kun-et-body-chan-pour-la-pratique-du-dessin\/#primaryimage"},"thumbnailUrl":"https:\/\/e9sxhjoopfu.exactdn.com\/wp-content\/uploads\/2019\/05\/4274-fdb2fd.jpeg?strip=all&lossy=1&ssl=1","datePublished":"2019-05-03T15:24:28+00:00","dateModified":"2022-06-24T05:49:36+00:00","description":"La figurine Body Kun est une figurine articul\u00e9e qui peut adopter diff\u00e9rents types de postures. Elle poss\u00e8de des articulations flexibles, des mains","breadcrumb":{"@id":"https:\/\/hokageek.com\/boutique\/figurines-body-kun-et-body-chan-pour-la-pratique-du-dessin\/#breadcrumb"},"inLanguage":"en-US","potentialAction":[{"@type":"ReadAction","target":["https:\/\/hokageek.com\/boutique\/figurines-body-kun-et-body-chan-pour-la-pratique-du-dessin\/"]}]},{"@type":"ImageObject","inLanguage":"en-US","@id":"https:\/\/hokageek.com\/boutique\/figurines-body-kun-et-body-chan-pour-la-pratique-du-dessin\/#primaryimage","url":"https:\/\/e9sxhjoopfu.exactdn.com\/wp-content\/uploads\/2019\/05\/4274-fdb2fd.jpeg?strip=all&lossy=1&ssl=1","contentUrl":"https:\/\/e9sxhjoopfu.exactdn.com\/wp-content\/uploads\/2019\/05\/4274-fdb2fd.jpeg?strip=all&lossy=1&ssl=1","width":800,"height":800,"caption":"Figurine Body Kun ou Body Chan pour la pratique du dessin"},{"@type":"BreadcrumbList","@id":"https:\/\/hokageek.com\/boutique\/figurines-body-kun-et-body-chan-pour-la-pratique-du-dessin\/#breadcrumb","itemListElement":[{"@type":"ListItem","position":1,"name":"Accueil","item":"https:\/\/hokageek.com\/"},{"@type":"ListItem","position":2,"name":"Boutique","item":"https:\/\/hokageek.com\/boutique\/"},{"@type":"ListItem","position":3,"name":"Figurine Body Kun ou Body Chan pour la pratique du dessin"}]},{"@type":"WebSite","@id":"https:\/\/hokageek.com\/#website","url":"https:\/\/hokageek.com\/","name":"Hokageek","description":"Geek Supply","publisher":{"@id":"https:\/\/hokageek.com\/#organization"},"potentialAction":[{"@type":"SearchAction","target":{"@type":"EntryPoint","urlTemplate":"https:\/\/hokageek.com\/?s={search_term_string}"},"query-input":{"@type":"PropertyValueSpecification","valueRequired":true,"valueName":"search_term_string"}}],"inLanguage":"en-US"},{"@type":"Organization","@id":"https:\/\/hokageek.com\/#organization","name":"Hokageek","url":"https:\/\/hokageek.com\/","logo":{"@type":"ImageObject","inLanguage":"en-US","@id":"https:\/\/hokageek.com\/#\/schema\/logo\/image\/","url":"https:\/\/hokageek.com\/wp-content\/uploads\/2019\/01\/HOKAGEEK-V2.jpg","contentUrl":"https:\/\/hokageek.com\/wp-content\/uploads\/2019\/01\/HOKAGEEK-V2.jpg","width":500,"height":500,"caption":"Hokageek"},"image":{"@id":"https:\/\/hokageek.com\/#\/schema\/logo\/image\/"},"sameAs":["https:\/\/www.facebook.com\/Sensei.Hokageek\/","https:\/\/x.com\/SenseiHokageek","https:\/\/www.instagram.com\/Sensei_Hokageek\/","https:\/\/www.pinterest.fr\/Hokageek\/","https:\/\/www.youtube.com\/channel\/UC4ZjqTXF0MThDBaUnjIRpWA\/"]}]}},"_links":{"self":[{"href":"https:\/\/hokageek.com\/en\/wp-json\/wp\/v2\/product\/4274","targetHints":{"allow":["GET"]}}],"collection":[{"href":"https:\/\/hokageek.com\/en\/wp-json\/wp\/v2\/product"}],"about":[{"href":"https:\/\/hokageek.com\/en\/wp-json\/wp\/v2\/types\/product"}],"replies":[{"embeddable":true,"href":"https:\/\/hokageek.com\/en\/wp-json\/wp\/v2\/comments?post=4274"}],"wp:featuredmedia":[{"embeddable":true,"href":"https:\/\/hokageek.com\/en\/wp-json\/wp\/v2\/media\/4300"}],"wp:attachment":[{"href":"https:\/\/hokageek.com\/en\/wp-json\/wp\/v2\/media?parent=4274"}],"wp:term":[{"taxonomy":"product_brand","embeddable":true,"href":"https:\/\/hokageek.com\/en\/wp-json\/wp\/v2\/product_brand?post=4274"},{"taxonomy":"product_cat","embeddable":true,"href":"https:\/\/hokageek.com\/en\/wp-json\/wp\/v2\/product_cat?post=4274"},{"taxonomy":"product_tag","embeddable":true,"href":"https:\/\/hokageek.com\/en\/wp-json\/wp\/v2\/product_tag?post=4274"}],"curies":[{"name":"wp","href":"https:\/\/api.w.org\/{rel}","templated":true}]}}