{"id":4361,"date":"2019-05-04T08:36:44","date_gmt":"2019-05-04T07:36:44","guid":{"rendered":"https:\/\/hokageek.com\/produit\/1-piece-shiba-inu-dog-plush-stuffed-toys-super-soft-baby-dog-plush-pillow-dog-ass-pillow-childrens-toys-girl-gift\/"},"modified":"2022-12-05T16:43:42","modified_gmt":"2022-12-05T14:43:42","slug":"coussin-confort-en-peluche-shiba-inu","status":"publish","type":"product","link":"https:\/\/hokageek.com\/en\/boutique\/coussin-confort-en-peluche-shiba-inu\/","title":{"rendered":"Coussin confort en peluche Shiba Inu"},"content":{"rendered":"<p><span class=\"a-list-item\">Ce coussin en peluche repr\u00e9sentant un adorable chien Shiba Inu sera votre nouveau partenaire id\u00e9al dans votre quotidien.<\/span><\/p>\n<p><span class=\"a-list-item\">La Peluche est confortable au toucher avec des finitions de haute qualit\u00e9 et mesure 30 cm.<\/span><\/p>\n<p><span class=\"a-list-item\">Utilisation comme oreiller, coussin ou peluche selon la situation.<\/span><\/p>\n<p><span class=\"a-list-item\">\u00a0<\/span><span class=\"a-list-item\">Convient pour les chambres, les salons, les maisons, les bureaux, les lits d&rsquo;enfants et chaque endroit que vous aimez.<\/span><\/p>\n<p><span class=\"a-list-item\">Un cadeau magnifique pour votre b\u00e9b\u00e9, votre conjointe ou vos amis.<\/span><\/p>","protected":false},"excerpt":{"rendered":"<p>Ce coussin en peluche repr\u00e9sentant un adorable chien Shiba Inu sera votre nouveau partenaire id\u00e9al dans votre quotidien. La Peluche est confortable au toucher avec des finitions de haute qualit\u00e9 et mesure 30 cm. Utilisation comme oreiller, coussin ou peluche selon la situation. \u00a0Convient pour les chambres, les salons, les maisons, les bureaux, les lits [&#8230;]","protected":false},"featured_media":4371,"comment_status":"open","ping_status":"closed","template":"","meta":[],"product_brand":[],"product_cat":[283],"product_tag":[],"class_list":{"0":"post-4361","1":"product","2":"type-product","3":"status-publish","4":"has-post-thumbnail","6":"product_cat-decoration-et-maison","8":"first","9":"outofstock","10":"taxable","11":"shipping-taxable","12":"purchasable","13":"product-type-simple"},"yoast_head":"<!-- This site is optimized with the Yoast SEO plugin v25.1 - https:\/\/yoast.com\/wordpress\/plugins\/seo\/ -->\n<title>Coussin confort en peluche Shiba Inu - Hokageek<\/title>\n<meta name=\"description\" content=\"Ce coussin en peluche repr\u00e9sentant un adorable chien Shiba Inu sera votre nouveau partenaire id\u00e9al dans votre quotidien. La Peluche est confortable au\" \/>\n<meta name=\"robots\" content=\"index, follow, max-snippet:-1, max-image-preview:large, max-video-preview:-1\" \/>\n<link rel=\"canonical\" href=\"https:\/\/hokageek.com\/en\/boutique\/coussin-confort-en-peluche-shiba-inu\/\" \/>\n<meta property=\"og:locale\" content=\"en_US\" \/>\n<meta property=\"og:type\" content=\"article\" \/>\n<meta property=\"og:title\" content=\"Coussin confort en peluche Shiba Inu - Hokageek\" \/>\n<meta property=\"og:description\" content=\"Ce coussin en peluche repr\u00e9sentant un adorable chien Shiba Inu sera votre nouveau partenaire id\u00e9al dans votre quotidien. La Peluche est confortable au\" \/>\n<meta property=\"og:url\" content=\"https:\/\/hokageek.com\/en\/boutique\/coussin-confort-en-peluche-shiba-inu\/\" \/>\n<meta property=\"og:site_name\" content=\"Hokageek\" \/>\n<meta property=\"article:publisher\" content=\"https:\/\/www.facebook.com\/Sensei.Hokageek\/\" \/>\n<meta property=\"article:modified_time\" content=\"2022-12-05T14:43:42+00:00\" \/>\n<meta property=\"og:image\" content=\"https:\/\/e9sxhjoopfu.exactdn.com\/wp-content\/uploads\/https:\/\/ae01.alicdn.com\/kf\/HTB1iSatmKOSBuNjy0Fdq6zDnVXao\/1-PIECE-Shiba-Inu-dog-Plush-Stuffed-Toys-Super-Soft-baby-Dog-plush-Pillow-Dog-Ass.jpg?strip=all&lossy=1&ssl=1\" \/>\n\t<meta property=\"og:image:width\" content=\"800\" \/>\n\t<meta property=\"og:image:height\" content=\"800\" \/>\n\t<meta property=\"og:image:type\" content=\"image\/jpeg\" \/>\n<meta name=\"twitter:card\" content=\"summary_large_image\" \/>\n<meta name=\"twitter:site\" content=\"@SenseiHokageek\" \/>\n<meta name=\"twitter:label1\" content=\"Est. reading time\" \/>\n\t<meta name=\"twitter:data1\" content=\"1 minute\" \/>\n<script type=\"application\/ld+json\" class=\"yoast-schema-graph\">{\"@context\":\"https:\/\/schema.org\",\"@graph\":[{\"@type\":\"WebPage\",\"@id\":\"https:\/\/hokageek.com\/boutique\/coussin-confort-en-peluche-shiba-inu\/\",\"url\":\"https:\/\/hokageek.com\/boutique\/coussin-confort-en-peluche-shiba-inu\/\",\"name\":\"Coussin confort en peluche Shiba Inu - Hokageek\",\"isPartOf\":{\"@id\":\"https:\/\/hokageek.com\/#website\"},\"primaryImageOfPage\":{\"@id\":\"https:\/\/hokageek.com\/boutique\/coussin-confort-en-peluche-shiba-inu\/#primaryimage\"},\"image\":{\"@id\":\"https:\/\/hokageek.com\/boutique\/coussin-confort-en-peluche-shiba-inu\/#primaryimage\"},\"thumbnailUrl\":\"https:\/\/e9sxhjoopfu.exactdn.com\/wp-content\/uploads\/https:\/\/ae01.alicdn.com\/kf\/HTB1iSatmKOSBuNjy0Fdq6zDnVXao\/1-PIECE-Shiba-Inu-dog-Plush-Stuffed-Toys-Super-Soft-baby-Dog-plush-Pillow-Dog-Ass.jpg?strip=all&lossy=1&ssl=1\",\"datePublished\":\"2019-05-04T07:36:44+00:00\",\"dateModified\":\"2022-12-05T14:43:42+00:00\",\"description\":\"Ce coussin en peluche repr\u00e9sentant un adorable chien Shiba Inu sera votre nouveau partenaire id\u00e9al dans votre quotidien. La Peluche est confortable au\",\"breadcrumb\":{\"@id\":\"https:\/\/hokageek.com\/boutique\/coussin-confort-en-peluche-shiba-inu\/#breadcrumb\"},\"inLanguage\":\"en-US\",\"potentialAction\":[{\"@type\":\"ReadAction\",\"target\":[\"https:\/\/hokageek.com\/boutique\/coussin-confort-en-peluche-shiba-inu\/\"]}]},{\"@type\":\"ImageObject\",\"inLanguage\":\"en-US\",\"@id\":\"https:\/\/hokageek.com\/boutique\/coussin-confort-en-peluche-shiba-inu\/#primaryimage\",\"url\":\"https:\/\/e9sxhjoopfu.exactdn.com\/wp-content\/uploads\/https:\/\/ae01.alicdn.com\/kf\/HTB1iSatmKOSBuNjy0Fdq6zDnVXao\/1-PIECE-Shiba-Inu-dog-Plush-Stuffed-Toys-Super-Soft-baby-Dog-plush-Pillow-Dog-Ass.jpg?strip=all&lossy=1&ssl=1\",\"contentUrl\":\"https:\/\/e9sxhjoopfu.exactdn.com\/wp-content\/uploads\/https:\/\/ae01.alicdn.com\/kf\/HTB1iSatmKOSBuNjy0Fdq6zDnVXao\/1-PIECE-Shiba-Inu-dog-Plush-Stuffed-Toys-Super-Soft-baby-Dog-plush-Pillow-Dog-Ass.jpg?strip=all&lossy=1&ssl=1\",\"width\":800,\"height\":800,\"caption\":\"Coussin Confort Shiba Inu\"},{\"@type\":\"BreadcrumbList\",\"@id\":\"https:\/\/hokageek.com\/boutique\/coussin-confort-en-peluche-shiba-inu\/#breadcrumb\",\"itemListElement\":[{\"@type\":\"ListItem\",\"position\":1,\"name\":\"Accueil\",\"item\":\"https:\/\/hokageek.com\/\"},{\"@type\":\"ListItem\",\"position\":2,\"name\":\"Boutique\",\"item\":\"https:\/\/hokageek.com\/boutique\/\"},{\"@type\":\"ListItem\",\"position\":3,\"name\":\"Coussin confort en peluche Shiba Inu\"}]},{\"@type\":\"WebSite\",\"@id\":\"https:\/\/hokageek.com\/#website\",\"url\":\"https:\/\/hokageek.com\/\",\"name\":\"Hokageek\",\"description\":\"Geek Supply\",\"publisher\":{\"@id\":\"https:\/\/hokageek.com\/#organization\"},\"potentialAction\":[{\"@type\":\"SearchAction\",\"target\":{\"@type\":\"EntryPoint\",\"urlTemplate\":\"https:\/\/hokageek.com\/?s={search_term_string}\"},\"query-input\":{\"@type\":\"PropertyValueSpecification\",\"valueRequired\":true,\"valueName\":\"search_term_string\"}}],\"inLanguage\":\"en-US\"},{\"@type\":\"Organization\",\"@id\":\"https:\/\/hokageek.com\/#organization\",\"name\":\"Hokageek\",\"url\":\"https:\/\/hokageek.com\/\",\"logo\":{\"@type\":\"ImageObject\",\"inLanguage\":\"en-US\",\"@id\":\"https:\/\/hokageek.com\/#\/schema\/logo\/image\/\",\"url\":\"https:\/\/hokageek.com\/wp-content\/uploads\/2019\/01\/HOKAGEEK-V2.jpg\",\"contentUrl\":\"https:\/\/hokageek.com\/wp-content\/uploads\/2019\/01\/HOKAGEEK-V2.jpg\",\"width\":500,\"height\":500,\"caption\":\"Hokageek\"},\"image\":{\"@id\":\"https:\/\/hokageek.com\/#\/schema\/logo\/image\/\"},\"sameAs\":[\"https:\/\/www.facebook.com\/Sensei.Hokageek\/\",\"https:\/\/x.com\/SenseiHokageek\",\"https:\/\/www.instagram.com\/Sensei_Hokageek\/\",\"https:\/\/www.pinterest.fr\/Hokageek\/\",\"https:\/\/www.youtube.com\/channel\/UC4ZjqTXF0MThDBaUnjIRpWA\/\"]}]}<\/script>\n<!-- \/ Yoast SEO plugin. -->","yoast_head_json":{"title":"Coussin confort en peluche Shiba Inu - Hokageek","description":"Ce coussin en peluche repr\u00e9sentant un adorable chien Shiba Inu sera votre nouveau partenaire id\u00e9al dans votre quotidien. La Peluche est confortable au","robots":{"index":"index","follow":"follow","max-snippet":"max-snippet:-1","max-image-preview":"max-image-preview:large","max-video-preview":"max-video-preview:-1"},"canonical":"https:\/\/hokageek.com\/en\/boutique\/coussin-confort-en-peluche-shiba-inu\/","og_locale":"en_US","og_type":"article","og_title":"Coussin confort en peluche Shiba Inu - Hokageek","og_description":"Ce coussin en peluche repr\u00e9sentant un adorable chien Shiba Inu sera votre nouveau partenaire id\u00e9al dans votre quotidien. La Peluche est confortable au","og_url":"https:\/\/hokageek.com\/en\/boutique\/coussin-confort-en-peluche-shiba-inu\/","og_site_name":"Hokageek","article_publisher":"https:\/\/www.facebook.com\/Sensei.Hokageek\/","article_modified_time":"2022-12-05T14:43:42+00:00","og_image":[{"width":800,"height":800,"url":"https:\/\/e9sxhjoopfu.exactdn.com\/wp-content\/uploads\/https:\/\/ae01.alicdn.com\/kf\/HTB1iSatmKOSBuNjy0Fdq6zDnVXao\/1-PIECE-Shiba-Inu-dog-Plush-Stuffed-Toys-Super-Soft-baby-Dog-plush-Pillow-Dog-Ass.jpg?strip=all&lossy=1&ssl=1","type":"image\/jpeg"}],"twitter_card":"summary_large_image","twitter_site":"@SenseiHokageek","twitter_misc":{"Est. reading time":"1 minute"},"schema":{"@context":"https:\/\/schema.org","@graph":[{"@type":"WebPage","@id":"https:\/\/hokageek.com\/boutique\/coussin-confort-en-peluche-shiba-inu\/","url":"https:\/\/hokageek.com\/boutique\/coussin-confort-en-peluche-shiba-inu\/","name":"Coussin confort en peluche Shiba Inu - Hokageek","isPartOf":{"@id":"https:\/\/hokageek.com\/#website"},"primaryImageOfPage":{"@id":"https:\/\/hokageek.com\/boutique\/coussin-confort-en-peluche-shiba-inu\/#primaryimage"},"image":{"@id":"https:\/\/hokageek.com\/boutique\/coussin-confort-en-peluche-shiba-inu\/#primaryimage"},"thumbnailUrl":"https:\/\/e9sxhjoopfu.exactdn.com\/wp-content\/uploads\/https:\/\/ae01.alicdn.com\/kf\/HTB1iSatmKOSBuNjy0Fdq6zDnVXao\/1-PIECE-Shiba-Inu-dog-Plush-Stuffed-Toys-Super-Soft-baby-Dog-plush-Pillow-Dog-Ass.jpg?strip=all&lossy=1&ssl=1","datePublished":"2019-05-04T07:36:44+00:00","dateModified":"2022-12-05T14:43:42+00:00","description":"Ce coussin en peluche repr\u00e9sentant un adorable chien Shiba Inu sera votre nouveau partenaire id\u00e9al dans votre quotidien. La Peluche est confortable au","breadcrumb":{"@id":"https:\/\/hokageek.com\/boutique\/coussin-confort-en-peluche-shiba-inu\/#breadcrumb"},"inLanguage":"en-US","potentialAction":[{"@type":"ReadAction","target":["https:\/\/hokageek.com\/boutique\/coussin-confort-en-peluche-shiba-inu\/"]}]},{"@type":"ImageObject","inLanguage":"en-US","@id":"https:\/\/hokageek.com\/boutique\/coussin-confort-en-peluche-shiba-inu\/#primaryimage","url":"https:\/\/e9sxhjoopfu.exactdn.com\/wp-content\/uploads\/https:\/\/ae01.alicdn.com\/kf\/HTB1iSatmKOSBuNjy0Fdq6zDnVXao\/1-PIECE-Shiba-Inu-dog-Plush-Stuffed-Toys-Super-Soft-baby-Dog-plush-Pillow-Dog-Ass.jpg?strip=all&lossy=1&ssl=1","contentUrl":"https:\/\/e9sxhjoopfu.exactdn.com\/wp-content\/uploads\/https:\/\/ae01.alicdn.com\/kf\/HTB1iSatmKOSBuNjy0Fdq6zDnVXao\/1-PIECE-Shiba-Inu-dog-Plush-Stuffed-Toys-Super-Soft-baby-Dog-plush-Pillow-Dog-Ass.jpg?strip=all&lossy=1&ssl=1","width":800,"height":800,"caption":"Coussin Confort Shiba Inu"},{"@type":"BreadcrumbList","@id":"https:\/\/hokageek.com\/boutique\/coussin-confort-en-peluche-shiba-inu\/#breadcrumb","itemListElement":[{"@type":"ListItem","position":1,"name":"Accueil","item":"https:\/\/hokageek.com\/"},{"@type":"ListItem","position":2,"name":"Boutique","item":"https:\/\/hokageek.com\/boutique\/"},{"@type":"ListItem","position":3,"name":"Coussin confort en peluche Shiba Inu"}]},{"@type":"WebSite","@id":"https:\/\/hokageek.com\/#website","url":"https:\/\/hokageek.com\/","name":"Hokageek","description":"Geek Supply","publisher":{"@id":"https:\/\/hokageek.com\/#organization"},"potentialAction":[{"@type":"SearchAction","target":{"@type":"EntryPoint","urlTemplate":"https:\/\/hokageek.com\/?s={search_term_string}"},"query-input":{"@type":"PropertyValueSpecification","valueRequired":true,"valueName":"search_term_string"}}],"inLanguage":"en-US"},{"@type":"Organization","@id":"https:\/\/hokageek.com\/#organization","name":"Hokageek","url":"https:\/\/hokageek.com\/","logo":{"@type":"ImageObject","inLanguage":"en-US","@id":"https:\/\/hokageek.com\/#\/schema\/logo\/image\/","url":"https:\/\/hokageek.com\/wp-content\/uploads\/2019\/01\/HOKAGEEK-V2.jpg","contentUrl":"https:\/\/hokageek.com\/wp-content\/uploads\/2019\/01\/HOKAGEEK-V2.jpg","width":500,"height":500,"caption":"Hokageek"},"image":{"@id":"https:\/\/hokageek.com\/#\/schema\/logo\/image\/"},"sameAs":["https:\/\/www.facebook.com\/Sensei.Hokageek\/","https:\/\/x.com\/SenseiHokageek","https:\/\/www.instagram.com\/Sensei_Hokageek\/","https:\/\/www.pinterest.fr\/Hokageek\/","https:\/\/www.youtube.com\/channel\/UC4ZjqTXF0MThDBaUnjIRpWA\/"]}]}},"_links":{"self":[{"href":"https:\/\/hokageek.com\/en\/wp-json\/wp\/v2\/product\/4361","targetHints":{"allow":["GET"]}}],"collection":[{"href":"https:\/\/hokageek.com\/en\/wp-json\/wp\/v2\/product"}],"about":[{"href":"https:\/\/hokageek.com\/en\/wp-json\/wp\/v2\/types\/product"}],"replies":[{"embeddable":true,"href":"https:\/\/hokageek.com\/en\/wp-json\/wp\/v2\/comments?post=4361"}],"wp:featuredmedia":[{"embeddable":true,"href":"https:\/\/hokageek.com\/en\/wp-json\/wp\/v2\/media\/4371"}],"wp:attachment":[{"href":"https:\/\/hokageek.com\/en\/wp-json\/wp\/v2\/media?parent=4361"}],"wp:term":[{"taxonomy":"product_brand","embeddable":true,"href":"https:\/\/hokageek.com\/en\/wp-json\/wp\/v2\/product_brand?post=4361"},{"taxonomy":"product_cat","embeddable":true,"href":"https:\/\/hokageek.com\/en\/wp-json\/wp\/v2\/product_cat?post=4361"},{"taxonomy":"product_tag","embeddable":true,"href":"https:\/\/hokageek.com\/en\/wp-json\/wp\/v2\/product_tag?post=4361"}],"curies":[{"name":"wp","href":"https:\/\/api.w.org\/{rel}","templated":true}]}}