{"id":4434,"date":"2019-05-04T11:07:32","date_gmt":"2019-05-04T10:07:32","guid":{"rendered":"https:\/\/hokageek.com\/produit\/salange-yg300-led-projector-600-lumen-3-5mm-audio-320x240-pixels-yg-300-hdmi-usb-mini-projector-home-media-player\/"},"modified":"2025-05-04T03:00:55","modified_gmt":"2025-05-04T01:00:55","slug":"mini-projecteur-de-poche","status":"publish","type":"product","link":"https:\/\/hokageek.com\/en\/boutique\/mini-projecteur-de-poche\/","title":{"rendered":"Mini Projecteur de poche"},"content":{"rendered":"<p class=\"a-spacing-base\"><span class=\"a-text-bold\">Ce Mini projecteur de poche est l&rsquo;appareil qu&rsquo;il vous faut pour projeter vos fichiers multim\u00e9dias comme vos vid\u00e9os ou vos photos.<\/span><\/p>\n<p class=\"a-spacing-base\">Il ne p\u00e8se que <span class=\"a-text-bold\">280g<\/span>. Tr\u00e8s lumineux et compacte. Il sera parfait dans votre poche, sac \u00e0 dos ou sac de voyage emporter le o\u00f9 bon vous semble.<\/p>\n<p>Id\u00e9al pour les d\u00e9placements, le camping les randonn\u00e9es..<\/p>\n<p><span class=\"a-list-item\"><span class=\"a-size-base a-color-secondary\">Type de lampe: LED<br \/>\n<\/span><\/span><span class=\"a-list-item\"><span class=\"a-size-base a-color-secondary\">Luminosit\u00e9: 600 Lumens<br \/>\n<\/span><\/span><span class=\"a-list-item\"><span class=\"a-size-base a-color-secondary\">Ratio de contraste: 800: 1<br \/>\n<\/span><\/span><span class=\"a-list-item\"><span class=\"a-size-base a-color-secondary\">Distance de projection: 0.8-2 m<br \/>\n<\/span><\/span><span class=\"a-list-item\"><span class=\"a-size-base a-color-secondary\">R\u00e9solution native: 320 x 240 pixels<br \/>\n<\/span><\/span><span class=\"a-list-item\"><span class=\"a-size-base a-color-secondary\">Connecteurs: AV, USB, carte SD, HDMI<\/span><\/span><\/p>","protected":false},"excerpt":{"rendered":"<p>Ce Mini projecteur de poche est l&rsquo;appareil qu&rsquo;il vous faut pour projeter vos fichiers multim\u00e9dias comme vos vid\u00e9os ou vos photos. Il ne p\u00e8se que 280g. Tr\u00e8s lumineux et compacte. Il sera parfait dans votre poche, sac \u00e0 dos ou sac de voyage emporter le o\u00f9 bon vous semble. Id\u00e9al pour les d\u00e9placements, le camping [&#8230;]","protected":false},"featured_media":4455,"comment_status":"open","ping_status":"closed","template":"","meta":[],"product_brand":[],"product_cat":[283,284],"product_tag":[],"class_list":{"0":"post-4434","1":"product","2":"type-product","3":"status-publish","4":"has-post-thumbnail","6":"product_cat-decoration-et-maison","7":"product_cat-urbain","9":"first","10":"instock","11":"taxable","12":"shipping-taxable","13":"purchasable","14":"product-type-simple"},"yoast_head":"<!-- This site is optimized with the Yoast SEO plugin v25.1 - https:\/\/yoast.com\/wordpress\/plugins\/seo\/ -->\n<title>Mini Projecteur de poche - Hokageek<\/title>\n<meta name=\"description\" content=\"Ce Mini projecteur de poche est l&#039;appareil qu&#039;il vous faut pour projeter vos fichiers multim\u00e9dias comme vos vid\u00e9os ou vos photos. Il ne p\u00e8se que 280g.\" \/>\n<meta name=\"robots\" content=\"index, follow, max-snippet:-1, max-image-preview:large, max-video-preview:-1\" \/>\n<link rel=\"canonical\" href=\"https:\/\/hokageek.com\/en\/boutique\/mini-projecteur-de-poche\/\" \/>\n<meta property=\"og:locale\" content=\"en_US\" \/>\n<meta property=\"og:type\" content=\"article\" \/>\n<meta property=\"og:title\" content=\"Mini Projecteur de poche - Hokageek\" \/>\n<meta property=\"og:description\" content=\"Ce Mini projecteur de poche est l&#039;appareil qu&#039;il vous faut pour projeter vos fichiers multim\u00e9dias comme vos vid\u00e9os ou vos photos. Il ne p\u00e8se que 280g.\" \/>\n<meta property=\"og:url\" content=\"https:\/\/hokageek.com\/en\/boutique\/mini-projecteur-de-poche\/\" \/>\n<meta property=\"og:site_name\" content=\"Hokageek\" \/>\n<meta property=\"article:publisher\" content=\"https:\/\/www.facebook.com\/Sensei.Hokageek\/\" \/>\n<meta property=\"article:modified_time\" content=\"2025-05-04T01:00:55+00:00\" \/>\n<meta property=\"og:image\" content=\"https:\/\/e9sxhjoopfu.exactdn.com\/wp-content\/uploads\/2019\/05\/4434-08bc2b.jpeg?strip=all&lossy=1&ssl=1\" \/>\n\t<meta property=\"og:image:width\" content=\"950\" \/>\n\t<meta property=\"og:image:height\" content=\"950\" \/>\n\t<meta property=\"og:image:type\" content=\"image\/jpeg\" \/>\n<meta name=\"twitter:card\" content=\"summary_large_image\" \/>\n<meta name=\"twitter:site\" content=\"@SenseiHokageek\" \/>\n<script type=\"application\/ld+json\" class=\"yoast-schema-graph\">{\"@context\":\"https:\/\/schema.org\",\"@graph\":[{\"@type\":\"WebPage\",\"@id\":\"https:\/\/hokageek.com\/boutique\/mini-projecteur-de-poche\/\",\"url\":\"https:\/\/hokageek.com\/boutique\/mini-projecteur-de-poche\/\",\"name\":\"Mini Projecteur de poche - Hokageek\",\"isPartOf\":{\"@id\":\"https:\/\/hokageek.com\/#website\"},\"primaryImageOfPage\":{\"@id\":\"https:\/\/hokageek.com\/boutique\/mini-projecteur-de-poche\/#primaryimage\"},\"image\":{\"@id\":\"https:\/\/hokageek.com\/boutique\/mini-projecteur-de-poche\/#primaryimage\"},\"thumbnailUrl\":\"https:\/\/e9sxhjoopfu.exactdn.com\/wp-content\/uploads\/2019\/05\/4434-08bc2b.jpeg?strip=all&lossy=1&ssl=1\",\"datePublished\":\"2019-05-04T10:07:32+00:00\",\"dateModified\":\"2025-05-04T01:00:55+00:00\",\"description\":\"Ce Mini projecteur de poche est l'appareil qu'il vous faut pour projeter vos fichiers multim\u00e9dias comme vos vid\u00e9os ou vos photos. Il ne p\u00e8se que 280g.\",\"breadcrumb\":{\"@id\":\"https:\/\/hokageek.com\/boutique\/mini-projecteur-de-poche\/#breadcrumb\"},\"inLanguage\":\"en-US\",\"potentialAction\":[{\"@type\":\"ReadAction\",\"target\":[\"https:\/\/hokageek.com\/boutique\/mini-projecteur-de-poche\/\"]}]},{\"@type\":\"ImageObject\",\"inLanguage\":\"en-US\",\"@id\":\"https:\/\/hokageek.com\/boutique\/mini-projecteur-de-poche\/#primaryimage\",\"url\":\"https:\/\/e9sxhjoopfu.exactdn.com\/wp-content\/uploads\/2019\/05\/4434-08bc2b.jpeg?strip=all&lossy=1&ssl=1\",\"contentUrl\":\"https:\/\/e9sxhjoopfu.exactdn.com\/wp-content\/uploads\/2019\/05\/4434-08bc2b.jpeg?strip=all&lossy=1&ssl=1\",\"width\":950,\"height\":950,\"caption\":\"Mini Projecteur de poche\"},{\"@type\":\"BreadcrumbList\",\"@id\":\"https:\/\/hokageek.com\/boutique\/mini-projecteur-de-poche\/#breadcrumb\",\"itemListElement\":[{\"@type\":\"ListItem\",\"position\":1,\"name\":\"Accueil\",\"item\":\"https:\/\/hokageek.com\/\"},{\"@type\":\"ListItem\",\"position\":2,\"name\":\"Boutique\",\"item\":\"https:\/\/hokageek.com\/boutique\/\"},{\"@type\":\"ListItem\",\"position\":3,\"name\":\"Mini Projecteur de poche\"}]},{\"@type\":\"WebSite\",\"@id\":\"https:\/\/hokageek.com\/#website\",\"url\":\"https:\/\/hokageek.com\/\",\"name\":\"Hokageek\",\"description\":\"Geek Supply\",\"publisher\":{\"@id\":\"https:\/\/hokageek.com\/#organization\"},\"potentialAction\":[{\"@type\":\"SearchAction\",\"target\":{\"@type\":\"EntryPoint\",\"urlTemplate\":\"https:\/\/hokageek.com\/?s={search_term_string}\"},\"query-input\":{\"@type\":\"PropertyValueSpecification\",\"valueRequired\":true,\"valueName\":\"search_term_string\"}}],\"inLanguage\":\"en-US\"},{\"@type\":\"Organization\",\"@id\":\"https:\/\/hokageek.com\/#organization\",\"name\":\"Hokageek\",\"url\":\"https:\/\/hokageek.com\/\",\"logo\":{\"@type\":\"ImageObject\",\"inLanguage\":\"en-US\",\"@id\":\"https:\/\/hokageek.com\/#\/schema\/logo\/image\/\",\"url\":\"https:\/\/hokageek.com\/wp-content\/uploads\/2019\/01\/HOKAGEEK-V2.jpg\",\"contentUrl\":\"https:\/\/hokageek.com\/wp-content\/uploads\/2019\/01\/HOKAGEEK-V2.jpg\",\"width\":500,\"height\":500,\"caption\":\"Hokageek\"},\"image\":{\"@id\":\"https:\/\/hokageek.com\/#\/schema\/logo\/image\/\"},\"sameAs\":[\"https:\/\/www.facebook.com\/Sensei.Hokageek\/\",\"https:\/\/x.com\/SenseiHokageek\",\"https:\/\/www.instagram.com\/Sensei_Hokageek\/\",\"https:\/\/www.pinterest.fr\/Hokageek\/\",\"https:\/\/www.youtube.com\/channel\/UC4ZjqTXF0MThDBaUnjIRpWA\/\"]}]}<\/script>\n<!-- \/ Yoast SEO plugin. -->","yoast_head_json":{"title":"Mini Projecteur de poche - Hokageek","description":"Ce Mini projecteur de poche est l'appareil qu'il vous faut pour projeter vos fichiers multim\u00e9dias comme vos vid\u00e9os ou vos photos. Il ne p\u00e8se que 280g.","robots":{"index":"index","follow":"follow","max-snippet":"max-snippet:-1","max-image-preview":"max-image-preview:large","max-video-preview":"max-video-preview:-1"},"canonical":"https:\/\/hokageek.com\/en\/boutique\/mini-projecteur-de-poche\/","og_locale":"en_US","og_type":"article","og_title":"Mini Projecteur de poche - Hokageek","og_description":"Ce Mini projecteur de poche est l'appareil qu'il vous faut pour projeter vos fichiers multim\u00e9dias comme vos vid\u00e9os ou vos photos. Il ne p\u00e8se que 280g.","og_url":"https:\/\/hokageek.com\/en\/boutique\/mini-projecteur-de-poche\/","og_site_name":"Hokageek","article_publisher":"https:\/\/www.facebook.com\/Sensei.Hokageek\/","article_modified_time":"2025-05-04T01:00:55+00:00","og_image":[{"width":950,"height":950,"url":"https:\/\/e9sxhjoopfu.exactdn.com\/wp-content\/uploads\/2019\/05\/4434-08bc2b.jpeg?strip=all&lossy=1&ssl=1","type":"image\/jpeg"}],"twitter_card":"summary_large_image","twitter_site":"@SenseiHokageek","schema":{"@context":"https:\/\/schema.org","@graph":[{"@type":"WebPage","@id":"https:\/\/hokageek.com\/boutique\/mini-projecteur-de-poche\/","url":"https:\/\/hokageek.com\/boutique\/mini-projecteur-de-poche\/","name":"Mini Projecteur de poche - Hokageek","isPartOf":{"@id":"https:\/\/hokageek.com\/#website"},"primaryImageOfPage":{"@id":"https:\/\/hokageek.com\/boutique\/mini-projecteur-de-poche\/#primaryimage"},"image":{"@id":"https:\/\/hokageek.com\/boutique\/mini-projecteur-de-poche\/#primaryimage"},"thumbnailUrl":"https:\/\/e9sxhjoopfu.exactdn.com\/wp-content\/uploads\/2019\/05\/4434-08bc2b.jpeg?strip=all&lossy=1&ssl=1","datePublished":"2019-05-04T10:07:32+00:00","dateModified":"2025-05-04T01:00:55+00:00","description":"Ce Mini projecteur de poche est l'appareil qu'il vous faut pour projeter vos fichiers multim\u00e9dias comme vos vid\u00e9os ou vos photos. Il ne p\u00e8se que 280g.","breadcrumb":{"@id":"https:\/\/hokageek.com\/boutique\/mini-projecteur-de-poche\/#breadcrumb"},"inLanguage":"en-US","potentialAction":[{"@type":"ReadAction","target":["https:\/\/hokageek.com\/boutique\/mini-projecteur-de-poche\/"]}]},{"@type":"ImageObject","inLanguage":"en-US","@id":"https:\/\/hokageek.com\/boutique\/mini-projecteur-de-poche\/#primaryimage","url":"https:\/\/e9sxhjoopfu.exactdn.com\/wp-content\/uploads\/2019\/05\/4434-08bc2b.jpeg?strip=all&lossy=1&ssl=1","contentUrl":"https:\/\/e9sxhjoopfu.exactdn.com\/wp-content\/uploads\/2019\/05\/4434-08bc2b.jpeg?strip=all&lossy=1&ssl=1","width":950,"height":950,"caption":"Mini Projecteur de poche"},{"@type":"BreadcrumbList","@id":"https:\/\/hokageek.com\/boutique\/mini-projecteur-de-poche\/#breadcrumb","itemListElement":[{"@type":"ListItem","position":1,"name":"Accueil","item":"https:\/\/hokageek.com\/"},{"@type":"ListItem","position":2,"name":"Boutique","item":"https:\/\/hokageek.com\/boutique\/"},{"@type":"ListItem","position":3,"name":"Mini Projecteur de poche"}]},{"@type":"WebSite","@id":"https:\/\/hokageek.com\/#website","url":"https:\/\/hokageek.com\/","name":"Hokageek","description":"Geek Supply","publisher":{"@id":"https:\/\/hokageek.com\/#organization"},"potentialAction":[{"@type":"SearchAction","target":{"@type":"EntryPoint","urlTemplate":"https:\/\/hokageek.com\/?s={search_term_string}"},"query-input":{"@type":"PropertyValueSpecification","valueRequired":true,"valueName":"search_term_string"}}],"inLanguage":"en-US"},{"@type":"Organization","@id":"https:\/\/hokageek.com\/#organization","name":"Hokageek","url":"https:\/\/hokageek.com\/","logo":{"@type":"ImageObject","inLanguage":"en-US","@id":"https:\/\/hokageek.com\/#\/schema\/logo\/image\/","url":"https:\/\/hokageek.com\/wp-content\/uploads\/2019\/01\/HOKAGEEK-V2.jpg","contentUrl":"https:\/\/hokageek.com\/wp-content\/uploads\/2019\/01\/HOKAGEEK-V2.jpg","width":500,"height":500,"caption":"Hokageek"},"image":{"@id":"https:\/\/hokageek.com\/#\/schema\/logo\/image\/"},"sameAs":["https:\/\/www.facebook.com\/Sensei.Hokageek\/","https:\/\/x.com\/SenseiHokageek","https:\/\/www.instagram.com\/Sensei_Hokageek\/","https:\/\/www.pinterest.fr\/Hokageek\/","https:\/\/www.youtube.com\/channel\/UC4ZjqTXF0MThDBaUnjIRpWA\/"]}]}},"_links":{"self":[{"href":"https:\/\/hokageek.com\/en\/wp-json\/wp\/v2\/product\/4434","targetHints":{"allow":["GET"]}}],"collection":[{"href":"https:\/\/hokageek.com\/en\/wp-json\/wp\/v2\/product"}],"about":[{"href":"https:\/\/hokageek.com\/en\/wp-json\/wp\/v2\/types\/product"}],"replies":[{"embeddable":true,"href":"https:\/\/hokageek.com\/en\/wp-json\/wp\/v2\/comments?post=4434"}],"wp:featuredmedia":[{"embeddable":true,"href":"https:\/\/hokageek.com\/en\/wp-json\/wp\/v2\/media\/4455"}],"wp:attachment":[{"href":"https:\/\/hokageek.com\/en\/wp-json\/wp\/v2\/media?parent=4434"}],"wp:term":[{"taxonomy":"product_brand","embeddable":true,"href":"https:\/\/hokageek.com\/en\/wp-json\/wp\/v2\/product_brand?post=4434"},{"taxonomy":"product_cat","embeddable":true,"href":"https:\/\/hokageek.com\/en\/wp-json\/wp\/v2\/product_cat?post=4434"},{"taxonomy":"product_tag","embeddable":true,"href":"https:\/\/hokageek.com\/en\/wp-json\/wp\/v2\/product_tag?post=4434"}],"curies":[{"name":"wp","href":"https:\/\/api.w.org\/{rel}","templated":true}]}}