{"id":4480,"date":"2019-05-04T14:37:10","date_gmt":"2019-05-04T13:37:10","guid":{"rendered":"https:\/\/hokageek.com\/?post_type=product&#038;p=4480"},"modified":"2025-04-11T18:23:25","modified_gmt":"2025-04-11T16:23:25","slug":"coussin-hokageek-officiel","status":"publish","type":"product","link":"https:\/\/hokageek.com\/en\/boutique\/coussin-hokageek-officiel\/","title":{"rendered":"Coussin Hokageek Officiel"},"content":{"rendered":"<p>Ce coussin de couleur bleu avec notre logo officiel donnera du cachet \u00e0 votre espace de vie.<\/p>\n<p id=\"tw-target-text\" class=\"tw-data-text tw-ta tw-text-small\" dir=\"ltr\" data-placeholder=\"Traduction\"><span lang=\"fr\" tabindex=\"0\">Coup\u00e9 avec pr\u00e9cision et cousu \u00e0 la main pour d\u00e9corer parfaitement votre environnement.<\/span><\/p>\n<p class=\"tw-data-text tw-ta tw-text-small\" dir=\"ltr\" data-placeholder=\"Traduction\"><span lang=\"fr\" tabindex=\"0\">Etui et insert 100% polyester Poids du tissu: 208 g \/ m\u00b2<br \/>\n<\/span><\/p>\n<p class=\"tw-data-text tw-ta tw-text-small\" dir=\"ltr\" data-placeholder=\"Traduction\"><span lang=\"fr\" tabindex=\"0\"> Fermeture \u00e0 zip cach\u00e9e.<br \/>\n<\/span><\/p>\n<p class=\"tw-data-text tw-ta tw-text-small\" dir=\"ltr\" data-placeholder=\"Traduction\"><span lang=\"fr\" tabindex=\"0\">le coussin est d\u00e9houssable et se lave \u00e0 la machine.<\/span><\/p>\n<p><span lang=\"fr\" tabindex=\"0\">Garniture en polyester conservant la forme du coussin (lavage \u00e0 la main uniquement) Imprim\u00e9.<\/span><\/p>\n<p>&nbsp;<\/p>","protected":false},"excerpt":{"rendered":"<p>Ce coussin de couleur bleu avec notre logo officiel donnera du cachet \u00e0 votre espace de vie. Coup\u00e9 avec pr\u00e9cision et cousu \u00e0 la main pour d\u00e9corer parfaitement votre environnement. Etui et insert 100% polyester Poids du tissu: 208 g \/ m\u00b2 Fermeture \u00e0 zip cach\u00e9e. le coussin est d\u00e9houssable et se lave \u00e0 la [&#8230;]","protected":false},"featured_media":4494,"comment_status":"open","ping_status":"closed","template":"","meta":[],"product_brand":[],"product_cat":[452],"product_tag":[],"class_list":{"0":"post-4480","1":"product","2":"type-product","3":"status-publish","4":"has-post-thumbnail","6":"product_cat-notre-marque","8":"first","9":"instock","10":"featured","11":"taxable","12":"shipping-taxable","13":"purchasable","14":"product-type-simple"},"yoast_head":"<!-- This site is optimized with the Yoast SEO plugin v25.1 - https:\/\/yoast.com\/wordpress\/plugins\/seo\/ -->\n<title>Coussin Hokageek Officiel - Hokageek<\/title>\n<meta name=\"description\" content=\"Ce coussin de couleur bleu avec notre logo officiel donnera du cachet \u00e0 votre espace de vie. Coup\u00e9 avec pr\u00e9cision et cousu \u00e0 la main pour d\u00e9corer\" \/>\n<meta name=\"robots\" content=\"index, follow, max-snippet:-1, max-image-preview:large, max-video-preview:-1\" \/>\n<link rel=\"canonical\" href=\"https:\/\/hokageek.com\/en\/boutique\/coussin-hokageek-officiel\/\" \/>\n<meta property=\"og:locale\" content=\"en_US\" \/>\n<meta property=\"og:type\" content=\"article\" \/>\n<meta property=\"og:title\" content=\"Coussin Hokageek Officiel - Hokageek\" \/>\n<meta property=\"og:description\" content=\"Ce coussin de couleur bleu avec notre logo officiel donnera du cachet \u00e0 votre espace de vie. Coup\u00e9 avec pr\u00e9cision et cousu \u00e0 la main pour d\u00e9corer\" \/>\n<meta property=\"og:url\" content=\"https:\/\/hokageek.com\/en\/boutique\/coussin-hokageek-officiel\/\" \/>\n<meta property=\"og:site_name\" content=\"Hokageek\" \/>\n<meta property=\"article:publisher\" content=\"https:\/\/www.facebook.com\/Sensei.Hokageek\/\" \/>\n<meta property=\"article:modified_time\" content=\"2025-04-11T16:23:25+00:00\" \/>\n<meta property=\"og:image\" content=\"https:\/\/e9sxhjoopfu.exactdn.com\/wp-content\/uploads\/2019\/05\/HOKAGEEK-Logo-test-Pillow_mockup_Back_18x18.jpg?strip=all&lossy=1&ssl=1\" \/>\n\t<meta property=\"og:image:width\" content=\"1000\" \/>\n\t<meta property=\"og:image:height\" content=\"1000\" \/>\n\t<meta property=\"og:image:type\" content=\"image\/jpeg\" \/>\n<meta name=\"twitter:card\" content=\"summary_large_image\" \/>\n<meta name=\"twitter:site\" content=\"@SenseiHokageek\" \/>\n<script type=\"application\/ld+json\" class=\"yoast-schema-graph\">{\"@context\":\"https:\/\/schema.org\",\"@graph\":[{\"@type\":\"WebPage\",\"@id\":\"https:\/\/hokageek.com\/boutique\/coussin-hokageek-officiel\/\",\"url\":\"https:\/\/hokageek.com\/boutique\/coussin-hokageek-officiel\/\",\"name\":\"Coussin Hokageek Officiel - Hokageek\",\"isPartOf\":{\"@id\":\"https:\/\/hokageek.com\/#website\"},\"primaryImageOfPage\":{\"@id\":\"https:\/\/hokageek.com\/boutique\/coussin-hokageek-officiel\/#primaryimage\"},\"image\":{\"@id\":\"https:\/\/hokageek.com\/boutique\/coussin-hokageek-officiel\/#primaryimage\"},\"thumbnailUrl\":\"https:\/\/e9sxhjoopfu.exactdn.com\/wp-content\/uploads\/2019\/05\/HOKAGEEK-Logo-test-Pillow_mockup_Back_18x18.jpg?strip=all&lossy=1&ssl=1\",\"datePublished\":\"2019-05-04T13:37:10+00:00\",\"dateModified\":\"2025-04-11T16:23:25+00:00\",\"description\":\"Ce coussin de couleur bleu avec notre logo officiel donnera du cachet \u00e0 votre espace de vie. Coup\u00e9 avec pr\u00e9cision et cousu \u00e0 la main pour d\u00e9corer\",\"breadcrumb\":{\"@id\":\"https:\/\/hokageek.com\/boutique\/coussin-hokageek-officiel\/#breadcrumb\"},\"inLanguage\":\"en-US\",\"potentialAction\":[{\"@type\":\"ReadAction\",\"target\":[\"https:\/\/hokageek.com\/boutique\/coussin-hokageek-officiel\/\"]}]},{\"@type\":\"ImageObject\",\"inLanguage\":\"en-US\",\"@id\":\"https:\/\/hokageek.com\/boutique\/coussin-hokageek-officiel\/#primaryimage\",\"url\":\"https:\/\/e9sxhjoopfu.exactdn.com\/wp-content\/uploads\/2019\/05\/HOKAGEEK-Logo-test-Pillow_mockup_Back_18x18.jpg?strip=all&lossy=1&ssl=1\",\"contentUrl\":\"https:\/\/e9sxhjoopfu.exactdn.com\/wp-content\/uploads\/2019\/05\/HOKAGEEK-Logo-test-Pillow_mockup_Back_18x18.jpg?strip=all&lossy=1&ssl=1\",\"width\":1000,\"height\":1000,\"caption\":\"Coussin Hokageek Officiel-04\"},{\"@type\":\"BreadcrumbList\",\"@id\":\"https:\/\/hokageek.com\/boutique\/coussin-hokageek-officiel\/#breadcrumb\",\"itemListElement\":[{\"@type\":\"ListItem\",\"position\":1,\"name\":\"Accueil\",\"item\":\"https:\/\/hokageek.com\/\"},{\"@type\":\"ListItem\",\"position\":2,\"name\":\"Boutique\",\"item\":\"https:\/\/hokageek.com\/boutique\/\"},{\"@type\":\"ListItem\",\"position\":3,\"name\":\"Coussin Hokageek Officiel\"}]},{\"@type\":\"WebSite\",\"@id\":\"https:\/\/hokageek.com\/#website\",\"url\":\"https:\/\/hokageek.com\/\",\"name\":\"Hokageek\",\"description\":\"Geek Supply\",\"publisher\":{\"@id\":\"https:\/\/hokageek.com\/#organization\"},\"potentialAction\":[{\"@type\":\"SearchAction\",\"target\":{\"@type\":\"EntryPoint\",\"urlTemplate\":\"https:\/\/hokageek.com\/?s={search_term_string}\"},\"query-input\":{\"@type\":\"PropertyValueSpecification\",\"valueRequired\":true,\"valueName\":\"search_term_string\"}}],\"inLanguage\":\"en-US\"},{\"@type\":\"Organization\",\"@id\":\"https:\/\/hokageek.com\/#organization\",\"name\":\"Hokageek\",\"url\":\"https:\/\/hokageek.com\/\",\"logo\":{\"@type\":\"ImageObject\",\"inLanguage\":\"en-US\",\"@id\":\"https:\/\/hokageek.com\/#\/schema\/logo\/image\/\",\"url\":\"https:\/\/hokageek.com\/wp-content\/uploads\/2019\/01\/HOKAGEEK-V2.jpg\",\"contentUrl\":\"https:\/\/hokageek.com\/wp-content\/uploads\/2019\/01\/HOKAGEEK-V2.jpg\",\"width\":500,\"height\":500,\"caption\":\"Hokageek\"},\"image\":{\"@id\":\"https:\/\/hokageek.com\/#\/schema\/logo\/image\/\"},\"sameAs\":[\"https:\/\/www.facebook.com\/Sensei.Hokageek\/\",\"https:\/\/x.com\/SenseiHokageek\",\"https:\/\/www.instagram.com\/Sensei_Hokageek\/\",\"https:\/\/www.pinterest.fr\/Hokageek\/\",\"https:\/\/www.youtube.com\/channel\/UC4ZjqTXF0MThDBaUnjIRpWA\/\"]}]}<\/script>\n<!-- \/ Yoast SEO plugin. -->","yoast_head_json":{"title":"Coussin Hokageek Officiel - Hokageek","description":"Ce coussin de couleur bleu avec notre logo officiel donnera du cachet \u00e0 votre espace de vie. Coup\u00e9 avec pr\u00e9cision et cousu \u00e0 la main pour d\u00e9corer","robots":{"index":"index","follow":"follow","max-snippet":"max-snippet:-1","max-image-preview":"max-image-preview:large","max-video-preview":"max-video-preview:-1"},"canonical":"https:\/\/hokageek.com\/en\/boutique\/coussin-hokageek-officiel\/","og_locale":"en_US","og_type":"article","og_title":"Coussin Hokageek Officiel - Hokageek","og_description":"Ce coussin de couleur bleu avec notre logo officiel donnera du cachet \u00e0 votre espace de vie. Coup\u00e9 avec pr\u00e9cision et cousu \u00e0 la main pour d\u00e9corer","og_url":"https:\/\/hokageek.com\/en\/boutique\/coussin-hokageek-officiel\/","og_site_name":"Hokageek","article_publisher":"https:\/\/www.facebook.com\/Sensei.Hokageek\/","article_modified_time":"2025-04-11T16:23:25+00:00","og_image":[{"width":1000,"height":1000,"url":"https:\/\/e9sxhjoopfu.exactdn.com\/wp-content\/uploads\/2019\/05\/HOKAGEEK-Logo-test-Pillow_mockup_Back_18x18.jpg?strip=all&lossy=1&ssl=1","type":"image\/jpeg"}],"twitter_card":"summary_large_image","twitter_site":"@SenseiHokageek","schema":{"@context":"https:\/\/schema.org","@graph":[{"@type":"WebPage","@id":"https:\/\/hokageek.com\/boutique\/coussin-hokageek-officiel\/","url":"https:\/\/hokageek.com\/boutique\/coussin-hokageek-officiel\/","name":"Coussin Hokageek Officiel - Hokageek","isPartOf":{"@id":"https:\/\/hokageek.com\/#website"},"primaryImageOfPage":{"@id":"https:\/\/hokageek.com\/boutique\/coussin-hokageek-officiel\/#primaryimage"},"image":{"@id":"https:\/\/hokageek.com\/boutique\/coussin-hokageek-officiel\/#primaryimage"},"thumbnailUrl":"https:\/\/e9sxhjoopfu.exactdn.com\/wp-content\/uploads\/2019\/05\/HOKAGEEK-Logo-test-Pillow_mockup_Back_18x18.jpg?strip=all&lossy=1&ssl=1","datePublished":"2019-05-04T13:37:10+00:00","dateModified":"2025-04-11T16:23:25+00:00","description":"Ce coussin de couleur bleu avec notre logo officiel donnera du cachet \u00e0 votre espace de vie. Coup\u00e9 avec pr\u00e9cision et cousu \u00e0 la main pour d\u00e9corer","breadcrumb":{"@id":"https:\/\/hokageek.com\/boutique\/coussin-hokageek-officiel\/#breadcrumb"},"inLanguage":"en-US","potentialAction":[{"@type":"ReadAction","target":["https:\/\/hokageek.com\/boutique\/coussin-hokageek-officiel\/"]}]},{"@type":"ImageObject","inLanguage":"en-US","@id":"https:\/\/hokageek.com\/boutique\/coussin-hokageek-officiel\/#primaryimage","url":"https:\/\/e9sxhjoopfu.exactdn.com\/wp-content\/uploads\/2019\/05\/HOKAGEEK-Logo-test-Pillow_mockup_Back_18x18.jpg?strip=all&lossy=1&ssl=1","contentUrl":"https:\/\/e9sxhjoopfu.exactdn.com\/wp-content\/uploads\/2019\/05\/HOKAGEEK-Logo-test-Pillow_mockup_Back_18x18.jpg?strip=all&lossy=1&ssl=1","width":1000,"height":1000,"caption":"Coussin Hokageek Officiel-04"},{"@type":"BreadcrumbList","@id":"https:\/\/hokageek.com\/boutique\/coussin-hokageek-officiel\/#breadcrumb","itemListElement":[{"@type":"ListItem","position":1,"name":"Accueil","item":"https:\/\/hokageek.com\/"},{"@type":"ListItem","position":2,"name":"Boutique","item":"https:\/\/hokageek.com\/boutique\/"},{"@type":"ListItem","position":3,"name":"Coussin Hokageek Officiel"}]},{"@type":"WebSite","@id":"https:\/\/hokageek.com\/#website","url":"https:\/\/hokageek.com\/","name":"Hokageek","description":"Geek Supply","publisher":{"@id":"https:\/\/hokageek.com\/#organization"},"potentialAction":[{"@type":"SearchAction","target":{"@type":"EntryPoint","urlTemplate":"https:\/\/hokageek.com\/?s={search_term_string}"},"query-input":{"@type":"PropertyValueSpecification","valueRequired":true,"valueName":"search_term_string"}}],"inLanguage":"en-US"},{"@type":"Organization","@id":"https:\/\/hokageek.com\/#organization","name":"Hokageek","url":"https:\/\/hokageek.com\/","logo":{"@type":"ImageObject","inLanguage":"en-US","@id":"https:\/\/hokageek.com\/#\/schema\/logo\/image\/","url":"https:\/\/hokageek.com\/wp-content\/uploads\/2019\/01\/HOKAGEEK-V2.jpg","contentUrl":"https:\/\/hokageek.com\/wp-content\/uploads\/2019\/01\/HOKAGEEK-V2.jpg","width":500,"height":500,"caption":"Hokageek"},"image":{"@id":"https:\/\/hokageek.com\/#\/schema\/logo\/image\/"},"sameAs":["https:\/\/www.facebook.com\/Sensei.Hokageek\/","https:\/\/x.com\/SenseiHokageek","https:\/\/www.instagram.com\/Sensei_Hokageek\/","https:\/\/www.pinterest.fr\/Hokageek\/","https:\/\/www.youtube.com\/channel\/UC4ZjqTXF0MThDBaUnjIRpWA\/"]}]}},"_links":{"self":[{"href":"https:\/\/hokageek.com\/en\/wp-json\/wp\/v2\/product\/4480","targetHints":{"allow":["GET"]}}],"collection":[{"href":"https:\/\/hokageek.com\/en\/wp-json\/wp\/v2\/product"}],"about":[{"href":"https:\/\/hokageek.com\/en\/wp-json\/wp\/v2\/types\/product"}],"replies":[{"embeddable":true,"href":"https:\/\/hokageek.com\/en\/wp-json\/wp\/v2\/comments?post=4480"}],"wp:featuredmedia":[{"embeddable":true,"href":"https:\/\/hokageek.com\/en\/wp-json\/wp\/v2\/media\/4494"}],"wp:attachment":[{"href":"https:\/\/hokageek.com\/en\/wp-json\/wp\/v2\/media?parent=4480"}],"wp:term":[{"taxonomy":"product_brand","embeddable":true,"href":"https:\/\/hokageek.com\/en\/wp-json\/wp\/v2\/product_brand?post=4480"},{"taxonomy":"product_cat","embeddable":true,"href":"https:\/\/hokageek.com\/en\/wp-json\/wp\/v2\/product_cat?post=4480"},{"taxonomy":"product_tag","embeddable":true,"href":"https:\/\/hokageek.com\/en\/wp-json\/wp\/v2\/product_tag?post=4480"}],"curies":[{"name":"wp","href":"https:\/\/api.w.org\/{rel}","templated":true}]}}