{"id":4530,"date":"2019-05-05T10:22:32","date_gmt":"2019-05-05T09:22:32","guid":{"rendered":"https:\/\/hokageek.com\/produit\/binful-mini-portable-cool-micro-usb-fan-mobile-phone-usb-gadget-tester-for-iphone-5-5s-6-6s-7plus-8-x-xr-xs-for-android-phone\/"},"modified":"2025-03-20T08:55:21","modified_gmt":"2025-03-20T06:55:21","slug":"mini-ventilateur-micro-usb-pour-smartphone","status":"publish","type":"product","link":"https:\/\/hokageek.com\/en\/boutique\/mini-ventilateur-micro-usb-pour-smartphone\/","title":{"rendered":"Mini ventilateur micro USB pour Smartphone"},"content":{"rendered":"<p><span class=\"a-list-item\">Ce mini ventilateur se branche sur votre smartphone via son interface Micro USB ou Lightning selon le mod\u00e8le.<\/span><\/p>\n<p><span class=\"a-list-item\">Faible consommation d&rsquo;\u00e9nergie et ultra-silencieux. Il sera votre nouveau compagnon pour vous apporter une brise d&rsquo;air frais cet \u00e9t\u00e9.<\/span><\/p>\n<p><span class=\"a-list-item\">Diff\u00e9rentes interfaces pour smartphone sous IOS ou Android avec fonction OTG.\u00a0<\/span><\/p>\n<p><span class=\"a-list-item\">Taille:140 mm * 80 mm * 15 mm <\/span><\/p>\n<p align=\"center\">","protected":false},"excerpt":{"rendered":"<p>Ce mini ventilateur se branche sur votre smartphone via son interface Micro USB ou Lightning selon le mod\u00e8le. Faible consommation d&rsquo;\u00e9nergie et ultra-silencieux. Il sera votre nouveau compagnon pour vous apporter une brise d&rsquo;air frais cet \u00e9t\u00e9. Diff\u00e9rentes interfaces pour smartphone sous IOS ou Android avec fonction OTG.\u00a0 Taille:140 mm * 80 mm * 15 [&#8230;]","protected":false},"featured_media":4715,"comment_status":"open","ping_status":"closed","template":"","meta":[],"product_brand":[],"product_cat":[567,284],"product_tag":[],"class_list":{"0":"post-4530","1":"product","2":"type-product","3":"status-publish","4":"has-post-thumbnail","6":"product_cat-accessoires-usb","7":"product_cat-urbain","9":"first","10":"instock","11":"taxable","12":"shipping-taxable","13":"purchasable","14":"product-type-simple"},"yoast_head":"<!-- This site is optimized with the Yoast SEO plugin v25.1 - https:\/\/yoast.com\/wordpress\/plugins\/seo\/ -->\n<title>Mini ventilateur micro USB pour Smartphone - Hokageek<\/title>\n<meta name=\"description\" content=\"Ce mini ventilateur se branche sur votre smartphone via son interface Micro USB ou Lightning selon le mod\u00e8le. Faible consommation d&#039;\u00e9nergie et\" \/>\n<meta name=\"robots\" content=\"index, follow, max-snippet:-1, max-image-preview:large, max-video-preview:-1\" \/>\n<link rel=\"canonical\" href=\"https:\/\/hokageek.com\/en\/boutique\/mini-ventilateur-micro-usb-pour-smartphone\/\" \/>\n<meta property=\"og:locale\" content=\"en_US\" \/>\n<meta property=\"og:type\" content=\"article\" \/>\n<meta property=\"og:title\" content=\"Mini ventilateur micro USB pour Smartphone - Hokageek\" \/>\n<meta property=\"og:description\" content=\"Ce mini ventilateur se branche sur votre smartphone via son interface Micro USB ou Lightning selon le mod\u00e8le. Faible consommation d&#039;\u00e9nergie et\" \/>\n<meta property=\"og:url\" content=\"https:\/\/hokageek.com\/en\/boutique\/mini-ventilateur-micro-usb-pour-smartphone\/\" \/>\n<meta property=\"og:site_name\" content=\"Hokageek\" \/>\n<meta property=\"article:publisher\" content=\"https:\/\/www.facebook.com\/Sensei.Hokageek\/\" \/>\n<meta property=\"article:modified_time\" content=\"2025-03-20T06:55:21+00:00\" \/>\n<meta property=\"og:image\" content=\"https:\/\/e9sxhjoopfu.exactdn.com\/wp-content\/uploads\/2019\/05\/4530-729f56.jpeg?strip=all&lossy=1&ssl=1\" \/>\n\t<meta property=\"og:image:width\" content=\"800\" \/>\n\t<meta property=\"og:image:height\" content=\"800\" \/>\n\t<meta property=\"og:image:type\" content=\"image\/jpeg\" \/>\n<meta name=\"twitter:card\" content=\"summary_large_image\" \/>\n<meta name=\"twitter:site\" content=\"@SenseiHokageek\" \/>\n<script type=\"application\/ld+json\" class=\"yoast-schema-graph\">{\"@context\":\"https:\/\/schema.org\",\"@graph\":[{\"@type\":\"WebPage\",\"@id\":\"https:\/\/hokageek.com\/boutique\/mini-ventilateur-micro-usb-pour-smartphone\/\",\"url\":\"https:\/\/hokageek.com\/boutique\/mini-ventilateur-micro-usb-pour-smartphone\/\",\"name\":\"Mini ventilateur micro USB pour Smartphone - Hokageek\",\"isPartOf\":{\"@id\":\"https:\/\/hokageek.com\/#website\"},\"primaryImageOfPage\":{\"@id\":\"https:\/\/hokageek.com\/boutique\/mini-ventilateur-micro-usb-pour-smartphone\/#primaryimage\"},\"image\":{\"@id\":\"https:\/\/hokageek.com\/boutique\/mini-ventilateur-micro-usb-pour-smartphone\/#primaryimage\"},\"thumbnailUrl\":\"https:\/\/e9sxhjoopfu.exactdn.com\/wp-content\/uploads\/2019\/05\/4530-729f56.jpeg?strip=all&lossy=1&ssl=1\",\"datePublished\":\"2019-05-05T09:22:32+00:00\",\"dateModified\":\"2025-03-20T06:55:21+00:00\",\"description\":\"Ce mini ventilateur se branche sur votre smartphone via son interface Micro USB ou Lightning selon le mod\u00e8le. Faible consommation d'\u00e9nergie et\",\"breadcrumb\":{\"@id\":\"https:\/\/hokageek.com\/boutique\/mini-ventilateur-micro-usb-pour-smartphone\/#breadcrumb\"},\"inLanguage\":\"en-US\",\"potentialAction\":[{\"@type\":\"ReadAction\",\"target\":[\"https:\/\/hokageek.com\/boutique\/mini-ventilateur-micro-usb-pour-smartphone\/\"]}]},{\"@type\":\"ImageObject\",\"inLanguage\":\"en-US\",\"@id\":\"https:\/\/hokageek.com\/boutique\/mini-ventilateur-micro-usb-pour-smartphone\/#primaryimage\",\"url\":\"https:\/\/e9sxhjoopfu.exactdn.com\/wp-content\/uploads\/2019\/05\/4530-729f56.jpeg?strip=all&lossy=1&ssl=1\",\"contentUrl\":\"https:\/\/e9sxhjoopfu.exactdn.com\/wp-content\/uploads\/2019\/05\/4530-729f56.jpeg?strip=all&lossy=1&ssl=1\",\"width\":800,\"height\":800,\"caption\":\"Mini ventilateur micro USB-00\"},{\"@type\":\"BreadcrumbList\",\"@id\":\"https:\/\/hokageek.com\/boutique\/mini-ventilateur-micro-usb-pour-smartphone\/#breadcrumb\",\"itemListElement\":[{\"@type\":\"ListItem\",\"position\":1,\"name\":\"Accueil\",\"item\":\"https:\/\/hokageek.com\/\"},{\"@type\":\"ListItem\",\"position\":2,\"name\":\"Boutique\",\"item\":\"https:\/\/hokageek.com\/boutique\/\"},{\"@type\":\"ListItem\",\"position\":3,\"name\":\"Mini ventilateur micro USB pour Smartphone\"}]},{\"@type\":\"WebSite\",\"@id\":\"https:\/\/hokageek.com\/#website\",\"url\":\"https:\/\/hokageek.com\/\",\"name\":\"Hokageek\",\"description\":\"Geek Supply\",\"publisher\":{\"@id\":\"https:\/\/hokageek.com\/#organization\"},\"potentialAction\":[{\"@type\":\"SearchAction\",\"target\":{\"@type\":\"EntryPoint\",\"urlTemplate\":\"https:\/\/hokageek.com\/?s={search_term_string}\"},\"query-input\":{\"@type\":\"PropertyValueSpecification\",\"valueRequired\":true,\"valueName\":\"search_term_string\"}}],\"inLanguage\":\"en-US\"},{\"@type\":\"Organization\",\"@id\":\"https:\/\/hokageek.com\/#organization\",\"name\":\"Hokageek\",\"url\":\"https:\/\/hokageek.com\/\",\"logo\":{\"@type\":\"ImageObject\",\"inLanguage\":\"en-US\",\"@id\":\"https:\/\/hokageek.com\/#\/schema\/logo\/image\/\",\"url\":\"https:\/\/hokageek.com\/wp-content\/uploads\/2019\/01\/HOKAGEEK-V2.jpg\",\"contentUrl\":\"https:\/\/hokageek.com\/wp-content\/uploads\/2019\/01\/HOKAGEEK-V2.jpg\",\"width\":500,\"height\":500,\"caption\":\"Hokageek\"},\"image\":{\"@id\":\"https:\/\/hokageek.com\/#\/schema\/logo\/image\/\"},\"sameAs\":[\"https:\/\/www.facebook.com\/Sensei.Hokageek\/\",\"https:\/\/x.com\/SenseiHokageek\",\"https:\/\/www.instagram.com\/Sensei_Hokageek\/\",\"https:\/\/www.pinterest.fr\/Hokageek\/\",\"https:\/\/www.youtube.com\/channel\/UC4ZjqTXF0MThDBaUnjIRpWA\/\"]}]}<\/script>\n<!-- \/ Yoast SEO plugin. -->","yoast_head_json":{"title":"Mini ventilateur micro USB pour Smartphone - Hokageek","description":"Ce mini ventilateur se branche sur votre smartphone via son interface Micro USB ou Lightning selon le mod\u00e8le. Faible consommation d'\u00e9nergie et","robots":{"index":"index","follow":"follow","max-snippet":"max-snippet:-1","max-image-preview":"max-image-preview:large","max-video-preview":"max-video-preview:-1"},"canonical":"https:\/\/hokageek.com\/en\/boutique\/mini-ventilateur-micro-usb-pour-smartphone\/","og_locale":"en_US","og_type":"article","og_title":"Mini ventilateur micro USB pour Smartphone - Hokageek","og_description":"Ce mini ventilateur se branche sur votre smartphone via son interface Micro USB ou Lightning selon le mod\u00e8le. Faible consommation d'\u00e9nergie et","og_url":"https:\/\/hokageek.com\/en\/boutique\/mini-ventilateur-micro-usb-pour-smartphone\/","og_site_name":"Hokageek","article_publisher":"https:\/\/www.facebook.com\/Sensei.Hokageek\/","article_modified_time":"2025-03-20T06:55:21+00:00","og_image":[{"width":800,"height":800,"url":"https:\/\/e9sxhjoopfu.exactdn.com\/wp-content\/uploads\/2019\/05\/4530-729f56.jpeg?strip=all&lossy=1&ssl=1","type":"image\/jpeg"}],"twitter_card":"summary_large_image","twitter_site":"@SenseiHokageek","schema":{"@context":"https:\/\/schema.org","@graph":[{"@type":"WebPage","@id":"https:\/\/hokageek.com\/boutique\/mini-ventilateur-micro-usb-pour-smartphone\/","url":"https:\/\/hokageek.com\/boutique\/mini-ventilateur-micro-usb-pour-smartphone\/","name":"Mini ventilateur micro USB pour Smartphone - Hokageek","isPartOf":{"@id":"https:\/\/hokageek.com\/#website"},"primaryImageOfPage":{"@id":"https:\/\/hokageek.com\/boutique\/mini-ventilateur-micro-usb-pour-smartphone\/#primaryimage"},"image":{"@id":"https:\/\/hokageek.com\/boutique\/mini-ventilateur-micro-usb-pour-smartphone\/#primaryimage"},"thumbnailUrl":"https:\/\/e9sxhjoopfu.exactdn.com\/wp-content\/uploads\/2019\/05\/4530-729f56.jpeg?strip=all&lossy=1&ssl=1","datePublished":"2019-05-05T09:22:32+00:00","dateModified":"2025-03-20T06:55:21+00:00","description":"Ce mini ventilateur se branche sur votre smartphone via son interface Micro USB ou Lightning selon le mod\u00e8le. Faible consommation d'\u00e9nergie et","breadcrumb":{"@id":"https:\/\/hokageek.com\/boutique\/mini-ventilateur-micro-usb-pour-smartphone\/#breadcrumb"},"inLanguage":"en-US","potentialAction":[{"@type":"ReadAction","target":["https:\/\/hokageek.com\/boutique\/mini-ventilateur-micro-usb-pour-smartphone\/"]}]},{"@type":"ImageObject","inLanguage":"en-US","@id":"https:\/\/hokageek.com\/boutique\/mini-ventilateur-micro-usb-pour-smartphone\/#primaryimage","url":"https:\/\/e9sxhjoopfu.exactdn.com\/wp-content\/uploads\/2019\/05\/4530-729f56.jpeg?strip=all&lossy=1&ssl=1","contentUrl":"https:\/\/e9sxhjoopfu.exactdn.com\/wp-content\/uploads\/2019\/05\/4530-729f56.jpeg?strip=all&lossy=1&ssl=1","width":800,"height":800,"caption":"Mini ventilateur micro USB-00"},{"@type":"BreadcrumbList","@id":"https:\/\/hokageek.com\/boutique\/mini-ventilateur-micro-usb-pour-smartphone\/#breadcrumb","itemListElement":[{"@type":"ListItem","position":1,"name":"Accueil","item":"https:\/\/hokageek.com\/"},{"@type":"ListItem","position":2,"name":"Boutique","item":"https:\/\/hokageek.com\/boutique\/"},{"@type":"ListItem","position":3,"name":"Mini ventilateur micro USB pour Smartphone"}]},{"@type":"WebSite","@id":"https:\/\/hokageek.com\/#website","url":"https:\/\/hokageek.com\/","name":"Hokageek","description":"Geek Supply","publisher":{"@id":"https:\/\/hokageek.com\/#organization"},"potentialAction":[{"@type":"SearchAction","target":{"@type":"EntryPoint","urlTemplate":"https:\/\/hokageek.com\/?s={search_term_string}"},"query-input":{"@type":"PropertyValueSpecification","valueRequired":true,"valueName":"search_term_string"}}],"inLanguage":"en-US"},{"@type":"Organization","@id":"https:\/\/hokageek.com\/#organization","name":"Hokageek","url":"https:\/\/hokageek.com\/","logo":{"@type":"ImageObject","inLanguage":"en-US","@id":"https:\/\/hokageek.com\/#\/schema\/logo\/image\/","url":"https:\/\/hokageek.com\/wp-content\/uploads\/2019\/01\/HOKAGEEK-V2.jpg","contentUrl":"https:\/\/hokageek.com\/wp-content\/uploads\/2019\/01\/HOKAGEEK-V2.jpg","width":500,"height":500,"caption":"Hokageek"},"image":{"@id":"https:\/\/hokageek.com\/#\/schema\/logo\/image\/"},"sameAs":["https:\/\/www.facebook.com\/Sensei.Hokageek\/","https:\/\/x.com\/SenseiHokageek","https:\/\/www.instagram.com\/Sensei_Hokageek\/","https:\/\/www.pinterest.fr\/Hokageek\/","https:\/\/www.youtube.com\/channel\/UC4ZjqTXF0MThDBaUnjIRpWA\/"]}]}},"_links":{"self":[{"href":"https:\/\/hokageek.com\/en\/wp-json\/wp\/v2\/product\/4530","targetHints":{"allow":["GET"]}}],"collection":[{"href":"https:\/\/hokageek.com\/en\/wp-json\/wp\/v2\/product"}],"about":[{"href":"https:\/\/hokageek.com\/en\/wp-json\/wp\/v2\/types\/product"}],"replies":[{"embeddable":true,"href":"https:\/\/hokageek.com\/en\/wp-json\/wp\/v2\/comments?post=4530"}],"wp:featuredmedia":[{"embeddable":true,"href":"https:\/\/hokageek.com\/en\/wp-json\/wp\/v2\/media\/4715"}],"wp:attachment":[{"href":"https:\/\/hokageek.com\/en\/wp-json\/wp\/v2\/media?parent=4530"}],"wp:term":[{"taxonomy":"product_brand","embeddable":true,"href":"https:\/\/hokageek.com\/en\/wp-json\/wp\/v2\/product_brand?post=4530"},{"taxonomy":"product_cat","embeddable":true,"href":"https:\/\/hokageek.com\/en\/wp-json\/wp\/v2\/product_cat?post=4530"},{"taxonomy":"product_tag","embeddable":true,"href":"https:\/\/hokageek.com\/en\/wp-json\/wp\/v2\/product_tag?post=4530"}],"curies":[{"name":"wp","href":"https:\/\/api.w.org\/{rel}","templated":true}]}}