{"id":4637,"date":"2019-05-05T11:39:46","date_gmt":"2019-05-05T10:39:46","guid":{"rendered":"https:\/\/hokageek.com\/produit\/zienstar-azerty-french-tri-folding-wireless-bluetooth-keyboard-with-ttouchpad-for-ipad-iphone-macbook-pc-computer-android-tablet\/"},"modified":"2022-12-17T20:01:27","modified_gmt":"2022-12-17T18:01:27","slug":"clavier-bluetooth-azerty-pliable-avec-pave-tactile","status":"publish","type":"product","link":"https:\/\/hokageek.com\/en\/boutique\/clavier-bluetooth-azerty-pliable-avec-pave-tactile\/","title":{"rendered":"Clavier Bluetooth Azerty pliable avec pav\u00e9 tactile"},"content":{"rendered":"<p>Ce clavier Bluetooth est pliable et facile \u00e0 transporter.<\/p>\n<p><span class=\"a-list-item\">Fonction 3-en-1: clavier AZERTY, souris, pav\u00e9 tactile<\/span><\/p>\n<p><span class=\"a-list-item\">180 heures d&rsquo;autonomie pour 2 heures d&rsquo;utilisation quotidienne en moyenne.<\/span><\/p>\n<p>Batterie au lithium-ion rechargeable int\u00e9gr\u00e9e.<\/p>\n<p><span class=\"a-list-item\">le clavier entre en mode de veille en cas d&rsquo;inutilisation au bout de 10 minutes.<br \/>\n<\/span><\/p>\n<p><span class=\"a-list-item\">Il se r\u00e9activera en appuyant sur une touche.<\/span><\/p>\n<p><span class=\"a-list-item\">Compatible avec le syst\u00e8me d&rsquo;op\u00e9ration Windows, OS X, Android, iOS: Ordinateur PC, iMac, Macbook, smartphone, tablette&#8230;<\/span><\/p>\n<p><span class=\"a-list-item\">Dimension (pli\u00e9): 15.2 x 9.7 x 1.8 cm; Il ne p\u00e8se que 197 g, l\u00e9ger et pratique \u00e0 emporter.<\/span><\/p>\n<p>Un accessoire sympa \u00e0 utiliser avec votre tablette.<\/p>","protected":false},"excerpt":{"rendered":"<p>Ce clavier Bluetooth est pliable et facile \u00e0 transporter. Fonction 3-en-1: clavier AZERTY, souris, pav\u00e9 tactile 180 heures d&rsquo;autonomie pour 2 heures d&rsquo;utilisation quotidienne en moyenne. Batterie au lithium-ion rechargeable int\u00e9gr\u00e9e. le clavier entre en mode de veille en cas d&rsquo;inutilisation au bout de 10 minutes. Il se r\u00e9activera en appuyant sur une touche. Compatible [&#8230;]","protected":false},"featured_media":4844,"comment_status":"open","ping_status":"closed","template":"","meta":[],"product_brand":[],"product_cat":[567,565,284],"product_tag":[],"class_list":{"0":"post-4637","1":"product","2":"type-product","3":"status-publish","4":"has-post-thumbnail","6":"product_cat-accessoires-usb","7":"product_cat-high-tech","8":"product_cat-urbain","10":"first","11":"outofstock","12":"taxable","13":"shipping-taxable","14":"purchasable","15":"product-type-simple"},"yoast_head":"<!-- This site is optimized with the Yoast SEO plugin v25.1 - https:\/\/yoast.com\/wordpress\/plugins\/seo\/ -->\n<title>Clavier Bluetooth Azerty pliable avec pav\u00e9 tactile - Hokageek<\/title>\n<meta name=\"description\" content=\"Ce clavier Bluetooth est pliable et facile \u00e0 transporter. Fonction 3-en-1: clavier AZERTY, souris, pav\u00e9 tactile 180 heures d&#039;autonomie pour 2 heures\" \/>\n<meta name=\"robots\" content=\"index, follow, max-snippet:-1, max-image-preview:large, max-video-preview:-1\" \/>\n<link rel=\"canonical\" href=\"https:\/\/hokageek.com\/en\/boutique\/clavier-bluetooth-azerty-pliable-avec-pave-tactile\/\" \/>\n<meta property=\"og:locale\" content=\"en_US\" \/>\n<meta property=\"og:type\" content=\"article\" \/>\n<meta property=\"og:title\" content=\"Clavier Bluetooth Azerty pliable avec pav\u00e9 tactile - Hokageek\" \/>\n<meta property=\"og:description\" content=\"Ce clavier Bluetooth est pliable et facile \u00e0 transporter. Fonction 3-en-1: clavier AZERTY, souris, pav\u00e9 tactile 180 heures d&#039;autonomie pour 2 heures\" \/>\n<meta property=\"og:url\" content=\"https:\/\/hokageek.com\/en\/boutique\/clavier-bluetooth-azerty-pliable-avec-pave-tactile\/\" \/>\n<meta property=\"og:site_name\" content=\"Hokageek\" \/>\n<meta property=\"article:publisher\" content=\"https:\/\/www.facebook.com\/Sensei.Hokageek\/\" \/>\n<meta property=\"article:modified_time\" content=\"2022-12-17T18:01:27+00:00\" \/>\n<meta property=\"og:image\" content=\"https:\/\/e9sxhjoopfu.exactdn.com\/wp-content\/uploads\/2019\/05\/4637-74bd8b.jpeg?strip=all&lossy=1&ssl=1\" \/>\n\t<meta property=\"og:image:width\" content=\"1000\" \/>\n\t<meta property=\"og:image:height\" content=\"1000\" \/>\n\t<meta property=\"og:image:type\" content=\"image\/jpeg\" \/>\n<meta name=\"twitter:card\" content=\"summary_large_image\" \/>\n<meta name=\"twitter:site\" content=\"@SenseiHokageek\" \/>\n<script type=\"application\/ld+json\" class=\"yoast-schema-graph\">{\"@context\":\"https:\/\/schema.org\",\"@graph\":[{\"@type\":\"WebPage\",\"@id\":\"https:\/\/hokageek.com\/boutique\/clavier-bluetooth-azerty-pliable-avec-pave-tactile\/\",\"url\":\"https:\/\/hokageek.com\/boutique\/clavier-bluetooth-azerty-pliable-avec-pave-tactile\/\",\"name\":\"Clavier Bluetooth Azerty pliable avec pav\u00e9 tactile - Hokageek\",\"isPartOf\":{\"@id\":\"https:\/\/hokageek.com\/#website\"},\"primaryImageOfPage\":{\"@id\":\"https:\/\/hokageek.com\/boutique\/clavier-bluetooth-azerty-pliable-avec-pave-tactile\/#primaryimage\"},\"image\":{\"@id\":\"https:\/\/hokageek.com\/boutique\/clavier-bluetooth-azerty-pliable-avec-pave-tactile\/#primaryimage\"},\"thumbnailUrl\":\"https:\/\/e9sxhjoopfu.exactdn.com\/wp-content\/uploads\/2019\/05\/4637-74bd8b.jpeg?strip=all&lossy=1&ssl=1\",\"datePublished\":\"2019-05-05T10:39:46+00:00\",\"dateModified\":\"2022-12-17T18:01:27+00:00\",\"description\":\"Ce clavier Bluetooth est pliable et facile \u00e0 transporter. Fonction 3-en-1: clavier AZERTY, souris, pav\u00e9 tactile 180 heures d'autonomie pour 2 heures\",\"breadcrumb\":{\"@id\":\"https:\/\/hokageek.com\/boutique\/clavier-bluetooth-azerty-pliable-avec-pave-tactile\/#breadcrumb\"},\"inLanguage\":\"en-US\",\"potentialAction\":[{\"@type\":\"ReadAction\",\"target\":[\"https:\/\/hokageek.com\/boutique\/clavier-bluetooth-azerty-pliable-avec-pave-tactile\/\"]}]},{\"@type\":\"ImageObject\",\"inLanguage\":\"en-US\",\"@id\":\"https:\/\/hokageek.com\/boutique\/clavier-bluetooth-azerty-pliable-avec-pave-tactile\/#primaryimage\",\"url\":\"https:\/\/e9sxhjoopfu.exactdn.com\/wp-content\/uploads\/2019\/05\/4637-74bd8b.jpeg?strip=all&lossy=1&ssl=1\",\"contentUrl\":\"https:\/\/e9sxhjoopfu.exactdn.com\/wp-content\/uploads\/2019\/05\/4637-74bd8b.jpeg?strip=all&lossy=1&ssl=1\",\"width\":1000,\"height\":1000,\"caption\":\"Clavier pliable\"},{\"@type\":\"BreadcrumbList\",\"@id\":\"https:\/\/hokageek.com\/boutique\/clavier-bluetooth-azerty-pliable-avec-pave-tactile\/#breadcrumb\",\"itemListElement\":[{\"@type\":\"ListItem\",\"position\":1,\"name\":\"Accueil\",\"item\":\"https:\/\/hokageek.com\/\"},{\"@type\":\"ListItem\",\"position\":2,\"name\":\"Boutique\",\"item\":\"https:\/\/hokageek.com\/boutique\/\"},{\"@type\":\"ListItem\",\"position\":3,\"name\":\"Clavier Bluetooth Azerty pliable avec pav\u00e9 tactile\"}]},{\"@type\":\"WebSite\",\"@id\":\"https:\/\/hokageek.com\/#website\",\"url\":\"https:\/\/hokageek.com\/\",\"name\":\"Hokageek\",\"description\":\"Geek Supply\",\"publisher\":{\"@id\":\"https:\/\/hokageek.com\/#organization\"},\"potentialAction\":[{\"@type\":\"SearchAction\",\"target\":{\"@type\":\"EntryPoint\",\"urlTemplate\":\"https:\/\/hokageek.com\/?s={search_term_string}\"},\"query-input\":{\"@type\":\"PropertyValueSpecification\",\"valueRequired\":true,\"valueName\":\"search_term_string\"}}],\"inLanguage\":\"en-US\"},{\"@type\":\"Organization\",\"@id\":\"https:\/\/hokageek.com\/#organization\",\"name\":\"Hokageek\",\"url\":\"https:\/\/hokageek.com\/\",\"logo\":{\"@type\":\"ImageObject\",\"inLanguage\":\"en-US\",\"@id\":\"https:\/\/hokageek.com\/#\/schema\/logo\/image\/\",\"url\":\"https:\/\/hokageek.com\/wp-content\/uploads\/2019\/01\/HOKAGEEK-V2.jpg\",\"contentUrl\":\"https:\/\/hokageek.com\/wp-content\/uploads\/2019\/01\/HOKAGEEK-V2.jpg\",\"width\":500,\"height\":500,\"caption\":\"Hokageek\"},\"image\":{\"@id\":\"https:\/\/hokageek.com\/#\/schema\/logo\/image\/\"},\"sameAs\":[\"https:\/\/www.facebook.com\/Sensei.Hokageek\/\",\"https:\/\/x.com\/SenseiHokageek\",\"https:\/\/www.instagram.com\/Sensei_Hokageek\/\",\"https:\/\/www.pinterest.fr\/Hokageek\/\",\"https:\/\/www.youtube.com\/channel\/UC4ZjqTXF0MThDBaUnjIRpWA\/\"]}]}<\/script>\n<!-- \/ Yoast SEO plugin. -->","yoast_head_json":{"title":"Clavier Bluetooth Azerty pliable avec pav\u00e9 tactile - Hokageek","description":"Ce clavier Bluetooth est pliable et facile \u00e0 transporter. Fonction 3-en-1: clavier AZERTY, souris, pav\u00e9 tactile 180 heures d'autonomie pour 2 heures","robots":{"index":"index","follow":"follow","max-snippet":"max-snippet:-1","max-image-preview":"max-image-preview:large","max-video-preview":"max-video-preview:-1"},"canonical":"https:\/\/hokageek.com\/en\/boutique\/clavier-bluetooth-azerty-pliable-avec-pave-tactile\/","og_locale":"en_US","og_type":"article","og_title":"Clavier Bluetooth Azerty pliable avec pav\u00e9 tactile - Hokageek","og_description":"Ce clavier Bluetooth est pliable et facile \u00e0 transporter. Fonction 3-en-1: clavier AZERTY, souris, pav\u00e9 tactile 180 heures d'autonomie pour 2 heures","og_url":"https:\/\/hokageek.com\/en\/boutique\/clavier-bluetooth-azerty-pliable-avec-pave-tactile\/","og_site_name":"Hokageek","article_publisher":"https:\/\/www.facebook.com\/Sensei.Hokageek\/","article_modified_time":"2022-12-17T18:01:27+00:00","og_image":[{"width":1000,"height":1000,"url":"https:\/\/e9sxhjoopfu.exactdn.com\/wp-content\/uploads\/2019\/05\/4637-74bd8b.jpeg?strip=all&lossy=1&ssl=1","type":"image\/jpeg"}],"twitter_card":"summary_large_image","twitter_site":"@SenseiHokageek","schema":{"@context":"https:\/\/schema.org","@graph":[{"@type":"WebPage","@id":"https:\/\/hokageek.com\/boutique\/clavier-bluetooth-azerty-pliable-avec-pave-tactile\/","url":"https:\/\/hokageek.com\/boutique\/clavier-bluetooth-azerty-pliable-avec-pave-tactile\/","name":"Clavier Bluetooth Azerty pliable avec pav\u00e9 tactile - Hokageek","isPartOf":{"@id":"https:\/\/hokageek.com\/#website"},"primaryImageOfPage":{"@id":"https:\/\/hokageek.com\/boutique\/clavier-bluetooth-azerty-pliable-avec-pave-tactile\/#primaryimage"},"image":{"@id":"https:\/\/hokageek.com\/boutique\/clavier-bluetooth-azerty-pliable-avec-pave-tactile\/#primaryimage"},"thumbnailUrl":"https:\/\/e9sxhjoopfu.exactdn.com\/wp-content\/uploads\/2019\/05\/4637-74bd8b.jpeg?strip=all&lossy=1&ssl=1","datePublished":"2019-05-05T10:39:46+00:00","dateModified":"2022-12-17T18:01:27+00:00","description":"Ce clavier Bluetooth est pliable et facile \u00e0 transporter. Fonction 3-en-1: clavier AZERTY, souris, pav\u00e9 tactile 180 heures d'autonomie pour 2 heures","breadcrumb":{"@id":"https:\/\/hokageek.com\/boutique\/clavier-bluetooth-azerty-pliable-avec-pave-tactile\/#breadcrumb"},"inLanguage":"en-US","potentialAction":[{"@type":"ReadAction","target":["https:\/\/hokageek.com\/boutique\/clavier-bluetooth-azerty-pliable-avec-pave-tactile\/"]}]},{"@type":"ImageObject","inLanguage":"en-US","@id":"https:\/\/hokageek.com\/boutique\/clavier-bluetooth-azerty-pliable-avec-pave-tactile\/#primaryimage","url":"https:\/\/e9sxhjoopfu.exactdn.com\/wp-content\/uploads\/2019\/05\/4637-74bd8b.jpeg?strip=all&lossy=1&ssl=1","contentUrl":"https:\/\/e9sxhjoopfu.exactdn.com\/wp-content\/uploads\/2019\/05\/4637-74bd8b.jpeg?strip=all&lossy=1&ssl=1","width":1000,"height":1000,"caption":"Clavier pliable"},{"@type":"BreadcrumbList","@id":"https:\/\/hokageek.com\/boutique\/clavier-bluetooth-azerty-pliable-avec-pave-tactile\/#breadcrumb","itemListElement":[{"@type":"ListItem","position":1,"name":"Accueil","item":"https:\/\/hokageek.com\/"},{"@type":"ListItem","position":2,"name":"Boutique","item":"https:\/\/hokageek.com\/boutique\/"},{"@type":"ListItem","position":3,"name":"Clavier Bluetooth Azerty pliable avec pav\u00e9 tactile"}]},{"@type":"WebSite","@id":"https:\/\/hokageek.com\/#website","url":"https:\/\/hokageek.com\/","name":"Hokageek","description":"Geek Supply","publisher":{"@id":"https:\/\/hokageek.com\/#organization"},"potentialAction":[{"@type":"SearchAction","target":{"@type":"EntryPoint","urlTemplate":"https:\/\/hokageek.com\/?s={search_term_string}"},"query-input":{"@type":"PropertyValueSpecification","valueRequired":true,"valueName":"search_term_string"}}],"inLanguage":"en-US"},{"@type":"Organization","@id":"https:\/\/hokageek.com\/#organization","name":"Hokageek","url":"https:\/\/hokageek.com\/","logo":{"@type":"ImageObject","inLanguage":"en-US","@id":"https:\/\/hokageek.com\/#\/schema\/logo\/image\/","url":"https:\/\/hokageek.com\/wp-content\/uploads\/2019\/01\/HOKAGEEK-V2.jpg","contentUrl":"https:\/\/hokageek.com\/wp-content\/uploads\/2019\/01\/HOKAGEEK-V2.jpg","width":500,"height":500,"caption":"Hokageek"},"image":{"@id":"https:\/\/hokageek.com\/#\/schema\/logo\/image\/"},"sameAs":["https:\/\/www.facebook.com\/Sensei.Hokageek\/","https:\/\/x.com\/SenseiHokageek","https:\/\/www.instagram.com\/Sensei_Hokageek\/","https:\/\/www.pinterest.fr\/Hokageek\/","https:\/\/www.youtube.com\/channel\/UC4ZjqTXF0MThDBaUnjIRpWA\/"]}]}},"_links":{"self":[{"href":"https:\/\/hokageek.com\/en\/wp-json\/wp\/v2\/product\/4637","targetHints":{"allow":["GET"]}}],"collection":[{"href":"https:\/\/hokageek.com\/en\/wp-json\/wp\/v2\/product"}],"about":[{"href":"https:\/\/hokageek.com\/en\/wp-json\/wp\/v2\/types\/product"}],"replies":[{"embeddable":true,"href":"https:\/\/hokageek.com\/en\/wp-json\/wp\/v2\/comments?post=4637"}],"wp:featuredmedia":[{"embeddable":true,"href":"https:\/\/hokageek.com\/en\/wp-json\/wp\/v2\/media\/4844"}],"wp:attachment":[{"href":"https:\/\/hokageek.com\/en\/wp-json\/wp\/v2\/media?parent=4637"}],"wp:term":[{"taxonomy":"product_brand","embeddable":true,"href":"https:\/\/hokageek.com\/en\/wp-json\/wp\/v2\/product_brand?post=4637"},{"taxonomy":"product_cat","embeddable":true,"href":"https:\/\/hokageek.com\/en\/wp-json\/wp\/v2\/product_cat?post=4637"},{"taxonomy":"product_tag","embeddable":true,"href":"https:\/\/hokageek.com\/en\/wp-json\/wp\/v2\/product_tag?post=4637"}],"curies":[{"name":"wp","href":"https:\/\/api.w.org\/{rel}","templated":true}]}}