{"id":4732,"date":"2019-05-05T16:00:54","date_gmt":"2019-05-05T14:00:54","guid":{"rendered":"https:\/\/hokageek.com\/produit\/refrigerator-mini-car-cooler-cans-drink-freezer-portable-fridge-usb-pc-single-19-4x-9x-9cm\/"},"modified":"2025-03-03T21:18:10","modified_gmt":"2025-03-03T19:18:10","slug":"mini-refrigerateur-usb","status":"publish","type":"product","link":"https:\/\/hokageek.com\/en\/boutique\/mini-refrigerateur-usb\/","title":{"rendered":"Mini R\u00e9frigerateur USB"},"content":{"rendered":"<p><span class=\"a-list-item\">Ce r\u00e9frig\u00e9rateur USB aide \u00e0 refroidir votre boisson lorsque vous travaillez \u00e0 votre bureau<\/span><\/p>\n<p><span class=\"a-list-item\">\u00e9quip\u00e9 d&rsquo;un commutateur il se branche sur un port USB \u00e0 votre PC, pas besoin de piles.<\/span><\/p>\n<p><span class=\"a-list-item\">Il vous aidera \u00e0 maintenir votre boisson pr\u00e9f\u00e9r\u00e9e ou votre soda au frais un peu plus longtemps.<\/span><\/p>\n<p><span class=\"a-list-item\">Indicateur LED int\u00e9gr\u00e9 (vert: Cooler, rouge: Warmer)<\/span><\/p>\n<p>Ce gadget fera sensation aupr\u00e8s de vos proches ou de vos coll\u00e8gues de travail.<\/p>\n<p>&nbsp;<\/p>\n<p>&nbsp;<\/p>\n<p>&nbsp;<\/p>\n<p>&nbsp;<\/p>\n<p>&nbsp;<\/p>","protected":false},"excerpt":{"rendered":"<p>Ce r\u00e9frig\u00e9rateur USB aide \u00e0 refroidir votre boisson lorsque vous travaillez \u00e0 votre bureau \u00e9quip\u00e9 d&rsquo;un commutateur il se branche sur un port USB \u00e0 votre PC, pas besoin de piles. Il vous aidera \u00e0 maintenir votre boisson pr\u00e9f\u00e9r\u00e9e ou votre soda au frais un peu plus longtemps. Indicateur LED int\u00e9gr\u00e9 (vert: Cooler, rouge: Warmer) [&#8230;]","protected":false},"featured_media":4747,"comment_status":"open","ping_status":"closed","template":"","meta":[],"product_brand":[],"product_cat":[567],"product_tag":[],"class_list":{"0":"post-4732","1":"product","2":"type-product","3":"status-publish","4":"has-post-thumbnail","6":"product_cat-accessoires-usb","8":"first","9":"instock","10":"taxable","11":"shipping-taxable","12":"purchasable","13":"product-type-simple"},"yoast_head":"<!-- This site is optimized with the Yoast SEO plugin v25.1 - https:\/\/yoast.com\/wordpress\/plugins\/seo\/ -->\n<title>Mini R\u00e9frigerateur USB - Hokageek<\/title>\n<meta name=\"description\" content=\"Ce r\u00e9frig\u00e9rateur USB aide \u00e0 refroidir votre boisson lorsque vous travaillez \u00e0 votre bureau \u00e9quip\u00e9 d&#039;un commutateur il se branche sur un port USB \u00e0 votre\" \/>\n<meta name=\"robots\" content=\"index, follow, max-snippet:-1, max-image-preview:large, max-video-preview:-1\" \/>\n<link rel=\"canonical\" href=\"https:\/\/hokageek.com\/en\/boutique\/mini-refrigerateur-usb\/\" \/>\n<meta property=\"og:locale\" content=\"en_US\" \/>\n<meta property=\"og:type\" content=\"article\" \/>\n<meta property=\"og:title\" content=\"Mini R\u00e9frigerateur USB - Hokageek\" \/>\n<meta property=\"og:description\" content=\"Ce r\u00e9frig\u00e9rateur USB aide \u00e0 refroidir votre boisson lorsque vous travaillez \u00e0 votre bureau \u00e9quip\u00e9 d&#039;un commutateur il se branche sur un port USB \u00e0 votre\" \/>\n<meta property=\"og:url\" content=\"https:\/\/hokageek.com\/en\/boutique\/mini-refrigerateur-usb\/\" \/>\n<meta property=\"og:site_name\" content=\"Hokageek\" \/>\n<meta property=\"article:publisher\" content=\"https:\/\/www.facebook.com\/Sensei.Hokageek\/\" \/>\n<meta property=\"article:modified_time\" content=\"2025-03-03T19:18:10+00:00\" \/>\n<meta property=\"og:image\" content=\"https:\/\/e9sxhjoopfu.exactdn.com\/wp-content\/uploads\/2019\/05\/4732-124ad0.jpeg?strip=all&lossy=1&ssl=1\" \/>\n\t<meta property=\"og:image:width\" content=\"350\" \/>\n\t<meta property=\"og:image:height\" content=\"350\" \/>\n\t<meta property=\"og:image:type\" content=\"image\/jpeg\" \/>\n<meta name=\"twitter:card\" content=\"summary_large_image\" \/>\n<meta name=\"twitter:site\" content=\"@SenseiHokageek\" \/>\n<script type=\"application\/ld+json\" class=\"yoast-schema-graph\">{\"@context\":\"https:\/\/schema.org\",\"@graph\":[{\"@type\":\"WebPage\",\"@id\":\"https:\/\/hokageek.com\/boutique\/mini-refrigerateur-usb\/\",\"url\":\"https:\/\/hokageek.com\/boutique\/mini-refrigerateur-usb\/\",\"name\":\"Mini R\u00e9frigerateur USB - Hokageek\",\"isPartOf\":{\"@id\":\"https:\/\/hokageek.com\/#website\"},\"primaryImageOfPage\":{\"@id\":\"https:\/\/hokageek.com\/boutique\/mini-refrigerateur-usb\/#primaryimage\"},\"image\":{\"@id\":\"https:\/\/hokageek.com\/boutique\/mini-refrigerateur-usb\/#primaryimage\"},\"thumbnailUrl\":\"https:\/\/e9sxhjoopfu.exactdn.com\/wp-content\/uploads\/2019\/05\/4732-124ad0.jpeg?strip=all&lossy=1&ssl=1\",\"datePublished\":\"2019-05-05T14:00:54+00:00\",\"dateModified\":\"2025-03-03T19:18:10+00:00\",\"description\":\"Ce r\u00e9frig\u00e9rateur USB aide \u00e0 refroidir votre boisson lorsque vous travaillez \u00e0 votre bureau \u00e9quip\u00e9 d'un commutateur il se branche sur un port USB \u00e0 votre\",\"breadcrumb\":{\"@id\":\"https:\/\/hokageek.com\/boutique\/mini-refrigerateur-usb\/#breadcrumb\"},\"inLanguage\":\"en-US\",\"potentialAction\":[{\"@type\":\"ReadAction\",\"target\":[\"https:\/\/hokageek.com\/boutique\/mini-refrigerateur-usb\/\"]}]},{\"@type\":\"ImageObject\",\"inLanguage\":\"en-US\",\"@id\":\"https:\/\/hokageek.com\/boutique\/mini-refrigerateur-usb\/#primaryimage\",\"url\":\"https:\/\/e9sxhjoopfu.exactdn.com\/wp-content\/uploads\/2019\/05\/4732-124ad0.jpeg?strip=all&lossy=1&ssl=1\",\"contentUrl\":\"https:\/\/e9sxhjoopfu.exactdn.com\/wp-content\/uploads\/2019\/05\/4732-124ad0.jpeg?strip=all&lossy=1&ssl=1\",\"width\":350,\"height\":350,\"caption\":\"Mini R\u00e9frig\u00e9rateur USB-01\"},{\"@type\":\"BreadcrumbList\",\"@id\":\"https:\/\/hokageek.com\/boutique\/mini-refrigerateur-usb\/#breadcrumb\",\"itemListElement\":[{\"@type\":\"ListItem\",\"position\":1,\"name\":\"Accueil\",\"item\":\"https:\/\/hokageek.com\/\"},{\"@type\":\"ListItem\",\"position\":2,\"name\":\"Boutique\",\"item\":\"https:\/\/hokageek.com\/boutique\/\"},{\"@type\":\"ListItem\",\"position\":3,\"name\":\"Mini R\u00e9frigerateur USB\"}]},{\"@type\":\"WebSite\",\"@id\":\"https:\/\/hokageek.com\/#website\",\"url\":\"https:\/\/hokageek.com\/\",\"name\":\"Hokageek\",\"description\":\"Geek Supply\",\"publisher\":{\"@id\":\"https:\/\/hokageek.com\/#organization\"},\"potentialAction\":[{\"@type\":\"SearchAction\",\"target\":{\"@type\":\"EntryPoint\",\"urlTemplate\":\"https:\/\/hokageek.com\/?s={search_term_string}\"},\"query-input\":{\"@type\":\"PropertyValueSpecification\",\"valueRequired\":true,\"valueName\":\"search_term_string\"}}],\"inLanguage\":\"en-US\"},{\"@type\":\"Organization\",\"@id\":\"https:\/\/hokageek.com\/#organization\",\"name\":\"Hokageek\",\"url\":\"https:\/\/hokageek.com\/\",\"logo\":{\"@type\":\"ImageObject\",\"inLanguage\":\"en-US\",\"@id\":\"https:\/\/hokageek.com\/#\/schema\/logo\/image\/\",\"url\":\"https:\/\/hokageek.com\/wp-content\/uploads\/2019\/01\/HOKAGEEK-V2.jpg\",\"contentUrl\":\"https:\/\/hokageek.com\/wp-content\/uploads\/2019\/01\/HOKAGEEK-V2.jpg\",\"width\":500,\"height\":500,\"caption\":\"Hokageek\"},\"image\":{\"@id\":\"https:\/\/hokageek.com\/#\/schema\/logo\/image\/\"},\"sameAs\":[\"https:\/\/www.facebook.com\/Sensei.Hokageek\/\",\"https:\/\/x.com\/SenseiHokageek\",\"https:\/\/www.instagram.com\/Sensei_Hokageek\/\",\"https:\/\/www.pinterest.fr\/Hokageek\/\",\"https:\/\/www.youtube.com\/channel\/UC4ZjqTXF0MThDBaUnjIRpWA\/\"]}]}<\/script>\n<!-- \/ Yoast SEO plugin. -->","yoast_head_json":{"title":"Mini R\u00e9frigerateur USB - Hokageek","description":"Ce r\u00e9frig\u00e9rateur USB aide \u00e0 refroidir votre boisson lorsque vous travaillez \u00e0 votre bureau \u00e9quip\u00e9 d'un commutateur il se branche sur un port USB \u00e0 votre","robots":{"index":"index","follow":"follow","max-snippet":"max-snippet:-1","max-image-preview":"max-image-preview:large","max-video-preview":"max-video-preview:-1"},"canonical":"https:\/\/hokageek.com\/en\/boutique\/mini-refrigerateur-usb\/","og_locale":"en_US","og_type":"article","og_title":"Mini R\u00e9frigerateur USB - Hokageek","og_description":"Ce r\u00e9frig\u00e9rateur USB aide \u00e0 refroidir votre boisson lorsque vous travaillez \u00e0 votre bureau \u00e9quip\u00e9 d'un commutateur il se branche sur un port USB \u00e0 votre","og_url":"https:\/\/hokageek.com\/en\/boutique\/mini-refrigerateur-usb\/","og_site_name":"Hokageek","article_publisher":"https:\/\/www.facebook.com\/Sensei.Hokageek\/","article_modified_time":"2025-03-03T19:18:10+00:00","og_image":[{"width":350,"height":350,"url":"https:\/\/e9sxhjoopfu.exactdn.com\/wp-content\/uploads\/2019\/05\/4732-124ad0.jpeg?strip=all&lossy=1&ssl=1","type":"image\/jpeg"}],"twitter_card":"summary_large_image","twitter_site":"@SenseiHokageek","schema":{"@context":"https:\/\/schema.org","@graph":[{"@type":"WebPage","@id":"https:\/\/hokageek.com\/boutique\/mini-refrigerateur-usb\/","url":"https:\/\/hokageek.com\/boutique\/mini-refrigerateur-usb\/","name":"Mini R\u00e9frigerateur USB - Hokageek","isPartOf":{"@id":"https:\/\/hokageek.com\/#website"},"primaryImageOfPage":{"@id":"https:\/\/hokageek.com\/boutique\/mini-refrigerateur-usb\/#primaryimage"},"image":{"@id":"https:\/\/hokageek.com\/boutique\/mini-refrigerateur-usb\/#primaryimage"},"thumbnailUrl":"https:\/\/e9sxhjoopfu.exactdn.com\/wp-content\/uploads\/2019\/05\/4732-124ad0.jpeg?strip=all&lossy=1&ssl=1","datePublished":"2019-05-05T14:00:54+00:00","dateModified":"2025-03-03T19:18:10+00:00","description":"Ce r\u00e9frig\u00e9rateur USB aide \u00e0 refroidir votre boisson lorsque vous travaillez \u00e0 votre bureau \u00e9quip\u00e9 d'un commutateur il se branche sur un port USB \u00e0 votre","breadcrumb":{"@id":"https:\/\/hokageek.com\/boutique\/mini-refrigerateur-usb\/#breadcrumb"},"inLanguage":"en-US","potentialAction":[{"@type":"ReadAction","target":["https:\/\/hokageek.com\/boutique\/mini-refrigerateur-usb\/"]}]},{"@type":"ImageObject","inLanguage":"en-US","@id":"https:\/\/hokageek.com\/boutique\/mini-refrigerateur-usb\/#primaryimage","url":"https:\/\/e9sxhjoopfu.exactdn.com\/wp-content\/uploads\/2019\/05\/4732-124ad0.jpeg?strip=all&lossy=1&ssl=1","contentUrl":"https:\/\/e9sxhjoopfu.exactdn.com\/wp-content\/uploads\/2019\/05\/4732-124ad0.jpeg?strip=all&lossy=1&ssl=1","width":350,"height":350,"caption":"Mini R\u00e9frig\u00e9rateur USB-01"},{"@type":"BreadcrumbList","@id":"https:\/\/hokageek.com\/boutique\/mini-refrigerateur-usb\/#breadcrumb","itemListElement":[{"@type":"ListItem","position":1,"name":"Accueil","item":"https:\/\/hokageek.com\/"},{"@type":"ListItem","position":2,"name":"Boutique","item":"https:\/\/hokageek.com\/boutique\/"},{"@type":"ListItem","position":3,"name":"Mini R\u00e9frigerateur USB"}]},{"@type":"WebSite","@id":"https:\/\/hokageek.com\/#website","url":"https:\/\/hokageek.com\/","name":"Hokageek","description":"Geek Supply","publisher":{"@id":"https:\/\/hokageek.com\/#organization"},"potentialAction":[{"@type":"SearchAction","target":{"@type":"EntryPoint","urlTemplate":"https:\/\/hokageek.com\/?s={search_term_string}"},"query-input":{"@type":"PropertyValueSpecification","valueRequired":true,"valueName":"search_term_string"}}],"inLanguage":"en-US"},{"@type":"Organization","@id":"https:\/\/hokageek.com\/#organization","name":"Hokageek","url":"https:\/\/hokageek.com\/","logo":{"@type":"ImageObject","inLanguage":"en-US","@id":"https:\/\/hokageek.com\/#\/schema\/logo\/image\/","url":"https:\/\/hokageek.com\/wp-content\/uploads\/2019\/01\/HOKAGEEK-V2.jpg","contentUrl":"https:\/\/hokageek.com\/wp-content\/uploads\/2019\/01\/HOKAGEEK-V2.jpg","width":500,"height":500,"caption":"Hokageek"},"image":{"@id":"https:\/\/hokageek.com\/#\/schema\/logo\/image\/"},"sameAs":["https:\/\/www.facebook.com\/Sensei.Hokageek\/","https:\/\/x.com\/SenseiHokageek","https:\/\/www.instagram.com\/Sensei_Hokageek\/","https:\/\/www.pinterest.fr\/Hokageek\/","https:\/\/www.youtube.com\/channel\/UC4ZjqTXF0MThDBaUnjIRpWA\/"]}]}},"_links":{"self":[{"href":"https:\/\/hokageek.com\/en\/wp-json\/wp\/v2\/product\/4732","targetHints":{"allow":["GET"]}}],"collection":[{"href":"https:\/\/hokageek.com\/en\/wp-json\/wp\/v2\/product"}],"about":[{"href":"https:\/\/hokageek.com\/en\/wp-json\/wp\/v2\/types\/product"}],"replies":[{"embeddable":true,"href":"https:\/\/hokageek.com\/en\/wp-json\/wp\/v2\/comments?post=4732"}],"wp:featuredmedia":[{"embeddable":true,"href":"https:\/\/hokageek.com\/en\/wp-json\/wp\/v2\/media\/4747"}],"wp:attachment":[{"href":"https:\/\/hokageek.com\/en\/wp-json\/wp\/v2\/media?parent=4732"}],"wp:term":[{"taxonomy":"product_brand","embeddable":true,"href":"https:\/\/hokageek.com\/en\/wp-json\/wp\/v2\/product_brand?post=4732"},{"taxonomy":"product_cat","embeddable":true,"href":"https:\/\/hokageek.com\/en\/wp-json\/wp\/v2\/product_cat?post=4732"},{"taxonomy":"product_tag","embeddable":true,"href":"https:\/\/hokageek.com\/en\/wp-json\/wp\/v2\/product_tag?post=4732"}],"curies":[{"name":"wp","href":"https:\/\/api.w.org\/{rel}","templated":true}]}}