{"id":5010,"date":"2019-05-08T13:51:36","date_gmt":"2019-05-08T12:51:36","guid":{"rendered":"https:\/\/hokageek.com\/produit\/lokmat-smart-watch-sport-waterproof-pedometers-message-reminder-bluetooth-outdoor-swimming-men-smartwatch-for-ios-android-phone\/"},"modified":"2025-05-06T09:50:26","modified_gmt":"2025-05-06T07:50:26","slug":"montre-intelligente-connectee","status":"publish","type":"product","link":"https:\/\/hokageek.com\/en\/boutique\/montre-intelligente-connectee\/","title":{"rendered":"Montre intelligente connect\u00e9e"},"content":{"rendered":"<div id=\"descriptionAndDetails\" class=\"a-section a-spacing-extra-large\">\n<div id=\"productDescription_feature_div\" class=\"feature\" data-feature-name=\"productDescription\">\n<div id=\"productDescription_feature_div\" class=\"a-row feature\" data-feature-name=\"productDescription\" data-template-name=\"productDescription\">\n<div id=\"productDescription\" class=\"a-section a-spacing-small\">\n<p>Cette montre intelligente connect\u00e9e de LOKMAT est votre noveau partenaire sportif.<\/p>\n<p>La montre se connecte et se synchronise avec l&rsquo;application de votre smartphone via Bluetooth 4.0<\/p>\n<p>D\u00e9finissez votre objectif du jour et consulter vos activit\u00e9s sportives \u00e0 tout moment.<\/p>\n<p>Appels t\u00e9l\u00e9phoniques, messages, Twitter Facebook, WhatsApp, Skype, etc.<\/p>\n<p>Menu des fonctions simple et claire, un seul bouton, facile \u00e0 utiliser \u00c9cran LCD affiche les \u00e9tapes, distance et calories 3 groupes d&rsquo;avertisseurs sonores.<\/p>\n<p>Norme IP68 r\u00e9sistant \u00e0 la poussi\u00e8re et \u00e0 l&rsquo;eau.<\/p>\n<p>Langues : anglais, russe, fran\u00e7ais, italien, allemand, espagnol, portugais, japonais et arabe.<\/p>\n<p>&nbsp;<\/p>\n<\/div>\n<\/div>\n<\/div>\n<\/div>\n<div id=\"dp-ads-center-promo_feature_div\"><\/div>","protected":false},"excerpt":{"rendered":"<p>Cette montre intelligente connect\u00e9e de LOKMAT est votre noveau partenaire sportif. La montre se connecte et se synchronise avec l&rsquo;application de votre smartphone via Bluetooth 4.0 D\u00e9finissez votre objectif du jour et consulter vos activit\u00e9s sportives \u00e0 tout moment. Appels t\u00e9l\u00e9phoniques, messages, Twitter Facebook, WhatsApp, Skype, etc. Menu des fonctions simple et claire, un seul [&#8230;]","protected":false},"featured_media":5233,"comment_status":"open","ping_status":"closed","template":"","meta":[],"product_brand":[],"product_cat":[566],"product_tag":[],"class_list":{"0":"post-5010","1":"product","2":"type-product","3":"status-publish","4":"has-post-thumbnail","6":"product_cat-montres","8":"first","9":"outofstock","10":"taxable","11":"shipping-taxable","12":"purchasable","13":"product-type-variable"},"yoast_head":"<!-- This site is optimized with the Yoast SEO plugin v25.1 - https:\/\/yoast.com\/wordpress\/plugins\/seo\/ -->\n<title>Montre intelligente connect\u00e9e - Hokageek<\/title>\n<meta name=\"description\" content=\"Cette montre intelligente connect\u00e9e de LOKMAT est votre noveau partenaire sportif. La montre se connecte et se synchronise avec l&#039;application de votre\" \/>\n<meta name=\"robots\" content=\"index, follow, max-snippet:-1, max-image-preview:large, max-video-preview:-1\" \/>\n<link rel=\"canonical\" href=\"https:\/\/hokageek.com\/en\/boutique\/montre-intelligente-connectee\/\" \/>\n<meta property=\"og:locale\" content=\"en_US\" \/>\n<meta property=\"og:type\" content=\"article\" \/>\n<meta property=\"og:title\" content=\"Montre intelligente connect\u00e9e - Hokageek\" \/>\n<meta property=\"og:description\" content=\"Cette montre intelligente connect\u00e9e de LOKMAT est votre noveau partenaire sportif. La montre se connecte et se synchronise avec l&#039;application de votre\" \/>\n<meta property=\"og:url\" content=\"https:\/\/hokageek.com\/en\/boutique\/montre-intelligente-connectee\/\" \/>\n<meta property=\"og:site_name\" content=\"Hokageek\" \/>\n<meta property=\"article:publisher\" content=\"https:\/\/www.facebook.com\/Sensei.Hokageek\/\" \/>\n<meta property=\"article:modified_time\" content=\"2025-05-06T07:50:26+00:00\" \/>\n<meta property=\"og:image\" content=\"https:\/\/e9sxhjoopfu.exactdn.com\/wp-content\/uploads\/2019\/05\/5010-b3e53f.jpeg?strip=all&lossy=1&ssl=1\" \/>\n\t<meta property=\"og:image:width\" content=\"1000\" \/>\n\t<meta property=\"og:image:height\" content=\"1000\" \/>\n\t<meta property=\"og:image:type\" content=\"image\/jpeg\" \/>\n<meta name=\"twitter:card\" content=\"summary_large_image\" \/>\n<meta name=\"twitter:site\" content=\"@SenseiHokageek\" \/>\n<script type=\"application\/ld+json\" class=\"yoast-schema-graph\">{\"@context\":\"https:\/\/schema.org\",\"@graph\":[{\"@type\":\"WebPage\",\"@id\":\"https:\/\/hokageek.com\/boutique\/montre-intelligente-connectee\/\",\"url\":\"https:\/\/hokageek.com\/boutique\/montre-intelligente-connectee\/\",\"name\":\"Montre intelligente connect\u00e9e - Hokageek\",\"isPartOf\":{\"@id\":\"https:\/\/hokageek.com\/#website\"},\"primaryImageOfPage\":{\"@id\":\"https:\/\/hokageek.com\/boutique\/montre-intelligente-connectee\/#primaryimage\"},\"image\":{\"@id\":\"https:\/\/hokageek.com\/boutique\/montre-intelligente-connectee\/#primaryimage\"},\"thumbnailUrl\":\"https:\/\/e9sxhjoopfu.exactdn.com\/wp-content\/uploads\/2019\/05\/5010-b3e53f.jpeg?strip=all&lossy=1&ssl=1\",\"datePublished\":\"2019-05-08T12:51:36+00:00\",\"dateModified\":\"2025-05-06T07:50:26+00:00\",\"description\":\"Cette montre intelligente connect\u00e9e de LOKMAT est votre noveau partenaire sportif. La montre se connecte et se synchronise avec l'application de votre\",\"breadcrumb\":{\"@id\":\"https:\/\/hokageek.com\/boutique\/montre-intelligente-connectee\/#breadcrumb\"},\"inLanguage\":\"en-US\",\"potentialAction\":[{\"@type\":\"ReadAction\",\"target\":[\"https:\/\/hokageek.com\/boutique\/montre-intelligente-connectee\/\"]}]},{\"@type\":\"ImageObject\",\"inLanguage\":\"en-US\",\"@id\":\"https:\/\/hokageek.com\/boutique\/montre-intelligente-connectee\/#primaryimage\",\"url\":\"https:\/\/e9sxhjoopfu.exactdn.com\/wp-content\/uploads\/2019\/05\/5010-b3e53f.jpeg?strip=all&lossy=1&ssl=1\",\"contentUrl\":\"https:\/\/e9sxhjoopfu.exactdn.com\/wp-content\/uploads\/2019\/05\/5010-b3e53f.jpeg?strip=all&lossy=1&ssl=1\",\"width\":1000,\"height\":1000,\"caption\":\"Montre intelligente connect\u00e9e -00\"},{\"@type\":\"BreadcrumbList\",\"@id\":\"https:\/\/hokageek.com\/boutique\/montre-intelligente-connectee\/#breadcrumb\",\"itemListElement\":[{\"@type\":\"ListItem\",\"position\":1,\"name\":\"Accueil\",\"item\":\"https:\/\/hokageek.com\/\"},{\"@type\":\"ListItem\",\"position\":2,\"name\":\"Boutique\",\"item\":\"https:\/\/hokageek.com\/boutique\/\"},{\"@type\":\"ListItem\",\"position\":3,\"name\":\"Montre intelligente connect\u00e9e\"}]},{\"@type\":\"WebSite\",\"@id\":\"https:\/\/hokageek.com\/#website\",\"url\":\"https:\/\/hokageek.com\/\",\"name\":\"Hokageek\",\"description\":\"Geek Supply\",\"publisher\":{\"@id\":\"https:\/\/hokageek.com\/#organization\"},\"potentialAction\":[{\"@type\":\"SearchAction\",\"target\":{\"@type\":\"EntryPoint\",\"urlTemplate\":\"https:\/\/hokageek.com\/?s={search_term_string}\"},\"query-input\":{\"@type\":\"PropertyValueSpecification\",\"valueRequired\":true,\"valueName\":\"search_term_string\"}}],\"inLanguage\":\"en-US\"},{\"@type\":\"Organization\",\"@id\":\"https:\/\/hokageek.com\/#organization\",\"name\":\"Hokageek\",\"url\":\"https:\/\/hokageek.com\/\",\"logo\":{\"@type\":\"ImageObject\",\"inLanguage\":\"en-US\",\"@id\":\"https:\/\/hokageek.com\/#\/schema\/logo\/image\/\",\"url\":\"https:\/\/hokageek.com\/wp-content\/uploads\/2019\/01\/HOKAGEEK-V2.jpg\",\"contentUrl\":\"https:\/\/hokageek.com\/wp-content\/uploads\/2019\/01\/HOKAGEEK-V2.jpg\",\"width\":500,\"height\":500,\"caption\":\"Hokageek\"},\"image\":{\"@id\":\"https:\/\/hokageek.com\/#\/schema\/logo\/image\/\"},\"sameAs\":[\"https:\/\/www.facebook.com\/Sensei.Hokageek\/\",\"https:\/\/x.com\/SenseiHokageek\",\"https:\/\/www.instagram.com\/Sensei_Hokageek\/\",\"https:\/\/www.pinterest.fr\/Hokageek\/\",\"https:\/\/www.youtube.com\/channel\/UC4ZjqTXF0MThDBaUnjIRpWA\/\"]}]}<\/script>\n<!-- \/ Yoast SEO plugin. -->","yoast_head_json":{"title":"Montre intelligente connect\u00e9e - Hokageek","description":"Cette montre intelligente connect\u00e9e de LOKMAT est votre noveau partenaire sportif. La montre se connecte et se synchronise avec l'application de votre","robots":{"index":"index","follow":"follow","max-snippet":"max-snippet:-1","max-image-preview":"max-image-preview:large","max-video-preview":"max-video-preview:-1"},"canonical":"https:\/\/hokageek.com\/en\/boutique\/montre-intelligente-connectee\/","og_locale":"en_US","og_type":"article","og_title":"Montre intelligente connect\u00e9e - Hokageek","og_description":"Cette montre intelligente connect\u00e9e de LOKMAT est votre noveau partenaire sportif. La montre se connecte et se synchronise avec l'application de votre","og_url":"https:\/\/hokageek.com\/en\/boutique\/montre-intelligente-connectee\/","og_site_name":"Hokageek","article_publisher":"https:\/\/www.facebook.com\/Sensei.Hokageek\/","article_modified_time":"2025-05-06T07:50:26+00:00","og_image":[{"width":1000,"height":1000,"url":"https:\/\/e9sxhjoopfu.exactdn.com\/wp-content\/uploads\/2019\/05\/5010-b3e53f.jpeg?strip=all&lossy=1&ssl=1","type":"image\/jpeg"}],"twitter_card":"summary_large_image","twitter_site":"@SenseiHokageek","schema":{"@context":"https:\/\/schema.org","@graph":[{"@type":"WebPage","@id":"https:\/\/hokageek.com\/boutique\/montre-intelligente-connectee\/","url":"https:\/\/hokageek.com\/boutique\/montre-intelligente-connectee\/","name":"Montre intelligente connect\u00e9e - Hokageek","isPartOf":{"@id":"https:\/\/hokageek.com\/#website"},"primaryImageOfPage":{"@id":"https:\/\/hokageek.com\/boutique\/montre-intelligente-connectee\/#primaryimage"},"image":{"@id":"https:\/\/hokageek.com\/boutique\/montre-intelligente-connectee\/#primaryimage"},"thumbnailUrl":"https:\/\/e9sxhjoopfu.exactdn.com\/wp-content\/uploads\/2019\/05\/5010-b3e53f.jpeg?strip=all&lossy=1&ssl=1","datePublished":"2019-05-08T12:51:36+00:00","dateModified":"2025-05-06T07:50:26+00:00","description":"Cette montre intelligente connect\u00e9e de LOKMAT est votre noveau partenaire sportif. La montre se connecte et se synchronise avec l'application de votre","breadcrumb":{"@id":"https:\/\/hokageek.com\/boutique\/montre-intelligente-connectee\/#breadcrumb"},"inLanguage":"en-US","potentialAction":[{"@type":"ReadAction","target":["https:\/\/hokageek.com\/boutique\/montre-intelligente-connectee\/"]}]},{"@type":"ImageObject","inLanguage":"en-US","@id":"https:\/\/hokageek.com\/boutique\/montre-intelligente-connectee\/#primaryimage","url":"https:\/\/e9sxhjoopfu.exactdn.com\/wp-content\/uploads\/2019\/05\/5010-b3e53f.jpeg?strip=all&lossy=1&ssl=1","contentUrl":"https:\/\/e9sxhjoopfu.exactdn.com\/wp-content\/uploads\/2019\/05\/5010-b3e53f.jpeg?strip=all&lossy=1&ssl=1","width":1000,"height":1000,"caption":"Montre intelligente connect\u00e9e -00"},{"@type":"BreadcrumbList","@id":"https:\/\/hokageek.com\/boutique\/montre-intelligente-connectee\/#breadcrumb","itemListElement":[{"@type":"ListItem","position":1,"name":"Accueil","item":"https:\/\/hokageek.com\/"},{"@type":"ListItem","position":2,"name":"Boutique","item":"https:\/\/hokageek.com\/boutique\/"},{"@type":"ListItem","position":3,"name":"Montre intelligente connect\u00e9e"}]},{"@type":"WebSite","@id":"https:\/\/hokageek.com\/#website","url":"https:\/\/hokageek.com\/","name":"Hokageek","description":"Geek Supply","publisher":{"@id":"https:\/\/hokageek.com\/#organization"},"potentialAction":[{"@type":"SearchAction","target":{"@type":"EntryPoint","urlTemplate":"https:\/\/hokageek.com\/?s={search_term_string}"},"query-input":{"@type":"PropertyValueSpecification","valueRequired":true,"valueName":"search_term_string"}}],"inLanguage":"en-US"},{"@type":"Organization","@id":"https:\/\/hokageek.com\/#organization","name":"Hokageek","url":"https:\/\/hokageek.com\/","logo":{"@type":"ImageObject","inLanguage":"en-US","@id":"https:\/\/hokageek.com\/#\/schema\/logo\/image\/","url":"https:\/\/hokageek.com\/wp-content\/uploads\/2019\/01\/HOKAGEEK-V2.jpg","contentUrl":"https:\/\/hokageek.com\/wp-content\/uploads\/2019\/01\/HOKAGEEK-V2.jpg","width":500,"height":500,"caption":"Hokageek"},"image":{"@id":"https:\/\/hokageek.com\/#\/schema\/logo\/image\/"},"sameAs":["https:\/\/www.facebook.com\/Sensei.Hokageek\/","https:\/\/x.com\/SenseiHokageek","https:\/\/www.instagram.com\/Sensei_Hokageek\/","https:\/\/www.pinterest.fr\/Hokageek\/","https:\/\/www.youtube.com\/channel\/UC4ZjqTXF0MThDBaUnjIRpWA\/"]}]}},"_links":{"self":[{"href":"https:\/\/hokageek.com\/en\/wp-json\/wp\/v2\/product\/5010","targetHints":{"allow":["GET"]}}],"collection":[{"href":"https:\/\/hokageek.com\/en\/wp-json\/wp\/v2\/product"}],"about":[{"href":"https:\/\/hokageek.com\/en\/wp-json\/wp\/v2\/types\/product"}],"replies":[{"embeddable":true,"href":"https:\/\/hokageek.com\/en\/wp-json\/wp\/v2\/comments?post=5010"}],"wp:featuredmedia":[{"embeddable":true,"href":"https:\/\/hokageek.com\/en\/wp-json\/wp\/v2\/media\/5233"}],"wp:attachment":[{"href":"https:\/\/hokageek.com\/en\/wp-json\/wp\/v2\/media?parent=5010"}],"wp:term":[{"taxonomy":"product_brand","embeddable":true,"href":"https:\/\/hokageek.com\/en\/wp-json\/wp\/v2\/product_brand?post=5010"},{"taxonomy":"product_cat","embeddable":true,"href":"https:\/\/hokageek.com\/en\/wp-json\/wp\/v2\/product_cat?post=5010"},{"taxonomy":"product_tag","embeddable":true,"href":"https:\/\/hokageek.com\/en\/wp-json\/wp\/v2\/product_tag?post=5010"}],"curies":[{"name":"wp","href":"https:\/\/api.w.org\/{rel}","templated":true}]}}