{"id":5149,"date":"2019-05-08T16:32:42","date_gmt":"2019-05-08T15:32:42","guid":{"rendered":"https:\/\/hokageek.com\/produit\/thug-life-glasses-deal-with-it-glasses-pixel-women-men-black-mosaic-sunglasses\/"},"modified":"2022-04-02T17:25:05","modified_gmt":"2022-04-02T15:25:05","slug":"lunettes-de-soleil-thug-life-pixel","status":"publish","type":"product","link":"https:\/\/hokageek.com\/en\/boutique\/lunettes-de-soleil-thug-life-pixel\/","title":{"rendered":"Lunettes de soleil Thug Life Pixel"},"content":{"rendered":"<p>Ces lunettes ont \u00e9t\u00e9 popularis\u00e9es dans divers troll et m\u00e8me internet ne sont plus \u00e0 pr\u00e9senter.<\/p>\n<p>Adoptez la \u00ab\u00a0Thug Life\u00a0\u00bb attitude avec ces lunettes au design Pixelis\u00e9 fa\u00e7on 8 Bits.<\/p>\n<p>Un accessoire qui ne manquera pas de vous faire remarquer et de faire sourire votre entourage.<\/p>\n<p><span class=\"a-list-item\">Un excellent cadeau amusant pour tous.<\/span><\/p>","protected":false},"excerpt":{"rendered":"<p>Ces lunettes ont \u00e9t\u00e9 popularis\u00e9es dans divers troll et m\u00e8me internet ne sont plus \u00e0 pr\u00e9senter. Adoptez la \u00ab\u00a0Thug Life\u00a0\u00bb attitude avec ces lunettes au design Pixelis\u00e9 fa\u00e7on 8 Bits. Un accessoire qui ne manquera pas de vous faire remarquer et de faire sourire votre entourage. Un excellent cadeau amusant pour tous.<\/p>","protected":false},"featured_media":5409,"comment_status":"open","ping_status":"closed","template":"","meta":[],"product_brand":[],"product_cat":[568],"product_tag":[],"class_list":{"0":"post-5149","1":"product","2":"type-product","3":"status-publish","4":"has-post-thumbnail","6":"product_cat-accessoires-de-mode","8":"first","9":"instock","10":"taxable","11":"shipping-taxable","12":"purchasable","13":"product-type-simple"},"yoast_head":"<!-- This site is optimized with the Yoast SEO plugin v25.1 - https:\/\/yoast.com\/wordpress\/plugins\/seo\/ -->\n<title>Lunettes de soleil Thug Life Pixel - Hokageek<\/title>\n<meta name=\"description\" content=\"Ces lunettes ont \u00e9t\u00e9 popularis\u00e9es dans divers troll et m\u00e8me internet ne sont plus \u00e0 pr\u00e9senter. Adoptez la &quot;Thug Life&quot; attitude avec ces lunettes au design\" \/>\n<meta name=\"robots\" content=\"index, follow, max-snippet:-1, max-image-preview:large, max-video-preview:-1\" \/>\n<link rel=\"canonical\" href=\"https:\/\/hokageek.com\/en\/boutique\/lunettes-de-soleil-thug-life-pixel\/\" \/>\n<meta property=\"og:locale\" content=\"en_US\" \/>\n<meta property=\"og:type\" content=\"article\" \/>\n<meta property=\"og:title\" content=\"Lunettes de soleil Thug Life Pixel - Hokageek\" \/>\n<meta property=\"og:description\" content=\"Ces lunettes ont \u00e9t\u00e9 popularis\u00e9es dans divers troll et m\u00e8me internet ne sont plus \u00e0 pr\u00e9senter. Adoptez la &quot;Thug Life&quot; attitude avec ces lunettes au design\" \/>\n<meta property=\"og:url\" content=\"https:\/\/hokageek.com\/en\/boutique\/lunettes-de-soleil-thug-life-pixel\/\" \/>\n<meta property=\"og:site_name\" content=\"Hokageek\" \/>\n<meta property=\"article:publisher\" content=\"https:\/\/www.facebook.com\/Sensei.Hokageek\/\" \/>\n<meta property=\"article:modified_time\" content=\"2022-04-02T15:25:05+00:00\" \/>\n<meta property=\"og:image\" content=\"https:\/\/e9sxhjoopfu.exactdn.com\/wp-content\/uploads\/2019\/05\/5149-768813.jpeg?strip=all&lossy=1&ssl=1\" \/>\n\t<meta property=\"og:image:width\" content=\"800\" \/>\n\t<meta property=\"og:image:height\" content=\"800\" \/>\n\t<meta property=\"og:image:type\" content=\"image\/jpeg\" \/>\n<meta name=\"twitter:card\" content=\"summary_large_image\" \/>\n<meta name=\"twitter:site\" content=\"@SenseiHokageek\" \/>\n<script type=\"application\/ld+json\" class=\"yoast-schema-graph\">{\"@context\":\"https:\/\/schema.org\",\"@graph\":[{\"@type\":\"WebPage\",\"@id\":\"https:\/\/hokageek.com\/boutique\/lunettes-de-soleil-thug-life-pixel\/\",\"url\":\"https:\/\/hokageek.com\/boutique\/lunettes-de-soleil-thug-life-pixel\/\",\"name\":\"Lunettes de soleil Thug Life Pixel - Hokageek\",\"isPartOf\":{\"@id\":\"https:\/\/hokageek.com\/#website\"},\"primaryImageOfPage\":{\"@id\":\"https:\/\/hokageek.com\/boutique\/lunettes-de-soleil-thug-life-pixel\/#primaryimage\"},\"image\":{\"@id\":\"https:\/\/hokageek.com\/boutique\/lunettes-de-soleil-thug-life-pixel\/#primaryimage\"},\"thumbnailUrl\":\"https:\/\/e9sxhjoopfu.exactdn.com\/wp-content\/uploads\/2019\/05\/5149-768813.jpeg?strip=all&lossy=1&ssl=1\",\"datePublished\":\"2019-05-08T15:32:42+00:00\",\"dateModified\":\"2022-04-02T15:25:05+00:00\",\"description\":\"Ces lunettes ont \u00e9t\u00e9 popularis\u00e9es dans divers troll et m\u00e8me internet ne sont plus \u00e0 pr\u00e9senter. Adoptez la \\\"Thug Life\\\" attitude avec ces lunettes au design\",\"breadcrumb\":{\"@id\":\"https:\/\/hokageek.com\/boutique\/lunettes-de-soleil-thug-life-pixel\/#breadcrumb\"},\"inLanguage\":\"en-US\",\"potentialAction\":[{\"@type\":\"ReadAction\",\"target\":[\"https:\/\/hokageek.com\/boutique\/lunettes-de-soleil-thug-life-pixel\/\"]}]},{\"@type\":\"ImageObject\",\"inLanguage\":\"en-US\",\"@id\":\"https:\/\/hokageek.com\/boutique\/lunettes-de-soleil-thug-life-pixel\/#primaryimage\",\"url\":\"https:\/\/e9sxhjoopfu.exactdn.com\/wp-content\/uploads\/2019\/05\/5149-768813.jpeg?strip=all&lossy=1&ssl=1\",\"contentUrl\":\"https:\/\/e9sxhjoopfu.exactdn.com\/wp-content\/uploads\/2019\/05\/5149-768813.jpeg?strip=all&lossy=1&ssl=1\",\"width\":800,\"height\":800,\"caption\":\"Lunettes de soleil Thug Life Pixel -00\"},{\"@type\":\"BreadcrumbList\",\"@id\":\"https:\/\/hokageek.com\/boutique\/lunettes-de-soleil-thug-life-pixel\/#breadcrumb\",\"itemListElement\":[{\"@type\":\"ListItem\",\"position\":1,\"name\":\"Accueil\",\"item\":\"https:\/\/hokageek.com\/\"},{\"@type\":\"ListItem\",\"position\":2,\"name\":\"Boutique\",\"item\":\"https:\/\/hokageek.com\/boutique\/\"},{\"@type\":\"ListItem\",\"position\":3,\"name\":\"Lunettes de soleil Thug Life Pixel\"}]},{\"@type\":\"WebSite\",\"@id\":\"https:\/\/hokageek.com\/#website\",\"url\":\"https:\/\/hokageek.com\/\",\"name\":\"Hokageek\",\"description\":\"Geek Supply\",\"publisher\":{\"@id\":\"https:\/\/hokageek.com\/#organization\"},\"potentialAction\":[{\"@type\":\"SearchAction\",\"target\":{\"@type\":\"EntryPoint\",\"urlTemplate\":\"https:\/\/hokageek.com\/?s={search_term_string}\"},\"query-input\":{\"@type\":\"PropertyValueSpecification\",\"valueRequired\":true,\"valueName\":\"search_term_string\"}}],\"inLanguage\":\"en-US\"},{\"@type\":\"Organization\",\"@id\":\"https:\/\/hokageek.com\/#organization\",\"name\":\"Hokageek\",\"url\":\"https:\/\/hokageek.com\/\",\"logo\":{\"@type\":\"ImageObject\",\"inLanguage\":\"en-US\",\"@id\":\"https:\/\/hokageek.com\/#\/schema\/logo\/image\/\",\"url\":\"https:\/\/hokageek.com\/wp-content\/uploads\/2019\/01\/HOKAGEEK-V2.jpg\",\"contentUrl\":\"https:\/\/hokageek.com\/wp-content\/uploads\/2019\/01\/HOKAGEEK-V2.jpg\",\"width\":500,\"height\":500,\"caption\":\"Hokageek\"},\"image\":{\"@id\":\"https:\/\/hokageek.com\/#\/schema\/logo\/image\/\"},\"sameAs\":[\"https:\/\/www.facebook.com\/Sensei.Hokageek\/\",\"https:\/\/x.com\/SenseiHokageek\",\"https:\/\/www.instagram.com\/Sensei_Hokageek\/\",\"https:\/\/www.pinterest.fr\/Hokageek\/\",\"https:\/\/www.youtube.com\/channel\/UC4ZjqTXF0MThDBaUnjIRpWA\/\"]}]}<\/script>\n<!-- \/ Yoast SEO plugin. -->","yoast_head_json":{"title":"Lunettes de soleil Thug Life Pixel - Hokageek","description":"Ces lunettes ont \u00e9t\u00e9 popularis\u00e9es dans divers troll et m\u00e8me internet ne sont plus \u00e0 pr\u00e9senter. Adoptez la \"Thug Life\" attitude avec ces lunettes au design","robots":{"index":"index","follow":"follow","max-snippet":"max-snippet:-1","max-image-preview":"max-image-preview:large","max-video-preview":"max-video-preview:-1"},"canonical":"https:\/\/hokageek.com\/en\/boutique\/lunettes-de-soleil-thug-life-pixel\/","og_locale":"en_US","og_type":"article","og_title":"Lunettes de soleil Thug Life Pixel - Hokageek","og_description":"Ces lunettes ont \u00e9t\u00e9 popularis\u00e9es dans divers troll et m\u00e8me internet ne sont plus \u00e0 pr\u00e9senter. Adoptez la \"Thug Life\" attitude avec ces lunettes au design","og_url":"https:\/\/hokageek.com\/en\/boutique\/lunettes-de-soleil-thug-life-pixel\/","og_site_name":"Hokageek","article_publisher":"https:\/\/www.facebook.com\/Sensei.Hokageek\/","article_modified_time":"2022-04-02T15:25:05+00:00","og_image":[{"width":800,"height":800,"url":"https:\/\/e9sxhjoopfu.exactdn.com\/wp-content\/uploads\/2019\/05\/5149-768813.jpeg?strip=all&lossy=1&ssl=1","type":"image\/jpeg"}],"twitter_card":"summary_large_image","twitter_site":"@SenseiHokageek","schema":{"@context":"https:\/\/schema.org","@graph":[{"@type":"WebPage","@id":"https:\/\/hokageek.com\/boutique\/lunettes-de-soleil-thug-life-pixel\/","url":"https:\/\/hokageek.com\/boutique\/lunettes-de-soleil-thug-life-pixel\/","name":"Lunettes de soleil Thug Life Pixel - Hokageek","isPartOf":{"@id":"https:\/\/hokageek.com\/#website"},"primaryImageOfPage":{"@id":"https:\/\/hokageek.com\/boutique\/lunettes-de-soleil-thug-life-pixel\/#primaryimage"},"image":{"@id":"https:\/\/hokageek.com\/boutique\/lunettes-de-soleil-thug-life-pixel\/#primaryimage"},"thumbnailUrl":"https:\/\/e9sxhjoopfu.exactdn.com\/wp-content\/uploads\/2019\/05\/5149-768813.jpeg?strip=all&lossy=1&ssl=1","datePublished":"2019-05-08T15:32:42+00:00","dateModified":"2022-04-02T15:25:05+00:00","description":"Ces lunettes ont \u00e9t\u00e9 popularis\u00e9es dans divers troll et m\u00e8me internet ne sont plus \u00e0 pr\u00e9senter. Adoptez la \"Thug Life\" attitude avec ces lunettes au design","breadcrumb":{"@id":"https:\/\/hokageek.com\/boutique\/lunettes-de-soleil-thug-life-pixel\/#breadcrumb"},"inLanguage":"en-US","potentialAction":[{"@type":"ReadAction","target":["https:\/\/hokageek.com\/boutique\/lunettes-de-soleil-thug-life-pixel\/"]}]},{"@type":"ImageObject","inLanguage":"en-US","@id":"https:\/\/hokageek.com\/boutique\/lunettes-de-soleil-thug-life-pixel\/#primaryimage","url":"https:\/\/e9sxhjoopfu.exactdn.com\/wp-content\/uploads\/2019\/05\/5149-768813.jpeg?strip=all&lossy=1&ssl=1","contentUrl":"https:\/\/e9sxhjoopfu.exactdn.com\/wp-content\/uploads\/2019\/05\/5149-768813.jpeg?strip=all&lossy=1&ssl=1","width":800,"height":800,"caption":"Lunettes de soleil Thug Life Pixel -00"},{"@type":"BreadcrumbList","@id":"https:\/\/hokageek.com\/boutique\/lunettes-de-soleil-thug-life-pixel\/#breadcrumb","itemListElement":[{"@type":"ListItem","position":1,"name":"Accueil","item":"https:\/\/hokageek.com\/"},{"@type":"ListItem","position":2,"name":"Boutique","item":"https:\/\/hokageek.com\/boutique\/"},{"@type":"ListItem","position":3,"name":"Lunettes de soleil Thug Life Pixel"}]},{"@type":"WebSite","@id":"https:\/\/hokageek.com\/#website","url":"https:\/\/hokageek.com\/","name":"Hokageek","description":"Geek Supply","publisher":{"@id":"https:\/\/hokageek.com\/#organization"},"potentialAction":[{"@type":"SearchAction","target":{"@type":"EntryPoint","urlTemplate":"https:\/\/hokageek.com\/?s={search_term_string}"},"query-input":{"@type":"PropertyValueSpecification","valueRequired":true,"valueName":"search_term_string"}}],"inLanguage":"en-US"},{"@type":"Organization","@id":"https:\/\/hokageek.com\/#organization","name":"Hokageek","url":"https:\/\/hokageek.com\/","logo":{"@type":"ImageObject","inLanguage":"en-US","@id":"https:\/\/hokageek.com\/#\/schema\/logo\/image\/","url":"https:\/\/hokageek.com\/wp-content\/uploads\/2019\/01\/HOKAGEEK-V2.jpg","contentUrl":"https:\/\/hokageek.com\/wp-content\/uploads\/2019\/01\/HOKAGEEK-V2.jpg","width":500,"height":500,"caption":"Hokageek"},"image":{"@id":"https:\/\/hokageek.com\/#\/schema\/logo\/image\/"},"sameAs":["https:\/\/www.facebook.com\/Sensei.Hokageek\/","https:\/\/x.com\/SenseiHokageek","https:\/\/www.instagram.com\/Sensei_Hokageek\/","https:\/\/www.pinterest.fr\/Hokageek\/","https:\/\/www.youtube.com\/channel\/UC4ZjqTXF0MThDBaUnjIRpWA\/"]}]}},"_links":{"self":[{"href":"https:\/\/hokageek.com\/en\/wp-json\/wp\/v2\/product\/5149","targetHints":{"allow":["GET"]}}],"collection":[{"href":"https:\/\/hokageek.com\/en\/wp-json\/wp\/v2\/product"}],"about":[{"href":"https:\/\/hokageek.com\/en\/wp-json\/wp\/v2\/types\/product"}],"replies":[{"embeddable":true,"href":"https:\/\/hokageek.com\/en\/wp-json\/wp\/v2\/comments?post=5149"}],"wp:featuredmedia":[{"embeddable":true,"href":"https:\/\/hokageek.com\/en\/wp-json\/wp\/v2\/media\/5409"}],"wp:attachment":[{"href":"https:\/\/hokageek.com\/en\/wp-json\/wp\/v2\/media?parent=5149"}],"wp:term":[{"taxonomy":"product_brand","embeddable":true,"href":"https:\/\/hokageek.com\/en\/wp-json\/wp\/v2\/product_brand?post=5149"},{"taxonomy":"product_cat","embeddable":true,"href":"https:\/\/hokageek.com\/en\/wp-json\/wp\/v2\/product_cat?post=5149"},{"taxonomy":"product_tag","embeddable":true,"href":"https:\/\/hokageek.com\/en\/wp-json\/wp\/v2\/product_tag?post=5149"}],"curies":[{"name":"wp","href":"https:\/\/api.w.org\/{rel}","templated":true}]}}