{"id":5157,"date":"2019-05-08T16:35:15","date_gmt":"2019-05-08T14:35:15","guid":{"rendered":"https:\/\/hokageek.com\/produit\/star-craft-ii-protoss-pylon-usb-charger-desktop-power-station-blizzcon-brand-new\/"},"modified":"2025-03-03T21:17:29","modified_gmt":"2025-03-03T19:17:29","slug":"chargeur-usb-starcraft-ii-pylone-de-protoss","status":"publish","type":"product","link":"https:\/\/hokageek.com\/en\/boutique\/chargeur-usb-starcraft-ii-pylone-de-protoss\/","title":{"rendered":"Chargeur USB Starcraft II Pyl\u00f4ne de Protoss"},"content":{"rendered":"<p id=\"tw-target-text\" class=\"tw-data-text tw-ta tw-text-small\" dir=\"ltr\" data-placeholder=\"Traduction\"><span lang=\"fr\" tabindex=\"0\">Cette station d&rsquo;alimentation de bureau Starcraft II pylone de Protoss est \u00e0 la fois une lampe et un chargeur!<\/span><\/p>\n<p class=\"tw-data-text tw-ta tw-text-small\" dir=\"ltr\" data-placeholder=\"Traduction\"><span lang=\"fr\" tabindex=\"0\"> Il vous donne acc\u00e8s \u00e0 la grande matrice d&rsquo;\u00e9nergie psionique \u00e9manant de Aiur.<\/span><\/p>\n<p class=\"tw-data-text tw-ta tw-text-small\" dir=\"ltr\" data-placeholder=\"Traduction\"><span lang=\"fr\" tabindex=\"0\">Comprend une station d&rsquo;alimentation sur pyl\u00f4ne, un adaptateur secteur <\/span><span lang=\"fr\" tabindex=\"0\">et un c\u00e2ble micro-USB.<\/span><\/p>\n<p dir=\"ltr\" data-placeholder=\"Traduction\">Il accompagnera parfaitement vos longues sessions de jeu.<\/p>\n<p dir=\"ltr\" data-placeholder=\"Traduction\">il fait aussi office d&rsquo;objet de d\u00e9coration sur votre bureau.<\/p>\n<p dir=\"ltr\" data-placeholder=\"Traduction\">Ce pyl\u00f4ne permet de recharger 2 appareils simultan\u00e9ment (smartphone, tablette\u2026) avec ses 2 ports USB.<\/p>\n<p dir=\"ltr\" data-placeholder=\"Traduction\">L\u2019appareil s\u2019illumine d\u2019une couleur bleue comme l\u2019original dans le jeu.<\/p>\n<p dir=\"ltr\" data-placeholder=\"Traduction\">Un must have pour les fans de Starcraft.<\/p>","protected":false},"excerpt":{"rendered":"<p>Cette station d&rsquo;alimentation de bureau Starcraft II pylone de Protoss est \u00e0 la fois une lampe et un chargeur! Il vous donne acc\u00e8s \u00e0 la grande matrice d&rsquo;\u00e9nergie psionique \u00e9manant de Aiur. Comprend une station d&rsquo;alimentation sur pyl\u00f4ne, un adaptateur secteur et un c\u00e2ble micro-USB. Il accompagnera parfaitement vos longues sessions de jeu. il fait [&#8230;]","protected":false},"featured_media":7109,"comment_status":"open","ping_status":"closed","template":"","meta":[],"product_brand":[],"product_cat":[287],"product_tag":[],"class_list":{"0":"post-5157","1":"product","2":"type-product","3":"status-publish","4":"has-post-thumbnail","6":"product_cat-goodies-geek","8":"first","9":"outofstock","10":"taxable","11":"shipping-taxable","12":"purchasable","13":"product-type-simple"},"yoast_head":"<!-- This site is optimized with the Yoast SEO plugin v25.1 - https:\/\/yoast.com\/wordpress\/plugins\/seo\/ -->\n<title>Chargeur USB Starcraft II Pyl\u00f4ne de Protoss - Hokageek<\/title>\n<meta name=\"description\" content=\"Cette station d&#039;alimentation de bureau Starcraft II pylone de Protoss est \u00e0 la fois une lampe et un chargeur! Il vous donne acc\u00e8s \u00e0 la grande matrice\" \/>\n<meta name=\"robots\" content=\"index, follow, max-snippet:-1, max-image-preview:large, max-video-preview:-1\" \/>\n<link rel=\"canonical\" href=\"https:\/\/hokageek.com\/en\/boutique\/chargeur-usb-starcraft-ii-pylone-de-protoss\/\" \/>\n<meta property=\"og:locale\" content=\"en_US\" \/>\n<meta property=\"og:type\" content=\"article\" \/>\n<meta property=\"og:title\" content=\"Chargeur USB Starcraft II Pyl\u00f4ne de Protoss - Hokageek\" \/>\n<meta property=\"og:description\" content=\"Cette station d&#039;alimentation de bureau Starcraft II pylone de Protoss est \u00e0 la fois une lampe et un chargeur! Il vous donne acc\u00e8s \u00e0 la grande matrice\" \/>\n<meta property=\"og:url\" content=\"https:\/\/hokageek.com\/en\/boutique\/chargeur-usb-starcraft-ii-pylone-de-protoss\/\" \/>\n<meta property=\"og:site_name\" content=\"Hokageek\" \/>\n<meta property=\"article:publisher\" content=\"https:\/\/www.facebook.com\/Sensei.Hokageek\/\" \/>\n<meta property=\"article:modified_time\" content=\"2025-03-03T19:17:29+00:00\" \/>\n<meta property=\"og:image\" content=\"https:\/\/e9sxhjoopfu.exactdn.com\/wp-content\/uploads\/2019\/05\/Lampe-Chargeur-USB-Starcraft-Pylone-de-Protoss-00.jpg?strip=all&lossy=1&ssl=1\" \/>\n\t<meta property=\"og:image:width\" content=\"800\" \/>\n\t<meta property=\"og:image:height\" content=\"800\" \/>\n\t<meta property=\"og:image:type\" content=\"image\/jpeg\" \/>\n<meta name=\"twitter:card\" content=\"summary_large_image\" \/>\n<meta name=\"twitter:site\" content=\"@SenseiHokageek\" \/>\n<meta name=\"twitter:label1\" content=\"Est. reading time\" \/>\n\t<meta name=\"twitter:data1\" content=\"1 minute\" \/>\n<script type=\"application\/ld+json\" class=\"yoast-schema-graph\">{\"@context\":\"https:\/\/schema.org\",\"@graph\":[{\"@type\":\"WebPage\",\"@id\":\"https:\/\/hokageek.com\/boutique\/chargeur-usb-starcraft-ii-pylone-de-protoss\/\",\"url\":\"https:\/\/hokageek.com\/boutique\/chargeur-usb-starcraft-ii-pylone-de-protoss\/\",\"name\":\"Chargeur USB Starcraft II Pyl\u00f4ne de Protoss - Hokageek\",\"isPartOf\":{\"@id\":\"https:\/\/hokageek.com\/#website\"},\"primaryImageOfPage\":{\"@id\":\"https:\/\/hokageek.com\/boutique\/chargeur-usb-starcraft-ii-pylone-de-protoss\/#primaryimage\"},\"image\":{\"@id\":\"https:\/\/hokageek.com\/boutique\/chargeur-usb-starcraft-ii-pylone-de-protoss\/#primaryimage\"},\"thumbnailUrl\":\"https:\/\/e9sxhjoopfu.exactdn.com\/wp-content\/uploads\/2019\/05\/Lampe-Chargeur-USB-Starcraft-Pylone-de-Protoss-00.jpg?strip=all&lossy=1&ssl=1\",\"datePublished\":\"2019-05-08T14:35:15+00:00\",\"dateModified\":\"2025-03-03T19:17:29+00:00\",\"description\":\"Cette station d'alimentation de bureau Starcraft II pylone de Protoss est \u00e0 la fois une lampe et un chargeur! Il vous donne acc\u00e8s \u00e0 la grande matrice\",\"breadcrumb\":{\"@id\":\"https:\/\/hokageek.com\/boutique\/chargeur-usb-starcraft-ii-pylone-de-protoss\/#breadcrumb\"},\"inLanguage\":\"en-US\",\"potentialAction\":[{\"@type\":\"ReadAction\",\"target\":[\"https:\/\/hokageek.com\/boutique\/chargeur-usb-starcraft-ii-pylone-de-protoss\/\"]}]},{\"@type\":\"ImageObject\",\"inLanguage\":\"en-US\",\"@id\":\"https:\/\/hokageek.com\/boutique\/chargeur-usb-starcraft-ii-pylone-de-protoss\/#primaryimage\",\"url\":\"https:\/\/e9sxhjoopfu.exactdn.com\/wp-content\/uploads\/2019\/05\/Lampe-Chargeur-USB-Starcraft-Pylone-de-Protoss-00.jpg?strip=all&lossy=1&ssl=1\",\"contentUrl\":\"https:\/\/e9sxhjoopfu.exactdn.com\/wp-content\/uploads\/2019\/05\/Lampe-Chargeur-USB-Starcraft-Pylone-de-Protoss-00.jpg?strip=all&lossy=1&ssl=1\",\"width\":800,\"height\":800,\"caption\":\"Lampe Chargeur USB Starcraft Pylone de Protoss-00\"},{\"@type\":\"BreadcrumbList\",\"@id\":\"https:\/\/hokageek.com\/boutique\/chargeur-usb-starcraft-ii-pylone-de-protoss\/#breadcrumb\",\"itemListElement\":[{\"@type\":\"ListItem\",\"position\":1,\"name\":\"Accueil\",\"item\":\"https:\/\/hokageek.com\/\"},{\"@type\":\"ListItem\",\"position\":2,\"name\":\"Boutique\",\"item\":\"https:\/\/hokageek.com\/boutique\/\"},{\"@type\":\"ListItem\",\"position\":3,\"name\":\"Chargeur USB Starcraft II Pyl\u00f4ne de Protoss\"}]},{\"@type\":\"WebSite\",\"@id\":\"https:\/\/hokageek.com\/#website\",\"url\":\"https:\/\/hokageek.com\/\",\"name\":\"Hokageek\",\"description\":\"Geek Supply\",\"publisher\":{\"@id\":\"https:\/\/hokageek.com\/#organization\"},\"potentialAction\":[{\"@type\":\"SearchAction\",\"target\":{\"@type\":\"EntryPoint\",\"urlTemplate\":\"https:\/\/hokageek.com\/?s={search_term_string}\"},\"query-input\":{\"@type\":\"PropertyValueSpecification\",\"valueRequired\":true,\"valueName\":\"search_term_string\"}}],\"inLanguage\":\"en-US\"},{\"@type\":\"Organization\",\"@id\":\"https:\/\/hokageek.com\/#organization\",\"name\":\"Hokageek\",\"url\":\"https:\/\/hokageek.com\/\",\"logo\":{\"@type\":\"ImageObject\",\"inLanguage\":\"en-US\",\"@id\":\"https:\/\/hokageek.com\/#\/schema\/logo\/image\/\",\"url\":\"https:\/\/hokageek.com\/wp-content\/uploads\/2019\/01\/HOKAGEEK-V2.jpg\",\"contentUrl\":\"https:\/\/hokageek.com\/wp-content\/uploads\/2019\/01\/HOKAGEEK-V2.jpg\",\"width\":500,\"height\":500,\"caption\":\"Hokageek\"},\"image\":{\"@id\":\"https:\/\/hokageek.com\/#\/schema\/logo\/image\/\"},\"sameAs\":[\"https:\/\/www.facebook.com\/Sensei.Hokageek\/\",\"https:\/\/x.com\/SenseiHokageek\",\"https:\/\/www.instagram.com\/Sensei_Hokageek\/\",\"https:\/\/www.pinterest.fr\/Hokageek\/\",\"https:\/\/www.youtube.com\/channel\/UC4ZjqTXF0MThDBaUnjIRpWA\/\"]}]}<\/script>\n<!-- \/ Yoast SEO plugin. -->","yoast_head_json":{"title":"Chargeur USB Starcraft II Pyl\u00f4ne de Protoss - Hokageek","description":"Cette station d'alimentation de bureau Starcraft II pylone de Protoss est \u00e0 la fois une lampe et un chargeur! Il vous donne acc\u00e8s \u00e0 la grande matrice","robots":{"index":"index","follow":"follow","max-snippet":"max-snippet:-1","max-image-preview":"max-image-preview:large","max-video-preview":"max-video-preview:-1"},"canonical":"https:\/\/hokageek.com\/en\/boutique\/chargeur-usb-starcraft-ii-pylone-de-protoss\/","og_locale":"en_US","og_type":"article","og_title":"Chargeur USB Starcraft II Pyl\u00f4ne de Protoss - Hokageek","og_description":"Cette station d'alimentation de bureau Starcraft II pylone de Protoss est \u00e0 la fois une lampe et un chargeur! Il vous donne acc\u00e8s \u00e0 la grande matrice","og_url":"https:\/\/hokageek.com\/en\/boutique\/chargeur-usb-starcraft-ii-pylone-de-protoss\/","og_site_name":"Hokageek","article_publisher":"https:\/\/www.facebook.com\/Sensei.Hokageek\/","article_modified_time":"2025-03-03T19:17:29+00:00","og_image":[{"width":800,"height":800,"url":"https:\/\/e9sxhjoopfu.exactdn.com\/wp-content\/uploads\/2019\/05\/Lampe-Chargeur-USB-Starcraft-Pylone-de-Protoss-00.jpg?strip=all&lossy=1&ssl=1","type":"image\/jpeg"}],"twitter_card":"summary_large_image","twitter_site":"@SenseiHokageek","twitter_misc":{"Est. reading time":"1 minute"},"schema":{"@context":"https:\/\/schema.org","@graph":[{"@type":"WebPage","@id":"https:\/\/hokageek.com\/boutique\/chargeur-usb-starcraft-ii-pylone-de-protoss\/","url":"https:\/\/hokageek.com\/boutique\/chargeur-usb-starcraft-ii-pylone-de-protoss\/","name":"Chargeur USB Starcraft II Pyl\u00f4ne de Protoss - Hokageek","isPartOf":{"@id":"https:\/\/hokageek.com\/#website"},"primaryImageOfPage":{"@id":"https:\/\/hokageek.com\/boutique\/chargeur-usb-starcraft-ii-pylone-de-protoss\/#primaryimage"},"image":{"@id":"https:\/\/hokageek.com\/boutique\/chargeur-usb-starcraft-ii-pylone-de-protoss\/#primaryimage"},"thumbnailUrl":"https:\/\/e9sxhjoopfu.exactdn.com\/wp-content\/uploads\/2019\/05\/Lampe-Chargeur-USB-Starcraft-Pylone-de-Protoss-00.jpg?strip=all&lossy=1&ssl=1","datePublished":"2019-05-08T14:35:15+00:00","dateModified":"2025-03-03T19:17:29+00:00","description":"Cette station d'alimentation de bureau Starcraft II pylone de Protoss est \u00e0 la fois une lampe et un chargeur! Il vous donne acc\u00e8s \u00e0 la grande matrice","breadcrumb":{"@id":"https:\/\/hokageek.com\/boutique\/chargeur-usb-starcraft-ii-pylone-de-protoss\/#breadcrumb"},"inLanguage":"en-US","potentialAction":[{"@type":"ReadAction","target":["https:\/\/hokageek.com\/boutique\/chargeur-usb-starcraft-ii-pylone-de-protoss\/"]}]},{"@type":"ImageObject","inLanguage":"en-US","@id":"https:\/\/hokageek.com\/boutique\/chargeur-usb-starcraft-ii-pylone-de-protoss\/#primaryimage","url":"https:\/\/e9sxhjoopfu.exactdn.com\/wp-content\/uploads\/2019\/05\/Lampe-Chargeur-USB-Starcraft-Pylone-de-Protoss-00.jpg?strip=all&lossy=1&ssl=1","contentUrl":"https:\/\/e9sxhjoopfu.exactdn.com\/wp-content\/uploads\/2019\/05\/Lampe-Chargeur-USB-Starcraft-Pylone-de-Protoss-00.jpg?strip=all&lossy=1&ssl=1","width":800,"height":800,"caption":"Lampe Chargeur USB Starcraft Pylone de Protoss-00"},{"@type":"BreadcrumbList","@id":"https:\/\/hokageek.com\/boutique\/chargeur-usb-starcraft-ii-pylone-de-protoss\/#breadcrumb","itemListElement":[{"@type":"ListItem","position":1,"name":"Accueil","item":"https:\/\/hokageek.com\/"},{"@type":"ListItem","position":2,"name":"Boutique","item":"https:\/\/hokageek.com\/boutique\/"},{"@type":"ListItem","position":3,"name":"Chargeur USB Starcraft II Pyl\u00f4ne de Protoss"}]},{"@type":"WebSite","@id":"https:\/\/hokageek.com\/#website","url":"https:\/\/hokageek.com\/","name":"Hokageek","description":"Geek Supply","publisher":{"@id":"https:\/\/hokageek.com\/#organization"},"potentialAction":[{"@type":"SearchAction","target":{"@type":"EntryPoint","urlTemplate":"https:\/\/hokageek.com\/?s={search_term_string}"},"query-input":{"@type":"PropertyValueSpecification","valueRequired":true,"valueName":"search_term_string"}}],"inLanguage":"en-US"},{"@type":"Organization","@id":"https:\/\/hokageek.com\/#organization","name":"Hokageek","url":"https:\/\/hokageek.com\/","logo":{"@type":"ImageObject","inLanguage":"en-US","@id":"https:\/\/hokageek.com\/#\/schema\/logo\/image\/","url":"https:\/\/hokageek.com\/wp-content\/uploads\/2019\/01\/HOKAGEEK-V2.jpg","contentUrl":"https:\/\/hokageek.com\/wp-content\/uploads\/2019\/01\/HOKAGEEK-V2.jpg","width":500,"height":500,"caption":"Hokageek"},"image":{"@id":"https:\/\/hokageek.com\/#\/schema\/logo\/image\/"},"sameAs":["https:\/\/www.facebook.com\/Sensei.Hokageek\/","https:\/\/x.com\/SenseiHokageek","https:\/\/www.instagram.com\/Sensei_Hokageek\/","https:\/\/www.pinterest.fr\/Hokageek\/","https:\/\/www.youtube.com\/channel\/UC4ZjqTXF0MThDBaUnjIRpWA\/"]}]}},"_links":{"self":[{"href":"https:\/\/hokageek.com\/en\/wp-json\/wp\/v2\/product\/5157","targetHints":{"allow":["GET"]}}],"collection":[{"href":"https:\/\/hokageek.com\/en\/wp-json\/wp\/v2\/product"}],"about":[{"href":"https:\/\/hokageek.com\/en\/wp-json\/wp\/v2\/types\/product"}],"replies":[{"embeddable":true,"href":"https:\/\/hokageek.com\/en\/wp-json\/wp\/v2\/comments?post=5157"}],"wp:featuredmedia":[{"embeddable":true,"href":"https:\/\/hokageek.com\/en\/wp-json\/wp\/v2\/media\/7109"}],"wp:attachment":[{"href":"https:\/\/hokageek.com\/en\/wp-json\/wp\/v2\/media?parent=5157"}],"wp:term":[{"taxonomy":"product_brand","embeddable":true,"href":"https:\/\/hokageek.com\/en\/wp-json\/wp\/v2\/product_brand?post=5157"},{"taxonomy":"product_cat","embeddable":true,"href":"https:\/\/hokageek.com\/en\/wp-json\/wp\/v2\/product_cat?post=5157"},{"taxonomy":"product_tag","embeddable":true,"href":"https:\/\/hokageek.com\/en\/wp-json\/wp\/v2\/product_tag?post=5157"}],"curies":[{"name":"wp","href":"https:\/\/api.w.org\/{rel}","templated":true}]}}