{"id":5376,"date":"2019-05-10T07:43:33","date_gmt":"2019-05-10T06:43:33","guid":{"rendered":"https:\/\/hokageek.com\/produit\/avengers-11-iron-man-arc-reactor-action-figure-mk1-ironman-reactor-tony-stark-arc-reactor-diy-parts-model-toys-with-led-light\/"},"modified":"2025-06-29T22:46:36","modified_gmt":"2025-06-29T20:46:36","slug":"reacteur-arc-de-tony-stark","status":"publish","type":"product","link":"https:\/\/hokageek.com\/en\/boutique\/reacteur-arc-de-tony-stark\/","title":{"rendered":"R\u00e9acteur Arc de Tony Stark"},"content":{"rendered":"<p>Attention! Attention!<\/p>\n<p>Ce produit est un objet de collection de toute beaut\u00e9.<\/p>\n<p>c&rsquo;est tout simplement la r\u00e9plique exacte du r\u00e9acteur Arc de Tony Stark Alias Iron Man.<\/p>\n<p>Le r\u00e9acteur Arc est \u00e0 assembler soi-m\u00eame et l\u00e0 est tout l\u2019int\u00e9r\u00eat de cette pi\u00e8ce magnifique.<\/p>\n<p>Mais pas d&rsquo;inqui\u00e9tude, vous n&rsquo;avez juste qu&rsquo;\u00e0 suivre scrupuleusement la notice d&rsquo;assemblage et tout se passera bien.<\/p>\n<p>Ce produit conviendra aux fans de l&rsquo;univers Marvel et de ce super h\u00e9ros embl\u00e9matique qu&rsquo;est Iron Man.<\/p>\n<p>&nbsp;<\/p>","protected":false},"excerpt":{"rendered":"<p>Attention! Attention! Ce produit est un objet de collection de toute beaut\u00e9. c&rsquo;est tout simplement la r\u00e9plique exacte du r\u00e9acteur Arc de Tony Stark Alias Iron Man. Le r\u00e9acteur Arc est \u00e0 assembler soi-m\u00eame et l\u00e0 est tout l\u2019int\u00e9r\u00eat de cette pi\u00e8ce magnifique. Mais pas d&rsquo;inqui\u00e9tude, vous n&rsquo;avez juste qu&rsquo;\u00e0 suivre scrupuleusement la notice d&rsquo;assemblage [&#8230;]","protected":false},"featured_media":14165,"comment_status":"open","ping_status":"closed","template":"","meta":[],"product_brand":[],"product_cat":[287],"product_tag":[],"class_list":{"0":"post-5376","1":"product","2":"type-product","3":"status-publish","4":"has-post-thumbnail","6":"product_cat-goodies-geek","8":"first","9":"instock","10":"taxable","11":"shipping-taxable","12":"purchasable","13":"product-type-simple"},"yoast_head":"<!-- This site is optimized with the Yoast SEO plugin v25.1 - https:\/\/yoast.com\/wordpress\/plugins\/seo\/ -->\n<title>R\u00e9acteur Arc de Tony Stark - Hokageek<\/title>\n<meta name=\"description\" content=\"Attention! Attention! Ce produit est un objet de collection de toute beaut\u00e9. c&#039;est tout simplement la r\u00e9plique exacte du r\u00e9acteur Arc de Tony Stark Alias\" \/>\n<meta name=\"robots\" content=\"index, follow, max-snippet:-1, max-image-preview:large, max-video-preview:-1\" \/>\n<link rel=\"canonical\" href=\"https:\/\/hokageek.com\/en\/boutique\/reacteur-arc-de-tony-stark\/\" \/>\n<meta property=\"og:locale\" content=\"en_US\" \/>\n<meta property=\"og:type\" content=\"article\" \/>\n<meta property=\"og:title\" content=\"R\u00e9acteur Arc de Tony Stark - Hokageek\" \/>\n<meta property=\"og:description\" content=\"Attention! Attention! Ce produit est un objet de collection de toute beaut\u00e9. c&#039;est tout simplement la r\u00e9plique exacte du r\u00e9acteur Arc de Tony Stark Alias\" \/>\n<meta property=\"og:url\" content=\"https:\/\/hokageek.com\/en\/boutique\/reacteur-arc-de-tony-stark\/\" \/>\n<meta property=\"og:site_name\" content=\"Hokageek\" \/>\n<meta property=\"article:publisher\" content=\"https:\/\/www.facebook.com\/Sensei.Hokageek\/\" \/>\n<meta property=\"article:modified_time\" content=\"2025-06-29T20:46:36+00:00\" \/>\n<meta property=\"og:image\" content=\"https:\/\/e9sxhjoopfu.exactdn.com\/wp-content\/uploads\/https:\/\/ae01.alicdn.com\/kf\/HTB1PVj5a.T1gK0jSZFhq6yAtVXa7\/Besoin-de-r-acteur-Arc-chelle-livraison-rapide-gratuite-besoin-d-assembler-un-diam-tre-de.jpg?strip=all&lossy=1&ssl=1\" \/>\n\t<meta property=\"og:image:width\" content=\"800\" \/>\n\t<meta property=\"og:image:height\" content=\"800\" \/>\n\t<meta property=\"og:image:type\" content=\"image\/jpeg\" \/>\n<meta name=\"twitter:card\" content=\"summary_large_image\" \/>\n<meta name=\"twitter:site\" content=\"@SenseiHokageek\" \/>\n<script type=\"application\/ld+json\" class=\"yoast-schema-graph\">{\"@context\":\"https:\/\/schema.org\",\"@graph\":[{\"@type\":\"WebPage\",\"@id\":\"https:\/\/hokageek.com\/boutique\/reacteur-arc-de-tony-stark\/\",\"url\":\"https:\/\/hokageek.com\/boutique\/reacteur-arc-de-tony-stark\/\",\"name\":\"R\u00e9acteur Arc de Tony Stark - Hokageek\",\"isPartOf\":{\"@id\":\"https:\/\/hokageek.com\/#website\"},\"primaryImageOfPage\":{\"@id\":\"https:\/\/hokageek.com\/boutique\/reacteur-arc-de-tony-stark\/#primaryimage\"},\"image\":{\"@id\":\"https:\/\/hokageek.com\/boutique\/reacteur-arc-de-tony-stark\/#primaryimage\"},\"thumbnailUrl\":\"https:\/\/e9sxhjoopfu.exactdn.com\/wp-content\/uploads\/https:\/\/ae01.alicdn.com\/kf\/HTB1PVj5a.T1gK0jSZFhq6yAtVXa7\/Besoin-de-r-acteur-Arc-chelle-livraison-rapide-gratuite-besoin-d-assembler-un-diam-tre-de.jpg?strip=all&lossy=1&ssl=1\",\"datePublished\":\"2019-05-10T06:43:33+00:00\",\"dateModified\":\"2025-06-29T20:46:36+00:00\",\"description\":\"Attention! Attention! Ce produit est un objet de collection de toute beaut\u00e9. c'est tout simplement la r\u00e9plique exacte du r\u00e9acteur Arc de Tony Stark Alias\",\"breadcrumb\":{\"@id\":\"https:\/\/hokageek.com\/boutique\/reacteur-arc-de-tony-stark\/#breadcrumb\"},\"inLanguage\":\"en-US\",\"potentialAction\":[{\"@type\":\"ReadAction\",\"target\":[\"https:\/\/hokageek.com\/boutique\/reacteur-arc-de-tony-stark\/\"]}]},{\"@type\":\"ImageObject\",\"inLanguage\":\"en-US\",\"@id\":\"https:\/\/hokageek.com\/boutique\/reacteur-arc-de-tony-stark\/#primaryimage\",\"url\":\"https:\/\/e9sxhjoopfu.exactdn.com\/wp-content\/uploads\/https:\/\/ae01.alicdn.com\/kf\/HTB1PVj5a.T1gK0jSZFhq6yAtVXa7\/Besoin-de-r-acteur-Arc-chelle-livraison-rapide-gratuite-besoin-d-assembler-un-diam-tre-de.jpg?strip=all&lossy=1&ssl=1\",\"contentUrl\":\"https:\/\/e9sxhjoopfu.exactdn.com\/wp-content\/uploads\/https:\/\/ae01.alicdn.com\/kf\/HTB1PVj5a.T1gK0jSZFhq6yAtVXa7\/Besoin-de-r-acteur-Arc-chelle-livraison-rapide-gratuite-besoin-d-assembler-un-diam-tre-de.jpg?strip=all&lossy=1&ssl=1\",\"width\":800,\"height\":800,\"caption\":\"R\u00e9acteur ARC de Tony Stark\"},{\"@type\":\"BreadcrumbList\",\"@id\":\"https:\/\/hokageek.com\/boutique\/reacteur-arc-de-tony-stark\/#breadcrumb\",\"itemListElement\":[{\"@type\":\"ListItem\",\"position\":1,\"name\":\"Accueil\",\"item\":\"https:\/\/hokageek.com\/\"},{\"@type\":\"ListItem\",\"position\":2,\"name\":\"Boutique\",\"item\":\"https:\/\/hokageek.com\/boutique\/\"},{\"@type\":\"ListItem\",\"position\":3,\"name\":\"R\u00e9acteur Arc de Tony Stark\"}]},{\"@type\":\"WebSite\",\"@id\":\"https:\/\/hokageek.com\/#website\",\"url\":\"https:\/\/hokageek.com\/\",\"name\":\"Hokageek\",\"description\":\"Geek Supply\",\"publisher\":{\"@id\":\"https:\/\/hokageek.com\/#organization\"},\"potentialAction\":[{\"@type\":\"SearchAction\",\"target\":{\"@type\":\"EntryPoint\",\"urlTemplate\":\"https:\/\/hokageek.com\/?s={search_term_string}\"},\"query-input\":{\"@type\":\"PropertyValueSpecification\",\"valueRequired\":true,\"valueName\":\"search_term_string\"}}],\"inLanguage\":\"en-US\"},{\"@type\":\"Organization\",\"@id\":\"https:\/\/hokageek.com\/#organization\",\"name\":\"Hokageek\",\"url\":\"https:\/\/hokageek.com\/\",\"logo\":{\"@type\":\"ImageObject\",\"inLanguage\":\"en-US\",\"@id\":\"https:\/\/hokageek.com\/#\/schema\/logo\/image\/\",\"url\":\"https:\/\/hokageek.com\/wp-content\/uploads\/2019\/01\/HOKAGEEK-V2.jpg\",\"contentUrl\":\"https:\/\/hokageek.com\/wp-content\/uploads\/2019\/01\/HOKAGEEK-V2.jpg\",\"width\":500,\"height\":500,\"caption\":\"Hokageek\"},\"image\":{\"@id\":\"https:\/\/hokageek.com\/#\/schema\/logo\/image\/\"},\"sameAs\":[\"https:\/\/www.facebook.com\/Sensei.Hokageek\/\",\"https:\/\/x.com\/SenseiHokageek\",\"https:\/\/www.instagram.com\/Sensei_Hokageek\/\",\"https:\/\/www.pinterest.fr\/Hokageek\/\",\"https:\/\/www.youtube.com\/channel\/UC4ZjqTXF0MThDBaUnjIRpWA\/\"]}]}<\/script>\n<!-- \/ Yoast SEO plugin. -->","yoast_head_json":{"title":"R\u00e9acteur Arc de Tony Stark - Hokageek","description":"Attention! Attention! Ce produit est un objet de collection de toute beaut\u00e9. c'est tout simplement la r\u00e9plique exacte du r\u00e9acteur Arc de Tony Stark Alias","robots":{"index":"index","follow":"follow","max-snippet":"max-snippet:-1","max-image-preview":"max-image-preview:large","max-video-preview":"max-video-preview:-1"},"canonical":"https:\/\/hokageek.com\/en\/boutique\/reacteur-arc-de-tony-stark\/","og_locale":"en_US","og_type":"article","og_title":"R\u00e9acteur Arc de Tony Stark - Hokageek","og_description":"Attention! Attention! Ce produit est un objet de collection de toute beaut\u00e9. c'est tout simplement la r\u00e9plique exacte du r\u00e9acteur Arc de Tony Stark Alias","og_url":"https:\/\/hokageek.com\/en\/boutique\/reacteur-arc-de-tony-stark\/","og_site_name":"Hokageek","article_publisher":"https:\/\/www.facebook.com\/Sensei.Hokageek\/","article_modified_time":"2025-06-29T20:46:36+00:00","og_image":[{"width":800,"height":800,"url":"https:\/\/e9sxhjoopfu.exactdn.com\/wp-content\/uploads\/https:\/\/ae01.alicdn.com\/kf\/HTB1PVj5a.T1gK0jSZFhq6yAtVXa7\/Besoin-de-r-acteur-Arc-chelle-livraison-rapide-gratuite-besoin-d-assembler-un-diam-tre-de.jpg?strip=all&lossy=1&ssl=1","type":"image\/jpeg"}],"twitter_card":"summary_large_image","twitter_site":"@SenseiHokageek","schema":{"@context":"https:\/\/schema.org","@graph":[{"@type":"WebPage","@id":"https:\/\/hokageek.com\/boutique\/reacteur-arc-de-tony-stark\/","url":"https:\/\/hokageek.com\/boutique\/reacteur-arc-de-tony-stark\/","name":"R\u00e9acteur Arc de Tony Stark - Hokageek","isPartOf":{"@id":"https:\/\/hokageek.com\/#website"},"primaryImageOfPage":{"@id":"https:\/\/hokageek.com\/boutique\/reacteur-arc-de-tony-stark\/#primaryimage"},"image":{"@id":"https:\/\/hokageek.com\/boutique\/reacteur-arc-de-tony-stark\/#primaryimage"},"thumbnailUrl":"https:\/\/e9sxhjoopfu.exactdn.com\/wp-content\/uploads\/https:\/\/ae01.alicdn.com\/kf\/HTB1PVj5a.T1gK0jSZFhq6yAtVXa7\/Besoin-de-r-acteur-Arc-chelle-livraison-rapide-gratuite-besoin-d-assembler-un-diam-tre-de.jpg?strip=all&lossy=1&ssl=1","datePublished":"2019-05-10T06:43:33+00:00","dateModified":"2025-06-29T20:46:36+00:00","description":"Attention! Attention! Ce produit est un objet de collection de toute beaut\u00e9. c'est tout simplement la r\u00e9plique exacte du r\u00e9acteur Arc de Tony Stark Alias","breadcrumb":{"@id":"https:\/\/hokageek.com\/boutique\/reacteur-arc-de-tony-stark\/#breadcrumb"},"inLanguage":"en-US","potentialAction":[{"@type":"ReadAction","target":["https:\/\/hokageek.com\/boutique\/reacteur-arc-de-tony-stark\/"]}]},{"@type":"ImageObject","inLanguage":"en-US","@id":"https:\/\/hokageek.com\/boutique\/reacteur-arc-de-tony-stark\/#primaryimage","url":"https:\/\/e9sxhjoopfu.exactdn.com\/wp-content\/uploads\/https:\/\/ae01.alicdn.com\/kf\/HTB1PVj5a.T1gK0jSZFhq6yAtVXa7\/Besoin-de-r-acteur-Arc-chelle-livraison-rapide-gratuite-besoin-d-assembler-un-diam-tre-de.jpg?strip=all&lossy=1&ssl=1","contentUrl":"https:\/\/e9sxhjoopfu.exactdn.com\/wp-content\/uploads\/https:\/\/ae01.alicdn.com\/kf\/HTB1PVj5a.T1gK0jSZFhq6yAtVXa7\/Besoin-de-r-acteur-Arc-chelle-livraison-rapide-gratuite-besoin-d-assembler-un-diam-tre-de.jpg?strip=all&lossy=1&ssl=1","width":800,"height":800,"caption":"R\u00e9acteur ARC de Tony Stark"},{"@type":"BreadcrumbList","@id":"https:\/\/hokageek.com\/boutique\/reacteur-arc-de-tony-stark\/#breadcrumb","itemListElement":[{"@type":"ListItem","position":1,"name":"Accueil","item":"https:\/\/hokageek.com\/"},{"@type":"ListItem","position":2,"name":"Boutique","item":"https:\/\/hokageek.com\/boutique\/"},{"@type":"ListItem","position":3,"name":"R\u00e9acteur Arc de Tony Stark"}]},{"@type":"WebSite","@id":"https:\/\/hokageek.com\/#website","url":"https:\/\/hokageek.com\/","name":"Hokageek","description":"Geek Supply","publisher":{"@id":"https:\/\/hokageek.com\/#organization"},"potentialAction":[{"@type":"SearchAction","target":{"@type":"EntryPoint","urlTemplate":"https:\/\/hokageek.com\/?s={search_term_string}"},"query-input":{"@type":"PropertyValueSpecification","valueRequired":true,"valueName":"search_term_string"}}],"inLanguage":"en-US"},{"@type":"Organization","@id":"https:\/\/hokageek.com\/#organization","name":"Hokageek","url":"https:\/\/hokageek.com\/","logo":{"@type":"ImageObject","inLanguage":"en-US","@id":"https:\/\/hokageek.com\/#\/schema\/logo\/image\/","url":"https:\/\/hokageek.com\/wp-content\/uploads\/2019\/01\/HOKAGEEK-V2.jpg","contentUrl":"https:\/\/hokageek.com\/wp-content\/uploads\/2019\/01\/HOKAGEEK-V2.jpg","width":500,"height":500,"caption":"Hokageek"},"image":{"@id":"https:\/\/hokageek.com\/#\/schema\/logo\/image\/"},"sameAs":["https:\/\/www.facebook.com\/Sensei.Hokageek\/","https:\/\/x.com\/SenseiHokageek","https:\/\/www.instagram.com\/Sensei_Hokageek\/","https:\/\/www.pinterest.fr\/Hokageek\/","https:\/\/www.youtube.com\/channel\/UC4ZjqTXF0MThDBaUnjIRpWA\/"]}]}},"_links":{"self":[{"href":"https:\/\/hokageek.com\/en\/wp-json\/wp\/v2\/product\/5376","targetHints":{"allow":["GET"]}}],"collection":[{"href":"https:\/\/hokageek.com\/en\/wp-json\/wp\/v2\/product"}],"about":[{"href":"https:\/\/hokageek.com\/en\/wp-json\/wp\/v2\/types\/product"}],"replies":[{"embeddable":true,"href":"https:\/\/hokageek.com\/en\/wp-json\/wp\/v2\/comments?post=5376"}],"wp:featuredmedia":[{"embeddable":true,"href":"https:\/\/hokageek.com\/en\/wp-json\/wp\/v2\/media\/14165"}],"wp:attachment":[{"href":"https:\/\/hokageek.com\/en\/wp-json\/wp\/v2\/media?parent=5376"}],"wp:term":[{"taxonomy":"product_brand","embeddable":true,"href":"https:\/\/hokageek.com\/en\/wp-json\/wp\/v2\/product_brand?post=5376"},{"taxonomy":"product_cat","embeddable":true,"href":"https:\/\/hokageek.com\/en\/wp-json\/wp\/v2\/product_cat?post=5376"},{"taxonomy":"product_tag","embeddable":true,"href":"https:\/\/hokageek.com\/en\/wp-json\/wp\/v2\/product_tag?post=5376"}],"curies":[{"name":"wp","href":"https:\/\/api.w.org\/{rel}","templated":true}]}}