{"id":5461,"date":"2019-05-12T09:59:03","date_gmt":"2019-05-12T08:59:03","guid":{"rendered":"https:\/\/hokageek.com\/produit\/leonardo-da-vinci-code-toys-metal-cryptex-locks-wedding-gifts-valentines-day-gift-letter-password-escape-chamber-props\/"},"modified":"2025-06-16T01:56:32","modified_gmt":"2025-06-15T23:56:32","slug":"mini-cryptex-da-vinci-code","status":"publish","type":"product","link":"https:\/\/hokageek.com\/en\/boutique\/mini-cryptex-da-vinci-code\/","title":{"rendered":"Mini Cryptex Da Vinci Code"},"content":{"rendered":"<p><span class=\"a-list-item\">Un accessoire\u00a0 int\u00e9ressant pour y cacher un message secret ou un objet de valeur.<\/span><\/p>\n<p><span class=\"a-list-item\">Le Mini Cryptex Da Vinci Code, se pr\u00e9sente comme une boite \u00e0 bijoux s\u00e9curis\u00e9 par un code secret.\u00a0<\/span><\/p>\n<p><span class=\"a-list-item\">Style classique, design \u00e9l\u00e9gant et myst\u00e9rieux ce produit ne manquera pas d\u2019attirer l&rsquo;attention.<br \/>\n<\/span><\/p>\n<p><span class=\"a-list-item\">Le mot de passe par d\u00e9faut est ILOVEU, vous pouvez changer le mot de passe comme bon vous semble par la suite.<\/span><\/p>\n<p><span class=\"a-list-item\">c&rsquo;est un cadeau sympathique \u00e0 offrir ou \u00e0 se faire offrir.<\/span><\/p>","protected":false},"excerpt":{"rendered":"<p>Un accessoire\u00a0 int\u00e9ressant pour y cacher un message secret ou un objet de valeur. Le Mini Cryptex Da Vinci Code, se pr\u00e9sente comme une boite \u00e0 bijoux s\u00e9curis\u00e9 par un code secret.\u00a0 Style classique, design \u00e9l\u00e9gant et myst\u00e9rieux ce produit ne manquera pas d\u2019attirer l&rsquo;attention. Le mot de passe par d\u00e9faut est ILOVEU, vous pouvez [&#8230;]","protected":false},"featured_media":5642,"comment_status":"open","ping_status":"closed","template":"","meta":[],"product_brand":[],"product_cat":[287],"product_tag":[],"class_list":{"0":"post-5461","1":"product","2":"type-product","3":"status-publish","4":"has-post-thumbnail","6":"product_cat-goodies-geek","8":"first","9":"instock","10":"taxable","11":"shipping-taxable","12":"purchasable","13":"product-type-simple"},"yoast_head":"<!-- This site is optimized with the Yoast SEO plugin v25.1 - https:\/\/yoast.com\/wordpress\/plugins\/seo\/ -->\n<title>Mini Cryptex Da Vinci Code - Hokageek<\/title>\n<meta name=\"description\" content=\"Un accessoire\u00a0 int\u00e9ressant pour y cacher un message secret ou un objet de valeur. Le Mini Cryptex Da Vinci Code, se pr\u00e9sente comme une boite \u00e0 bijoux\" \/>\n<meta name=\"robots\" content=\"index, follow, max-snippet:-1, max-image-preview:large, max-video-preview:-1\" \/>\n<link rel=\"canonical\" href=\"https:\/\/hokageek.com\/en\/boutique\/mini-cryptex-da-vinci-code\/\" \/>\n<meta property=\"og:locale\" content=\"en_US\" \/>\n<meta property=\"og:type\" content=\"article\" \/>\n<meta property=\"og:title\" content=\"Mini Cryptex Da Vinci Code - Hokageek\" \/>\n<meta property=\"og:description\" content=\"Un accessoire\u00a0 int\u00e9ressant pour y cacher un message secret ou un objet de valeur. Le Mini Cryptex Da Vinci Code, se pr\u00e9sente comme une boite \u00e0 bijoux\" \/>\n<meta property=\"og:url\" content=\"https:\/\/hokageek.com\/en\/boutique\/mini-cryptex-da-vinci-code\/\" \/>\n<meta property=\"og:site_name\" content=\"Hokageek\" \/>\n<meta property=\"article:publisher\" content=\"https:\/\/www.facebook.com\/Sensei.Hokageek\/\" \/>\n<meta property=\"article:modified_time\" content=\"2025-06-15T23:56:32+00:00\" \/>\n<meta property=\"og:image\" content=\"https:\/\/e9sxhjoopfu.exactdn.com\/wp-content\/uploads\/2019\/05\/5461-66a657.jpeg?strip=all&lossy=1&ssl=1\" \/>\n\t<meta property=\"og:image:width\" content=\"800\" \/>\n\t<meta property=\"og:image:height\" content=\"800\" \/>\n\t<meta property=\"og:image:type\" content=\"image\/jpeg\" \/>\n<meta name=\"twitter:card\" content=\"summary_large_image\" \/>\n<meta name=\"twitter:site\" content=\"@SenseiHokageek\" \/>\n<script type=\"application\/ld+json\" class=\"yoast-schema-graph\">{\"@context\":\"https:\/\/schema.org\",\"@graph\":[{\"@type\":\"WebPage\",\"@id\":\"https:\/\/hokageek.com\/boutique\/mini-cryptex-da-vinci-code\/\",\"url\":\"https:\/\/hokageek.com\/boutique\/mini-cryptex-da-vinci-code\/\",\"name\":\"Mini Cryptex Da Vinci Code - Hokageek\",\"isPartOf\":{\"@id\":\"https:\/\/hokageek.com\/#website\"},\"primaryImageOfPage\":{\"@id\":\"https:\/\/hokageek.com\/boutique\/mini-cryptex-da-vinci-code\/#primaryimage\"},\"image\":{\"@id\":\"https:\/\/hokageek.com\/boutique\/mini-cryptex-da-vinci-code\/#primaryimage\"},\"thumbnailUrl\":\"https:\/\/e9sxhjoopfu.exactdn.com\/wp-content\/uploads\/2019\/05\/5461-66a657.jpeg?strip=all&lossy=1&ssl=1\",\"datePublished\":\"2019-05-12T08:59:03+00:00\",\"dateModified\":\"2025-06-15T23:56:32+00:00\",\"description\":\"Un accessoire\u00a0 int\u00e9ressant pour y cacher un message secret ou un objet de valeur. Le Mini Cryptex Da Vinci Code, se pr\u00e9sente comme une boite \u00e0 bijoux\",\"breadcrumb\":{\"@id\":\"https:\/\/hokageek.com\/boutique\/mini-cryptex-da-vinci-code\/#breadcrumb\"},\"inLanguage\":\"en-US\",\"potentialAction\":[{\"@type\":\"ReadAction\",\"target\":[\"https:\/\/hokageek.com\/boutique\/mini-cryptex-da-vinci-code\/\"]}]},{\"@type\":\"ImageObject\",\"inLanguage\":\"en-US\",\"@id\":\"https:\/\/hokageek.com\/boutique\/mini-cryptex-da-vinci-code\/#primaryimage\",\"url\":\"https:\/\/e9sxhjoopfu.exactdn.com\/wp-content\/uploads\/2019\/05\/5461-66a657.jpeg?strip=all&lossy=1&ssl=1\",\"contentUrl\":\"https:\/\/e9sxhjoopfu.exactdn.com\/wp-content\/uploads\/2019\/05\/5461-66a657.jpeg?strip=all&lossy=1&ssl=1\",\"width\":800,\"height\":800,\"caption\":\"Mini Cryptex Da Vinci Code -00\"},{\"@type\":\"BreadcrumbList\",\"@id\":\"https:\/\/hokageek.com\/boutique\/mini-cryptex-da-vinci-code\/#breadcrumb\",\"itemListElement\":[{\"@type\":\"ListItem\",\"position\":1,\"name\":\"Accueil\",\"item\":\"https:\/\/hokageek.com\/\"},{\"@type\":\"ListItem\",\"position\":2,\"name\":\"Boutique\",\"item\":\"https:\/\/hokageek.com\/boutique\/\"},{\"@type\":\"ListItem\",\"position\":3,\"name\":\"Mini Cryptex Da Vinci Code\"}]},{\"@type\":\"WebSite\",\"@id\":\"https:\/\/hokageek.com\/#website\",\"url\":\"https:\/\/hokageek.com\/\",\"name\":\"Hokageek\",\"description\":\"Geek Supply\",\"publisher\":{\"@id\":\"https:\/\/hokageek.com\/#organization\"},\"potentialAction\":[{\"@type\":\"SearchAction\",\"target\":{\"@type\":\"EntryPoint\",\"urlTemplate\":\"https:\/\/hokageek.com\/?s={search_term_string}\"},\"query-input\":{\"@type\":\"PropertyValueSpecification\",\"valueRequired\":true,\"valueName\":\"search_term_string\"}}],\"inLanguage\":\"en-US\"},{\"@type\":\"Organization\",\"@id\":\"https:\/\/hokageek.com\/#organization\",\"name\":\"Hokageek\",\"url\":\"https:\/\/hokageek.com\/\",\"logo\":{\"@type\":\"ImageObject\",\"inLanguage\":\"en-US\",\"@id\":\"https:\/\/hokageek.com\/#\/schema\/logo\/image\/\",\"url\":\"https:\/\/hokageek.com\/wp-content\/uploads\/2019\/01\/HOKAGEEK-V2.jpg\",\"contentUrl\":\"https:\/\/hokageek.com\/wp-content\/uploads\/2019\/01\/HOKAGEEK-V2.jpg\",\"width\":500,\"height\":500,\"caption\":\"Hokageek\"},\"image\":{\"@id\":\"https:\/\/hokageek.com\/#\/schema\/logo\/image\/\"},\"sameAs\":[\"https:\/\/www.facebook.com\/Sensei.Hokageek\/\",\"https:\/\/x.com\/SenseiHokageek\",\"https:\/\/www.instagram.com\/Sensei_Hokageek\/\",\"https:\/\/www.pinterest.fr\/Hokageek\/\",\"https:\/\/www.youtube.com\/channel\/UC4ZjqTXF0MThDBaUnjIRpWA\/\"]}]}<\/script>\n<!-- \/ Yoast SEO plugin. -->","yoast_head_json":{"title":"Mini Cryptex Da Vinci Code - Hokageek","description":"Un accessoire\u00a0 int\u00e9ressant pour y cacher un message secret ou un objet de valeur. Le Mini Cryptex Da Vinci Code, se pr\u00e9sente comme une boite \u00e0 bijoux","robots":{"index":"index","follow":"follow","max-snippet":"max-snippet:-1","max-image-preview":"max-image-preview:large","max-video-preview":"max-video-preview:-1"},"canonical":"https:\/\/hokageek.com\/en\/boutique\/mini-cryptex-da-vinci-code\/","og_locale":"en_US","og_type":"article","og_title":"Mini Cryptex Da Vinci Code - Hokageek","og_description":"Un accessoire\u00a0 int\u00e9ressant pour y cacher un message secret ou un objet de valeur. Le Mini Cryptex Da Vinci Code, se pr\u00e9sente comme une boite \u00e0 bijoux","og_url":"https:\/\/hokageek.com\/en\/boutique\/mini-cryptex-da-vinci-code\/","og_site_name":"Hokageek","article_publisher":"https:\/\/www.facebook.com\/Sensei.Hokageek\/","article_modified_time":"2025-06-15T23:56:32+00:00","og_image":[{"width":800,"height":800,"url":"https:\/\/e9sxhjoopfu.exactdn.com\/wp-content\/uploads\/2019\/05\/5461-66a657.jpeg?strip=all&lossy=1&ssl=1","type":"image\/jpeg"}],"twitter_card":"summary_large_image","twitter_site":"@SenseiHokageek","schema":{"@context":"https:\/\/schema.org","@graph":[{"@type":"WebPage","@id":"https:\/\/hokageek.com\/boutique\/mini-cryptex-da-vinci-code\/","url":"https:\/\/hokageek.com\/boutique\/mini-cryptex-da-vinci-code\/","name":"Mini Cryptex Da Vinci Code - Hokageek","isPartOf":{"@id":"https:\/\/hokageek.com\/#website"},"primaryImageOfPage":{"@id":"https:\/\/hokageek.com\/boutique\/mini-cryptex-da-vinci-code\/#primaryimage"},"image":{"@id":"https:\/\/hokageek.com\/boutique\/mini-cryptex-da-vinci-code\/#primaryimage"},"thumbnailUrl":"https:\/\/e9sxhjoopfu.exactdn.com\/wp-content\/uploads\/2019\/05\/5461-66a657.jpeg?strip=all&lossy=1&ssl=1","datePublished":"2019-05-12T08:59:03+00:00","dateModified":"2025-06-15T23:56:32+00:00","description":"Un accessoire\u00a0 int\u00e9ressant pour y cacher un message secret ou un objet de valeur. Le Mini Cryptex Da Vinci Code, se pr\u00e9sente comme une boite \u00e0 bijoux","breadcrumb":{"@id":"https:\/\/hokageek.com\/boutique\/mini-cryptex-da-vinci-code\/#breadcrumb"},"inLanguage":"en-US","potentialAction":[{"@type":"ReadAction","target":["https:\/\/hokageek.com\/boutique\/mini-cryptex-da-vinci-code\/"]}]},{"@type":"ImageObject","inLanguage":"en-US","@id":"https:\/\/hokageek.com\/boutique\/mini-cryptex-da-vinci-code\/#primaryimage","url":"https:\/\/e9sxhjoopfu.exactdn.com\/wp-content\/uploads\/2019\/05\/5461-66a657.jpeg?strip=all&lossy=1&ssl=1","contentUrl":"https:\/\/e9sxhjoopfu.exactdn.com\/wp-content\/uploads\/2019\/05\/5461-66a657.jpeg?strip=all&lossy=1&ssl=1","width":800,"height":800,"caption":"Mini Cryptex Da Vinci Code -00"},{"@type":"BreadcrumbList","@id":"https:\/\/hokageek.com\/boutique\/mini-cryptex-da-vinci-code\/#breadcrumb","itemListElement":[{"@type":"ListItem","position":1,"name":"Accueil","item":"https:\/\/hokageek.com\/"},{"@type":"ListItem","position":2,"name":"Boutique","item":"https:\/\/hokageek.com\/boutique\/"},{"@type":"ListItem","position":3,"name":"Mini Cryptex Da Vinci Code"}]},{"@type":"WebSite","@id":"https:\/\/hokageek.com\/#website","url":"https:\/\/hokageek.com\/","name":"Hokageek","description":"Geek Supply","publisher":{"@id":"https:\/\/hokageek.com\/#organization"},"potentialAction":[{"@type":"SearchAction","target":{"@type":"EntryPoint","urlTemplate":"https:\/\/hokageek.com\/?s={search_term_string}"},"query-input":{"@type":"PropertyValueSpecification","valueRequired":true,"valueName":"search_term_string"}}],"inLanguage":"en-US"},{"@type":"Organization","@id":"https:\/\/hokageek.com\/#organization","name":"Hokageek","url":"https:\/\/hokageek.com\/","logo":{"@type":"ImageObject","inLanguage":"en-US","@id":"https:\/\/hokageek.com\/#\/schema\/logo\/image\/","url":"https:\/\/hokageek.com\/wp-content\/uploads\/2019\/01\/HOKAGEEK-V2.jpg","contentUrl":"https:\/\/hokageek.com\/wp-content\/uploads\/2019\/01\/HOKAGEEK-V2.jpg","width":500,"height":500,"caption":"Hokageek"},"image":{"@id":"https:\/\/hokageek.com\/#\/schema\/logo\/image\/"},"sameAs":["https:\/\/www.facebook.com\/Sensei.Hokageek\/","https:\/\/x.com\/SenseiHokageek","https:\/\/www.instagram.com\/Sensei_Hokageek\/","https:\/\/www.pinterest.fr\/Hokageek\/","https:\/\/www.youtube.com\/channel\/UC4ZjqTXF0MThDBaUnjIRpWA\/"]}]}},"_links":{"self":[{"href":"https:\/\/hokageek.com\/en\/wp-json\/wp\/v2\/product\/5461","targetHints":{"allow":["GET"]}}],"collection":[{"href":"https:\/\/hokageek.com\/en\/wp-json\/wp\/v2\/product"}],"about":[{"href":"https:\/\/hokageek.com\/en\/wp-json\/wp\/v2\/types\/product"}],"replies":[{"embeddable":true,"href":"https:\/\/hokageek.com\/en\/wp-json\/wp\/v2\/comments?post=5461"}],"wp:featuredmedia":[{"embeddable":true,"href":"https:\/\/hokageek.com\/en\/wp-json\/wp\/v2\/media\/5642"}],"wp:attachment":[{"href":"https:\/\/hokageek.com\/en\/wp-json\/wp\/v2\/media?parent=5461"}],"wp:term":[{"taxonomy":"product_brand","embeddable":true,"href":"https:\/\/hokageek.com\/en\/wp-json\/wp\/v2\/product_brand?post=5461"},{"taxonomy":"product_cat","embeddable":true,"href":"https:\/\/hokageek.com\/en\/wp-json\/wp\/v2\/product_cat?post=5461"},{"taxonomy":"product_tag","embeddable":true,"href":"https:\/\/hokageek.com\/en\/wp-json\/wp\/v2\/product_tag?post=5461"}],"curies":[{"name":"wp","href":"https:\/\/api.w.org\/{rel}","templated":true}]}}