{"id":6806,"date":"2019-05-16T16:14:39","date_gmt":"2019-05-16T15:14:39","guid":{"rendered":"https:\/\/hokageek.com\/produit\/novelty-pistol-gun-shape-alarm-clock-desk-table-home-office-decor-gifts\/"},"modified":"2025-05-06T09:50:08","modified_gmt":"2025-05-06T07:50:08","slug":"horloge-revolver","status":"publish","type":"product","link":"https:\/\/hokageek.com\/en\/boutique\/horloge-revolver\/","title":{"rendered":"Horloge Revolver"},"content":{"rendered":"<p>Horloge en forme de Revolver pour d\u00e9corer votre maison.<\/p>\n<p><span class=\"a-list-item\">Mati\u00e8re: plastique<\/span><\/p>\n<p><span class=\"a-list-item\">mouvement \u00e0 quartz<\/span><\/p>\n<p><span class=\"a-list-item\">Taille: 24 x 4\u00a0 x 12 cm<\/span><\/p>\n<p>Finitions travaill\u00e9es et design original.<\/p>\n<p><span class=\"a-list-item\">Cette Horloge revolver est un cadeau sympathique pour votre famille, vos amis, vos proches et surtout les passionn\u00e9s de revolver.<\/span><\/p>\n<p>&nbsp;<\/p>\n<p>&nbsp;<\/p>","protected":false},"excerpt":{"rendered":"<p>Horloge en forme de Revolver pour d\u00e9corer votre maison. Mati\u00e8re: plastique mouvement \u00e0 quartz Taille: 24 x 4\u00a0 x 12 cm Finitions travaill\u00e9es et design original. Cette Horloge revolver est un cadeau sympathique pour votre famille, vos amis, vos proches et surtout les passionn\u00e9s de revolver. &nbsp; &nbsp;<\/p>","protected":false},"featured_media":6807,"comment_status":"open","ping_status":"closed","template":"","meta":[],"product_brand":[],"product_cat":[283],"product_tag":[],"class_list":{"0":"post-6806","1":"product","2":"type-product","3":"status-publish","4":"has-post-thumbnail","6":"product_cat-decoration-et-maison","8":"first","9":"instock","10":"taxable","11":"shipping-taxable","12":"purchasable","13":"product-type-simple"},"yoast_head":"<!-- This site is optimized with the Yoast SEO plugin v25.1 - https:\/\/yoast.com\/wordpress\/plugins\/seo\/ -->\n<title>Horloge Revolver - Hokageek<\/title>\n<meta name=\"description\" content=\"Horloge en forme de Revolver pour d\u00e9corer votre maison. Mati\u00e8re: plastique mouvement \u00e0 quartz Taille: 24 x 4\u00a0 x 12 cm Finitions travaill\u00e9es et design\" \/>\n<meta name=\"robots\" content=\"index, follow, max-snippet:-1, max-image-preview:large, max-video-preview:-1\" \/>\n<link rel=\"canonical\" href=\"https:\/\/hokageek.com\/en\/boutique\/horloge-revolver\/\" \/>\n<meta property=\"og:locale\" content=\"en_US\" \/>\n<meta property=\"og:type\" content=\"article\" \/>\n<meta property=\"og:title\" content=\"Horloge Revolver - Hokageek\" \/>\n<meta property=\"og:description\" content=\"Horloge en forme de Revolver pour d\u00e9corer votre maison. Mati\u00e8re: plastique mouvement \u00e0 quartz Taille: 24 x 4\u00a0 x 12 cm Finitions travaill\u00e9es et design\" \/>\n<meta property=\"og:url\" content=\"https:\/\/hokageek.com\/en\/boutique\/horloge-revolver\/\" \/>\n<meta property=\"og:site_name\" content=\"Hokageek\" \/>\n<meta property=\"article:publisher\" content=\"https:\/\/www.facebook.com\/Sensei.Hokageek\/\" \/>\n<meta property=\"article:modified_time\" content=\"2025-05-06T07:50:08+00:00\" \/>\n<meta property=\"og:image\" content=\"https:\/\/e9sxhjoopfu.exactdn.com\/wp-content\/uploads\/https:\/\/ae01.alicdn.com\/kf\/HTB1Hs4deruWBuNjSszgq6z8jVXaZ\/Novelty-Pistol-Gun-Shape-Alarm-Clock-Desk-Table-Home-Office-Decor-Gifts.jpg?strip=all&lossy=1&ssl=1\" \/>\n\t<meta property=\"og:image:width\" content=\"800\" \/>\n\t<meta property=\"og:image:height\" content=\"800\" \/>\n\t<meta property=\"og:image:type\" content=\"image\/jpeg\" \/>\n<meta name=\"twitter:card\" content=\"summary_large_image\" \/>\n<meta name=\"twitter:site\" content=\"@SenseiHokageek\" \/>\n<script type=\"application\/ld+json\" class=\"yoast-schema-graph\">{\"@context\":\"https:\/\/schema.org\",\"@graph\":[{\"@type\":\"WebPage\",\"@id\":\"https:\/\/hokageek.com\/boutique\/horloge-revolver\/\",\"url\":\"https:\/\/hokageek.com\/boutique\/horloge-revolver\/\",\"name\":\"Horloge Revolver - Hokageek\",\"isPartOf\":{\"@id\":\"https:\/\/hokageek.com\/#website\"},\"primaryImageOfPage\":{\"@id\":\"https:\/\/hokageek.com\/boutique\/horloge-revolver\/#primaryimage\"},\"image\":{\"@id\":\"https:\/\/hokageek.com\/boutique\/horloge-revolver\/#primaryimage\"},\"thumbnailUrl\":\"https:\/\/e9sxhjoopfu.exactdn.com\/wp-content\/uploads\/https:\/\/ae01.alicdn.com\/kf\/HTB1Hs4deruWBuNjSszgq6z8jVXaZ\/Novelty-Pistol-Gun-Shape-Alarm-Clock-Desk-Table-Home-Office-Decor-Gifts.jpg?strip=all&lossy=1&ssl=1\",\"datePublished\":\"2019-05-16T15:14:39+00:00\",\"dateModified\":\"2025-05-06T07:50:08+00:00\",\"description\":\"Horloge en forme de Revolver pour d\u00e9corer votre maison. Mati\u00e8re: plastique mouvement \u00e0 quartz Taille: 24 x 4\u00a0 x 12 cm Finitions travaill\u00e9es et design\",\"breadcrumb\":{\"@id\":\"https:\/\/hokageek.com\/boutique\/horloge-revolver\/#breadcrumb\"},\"inLanguage\":\"en-US\",\"potentialAction\":[{\"@type\":\"ReadAction\",\"target\":[\"https:\/\/hokageek.com\/boutique\/horloge-revolver\/\"]}]},{\"@type\":\"ImageObject\",\"inLanguage\":\"en-US\",\"@id\":\"https:\/\/hokageek.com\/boutique\/horloge-revolver\/#primaryimage\",\"url\":\"https:\/\/e9sxhjoopfu.exactdn.com\/wp-content\/uploads\/https:\/\/ae01.alicdn.com\/kf\/HTB1Hs4deruWBuNjSszgq6z8jVXaZ\/Novelty-Pistol-Gun-Shape-Alarm-Clock-Desk-Table-Home-Office-Decor-Gifts.jpg?strip=all&lossy=1&ssl=1\",\"contentUrl\":\"https:\/\/e9sxhjoopfu.exactdn.com\/wp-content\/uploads\/https:\/\/ae01.alicdn.com\/kf\/HTB1Hs4deruWBuNjSszgq6z8jVXaZ\/Novelty-Pistol-Gun-Shape-Alarm-Clock-Desk-Table-Home-Office-Decor-Gifts.jpg?strip=all&lossy=1&ssl=1\",\"width\":800,\"height\":800,\"caption\":\"Horloge Revolver -00\"},{\"@type\":\"BreadcrumbList\",\"@id\":\"https:\/\/hokageek.com\/boutique\/horloge-revolver\/#breadcrumb\",\"itemListElement\":[{\"@type\":\"ListItem\",\"position\":1,\"name\":\"Accueil\",\"item\":\"https:\/\/hokageek.com\/\"},{\"@type\":\"ListItem\",\"position\":2,\"name\":\"Boutique\",\"item\":\"https:\/\/hokageek.com\/boutique\/\"},{\"@type\":\"ListItem\",\"position\":3,\"name\":\"Horloge Revolver\"}]},{\"@type\":\"WebSite\",\"@id\":\"https:\/\/hokageek.com\/#website\",\"url\":\"https:\/\/hokageek.com\/\",\"name\":\"Hokageek\",\"description\":\"Geek Supply\",\"publisher\":{\"@id\":\"https:\/\/hokageek.com\/#organization\"},\"potentialAction\":[{\"@type\":\"SearchAction\",\"target\":{\"@type\":\"EntryPoint\",\"urlTemplate\":\"https:\/\/hokageek.com\/?s={search_term_string}\"},\"query-input\":{\"@type\":\"PropertyValueSpecification\",\"valueRequired\":true,\"valueName\":\"search_term_string\"}}],\"inLanguage\":\"en-US\"},{\"@type\":\"Organization\",\"@id\":\"https:\/\/hokageek.com\/#organization\",\"name\":\"Hokageek\",\"url\":\"https:\/\/hokageek.com\/\",\"logo\":{\"@type\":\"ImageObject\",\"inLanguage\":\"en-US\",\"@id\":\"https:\/\/hokageek.com\/#\/schema\/logo\/image\/\",\"url\":\"https:\/\/hokageek.com\/wp-content\/uploads\/2019\/01\/HOKAGEEK-V2.jpg\",\"contentUrl\":\"https:\/\/hokageek.com\/wp-content\/uploads\/2019\/01\/HOKAGEEK-V2.jpg\",\"width\":500,\"height\":500,\"caption\":\"Hokageek\"},\"image\":{\"@id\":\"https:\/\/hokageek.com\/#\/schema\/logo\/image\/\"},\"sameAs\":[\"https:\/\/www.facebook.com\/Sensei.Hokageek\/\",\"https:\/\/x.com\/SenseiHokageek\",\"https:\/\/www.instagram.com\/Sensei_Hokageek\/\",\"https:\/\/www.pinterest.fr\/Hokageek\/\",\"https:\/\/www.youtube.com\/channel\/UC4ZjqTXF0MThDBaUnjIRpWA\/\"]}]}<\/script>\n<!-- \/ Yoast SEO plugin. -->","yoast_head_json":{"title":"Horloge Revolver - Hokageek","description":"Horloge en forme de Revolver pour d\u00e9corer votre maison. Mati\u00e8re: plastique mouvement \u00e0 quartz Taille: 24 x 4\u00a0 x 12 cm Finitions travaill\u00e9es et design","robots":{"index":"index","follow":"follow","max-snippet":"max-snippet:-1","max-image-preview":"max-image-preview:large","max-video-preview":"max-video-preview:-1"},"canonical":"https:\/\/hokageek.com\/en\/boutique\/horloge-revolver\/","og_locale":"en_US","og_type":"article","og_title":"Horloge Revolver - Hokageek","og_description":"Horloge en forme de Revolver pour d\u00e9corer votre maison. Mati\u00e8re: plastique mouvement \u00e0 quartz Taille: 24 x 4\u00a0 x 12 cm Finitions travaill\u00e9es et design","og_url":"https:\/\/hokageek.com\/en\/boutique\/horloge-revolver\/","og_site_name":"Hokageek","article_publisher":"https:\/\/www.facebook.com\/Sensei.Hokageek\/","article_modified_time":"2025-05-06T07:50:08+00:00","og_image":[{"width":800,"height":800,"url":"https:\/\/e9sxhjoopfu.exactdn.com\/wp-content\/uploads\/https:\/\/ae01.alicdn.com\/kf\/HTB1Hs4deruWBuNjSszgq6z8jVXaZ\/Novelty-Pistol-Gun-Shape-Alarm-Clock-Desk-Table-Home-Office-Decor-Gifts.jpg?strip=all&lossy=1&ssl=1","type":"image\/jpeg"}],"twitter_card":"summary_large_image","twitter_site":"@SenseiHokageek","schema":{"@context":"https:\/\/schema.org","@graph":[{"@type":"WebPage","@id":"https:\/\/hokageek.com\/boutique\/horloge-revolver\/","url":"https:\/\/hokageek.com\/boutique\/horloge-revolver\/","name":"Horloge Revolver - Hokageek","isPartOf":{"@id":"https:\/\/hokageek.com\/#website"},"primaryImageOfPage":{"@id":"https:\/\/hokageek.com\/boutique\/horloge-revolver\/#primaryimage"},"image":{"@id":"https:\/\/hokageek.com\/boutique\/horloge-revolver\/#primaryimage"},"thumbnailUrl":"https:\/\/e9sxhjoopfu.exactdn.com\/wp-content\/uploads\/https:\/\/ae01.alicdn.com\/kf\/HTB1Hs4deruWBuNjSszgq6z8jVXaZ\/Novelty-Pistol-Gun-Shape-Alarm-Clock-Desk-Table-Home-Office-Decor-Gifts.jpg?strip=all&lossy=1&ssl=1","datePublished":"2019-05-16T15:14:39+00:00","dateModified":"2025-05-06T07:50:08+00:00","description":"Horloge en forme de Revolver pour d\u00e9corer votre maison. Mati\u00e8re: plastique mouvement \u00e0 quartz Taille: 24 x 4\u00a0 x 12 cm Finitions travaill\u00e9es et design","breadcrumb":{"@id":"https:\/\/hokageek.com\/boutique\/horloge-revolver\/#breadcrumb"},"inLanguage":"en-US","potentialAction":[{"@type":"ReadAction","target":["https:\/\/hokageek.com\/boutique\/horloge-revolver\/"]}]},{"@type":"ImageObject","inLanguage":"en-US","@id":"https:\/\/hokageek.com\/boutique\/horloge-revolver\/#primaryimage","url":"https:\/\/e9sxhjoopfu.exactdn.com\/wp-content\/uploads\/https:\/\/ae01.alicdn.com\/kf\/HTB1Hs4deruWBuNjSszgq6z8jVXaZ\/Novelty-Pistol-Gun-Shape-Alarm-Clock-Desk-Table-Home-Office-Decor-Gifts.jpg?strip=all&lossy=1&ssl=1","contentUrl":"https:\/\/e9sxhjoopfu.exactdn.com\/wp-content\/uploads\/https:\/\/ae01.alicdn.com\/kf\/HTB1Hs4deruWBuNjSszgq6z8jVXaZ\/Novelty-Pistol-Gun-Shape-Alarm-Clock-Desk-Table-Home-Office-Decor-Gifts.jpg?strip=all&lossy=1&ssl=1","width":800,"height":800,"caption":"Horloge Revolver -00"},{"@type":"BreadcrumbList","@id":"https:\/\/hokageek.com\/boutique\/horloge-revolver\/#breadcrumb","itemListElement":[{"@type":"ListItem","position":1,"name":"Accueil","item":"https:\/\/hokageek.com\/"},{"@type":"ListItem","position":2,"name":"Boutique","item":"https:\/\/hokageek.com\/boutique\/"},{"@type":"ListItem","position":3,"name":"Horloge Revolver"}]},{"@type":"WebSite","@id":"https:\/\/hokageek.com\/#website","url":"https:\/\/hokageek.com\/","name":"Hokageek","description":"Geek Supply","publisher":{"@id":"https:\/\/hokageek.com\/#organization"},"potentialAction":[{"@type":"SearchAction","target":{"@type":"EntryPoint","urlTemplate":"https:\/\/hokageek.com\/?s={search_term_string}"},"query-input":{"@type":"PropertyValueSpecification","valueRequired":true,"valueName":"search_term_string"}}],"inLanguage":"en-US"},{"@type":"Organization","@id":"https:\/\/hokageek.com\/#organization","name":"Hokageek","url":"https:\/\/hokageek.com\/","logo":{"@type":"ImageObject","inLanguage":"en-US","@id":"https:\/\/hokageek.com\/#\/schema\/logo\/image\/","url":"https:\/\/hokageek.com\/wp-content\/uploads\/2019\/01\/HOKAGEEK-V2.jpg","contentUrl":"https:\/\/hokageek.com\/wp-content\/uploads\/2019\/01\/HOKAGEEK-V2.jpg","width":500,"height":500,"caption":"Hokageek"},"image":{"@id":"https:\/\/hokageek.com\/#\/schema\/logo\/image\/"},"sameAs":["https:\/\/www.facebook.com\/Sensei.Hokageek\/","https:\/\/x.com\/SenseiHokageek","https:\/\/www.instagram.com\/Sensei_Hokageek\/","https:\/\/www.pinterest.fr\/Hokageek\/","https:\/\/www.youtube.com\/channel\/UC4ZjqTXF0MThDBaUnjIRpWA\/"]}]}},"_links":{"self":[{"href":"https:\/\/hokageek.com\/en\/wp-json\/wp\/v2\/product\/6806","targetHints":{"allow":["GET"]}}],"collection":[{"href":"https:\/\/hokageek.com\/en\/wp-json\/wp\/v2\/product"}],"about":[{"href":"https:\/\/hokageek.com\/en\/wp-json\/wp\/v2\/types\/product"}],"replies":[{"embeddable":true,"href":"https:\/\/hokageek.com\/en\/wp-json\/wp\/v2\/comments?post=6806"}],"wp:featuredmedia":[{"embeddable":true,"href":"https:\/\/hokageek.com\/en\/wp-json\/wp\/v2\/media\/6807"}],"wp:attachment":[{"href":"https:\/\/hokageek.com\/en\/wp-json\/wp\/v2\/media?parent=6806"}],"wp:term":[{"taxonomy":"product_brand","embeddable":true,"href":"https:\/\/hokageek.com\/en\/wp-json\/wp\/v2\/product_brand?post=6806"},{"taxonomy":"product_cat","embeddable":true,"href":"https:\/\/hokageek.com\/en\/wp-json\/wp\/v2\/product_cat?post=6806"},{"taxonomy":"product_tag","embeddable":true,"href":"https:\/\/hokageek.com\/en\/wp-json\/wp\/v2\/product_tag?post=6806"}],"curies":[{"name":"wp","href":"https:\/\/api.w.org\/{rel}","templated":true}]}}