{"id":6819,"date":"2019-05-16T18:48:17","date_gmt":"2019-05-16T16:48:17","guid":{"rendered":"https:\/\/hokageek.com\/produit\/abs-plastic-soldier-76-masks-with-led-luminous-for-cosplay-soldier76-mask-with-light-soldier-76-costume-without-battery-airsoft\/"},"modified":"2023-02-22T12:18:00","modified_gmt":"2023-02-22T10:18:00","slug":"abs-plastic-soldier-76-masks-with-led-luminous-for-cosplay-soldier76-mask-with-light-soldier-76-costume-without-battery-airsoft","status":"publish","type":"product","link":"https:\/\/hokageek.com\/en\/boutique\/abs-plastic-soldier-76-masks-with-led-luminous-for-cosplay-soldier76-mask-with-light-soldier-76-costume-without-battery-airsoft\/","title":{"rendered":"Masque Lumineux Soldier 76 pour Cosplay"},"content":{"rendered":"<p>Les fans de Overwatch et de cosplay vont adorer.<\/p>\n<p>Ce produit est une reproduction du masque du Soldat 76. C&rsquo;est un masque lumineux qui s&rsquo;allume une fois interrupteur int\u00e9rieur actionn\u00e9.<\/p>\n<p><span class=\"a-list-item\">Mat\u00e9riel: ABS.\u00a0 Avec 1 bandes \u00e9lastiques ajustables.<\/span><\/p>\n<p><span class=\"a-list-item\">Batterie de type CR2032 (le masque comprend une batterie). Le bo\u00eetier de la batterie est \u00e0 l&rsquo;int\u00e9rieur du masque.<\/span><\/p>\n<p><span class=\"a-list-item\">le colis comprend: 1 masque, 1 sangle.<\/span><\/p>\n<p><span class=\"a-list-item\">15 orifices cach\u00e9s sur le masque pour une respiration non obstru\u00e9e.<\/span><\/p>\n<p><span class=\"a-list-item\">Un affichage fantastique. Le meilleur cadeau pour les fans du jeu.<\/span><\/p>\n<p><span class=\"a-list-item\">Poids de l&rsquo;article: 210 g. Poids du colis: 550 g<\/span><\/p>","protected":false},"excerpt":{"rendered":"<p>Les fans de Overwatch et de cosplay vont adorer. Ce produit est une reproduction du masque du Soldat 76. C&rsquo;est un masque lumineux qui s&rsquo;allume une fois interrupteur int\u00e9rieur actionn\u00e9. Mat\u00e9riel: ABS.\u00a0 Avec 1 bandes \u00e9lastiques ajustables. Batterie de type CR2032 (le masque comprend une batterie). Le bo\u00eetier de la batterie est \u00e0 l&rsquo;int\u00e9rieur du [&#8230;]","protected":false},"featured_media":6842,"comment_status":"open","ping_status":"closed","template":"","meta":[],"product_brand":[],"product_cat":[287],"product_tag":[],"class_list":{"0":"post-6819","1":"product","2":"type-product","3":"status-publish","4":"has-post-thumbnail","6":"product_cat-goodies-geek","8":"first","9":"outofstock","10":"taxable","11":"shipping-taxable","12":"purchasable","13":"product-type-simple"},"yoast_head":"<!-- This site is optimized with the Yoast SEO plugin v25.1 - https:\/\/yoast.com\/wordpress\/plugins\/seo\/ -->\n<title>Masque Lumineux Soldier 76 pour Cosplay - Hokageek<\/title>\n<meta name=\"description\" content=\"Les fans de Overwatch et de cosplay vont adorer. Ce produit est une reproduction du masque du Soldat 76. C&#039;est un masque lumineux qui s&#039;allume une fois\" \/>\n<meta name=\"robots\" content=\"index, follow, max-snippet:-1, max-image-preview:large, max-video-preview:-1\" \/>\n<link rel=\"canonical\" href=\"https:\/\/hokageek.com\/en\/boutique\/abs-plastic-soldier-76-masks-with-led-luminous-for-cosplay-soldier76-mask-with-light-soldier-76-costume-without-battery-airsoft\/\" \/>\n<meta property=\"og:locale\" content=\"en_US\" \/>\n<meta property=\"og:type\" content=\"article\" \/>\n<meta property=\"og:title\" content=\"Masque Lumineux Soldier 76 pour Cosplay - Hokageek\" \/>\n<meta property=\"og:description\" content=\"Les fans de Overwatch et de cosplay vont adorer. Ce produit est une reproduction du masque du Soldat 76. C&#039;est un masque lumineux qui s&#039;allume une fois\" \/>\n<meta property=\"og:url\" content=\"https:\/\/hokageek.com\/en\/boutique\/abs-plastic-soldier-76-masks-with-led-luminous-for-cosplay-soldier76-mask-with-light-soldier-76-costume-without-battery-airsoft\/\" \/>\n<meta property=\"og:site_name\" content=\"Hokageek\" \/>\n<meta property=\"article:publisher\" content=\"https:\/\/www.facebook.com\/Sensei.Hokageek\/\" \/>\n<meta property=\"article:modified_time\" content=\"2023-02-22T10:18:00+00:00\" \/>\n<meta property=\"og:image\" content=\"https:\/\/e9sxhjoopfu.exactdn.com\/wp-content\/uploads\/2019\/05\/Masque-Lumineux-Soldat-76-pour-Cosplay.jpg?strip=all&lossy=1&ssl=1\" \/>\n\t<meta property=\"og:image:width\" content=\"756\" \/>\n\t<meta property=\"og:image:height\" content=\"756\" \/>\n\t<meta property=\"og:image:type\" content=\"image\/jpeg\" \/>\n<meta name=\"twitter:card\" content=\"summary_large_image\" \/>\n<meta name=\"twitter:site\" content=\"@SenseiHokageek\" \/>\n<script type=\"application\/ld+json\" class=\"yoast-schema-graph\">{\"@context\":\"https:\/\/schema.org\",\"@graph\":[{\"@type\":\"WebPage\",\"@id\":\"https:\/\/hokageek.com\/boutique\/abs-plastic-soldier-76-masks-with-led-luminous-for-cosplay-soldier76-mask-with-light-soldier-76-costume-without-battery-airsoft\/\",\"url\":\"https:\/\/hokageek.com\/boutique\/abs-plastic-soldier-76-masks-with-led-luminous-for-cosplay-soldier76-mask-with-light-soldier-76-costume-without-battery-airsoft\/\",\"name\":\"Masque Lumineux Soldier 76 pour Cosplay - Hokageek\",\"isPartOf\":{\"@id\":\"https:\/\/hokageek.com\/#website\"},\"primaryImageOfPage\":{\"@id\":\"https:\/\/hokageek.com\/boutique\/abs-plastic-soldier-76-masks-with-led-luminous-for-cosplay-soldier76-mask-with-light-soldier-76-costume-without-battery-airsoft\/#primaryimage\"},\"image\":{\"@id\":\"https:\/\/hokageek.com\/boutique\/abs-plastic-soldier-76-masks-with-led-luminous-for-cosplay-soldier76-mask-with-light-soldier-76-costume-without-battery-airsoft\/#primaryimage\"},\"thumbnailUrl\":\"https:\/\/e9sxhjoopfu.exactdn.com\/wp-content\/uploads\/2019\/05\/Masque-Lumineux-Soldat-76-pour-Cosplay.jpg?strip=all&lossy=1&ssl=1\",\"datePublished\":\"2019-05-16T16:48:17+00:00\",\"dateModified\":\"2023-02-22T10:18:00+00:00\",\"description\":\"Les fans de Overwatch et de cosplay vont adorer. Ce produit est une reproduction du masque du Soldat 76. C'est un masque lumineux qui s'allume une fois\",\"breadcrumb\":{\"@id\":\"https:\/\/hokageek.com\/boutique\/abs-plastic-soldier-76-masks-with-led-luminous-for-cosplay-soldier76-mask-with-light-soldier-76-costume-without-battery-airsoft\/#breadcrumb\"},\"inLanguage\":\"en-US\",\"potentialAction\":[{\"@type\":\"ReadAction\",\"target\":[\"https:\/\/hokageek.com\/boutique\/abs-plastic-soldier-76-masks-with-led-luminous-for-cosplay-soldier76-mask-with-light-soldier-76-costume-without-battery-airsoft\/\"]}]},{\"@type\":\"ImageObject\",\"inLanguage\":\"en-US\",\"@id\":\"https:\/\/hokageek.com\/boutique\/abs-plastic-soldier-76-masks-with-led-luminous-for-cosplay-soldier76-mask-with-light-soldier-76-costume-without-battery-airsoft\/#primaryimage\",\"url\":\"https:\/\/e9sxhjoopfu.exactdn.com\/wp-content\/uploads\/2019\/05\/Masque-Lumineux-Soldat-76-pour-Cosplay.jpg?strip=all&lossy=1&ssl=1\",\"contentUrl\":\"https:\/\/e9sxhjoopfu.exactdn.com\/wp-content\/uploads\/2019\/05\/Masque-Lumineux-Soldat-76-pour-Cosplay.jpg?strip=all&lossy=1&ssl=1\",\"width\":756,\"height\":756,\"caption\":\"Masque Lumineux Soldier 76 pour Cosplay\"},{\"@type\":\"BreadcrumbList\",\"@id\":\"https:\/\/hokageek.com\/boutique\/abs-plastic-soldier-76-masks-with-led-luminous-for-cosplay-soldier76-mask-with-light-soldier-76-costume-without-battery-airsoft\/#breadcrumb\",\"itemListElement\":[{\"@type\":\"ListItem\",\"position\":1,\"name\":\"Accueil\",\"item\":\"https:\/\/hokageek.com\/\"},{\"@type\":\"ListItem\",\"position\":2,\"name\":\"Boutique\",\"item\":\"https:\/\/hokageek.com\/boutique\/\"},{\"@type\":\"ListItem\",\"position\":3,\"name\":\"Masque Lumineux Soldier 76 pour Cosplay\"}]},{\"@type\":\"WebSite\",\"@id\":\"https:\/\/hokageek.com\/#website\",\"url\":\"https:\/\/hokageek.com\/\",\"name\":\"Hokageek\",\"description\":\"Geek Supply\",\"publisher\":{\"@id\":\"https:\/\/hokageek.com\/#organization\"},\"potentialAction\":[{\"@type\":\"SearchAction\",\"target\":{\"@type\":\"EntryPoint\",\"urlTemplate\":\"https:\/\/hokageek.com\/?s={search_term_string}\"},\"query-input\":{\"@type\":\"PropertyValueSpecification\",\"valueRequired\":true,\"valueName\":\"search_term_string\"}}],\"inLanguage\":\"en-US\"},{\"@type\":\"Organization\",\"@id\":\"https:\/\/hokageek.com\/#organization\",\"name\":\"Hokageek\",\"url\":\"https:\/\/hokageek.com\/\",\"logo\":{\"@type\":\"ImageObject\",\"inLanguage\":\"en-US\",\"@id\":\"https:\/\/hokageek.com\/#\/schema\/logo\/image\/\",\"url\":\"https:\/\/hokageek.com\/wp-content\/uploads\/2019\/01\/HOKAGEEK-V2.jpg\",\"contentUrl\":\"https:\/\/hokageek.com\/wp-content\/uploads\/2019\/01\/HOKAGEEK-V2.jpg\",\"width\":500,\"height\":500,\"caption\":\"Hokageek\"},\"image\":{\"@id\":\"https:\/\/hokageek.com\/#\/schema\/logo\/image\/\"},\"sameAs\":[\"https:\/\/www.facebook.com\/Sensei.Hokageek\/\",\"https:\/\/x.com\/SenseiHokageek\",\"https:\/\/www.instagram.com\/Sensei_Hokageek\/\",\"https:\/\/www.pinterest.fr\/Hokageek\/\",\"https:\/\/www.youtube.com\/channel\/UC4ZjqTXF0MThDBaUnjIRpWA\/\"]}]}<\/script>\n<!-- \/ Yoast SEO plugin. -->","yoast_head_json":{"title":"Masque Lumineux Soldier 76 pour Cosplay - Hokageek","description":"Les fans de Overwatch et de cosplay vont adorer. Ce produit est une reproduction du masque du Soldat 76. C'est un masque lumineux qui s'allume une fois","robots":{"index":"index","follow":"follow","max-snippet":"max-snippet:-1","max-image-preview":"max-image-preview:large","max-video-preview":"max-video-preview:-1"},"canonical":"https:\/\/hokageek.com\/en\/boutique\/abs-plastic-soldier-76-masks-with-led-luminous-for-cosplay-soldier76-mask-with-light-soldier-76-costume-without-battery-airsoft\/","og_locale":"en_US","og_type":"article","og_title":"Masque Lumineux Soldier 76 pour Cosplay - Hokageek","og_description":"Les fans de Overwatch et de cosplay vont adorer. Ce produit est une reproduction du masque du Soldat 76. C'est un masque lumineux qui s'allume une fois","og_url":"https:\/\/hokageek.com\/en\/boutique\/abs-plastic-soldier-76-masks-with-led-luminous-for-cosplay-soldier76-mask-with-light-soldier-76-costume-without-battery-airsoft\/","og_site_name":"Hokageek","article_publisher":"https:\/\/www.facebook.com\/Sensei.Hokageek\/","article_modified_time":"2023-02-22T10:18:00+00:00","og_image":[{"width":756,"height":756,"url":"https:\/\/e9sxhjoopfu.exactdn.com\/wp-content\/uploads\/2019\/05\/Masque-Lumineux-Soldat-76-pour-Cosplay.jpg?strip=all&lossy=1&ssl=1","type":"image\/jpeg"}],"twitter_card":"summary_large_image","twitter_site":"@SenseiHokageek","schema":{"@context":"https:\/\/schema.org","@graph":[{"@type":"WebPage","@id":"https:\/\/hokageek.com\/boutique\/abs-plastic-soldier-76-masks-with-led-luminous-for-cosplay-soldier76-mask-with-light-soldier-76-costume-without-battery-airsoft\/","url":"https:\/\/hokageek.com\/boutique\/abs-plastic-soldier-76-masks-with-led-luminous-for-cosplay-soldier76-mask-with-light-soldier-76-costume-without-battery-airsoft\/","name":"Masque Lumineux Soldier 76 pour Cosplay - Hokageek","isPartOf":{"@id":"https:\/\/hokageek.com\/#website"},"primaryImageOfPage":{"@id":"https:\/\/hokageek.com\/boutique\/abs-plastic-soldier-76-masks-with-led-luminous-for-cosplay-soldier76-mask-with-light-soldier-76-costume-without-battery-airsoft\/#primaryimage"},"image":{"@id":"https:\/\/hokageek.com\/boutique\/abs-plastic-soldier-76-masks-with-led-luminous-for-cosplay-soldier76-mask-with-light-soldier-76-costume-without-battery-airsoft\/#primaryimage"},"thumbnailUrl":"https:\/\/e9sxhjoopfu.exactdn.com\/wp-content\/uploads\/2019\/05\/Masque-Lumineux-Soldat-76-pour-Cosplay.jpg?strip=all&lossy=1&ssl=1","datePublished":"2019-05-16T16:48:17+00:00","dateModified":"2023-02-22T10:18:00+00:00","description":"Les fans de Overwatch et de cosplay vont adorer. Ce produit est une reproduction du masque du Soldat 76. C'est un masque lumineux qui s'allume une fois","breadcrumb":{"@id":"https:\/\/hokageek.com\/boutique\/abs-plastic-soldier-76-masks-with-led-luminous-for-cosplay-soldier76-mask-with-light-soldier-76-costume-without-battery-airsoft\/#breadcrumb"},"inLanguage":"en-US","potentialAction":[{"@type":"ReadAction","target":["https:\/\/hokageek.com\/boutique\/abs-plastic-soldier-76-masks-with-led-luminous-for-cosplay-soldier76-mask-with-light-soldier-76-costume-without-battery-airsoft\/"]}]},{"@type":"ImageObject","inLanguage":"en-US","@id":"https:\/\/hokageek.com\/boutique\/abs-plastic-soldier-76-masks-with-led-luminous-for-cosplay-soldier76-mask-with-light-soldier-76-costume-without-battery-airsoft\/#primaryimage","url":"https:\/\/e9sxhjoopfu.exactdn.com\/wp-content\/uploads\/2019\/05\/Masque-Lumineux-Soldat-76-pour-Cosplay.jpg?strip=all&lossy=1&ssl=1","contentUrl":"https:\/\/e9sxhjoopfu.exactdn.com\/wp-content\/uploads\/2019\/05\/Masque-Lumineux-Soldat-76-pour-Cosplay.jpg?strip=all&lossy=1&ssl=1","width":756,"height":756,"caption":"Masque Lumineux Soldier 76 pour Cosplay"},{"@type":"BreadcrumbList","@id":"https:\/\/hokageek.com\/boutique\/abs-plastic-soldier-76-masks-with-led-luminous-for-cosplay-soldier76-mask-with-light-soldier-76-costume-without-battery-airsoft\/#breadcrumb","itemListElement":[{"@type":"ListItem","position":1,"name":"Accueil","item":"https:\/\/hokageek.com\/"},{"@type":"ListItem","position":2,"name":"Boutique","item":"https:\/\/hokageek.com\/boutique\/"},{"@type":"ListItem","position":3,"name":"Masque Lumineux Soldier 76 pour Cosplay"}]},{"@type":"WebSite","@id":"https:\/\/hokageek.com\/#website","url":"https:\/\/hokageek.com\/","name":"Hokageek","description":"Geek Supply","publisher":{"@id":"https:\/\/hokageek.com\/#organization"},"potentialAction":[{"@type":"SearchAction","target":{"@type":"EntryPoint","urlTemplate":"https:\/\/hokageek.com\/?s={search_term_string}"},"query-input":{"@type":"PropertyValueSpecification","valueRequired":true,"valueName":"search_term_string"}}],"inLanguage":"en-US"},{"@type":"Organization","@id":"https:\/\/hokageek.com\/#organization","name":"Hokageek","url":"https:\/\/hokageek.com\/","logo":{"@type":"ImageObject","inLanguage":"en-US","@id":"https:\/\/hokageek.com\/#\/schema\/logo\/image\/","url":"https:\/\/hokageek.com\/wp-content\/uploads\/2019\/01\/HOKAGEEK-V2.jpg","contentUrl":"https:\/\/hokageek.com\/wp-content\/uploads\/2019\/01\/HOKAGEEK-V2.jpg","width":500,"height":500,"caption":"Hokageek"},"image":{"@id":"https:\/\/hokageek.com\/#\/schema\/logo\/image\/"},"sameAs":["https:\/\/www.facebook.com\/Sensei.Hokageek\/","https:\/\/x.com\/SenseiHokageek","https:\/\/www.instagram.com\/Sensei_Hokageek\/","https:\/\/www.pinterest.fr\/Hokageek\/","https:\/\/www.youtube.com\/channel\/UC4ZjqTXF0MThDBaUnjIRpWA\/"]}]}},"_links":{"self":[{"href":"https:\/\/hokageek.com\/en\/wp-json\/wp\/v2\/product\/6819","targetHints":{"allow":["GET"]}}],"collection":[{"href":"https:\/\/hokageek.com\/en\/wp-json\/wp\/v2\/product"}],"about":[{"href":"https:\/\/hokageek.com\/en\/wp-json\/wp\/v2\/types\/product"}],"replies":[{"embeddable":true,"href":"https:\/\/hokageek.com\/en\/wp-json\/wp\/v2\/comments?post=6819"}],"wp:featuredmedia":[{"embeddable":true,"href":"https:\/\/hokageek.com\/en\/wp-json\/wp\/v2\/media\/6842"}],"wp:attachment":[{"href":"https:\/\/hokageek.com\/en\/wp-json\/wp\/v2\/media?parent=6819"}],"wp:term":[{"taxonomy":"product_brand","embeddable":true,"href":"https:\/\/hokageek.com\/en\/wp-json\/wp\/v2\/product_brand?post=6819"},{"taxonomy":"product_cat","embeddable":true,"href":"https:\/\/hokageek.com\/en\/wp-json\/wp\/v2\/product_cat?post=6819"},{"taxonomy":"product_tag","embeddable":true,"href":"https:\/\/hokageek.com\/en\/wp-json\/wp\/v2\/product_tag?post=6819"}],"curies":[{"name":"wp","href":"https:\/\/api.w.org\/{rel}","templated":true}]}}